{"id":8109,"date":"2023-12-27T21:28:04","date_gmt":"2023-12-27T21:28:04","guid":{"rendered":"https:\/\/www.icesi.edu.co\/oem\/?page_id=8109"},"modified":"2024-01-12T18:40:32","modified_gmt":"2024-01-12T18:40:32","slug":"incidencia","status":"publish","type":"page","link":"https:\/\/www.icesi.edu.co\/oem\/incidencia\/","title":{"rendered":"Incidencia"},"content":{"rendered":"\n\n\t<section class=\"section dark\" id=\"section_1474444672\">\n\t\t<div class=\"section-bg fill\" >\n\t\t\t<img loading=\"lazy\" decoding=\"async\" width=\"305\" height=\"206\" src=\"https:\/\/www.icesi.edu.co\/oem\/wp-content\/uploads\/2023\/06\/image-2-1.png\" class=\"bg attachment- size-\" alt=\"\" \/>\t\t\t\t\t\t<div class=\"section-bg-overlay absolute fill\"><\/div>\n\t\t\t\n\n\t\t<\/div>\n\n\t\t\n\n\t\t<div class=\"section-content relative\">\n\t\t\t\n\n<div class=\"container section-title-container\" ><h1 class=\"section-title section-title-center\"><b aria-hidden=\"true\"><\/b><span class=\"section-title-main\" style=\"font-size:231%;\">incidencia<\/span><b aria-hidden=\"true\"><\/b><\/h1><\/div>\n\n<div class=\"row row-collapse row-full-width\"  id=\"row-680827523\">\n\n\n\t<div id=\"col-814089852\" class=\"col medium-2 large-2\"  >\n\t\t\t\t<div class=\"col-inner\"  >\n\t\t\t\n\t\t\t\n\n\n\t\t<\/div>\n\t\t\t\t\t<\/div>\n\n\t\n\n\t<div id=\"col-2079938293\" class=\"col medium-8 large-8\"  >\n\t\t\t\t<div class=\"col-inner\"  >\n\t\t\t\n\t\t\t\n\n\t<div id=\"text-4194456630\" class=\"text\">\n\t\t\n\n<p style=\"text-align: center;\"><span style=\"font-weight: 400;\">En el Observatorio (OEM) incidimos en la formulaci\u00f3n e implementaci\u00f3n de acciones, planes y pol\u00edticas p\u00fablicas para la equidad de g\u00e9nero en el suroccidente colombiano.<\/span><\/p>\n<p style=\"text-align: center;\"><strong>Trabajamos de la mano con Organizaciones de Base Comunitaria | ONGs | Entiedades estatales a nivel central y\/o descentralizado, nacional y subnacional | Entidades privadas | Asociaciones de ciudadanas y ciudadanos<\/strong><span style=\"font-weight: 400;\">\u00a0<\/span><\/p>\n\t\t\n<style>\n#text-4194456630 {\n  font-size: 0.95rem;\n  line-height: 1.6;\n  text-align: center;\n}\n<\/style>\n\t<\/div>\n\t\n\n\t\t<\/div>\n\t\t\t\t\t<\/div>\n\n\t\n\n\t<div id=\"col-621467660\" class=\"col medium-2 large-2\"  >\n\t\t\t\t<div class=\"col-inner\"  >\n\t\t\t\n\t\t\t\n\n\n\t\t<\/div>\n\t\t\t\t\t<\/div>\n\n\t\n\n<\/div>\n\n\t\t<\/div>\n\n\t\t\n<style>\n#section_1474444672 {\n  padding-top: 30px;\n  padding-bottom: 30px;\n  background-color: rgba(17, 24, 74, 0.599);\n}\n#section_1474444672 .section-bg-overlay {\n  background-color: rgba(19, 96, 167, 0.599);\n}\n<\/style>\n\t<\/section>\n\t\n<div class=\"row\"  id=\"row-251558051\">\n\n\n\t<div id=\"col-814743562\" class=\"col medium-6 small-12 large-6\"  >\n\t\t\t\t<div class=\"col-inner\"  >\n\t\t\t\n\t\t\t\n\n\t<div class=\"img has-hover x md-x lg-x y md-y lg-y\" id=\"image_903538770\">\n\t\t\t\t\t\t\t\t<div class=\"img-inner dark\" style=\"margin:-130px 0px -80px 0px;\">\n\t\t\t<img loading=\"lazy\" decoding=\"async\" width=\"774\" height=\"853\" src=\"https:\/\/www.icesi.edu.co\/oem\/wp-content\/uploads\/2023\/08\/Bertha-Cecilia-Rivera-Tenorio-modified-PhotoRoom.png-PhotoRoom-e1692152664668.png\" class=\"attachment-1536x1536 size-1536x1536\" alt=\"\" srcset=\"https:\/\/www.icesi.edu.co\/oem\/wp-content\/uploads\/2023\/08\/Bertha-Cecilia-Rivera-Tenorio-modified-PhotoRoom.png-PhotoRoom-e1692152664668.png 774w, https:\/\/www.icesi.edu.co\/oem\/wp-content\/uploads\/2023\/08\/Bertha-Cecilia-Rivera-Tenorio-modified-PhotoRoom.png-PhotoRoom-e1692152664668-272x300.png 272w, https:\/\/www.icesi.edu.co\/oem\/wp-content\/uploads\/2023\/08\/Bertha-Cecilia-Rivera-Tenorio-modified-PhotoRoom.png-PhotoRoom-e1692152664668-768x846.png 768w\" sizes=\"auto, (max-width: 774px) 100vw, 774px\" \/>\t\t\t\t\t\t\n\t\t\t\t\t<\/div>\n\t\t\t\t\t\t\t\t\n<style>\n#image_903538770 {\n  width: 100%;\n}\n<\/style>\n\t<\/div>\n\t\n\n\n\t\t<\/div>\n\t\t\t\t\t<\/div>\n\n\t\n\n\t<div id=\"col-1073063229\" class=\"col medium-6 small-12 large-6\"  >\n\t\t\t\t<div class=\"col-inner\"  >\n\t\t\t\n\t\t\t\n\n<div class=\"accordion\">\n\n\t<div id=\"accordion-3719730645\" class=\"accordion-item\">\n\t\t<a id=\"accordion-3719730645-label\" class=\"accordion-title plain\" href=\"#accordion-item-incidencia-pol\u00edtica\" aria-expanded=\"false\" aria-controls=\"accordion-3719730645-content\">\n\t\t\t<button class=\"toggle\" aria-label=\"Toggle\"><i class=\"icon-angle-down\" aria-hidden=\"true\"><\/i><\/button>\n\t\t\t<span>Incidencia Pol\u00edtica<\/span>\n\t\t<\/a>\n\t\t<div id=\"accordion-3719730645-content\" class=\"accordion-inner\" aria-labelledby=\"accordion-3719730645-label\">\n\t\t\t\n\n<p><span style=\"font-weight: 400;\">ncidimos en la pol\u00edtica a partir del reconocer el g\u00e9nero como una categor\u00eda clave para la distribuci\u00f3n del poder y de recursos.\u00a0<\/span><\/p>\n<p><strong>Objetivos de la l\u00ednea de incidencia pol\u00edtica:<\/strong><\/p>\n<ol>\n<li style=\"font-weight: 400;\" aria-level=\"1\"><span style=\"font-weight: 400;\">Definir estrategias de intervenci\u00f3n para reducir las brechas de g\u00e9nero a partir de los datos de la Encuesta OEM y el trabajo de campo con las comunidades.<\/span><\/li>\n<li style=\"font-weight: 400;\" aria-level=\"1\"><span style=\"font-weight: 400;\">Fortalecer la incorporaci\u00f3n de la perspectiva de g\u00e9nero y el enfoque interseccional en planes de desarrollo y en la planeaci\u00f3n de unidades subnacionales.<\/span><\/li>\n<li style=\"font-weight: 400;\" aria-level=\"1\"><span style=\"font-weight: 400;\">Generar alianzas interinstitucionales con entidades p\u00fablicas, privadas y del tercer sector para posicionar la perspectiva de g\u00e9nero y el enfoque interseccional en la discusi\u00f3n p\u00fablica y la agenda subnacional.\u00a0<\/span><\/li>\n<li style=\"font-weight: 400;\" aria-level=\"1\"><span style=\"font-weight: 400;\">Formar para el control pol\u00edtico a organizaciones comunitarias, para que incorporen la perspectiva de g\u00e9nero y el enfoque interseccional en el ciclo de pol\u00edticas p\u00fablicas.<\/span><\/li>\n<\/ol>\n\n\t\t<\/div>\n\t<\/div>\n\t\n\t<div id=\"accordion-1378111343\" class=\"accordion-item\">\n\t\t<a id=\"accordion-1378111343-label\" class=\"accordion-title plain\" href=\"#accordion-item-incidencia-jur\u00eddica\" aria-expanded=\"false\" aria-controls=\"accordion-1378111343-content\">\n\t\t\t<button class=\"toggle\" aria-label=\"Toggle\"><i class=\"icon-angle-down\" aria-hidden=\"true\"><\/i><\/button>\n\t\t\t<span>Incidencia Jur\u00eddica<\/span>\n\t\t<\/a>\n\t\t<div id=\"accordion-1378111343-content\" class=\"accordion-inner\" aria-labelledby=\"accordion-1378111343-label\">\n\t\t\t\n\n<p><span style=\"font-weight: 400;\">\u00a0Contribuimos a la toma de decisiones informadas, con perspectiva de g\u00e9nero, \u00e9tica y jur\u00eddica, aportando argumentos a un caso judicial a trav\u00e9s de la figura del *amicus curiae*.<\/span><\/p>\n\n\t\t<\/div>\n\t<\/div>\n\t\n\n<\/div>\n<a class=\"button primary\" style=\"border-radius:99px;\">\n\t\t<span>ENCUENTRA AQU\u00cd NUESTROS AMICUS<\/span>\n\t<\/a>\n\n\n\n\t\t<\/div>\n\t\t\t\t\t<\/div>\n\n\t\n\n<\/div>\n\n\t<section class=\"section dark\" id=\"section_873041519\">\n\t\t<div class=\"section-bg fill\" >\n\t\t\t\t\t\t\t\t\t\n\t\t\t\n\n\t\t<\/div>\n\n\t\t\n\n\t\t<div class=\"section-content relative\">\n\t\t\t\n\n<div class=\"row\"  id=\"row-2048387004\">\n\n\n\t<div id=\"col-1613879696\" class=\"col medium-1 small-12 large-1\"  >\n\t\t\t\t<div class=\"col-inner\"  >\n\t\t\t\n\t\t\t\n\n\n\t\t<\/div>\n\t\t\t\t\t<\/div>\n\n\t\n\n\t<div id=\"col-1732163315\" class=\"col medium-10 small-12 large-10\"  >\n\t\t\t\t<div class=\"col-inner\"  >\n\t\t\t\n\t\t\t\n\n<h2 style=\"text-align: center;\"><strong>AMICUS<\/strong><\/h2>\n<ul>\n<li><a href=\"https:\/\/drive.google.com\/file\/d\/1P8VPLQSfvYiA6itdT6464Wo5jLa9yH2_\/view\" target=\"_blank\" rel=\"noopener\"><span style=\"font-weight: 400;\">Intervenci\u00f3n en\u00a0 T-7.8.842.342 (est. laboral M.Transg\u00e9nero).\u00a0<\/span><\/a><\/li>\n<li><a href=\"https:\/\/drive.google.com\/file\/d\/1WzmsYOUgX8NwBf8-pryf_FynpBEFLZv5\/view\" target=\"_blank\" rel=\"noopener\"><span style=\"font-weight: 400;\">Intervenci\u00f3n en Dobbs vs. Jackson<\/span><\/a><\/li>\n<li><a href=\"https:\/\/drive.google.com\/file\/d\/1IrKbtOB1PI4BVznnddbyl4SOKq-HEVdW\/view\" target=\"_blank\" rel=\"noopener\"><span style=\"font-weight: 400;\">Intervenci\u00f3n en T-7.987.537 (pensi\u00f3n M. Trans)\u00a0<\/span><\/a><\/li>\n<\/ul>\n\n\t\t<\/div>\n\t\t\t\t\t<\/div>\n\n\t\n\n\t<div id=\"col-819143626\" class=\"col medium-1 small-12 large-1\"  >\n\t\t\t\t<div class=\"col-inner\"  >\n\t\t\t\n\t\t\t\n\n\n\t\t<\/div>\n\t\t\t\t\t<\/div>\n\n\t\n\n<\/div>\n\n\t\t<\/div>\n\n\t\t\n<style>\n#section_873041519 {\n  padding-top: 30px;\n  padding-bottom: 30px;\n  background-color: #6ca0d3;\n}\n<\/style>\n\t<\/section>\n\t\n  <style>\n    #gallery-2113578863 .grid-col-1{height: 200px}\n    #gallery-2113578863 .grid-col-1-2{height: 100px}\n    #gallery-2113578863 .grid-col-1-3{height:66.666666666667px}\n    #gallery-2113578863 .grid-col-2-3{height: 133.33333333333px}\n    #gallery-2113578863 .grid-col-1-4{height: 50px}\n    #gallery-2113578863 .grid-col-3-4{height: 150px}\n\n\n        \/* Tablet *\/\n    @media (max-width: 850px){\n      #gallery-2113578863 .grid-col-1{height: 133.33333333333px}\n      #gallery-2113578863 .grid-col-1-2{height: 66.666666666667px}\n      #gallery-2113578863 .grid-col-1-3{height:44.444444444444px}\n      #gallery-2113578863 .grid-col-2-3{height: 88.888888888889px}\n      #gallery-2113578863 .grid-col-1-4{height: 33.333333333333px}\n      #gallery-2113578863 .grid-col-3-4{height: 100px}\n    }\n    \n        \/* Mobile *\/\n    @media (max-width: 550px){\n      #gallery-2113578863 .grid-col-1{height: 133.33333333333px}\n      #gallery-2113578863 .grid-col-1-2{height: 66.666666666667px}\n      #gallery-2113578863 .grid-col-1-3{height:44.444444444444px}\n      #gallery-2113578863 .grid-col-2-3{height: 88.888888888889px}\n      #gallery-2113578863 .grid-col-1-4{height: 33.333333333333px}\n      #gallery-2113578863 .grid-col-3-4{height: 100px}\n    }\n    \n\n  <\/style>\n  \n  \n    <div id=\"gallery-2113578863\" class=\"row row-collapse row-full-width row-grid\" data-packery-options='{\"itemSelector\": \".col\", \"gutter\": 0, \"presentageWidth\" : true}'>\n\n  <div class=\"gallery-col col grid-col grid-col-1 large-3 medium-6\" >\n          <div class=\"col-inner\">\n            <a class=\"image-lightbox lightbox-gallery\" href=\"https:\/\/www.icesi.edu.co\/oem\/wp-content\/uploads\/2023\/08\/758588fe-87ff-4ea2-94fe-6ea11d21cd6a-300x225.jpg\" title=\"\">            <div class=\"box has-hover gallery-box box-overlay dark box-text-center\">\n              <div class=\"box-image\" >\n                <img loading=\"lazy\" decoding=\"async\" width=\"1020\" height=\"765\" src=\"https:\/\/www.icesi.edu.co\/oem\/wp-content\/uploads\/2023\/08\/758588fe-87ff-4ea2-94fe-6ea11d21cd6a-1024x768.jpg\" class=\"attachment-large size-large\" alt=\"\" ids=\"7220,7221,7222,7226,7227,7323,7324,7325\" style=\"label\" lightbox_image_size=\"medium\" type=\"grid\" grid=\"4\" grid_height=\"200px\" col_spacing=\"collapse\" srcset=\"https:\/\/www.icesi.edu.co\/oem\/wp-content\/uploads\/2023\/08\/758588fe-87ff-4ea2-94fe-6ea11d21cd6a-1024x768.jpg 1024w, https:\/\/www.icesi.edu.co\/oem\/wp-content\/uploads\/2023\/08\/758588fe-87ff-4ea2-94fe-6ea11d21cd6a-300x225.jpg 300w, https:\/\/www.icesi.edu.co\/oem\/wp-content\/uploads\/2023\/08\/758588fe-87ff-4ea2-94fe-6ea11d21cd6a-768x576.jpg 768w, https:\/\/www.icesi.edu.co\/oem\/wp-content\/uploads\/2023\/08\/758588fe-87ff-4ea2-94fe-6ea11d21cd6a-1536x1152.jpg 1536w, https:\/\/www.icesi.edu.co\/oem\/wp-content\/uploads\/2023\/08\/758588fe-87ff-4ea2-94fe-6ea11d21cd6a.jpg 1600w\" sizes=\"auto, (max-width: 1020px) 100vw, 1020px\" \/>                                  <div class=\"overlay fill\"\n                      style=\"background-color: rgba(0,0,0,.15)\">\n                  <\/div>\n                                                              <\/div>\n              <div class=\"box-text text-left dark\" >\n                 <p><\/p>\n              <\/div>\n            <\/div>\n            <\/a>          <\/div>\n         <\/div><div class=\"gallery-col col grid-col grid-col-1 large-3 medium-6\" >\n          <div class=\"col-inner\">\n            <a class=\"image-lightbox lightbox-gallery\" href=\"https:\/\/www.icesi.edu.co\/oem\/wp-content\/uploads\/2023\/08\/DSC_0534-300x200.jpg\" title=\"\">            <div class=\"box has-hover gallery-box box-overlay dark box-text-center\">\n              <div class=\"box-image\" >\n                <img loading=\"lazy\" decoding=\"async\" width=\"1020\" height=\"680\" src=\"https:\/\/www.icesi.edu.co\/oem\/wp-content\/uploads\/2023\/08\/DSC_0534-1024x683.jpg\" class=\"attachment-large size-large\" alt=\"\" ids=\"7220,7221,7222,7226,7227,7323,7324,7325\" style=\"label\" lightbox_image_size=\"medium\" type=\"grid\" grid=\"4\" grid_height=\"200px\" col_spacing=\"collapse\" srcset=\"https:\/\/www.icesi.edu.co\/oem\/wp-content\/uploads\/2023\/08\/DSC_0534-1024x683.jpg 1024w, https:\/\/www.icesi.edu.co\/oem\/wp-content\/uploads\/2023\/08\/DSC_0534-300x200.jpg 300w, https:\/\/www.icesi.edu.co\/oem\/wp-content\/uploads\/2023\/08\/DSC_0534-768x512.jpg 768w, https:\/\/www.icesi.edu.co\/oem\/wp-content\/uploads\/2023\/08\/DSC_0534-1536x1024.jpg 1536w, https:\/\/www.icesi.edu.co\/oem\/wp-content\/uploads\/2023\/08\/DSC_0534-2048x1365.jpg 2048w\" sizes=\"auto, (max-width: 1020px) 100vw, 1020px\" \/>                                  <div class=\"overlay fill\"\n                      style=\"background-color: rgba(0,0,0,.15)\">\n                  <\/div>\n                                                              <\/div>\n              <div class=\"box-text text-left dark\" >\n                 <p><\/p>\n              <\/div>\n            <\/div>\n            <\/a>          <\/div>\n         <\/div><div class=\"gallery-col col grid-col grid-col-1 large-3 medium-6\" >\n          <div class=\"col-inner\">\n            <a class=\"image-lightbox lightbox-gallery\" href=\"https:\/\/www.icesi.edu.co\/oem\/wp-content\/uploads\/2023\/08\/DSC_0505-300x200.jpg\" title=\"\">            <div class=\"box has-hover gallery-box box-overlay dark box-text-center\">\n              <div class=\"box-image\" >\n                <img loading=\"lazy\" decoding=\"async\" width=\"1020\" height=\"680\" src=\"https:\/\/www.icesi.edu.co\/oem\/wp-content\/uploads\/2023\/08\/DSC_0505-1024x683.jpg\" class=\"attachment-large size-large\" alt=\"\" ids=\"7220,7221,7222,7226,7227,7323,7324,7325\" style=\"label\" lightbox_image_size=\"medium\" type=\"grid\" grid=\"4\" grid_height=\"200px\" col_spacing=\"collapse\" srcset=\"https:\/\/www.icesi.edu.co\/oem\/wp-content\/uploads\/2023\/08\/DSC_0505-1024x683.jpg 1024w, https:\/\/www.icesi.edu.co\/oem\/wp-content\/uploads\/2023\/08\/DSC_0505-300x200.jpg 300w, https:\/\/www.icesi.edu.co\/oem\/wp-content\/uploads\/2023\/08\/DSC_0505-768x512.jpg 768w, https:\/\/www.icesi.edu.co\/oem\/wp-content\/uploads\/2023\/08\/DSC_0505-1536x1024.jpg 1536w, https:\/\/www.icesi.edu.co\/oem\/wp-content\/uploads\/2023\/08\/DSC_0505-2048x1365.jpg 2048w\" sizes=\"auto, (max-width: 1020px) 100vw, 1020px\" \/>                                  <div class=\"overlay fill\"\n                      style=\"background-color: rgba(0,0,0,.15)\">\n                  <\/div>\n                                                              <\/div>\n              <div class=\"box-text text-left dark\" >\n                 <p><\/p>\n              <\/div>\n            <\/div>\n            <\/a>          <\/div>\n         <\/div><div class=\"gallery-col col grid-col grid-col-1 large-3 medium-6\" >\n          <div class=\"col-inner\">\n            <a class=\"image-lightbox lightbox-gallery\" href=\"https:\/\/www.icesi.edu.co\/oem\/wp-content\/uploads\/2023\/08\/DSC05215-300x169.jpg\" title=\"\">            <div class=\"box has-hover gallery-box box-overlay dark box-text-center\">\n              <div class=\"box-image\" >\n                <img loading=\"lazy\" decoding=\"async\" width=\"1020\" height=\"574\" src=\"https:\/\/www.icesi.edu.co\/oem\/wp-content\/uploads\/2023\/08\/DSC05215-1024x576.jpg\" class=\"attachment-large size-large\" alt=\"\" ids=\"7220,7221,7222,7226,7227,7323,7324,7325\" style=\"label\" lightbox_image_size=\"medium\" type=\"grid\" grid=\"4\" grid_height=\"200px\" col_spacing=\"collapse\" srcset=\"https:\/\/www.icesi.edu.co\/oem\/wp-content\/uploads\/2023\/08\/DSC05215-1024x576.jpg 1024w, https:\/\/www.icesi.edu.co\/oem\/wp-content\/uploads\/2023\/08\/DSC05215-300x169.jpg 300w, https:\/\/www.icesi.edu.co\/oem\/wp-content\/uploads\/2023\/08\/DSC05215-768x432.jpg 768w, https:\/\/www.icesi.edu.co\/oem\/wp-content\/uploads\/2023\/08\/DSC05215.jpg 1500w\" sizes=\"auto, (max-width: 1020px) 100vw, 1020px\" \/>                                  <div class=\"overlay fill\"\n                      style=\"background-color: rgba(0,0,0,.15)\">\n                  <\/div>\n                                                              <\/div>\n              <div class=\"box-text text-left dark\" >\n                 <p><\/p>\n              <\/div>\n            <\/div>\n            <\/a>          <\/div>\n         <\/div><div class=\"gallery-col col grid-col grid-col-1 large-3 medium-6\" >\n          <div class=\"col-inner\">\n            <a class=\"image-lightbox lightbox-gallery\" href=\"https:\/\/www.icesi.edu.co\/oem\/wp-content\/uploads\/2023\/08\/DSC05204-300x169.jpg\" title=\"\">            <div class=\"box has-hover gallery-box box-overlay dark box-text-center\">\n              <div class=\"box-image\" >\n                <img loading=\"lazy\" decoding=\"async\" width=\"1020\" height=\"574\" src=\"https:\/\/www.icesi.edu.co\/oem\/wp-content\/uploads\/2023\/08\/DSC05204-1024x576.jpg\" class=\"attachment-large size-large\" alt=\"\" ids=\"7220,7221,7222,7226,7227,7323,7324,7325\" style=\"label\" lightbox_image_size=\"medium\" type=\"grid\" grid=\"4\" grid_height=\"200px\" col_spacing=\"collapse\" srcset=\"https:\/\/www.icesi.edu.co\/oem\/wp-content\/uploads\/2023\/08\/DSC05204-1024x576.jpg 1024w, https:\/\/www.icesi.edu.co\/oem\/wp-content\/uploads\/2023\/08\/DSC05204-300x169.jpg 300w, https:\/\/www.icesi.edu.co\/oem\/wp-content\/uploads\/2023\/08\/DSC05204-768x432.jpg 768w, https:\/\/www.icesi.edu.co\/oem\/wp-content\/uploads\/2023\/08\/DSC05204.jpg 1500w\" sizes=\"auto, (max-width: 1020px) 100vw, 1020px\" \/>                                  <div class=\"overlay fill\"\n                      style=\"background-color: rgba(0,0,0,.15)\">\n                  <\/div>\n                                                              <\/div>\n              <div class=\"box-text text-left dark\" >\n                 <p><\/p>\n              <\/div>\n            <\/div>\n            <\/a>          <\/div>\n         <\/div><div class=\"gallery-col col grid-col grid-col-1 large-3 medium-6\" >\n          <div class=\"col-inner\">\n            <a class=\"image-lightbox lightbox-gallery\" href=\"https:\/\/www.icesi.edu.co\/oem\/wp-content\/uploads\/2023\/09\/diplomados-con-enfoque-de-genero-300x225.jpg\" title=\"\">            <div class=\"box has-hover gallery-box box-overlay dark box-text-center\">\n              <div class=\"box-image\" >\n                <img loading=\"lazy\" decoding=\"async\" width=\"1020\" height=\"765\" src=\"https:\/\/www.icesi.edu.co\/oem\/wp-content\/uploads\/2023\/09\/diplomados-con-enfoque-de-genero-1024x768.jpg\" class=\"attachment-large size-large\" alt=\"\" ids=\"7220,7221,7222,7226,7227,7323,7324,7325\" style=\"label\" lightbox_image_size=\"medium\" type=\"grid\" grid=\"4\" grid_height=\"200px\" col_spacing=\"collapse\" srcset=\"https:\/\/www.icesi.edu.co\/oem\/wp-content\/uploads\/2023\/09\/diplomados-con-enfoque-de-genero-1024x768.jpg 1024w, https:\/\/www.icesi.edu.co\/oem\/wp-content\/uploads\/2023\/09\/diplomados-con-enfoque-de-genero-300x225.jpg 300w, https:\/\/www.icesi.edu.co\/oem\/wp-content\/uploads\/2023\/09\/diplomados-con-enfoque-de-genero-768x576.jpg 768w, https:\/\/www.icesi.edu.co\/oem\/wp-content\/uploads\/2023\/09\/diplomados-con-enfoque-de-genero-1536x1152.jpg 1536w, https:\/\/www.icesi.edu.co\/oem\/wp-content\/uploads\/2023\/09\/diplomados-con-enfoque-de-genero.jpg 1600w\" sizes=\"auto, (max-width: 1020px) 100vw, 1020px\" \/>                                  <div class=\"overlay fill\"\n                      style=\"background-color: rgba(0,0,0,.15)\">\n                  <\/div>\n                                                              <\/div>\n              <div class=\"box-text text-left dark\" >\n                 <p><\/p>\n              <\/div>\n            <\/div>\n            <\/a>          <\/div>\n         <\/div><div class=\"gallery-col col grid-col grid-col-1 large-3 medium-6\" >\n          <div class=\"col-inner\">\n            <a class=\"image-lightbox lightbox-gallery\" href=\"https:\/\/www.icesi.edu.co\/oem\/wp-content\/uploads\/2023\/09\/formacion-a-funcionarios-con-enfoque-de-genero-300x225.jpg\" title=\"\">            <div class=\"box has-hover gallery-box box-overlay dark box-text-center\">\n              <div class=\"box-image\" >\n                <img loading=\"lazy\" decoding=\"async\" width=\"1020\" height=\"765\" src=\"https:\/\/www.icesi.edu.co\/oem\/wp-content\/uploads\/2023\/09\/formacion-a-funcionarios-con-enfoque-de-genero-1024x768.jpg\" class=\"attachment-large size-large\" alt=\"\" ids=\"7220,7221,7222,7226,7227,7323,7324,7325\" style=\"label\" lightbox_image_size=\"medium\" type=\"grid\" grid=\"4\" grid_height=\"200px\" col_spacing=\"collapse\" srcset=\"https:\/\/www.icesi.edu.co\/oem\/wp-content\/uploads\/2023\/09\/formacion-a-funcionarios-con-enfoque-de-genero-1024x768.jpg 1024w, https:\/\/www.icesi.edu.co\/oem\/wp-content\/uploads\/2023\/09\/formacion-a-funcionarios-con-enfoque-de-genero-300x225.jpg 300w, https:\/\/www.icesi.edu.co\/oem\/wp-content\/uploads\/2023\/09\/formacion-a-funcionarios-con-enfoque-de-genero-768x576.jpg 768w, https:\/\/www.icesi.edu.co\/oem\/wp-content\/uploads\/2023\/09\/formacion-a-funcionarios-con-enfoque-de-genero-1536x1152.jpg 1536w, https:\/\/www.icesi.edu.co\/oem\/wp-content\/uploads\/2023\/09\/formacion-a-funcionarios-con-enfoque-de-genero.jpg 1600w\" sizes=\"auto, (max-width: 1020px) 100vw, 1020px\" \/>                                  <div class=\"overlay fill\"\n                      style=\"background-color: rgba(0,0,0,.15)\">\n                  <\/div>\n                                                              <\/div>\n              <div class=\"box-text text-left dark\" >\n                 <p><\/p>\n              <\/div>\n            <\/div>\n            <\/a>          <\/div>\n         <\/div><div class=\"gallery-col col grid-col grid-col-1 large-3 medium-6\" >\n          <div class=\"col-inner\">\n            <a class=\"image-lightbox lightbox-gallery\" href=\"https:\/\/www.icesi.edu.co\/oem\/wp-content\/uploads\/2023\/09\/profesionales-expertos-en-formacion-con-enfoque-de-genero-225x300.jpg\" title=\"\">            <div class=\"box has-hover gallery-box box-overlay dark box-text-center\">\n              <div class=\"box-image\" >\n                <img loading=\"lazy\" decoding=\"async\" width=\"768\" height=\"1024\" src=\"https:\/\/www.icesi.edu.co\/oem\/wp-content\/uploads\/2023\/09\/profesionales-expertos-en-formacion-con-enfoque-de-genero-768x1024.jpg\" class=\"attachment-large size-large\" alt=\"\" ids=\"7220,7221,7222,7226,7227,7323,7324,7325\" style=\"label\" lightbox_image_size=\"medium\" type=\"grid\" grid=\"4\" grid_height=\"200px\" col_spacing=\"collapse\" srcset=\"https:\/\/www.icesi.edu.co\/oem\/wp-content\/uploads\/2023\/09\/profesionales-expertos-en-formacion-con-enfoque-de-genero-768x1024.jpg 768w, https:\/\/www.icesi.edu.co\/oem\/wp-content\/uploads\/2023\/09\/profesionales-expertos-en-formacion-con-enfoque-de-genero-225x300.jpg 225w, https:\/\/www.icesi.edu.co\/oem\/wp-content\/uploads\/2023\/09\/profesionales-expertos-en-formacion-con-enfoque-de-genero-1152x1536.jpg 1152w, https:\/\/www.icesi.edu.co\/oem\/wp-content\/uploads\/2023\/09\/profesionales-expertos-en-formacion-con-enfoque-de-genero.jpg 1200w\" sizes=\"auto, (max-width: 768px) 100vw, 768px\" \/>                                  <div class=\"overlay fill\"\n                      style=\"background-color: rgba(0,0,0,.15)\">\n                  <\/div>\n                                                              <\/div>\n              <div class=\"box-text text-left dark\" >\n                 <p><\/p>\n              <\/div>\n            <\/div>\n            <\/a>          <\/div>\n         <\/div><\/div>\n\n\n","protected":false},"excerpt":{"rendered":"","protected":false},"author":1,"featured_media":0,"parent":0,"menu_order":0,"comment_status":"closed","ping_status":"closed","template":"page-blank.php","meta":{"footnotes":""},"class_list":["post-8109","page","type-page","status-publish","hentry"],"_links":{"self":[{"href":"https:\/\/www.icesi.edu.co\/oem\/wp-json\/wp\/v2\/pages\/8109","targetHints":{"allow":["GET"]}}],"collection":[{"href":"https:\/\/www.icesi.edu.co\/oem\/wp-json\/wp\/v2\/pages"}],"about":[{"href":"https:\/\/www.icesi.edu.co\/oem\/wp-json\/wp\/v2\/types\/page"}],"author":[{"embeddable":true,"href":"https:\/\/www.icesi.edu.co\/oem\/wp-json\/wp\/v2\/users\/1"}],"replies":[{"embeddable":true,"href":"https:\/\/www.icesi.edu.co\/oem\/wp-json\/wp\/v2\/comments?post=8109"}],"version-history":[{"count":9,"href":"https:\/\/www.icesi.edu.co\/oem\/wp-json\/wp\/v2\/pages\/8109\/revisions"}],"predecessor-version":[{"id":8211,"href":"https:\/\/www.icesi.edu.co\/oem\/wp-json\/wp\/v2\/pages\/8109\/revisions\/8211"}],"wp:attachment":[{"href":"https:\/\/www.icesi.edu.co\/oem\/wp-json\/wp\/v2\/media?parent=8109"}],"curies":[{"name":"wp","href":"https:\/\/api.w.org\/{rel}","templated":true}]}}