{"id":8182,"date":"2024-01-12T17:18:27","date_gmt":"2024-01-12T17:18:27","guid":{"rendered":"https:\/\/www.icesi.edu.co\/oem\/?page_id=8182"},"modified":"2024-01-12T17:21:48","modified_gmt":"2024-01-12T17:21:48","slug":"incidencia-nacional","status":"publish","type":"page","link":"https:\/\/www.icesi.edu.co\/oem\/incidencia-nacional\/","title":{"rendered":"Incidencia Nacional"},"content":{"rendered":"\n\n\t<section class=\"section dark\" id=\"section_384068006\">\n\t\t<div class=\"section-bg fill\" >\n\t\t\t\t\t\t\t\t\t\n\t\t\t\n\n\t\t<\/div>\n\n\t\t\n\n\t\t<div class=\"section-content relative\">\n\t\t\t\n\n\t<div id=\"gap-1401572296\" class=\"gap-element clearfix\" style=\"display:block; height:auto;\">\n\t\t\n<style>\n#gap-1401572296 {\n  padding-top: 30px;\n}\n<\/style>\n\t<\/div>\n\t\n\n<div class=\"row\"  id=\"row-990819195\">\n\n\n\t<div id=\"col-1856926810\" class=\"col medium-6 small-12 large-6\"  >\n\t\t\t\t<div class=\"col-inner\"  >\n\t\t\t\n\t\t\t\n\n\t<div id=\"text-1084544237\" class=\"text\">\n\t\t\n\n<h1>Incidencia Nacional<\/h1>\n\t\t\n<style>\n#text-1084544237 {\n  font-size: 1.85rem;\n}\n<\/style>\n\t<\/div>\n\t\n\n\t\t<\/div>\n\t\t\t\t\t<\/div>\n\n\t\n\n\t<div id=\"col-2080157376\" class=\"col medium-6 small-12 large-6\"  >\n\t\t\t\t<div class=\"col-inner\"  >\n\t\t\t\n\t\t\t\n\n\t<div id=\"gap-454918837\" class=\"gap-element clearfix\" style=\"display:block; height:auto;\">\n\t\t\n<style>\n#gap-454918837 {\n  padding-top: 5px;\n}\n<\/style>\n\t<\/div>\n\t\n\n<p><span style=\"font-weight: 400;\">Desarrollamos estrategias de incidencia pol\u00edtica en diferentes niveles, a trav\u00e9s de alianzas interinstitucionales con entidades p\u00fablicas, privadas y del tercer sector, para posicionar la perspectiva de g\u00e9nero.\u00a0<\/span><\/p>\n\n\t\t<\/div>\n\t\t\t\t\t<\/div>\n\n\t\n\n<\/div>\n\t<div id=\"gap-63589790\" class=\"gap-element clearfix\" style=\"display:block; height:auto;\">\n\t\t\n<style>\n#gap-63589790 {\n  padding-top: 110px;\n}\n@media (min-width:550px) {\n  #gap-63589790 {\n    padding-top: 120px;\n  }\n}\n@media (min-width:850px) {\n  #gap-63589790 {\n    padding-top: 100px;\n  }\n}\n<\/style>\n\t<\/div>\n\t\n\n\n\t\t<\/div>\n\n\t\t\n<style>\n#section_384068006 {\n  padding-top: 60px;\n  padding-bottom: 60px;\n  background-color: #6fa6d4;\n}\n@media (min-width:850px) {\n  #section_384068006 {\n    padding-top: 100px;\n    padding-bottom: 100px;\n  }\n}\n<\/style>\n\t<\/section>\n\t\n\n\t<section class=\"section\" id=\"section_1121619405\">\n\t\t<div class=\"section-bg fill\" >\n\t\t\t\t\t\t\t\t\t\n\t\t\t\n\n\t\t<\/div>\n\n\t\t\n\n\t\t<div class=\"section-content relative\">\n\t\t\t\n\n<div class=\"row\"  id=\"row-155305623\">\n\n\n\t<div id=\"col-148262635\" class=\"col small-12 large-12\"  >\n\t\t\t\t<div class=\"col-inner\"  >\n\t\t\t\n\t\t\t\n\n<div class=\"row\"  id=\"row-1990180608\">\n\n\n\t<div id=\"col-2012324411\" class=\"col small-12 large-12\"  >\n\t\t\t\t<div class=\"col-inner\" style=\"background-color:rgb(255, 255, 255);\" >\n\t\t\t\n\t\t\t\n\n<h2><b>Visibilidad<\/b><\/h2>\n<p><span style=\"font-weight: 400;\">Relacionamiento con organizaciones nacionales, feministas y pol\u00edticas:\u00a0<\/span><\/p>\n<ul>\n<li style=\"font-weight: 400;\" aria-level=\"1\"><span style=\"font-weight: 400;\">Vicepresidencia de la Rep\u00fablica.\u00a0<\/span><\/li>\n<li style=\"font-weight: 400;\" aria-level=\"1\"><span style=\"font-weight: 400;\">Gerencia Pol\u00edtica del Cuidado &#8211; Sistema Nacional del Cuidado.<\/span><\/li>\n<li style=\"font-weight: 400;\" aria-level=\"1\"><span style=\"font-weight: 400;\">Organizaci\u00f3n Artemisas.<\/span><\/li>\n<li style=\"font-weight: 400;\" aria-level=\"1\"><span style=\"font-weight: 400;\">Congreso Visible.<\/span><\/li>\n<li style=\"font-weight: 400;\" aria-level=\"1\"><span style=\"font-weight: 400;\">Amassuru &#8211; Mujeres en Seguridad.<\/span><\/li>\n<li style=\"font-weight: 400;\" aria-level=\"1\"><span style=\"font-weight: 400;\">Red ALAS.<\/span><\/li>\n<li style=\"font-weight: 400;\" aria-level=\"1\"><span style=\"font-weight: 400;\">Sisma Mujer.<\/span><\/li>\n<\/ul>\n<h2 style=\"text-align: left;\"><b>Acompa\u00f1amiento t\u00e9cnico en el Congreso de la Rep\u00fablica<\/b><\/h2>\n<ul>\n<li style=\"font-weight: 400; text-align: left;\" aria-checked=\"false\" aria-level=\"1\"><span style=\"font-weight: 400;\">Participar como consultores expertos de las UTL de congresistas con agendas alineadas al trabajo del OEM.<\/span><\/li>\n<li style=\"font-weight: 400;\" aria-checked=\"false\" aria-level=\"1\"><span style=\"font-weight: 400;\">Acompa\u00f1amiento t\u00e9cnico para la transversalizaci\u00f3n de la perspectiva de g\u00e9nero en:<\/span>\n<ul>\n<li style=\"font-weight: 400; text-align: left;\" aria-checked=\"false\" aria-level=\"2\"><span style=\"font-weight: 400;\">Plan Nacional de Desarrollo (2022-2026).<\/span><\/li>\n<li style=\"font-weight: 400; text-align: left;\" aria-checked=\"false\" aria-level=\"2\"><span style=\"font-weight: 400;\">Estatuto de igualdad para las mujeres, (Septiembre 2023).<\/span><\/li>\n<li style=\"font-weight: 400; text-align: left;\" aria-checked=\"false\" aria-level=\"2\"><span style=\"font-weight: 400;\">Reforma al Estatuto Tributario (Agosto-Diciembre 2021).<\/span><\/li>\n<li style=\"font-weight: 400; text-align: left;\" aria-checked=\"false\" aria-level=\"2\"><span style=\"font-weight: 400;\">Proyecto de Ley Estatutaria No. 111 de 2022, Senado- C\u00f3digo Electoral colombiano, (Agosto-Diciembre 2021).<\/span><\/li>\n<li style=\"font-weight: 400; text-align: left;\" aria-checked=\"false\" aria-level=\"2\"><span style=\"font-weight: 400;\">Proyecto de Ley No. 141 de 2022. Senado &#8211; Reforma pol\u00edtica y electoral\u00a0 (Agosto-Diciembre 2021).<\/span><\/li>\n<\/ul>\n<\/li>\n<\/ul>\n\n\t\t<\/div>\n\t\t\t\t\n<style>\n#col-2012324411 > .col-inner {\n  padding: 50px 50px 50px 50px;\n  border-radius: 23px;\n}\n<\/style>\n\t<\/div>\n\n\t\n\n<\/div>\n\n\t\t<\/div>\n\t\t\t\t\n<style>\n#col-148262635 > .col-inner {\n  margin: -190px 0px 0px 0px;\n}\n<\/style>\n\t<\/div>\n\n\t\n\n<\/div>\n\n\t\t<\/div>\n\n\t\t\n<style>\n#section_1121619405 {\n  padding-top: 40px;\n  padding-bottom: 40px;\n  background-color: rgb(223, 241, 255);\n}\n@media (min-width:850px) {\n  #section_1121619405 {\n    padding-top: 60px;\n    padding-bottom: 60px;\n  }\n}\n<\/style>\n\t<\/section>\n\t\n\n","protected":false},"excerpt":{"rendered":"","protected":false},"author":1,"featured_media":0,"parent":0,"menu_order":0,"comment_status":"closed","ping_status":"closed","template":"page-blank.php","meta":{"footnotes":""},"class_list":["post-8182","page","type-page","status-publish","hentry"],"_links":{"self":[{"href":"https:\/\/www.icesi.edu.co\/oem\/wp-json\/wp\/v2\/pages\/8182","targetHints":{"allow":["GET"]}}],"collection":[{"href":"https:\/\/www.icesi.edu.co\/oem\/wp-json\/wp\/v2\/pages"}],"about":[{"href":"https:\/\/www.icesi.edu.co\/oem\/wp-json\/wp\/v2\/types\/page"}],"author":[{"embeddable":true,"href":"https:\/\/www.icesi.edu.co\/oem\/wp-json\/wp\/v2\/users\/1"}],"replies":[{"embeddable":true,"href":"https:\/\/www.icesi.edu.co\/oem\/wp-json\/wp\/v2\/comments?post=8182"}],"version-history":[{"count":3,"href":"https:\/\/www.icesi.edu.co\/oem\/wp-json\/wp\/v2\/pages\/8182\/revisions"}],"predecessor-version":[{"id":8186,"href":"https:\/\/www.icesi.edu.co\/oem\/wp-json\/wp\/v2\/pages\/8182\/revisions\/8186"}],"wp:attachment":[{"href":"https:\/\/www.icesi.edu.co\/oem\/wp-json\/wp\/v2\/media?parent=8182"}],"curies":[{"name":"wp","href":"https:\/\/api.w.org\/{rel}","templated":true}]}}