{"id":8569,"date":"2024-06-12T15:55:37","date_gmt":"2024-06-12T15:55:37","guid":{"rendered":"https:\/\/www.icesi.edu.co\/oem\/?page_id=8448"},"modified":"2025-08-29T21:34:30","modified_gmt":"2025-08-29T21:34:30","slug":"violencia-digital","status":"publish","type":"page","link":"https:\/\/www.icesi.edu.co\/oem\/violencia-digital\/","title":{"rendered":"Violencia Digital"},"content":{"rendered":"\n<div class=\"row\"  id=\"row-763128167\">\n\n\n\t<div id=\"col-847146816\" class=\"col small-12 large-12\"  >\n\t\t\t\t<div class=\"col-inner\"  >\n\t\t\t\n\t\t\t\n\n\t<div id=\"text-2079195904\" class=\"text\">\n\t\t\n\n<h2>Violencias Basadas en G\u00e9nero (VBG)<br \/>\nen el \u00e1mbito digital<\/h2>\n\t\t\n<style>\n#text-2079195904 {\n  font-size: 1.75rem;\n  line-height: 1.3;\n  text-align: left;\n}\n<\/style>\n\t<\/div>\n\t\n<p>La violencia basada en g\u00e9nero, en su car\u00e1cter estructural, se manifiesta en diversos \u00e1mbitos de la sociedad, como lo es el digital. Esta situaci\u00f3n se intensific\u00f3 debido a la virtualidad inducida por la pandemia del COVID-19, lo que llev\u00f3 al Centro Internacional para la Empresa Privada (CIPE) y al Observatorio para la Equidad de las Mujeres (OEM) a investigar las din\u00e1micas, experiencias y consecuencias de la violencia de g\u00e9nero en entornos digitales, espec\u00edficamente en contextos laborales y pol\u00edticos en Colombia.<\/p>\n<p>La intenci\u00f3n del proyecto fue recopilar las experiencias de las mujeres que han enfrentado violencia de g\u00e9nero digital, con el objetivo de indagar en los mecanismos de afrontamiento que han utilizado, los perfiles de los agresores, las consecuencias personales que han sufrido y sus expectativas sobre c\u00f3mo podr\u00edan ser reparadas.<\/p>\n<p>Una de las conclusiones m\u00e1s significativas del estudio es que este tipo de violencia representa una grave amenaza para las mujeres en Colombia, lo que pone de manifiesto la necesidad de fortalecer las pol\u00edticas p\u00fablicas destinadas a prevenir, mitigar y sancionar de manera efectiva estos casos. Por esta raz\u00f3n, se formularon siete recomendaciones de pol\u00edtica p\u00fablica que buscan abordar esta problem\u00e1tica de manera integral y efectiva.<\/p>\n\t<div id=\"gap-918668108\" class=\"gap-element clearfix\" style=\"display:block; height:auto;\">\n\t\t\n<style>\n#gap-918668108 {\n  padding-top: 40px;\n}\n<\/style>\n\t<\/div>\n\t\n\n<h3>Conoce los hallazgos de la investigaci\u00f3n<\/h3>\n\t<div id=\"gap-1308555469\" class=\"gap-element clearfix\" style=\"display:block; height:auto;\">\n\t\t\n<style>\n#gap-1308555469 {\n  padding-top: 30px;\n}\n<\/style>\n\t<\/div>\n\t\n\n<div class=\"row\"  id=\"row-1714837198\">\n\n\n\t<div id=\"col-1071464114\" class=\"col medium-3 small-12 large-3\"  >\n\t\t\t\t<div class=\"col-inner text-center\" style=\"background-color:rgb(242, 242, 242);\" >\n\t\t\t\n\t\t\t\n\n\t<div class=\"img has-hover x md-x lg-x y md-y lg-y\" id=\"image_1417166681\">\n\t\t<a class=\"\" href=\"http:\/\/www.icesi.edu.co\/oem\/wp-content\/uploads\/2024\/11\/Violencias-basadas-en-genero-en-el-ambito-digital.pdf\" target=\"_blank\" rel=\"noopener\" >\t\t\t\t\t\t<div class=\"img-inner dark\" style=\"margin:0px 0px 0px 0px;\">\n\t\t\t\t\t\t\t\t\t\n\t\t\t\t\t<\/div>\n\t\t\t\t\t\t<\/a>\t\t\n<style>\n#image_1417166681 {\n  width: 62%;\n}\n<\/style>\n\t<\/div>\n\t\n\n\t<div id=\"text-1794457660\" class=\"text\">\n\t\t\n\n<p>Un an\u00e1lisis en mujeres empresarias y trabajadoras<\/p>\n\t\t\n<style>\n#text-1794457660 {\n  line-height: 1.3;\n}\n<\/style>\n\t<\/div>\n\t\n<a href=\"http:\/\/www.icesi.edu.co\/oem\/wp-content\/uploads\/2024\/03\/Informe-Cipe-VF.pdf\" target=\"_blank\" class=\"button primary is-small lowercase\" rel=\"noopener\" style=\"border-radius:99px;\">\n\t\t<span>Descargar<\/span>\n\t<\/a>\n\n\n\n\t\t<\/div>\n\t\t\t\t\n<style>\n#col-1071464114 > .col-inner {\n  padding: 25px 0px 5px 0px;\n  border-radius: 13px;\n}\n<\/style>\n\t<\/div>\n\n\t\n\n\t<div id=\"col-1271940170\" class=\"col medium-3 small-12 large-3\"  >\n\t\t\t\t<div class=\"col-inner text-center\" style=\"background-color:rgb(242, 242, 242);\" >\n\t\t\t\n\t\t\t\n\n\t<div class=\"img has-hover x md-x lg-x y md-y lg-y\" id=\"image_2069123943\">\n\t\t<a class=\"\" href=\"http:\/\/www.icesi.edu.co\/oem\/wp-content\/uploads\/2024\/11\/VBG-en-entornos-digitales.pdf\" target=\"_blank\" rel=\"noopener\" >\t\t\t\t\t\t<div class=\"img-inner dark\" style=\"margin:0px 0px 0px 0px;\">\n\t\t\t\t\t\t\t\t\t\n\t\t\t\t\t<\/div>\n\t\t\t\t\t\t<\/a>\t\t\n<style>\n#image_2069123943 {\n  width: 62%;\n}\n<\/style>\n\t<\/div>\n\t\n\n\t<div id=\"text-197294268\" class=\"text\">\n\t\t\n\n<p>Violencias Basadas en G\u00e9nero (VBG) en entornos digitales<\/p>\n\t\t\n<style>\n#text-197294268 {\n  line-height: 1.3;\n}\n<\/style>\n\t<\/div>\n\t\n<a href=\"http:\/\/www.icesi.edu.co\/oem\/wp-content\/uploads\/2025\/08\/VBG-en-entornos-digitales.pdf\" target=\"_blank\" class=\"button primary is-small lowercase\" rel=\"noopener\" style=\"border-radius:99px;\">\n\t\t<span>Descargar<\/span>\n\t<\/a>\n\n\n\n\t\t<\/div>\n\t\t\t\t\n<style>\n#col-1271940170 > .col-inner {\n  padding: 25px 0px 5px 0px;\n  border-radius: 13px;\n}\n<\/style>\n\t<\/div>\n\n\t\n\n\t<div id=\"col-665589650\" class=\"col medium-3 small-12 large-3\"  >\n\t\t\t\t<div class=\"col-inner text-center\" style=\"background-color:rgb(242, 242, 242);\" >\n\t\t\t\n\t\t\t\n\n\t<div class=\"img has-hover x md-x lg-x y md-y lg-y\" id=\"image_2028673291\">\n\t\t<a class=\"\" href=\"http:\/\/www.icesi.edu.co\/oem\/wp-content\/uploads\/2024\/11\/Datos-testimonios.pdf\" target=\"_blank\" rel=\"noopener\" >\t\t\t\t\t\t<div class=\"img-inner dark\" style=\"margin:0px 0px 0px 0px;\">\n\t\t\t\t\t\t\t\t\t\n\t\t\t\t\t<\/div>\n\t\t\t\t\t\t<\/a>\t\t\n<style>\n#image_2028673291 {\n  width: 62%;\n}\n<\/style>\n\t<\/div>\n\t\n\n\t<div id=\"text-932065048\" class=\"text\">\n\t\t\n\n<p>Entre datos y testimonios.<br \/>Un estudio integral de VBG<\/p>\n\t\t\n<style>\n#text-932065048 {\n  line-height: 1.3;\n}\n<\/style>\n\t<\/div>\n\t\n<a href=\"http:\/\/www.icesi.edu.co\/oem\/wp-content\/uploads\/2025\/08\/Datos-testimonios.pdf\" target=\"_blank\" class=\"button primary is-small lowercase\" rel=\"noopener\" style=\"border-radius:99px;\">\n\t\t<span>Descargar<\/span>\n\t<\/a>\n\n\n\n\t\t<\/div>\n\t\t\t\t\n<style>\n#col-665589650 > .col-inner {\n  padding: 25px 0px 5px 0px;\n  border-radius: 13px;\n}\n<\/style>\n\t<\/div>\n\n\t\n\n\t<div id=\"col-736491907\" class=\"col medium-3 small-12 large-3\"  >\n\t\t\t\t<div class=\"col-inner text-center\" style=\"background-color:rgb(242, 242, 242);\" >\n\t\t\t\n\t\t\t\n\n\t<div class=\"img has-hover x md-x lg-x y md-y lg-y\" id=\"image_1199740978\">\n\t\t<a class=\"\" href=\"http:\/\/www.icesi.edu.co\/oem\/wp-content\/uploads\/2024\/11\/Lo-que-debes-saber-de-VBG.pdf\" target=\"_blank\" rel=\"noopener\" >\t\t\t\t\t\t<div class=\"img-inner dark\" style=\"margin:0px 0px 0px 0px;\">\n\t\t\t\t\t\t\t\t\t\n\t\t\t\t\t<\/div>\n\t\t\t\t\t\t<\/a>\t\t\n<style>\n#image_1199740978 {\n  width: 62%;\n}\n<\/style>\n\t<\/div>\n\t\n\n\t<div id=\"text-2469352028\" class=\"text\">\n\t\t\n\n<p>Lo que debes saber sobre Violencias Basadas en G\u00e9nero<\/p>\n\t\t\n<style>\n#text-2469352028 {\n  line-height: 1.3;\n}\n<\/style>\n\t<\/div>\n\t\n<a href=\"http:\/\/www.icesi.edu.co\/oem\/wp-content\/uploads\/2025\/08\/Lo-que-debes-saber-de-VBG.pdf\" target=\"_blank\" class=\"button primary is-small lowercase\" rel=\"noopener\" style=\"border-radius:99px;\">\n\t\t<span>Descargar<\/span>\n\t<\/a>\n\n\n\n\t\t<\/div>\n\t\t\t\t\n<style>\n#col-736491907 > .col-inner {\n  padding: 25px 0px 5px 0px;\n  border-radius: 13px;\n}\n<\/style>\n\t<\/div>\n\n\t\n\n<\/div>\n\t<div id=\"gap-153378527\" class=\"gap-element clearfix\" style=\"display:block; height:auto;\">\n\t\t\n<style>\n#gap-153378527 {\n  padding-top: 40px;\n}\n<\/style>\n\t<\/div>\n\t\n\n<h3>Dashboard VGB en Colombia<\/h3>\n<div class=\"flex-shrink-0 flex flex-col relative items-end\">\n<div class=\"pt-0\">\n<div class=\"gizmo-bot-avatar flex h-8 w-8 items-center justify-center overflow-hidden rounded-full\">\n<div class=\"relative p-1 rounded-sm flex items-center justify-center bg-token-main-surface-primary text-token-text-primary h-8 w-8\">La primera fase del estudio busc\u00f3 identificar la prevalencia de la violencia de g\u00e9nero digital entre mujeres empresarias y trabajadoras en Medell\u00edn, Cali y Bogot\u00e1. Para ello, se dise\u00f1\u00f3 una encuesta que abord\u00f3 tipos de violencia, contextos y consecuencias, complementada con preguntas demogr\u00e1ficas para contextualizar los datos. La muestra, obtenida de bases de datos de c\u00e1maras de comercio, incluy\u00f3 470 participantes y se recolect\u00f3 entre el 12 de junio y el 14 de julio mediante encuestas en l\u00ednea, garantizando diversidad sectorial y laboral. Los resultados se presentan en el dashboard que se encuentra m\u00e1s adelante.<\/div>\n<\/div>\n<\/div>\n<\/div>\n\t<div id=\"gap-1730932690\" class=\"gap-element clearfix\" style=\"display:block; height:auto;\">\n\t\t\n<style>\n#gap-1730932690 {\n  padding-top: 30px;\n}\n<\/style>\n\t<\/div>\n\t\n\n\n\n<iframe loading=\"lazy\" width=\"100%\" height=\"600\" src=\"https:\/\/lookerstudio.google.com\/embed\/reporting\/64e55cff-6268-44b5-81d0-5e09c1931020\/page\/p_uzn4t00led\" frameborder=\"0\" style=\"border:0\" allowfullscreen sandbox=\"allow-storage-access-by-user-activation allow-scripts allow-same-origin allow-popups allow-popups-to-escape-sandbox\"><\/iframe>\n\n\n\t\t<\/div>\n\t\t\t\t\t<\/div>\n\n\t\n\n<\/div>\n\t<div id=\"gap-1267021850\" class=\"gap-element clearfix\" style=\"display:block; height:auto;\">\n\t\t\n<style>\n#gap-1267021850 {\n  padding-top: 30px;\n}\n<\/style>\n\t<\/div>\n\t\n\n<h3>Autodiagn\u00f3stico para un entorno digital seguro<\/h3>\n<div class=\"flex-shrink-0 flex flex-col relative items-end\">\n<div class=\"pt-0\">\n<div class=\"gizmo-bot-avatar flex h-8 w-8 items-center justify-center overflow-hidden rounded-full\">\n<div class=\"relative p-1 rounded-sm flex items-center justify-center bg-token-main-surface-primary text-token-text-primary h-8 w-8\">\n<div class=\"flex max-w-full flex-col flex-grow\">\n<div class=\"min-h-8 text-message flex w-full flex-col items-end gap-2 whitespace-normal break-words [.text-message+&amp;]:mt-5\" dir=\"auto\" data-message-author-role=\"assistant\" data-message-id=\"cd892b5e-f171-4022-b14c-2162699e3998\" data-message-model-slug=\"gpt-4o\">\n<div class=\"flex w-full flex-col gap-1 empty:hidden first:pt-[3px]\">\n<div class=\"markdown prose w-full break-words dark:prose-invert light\">\n<p>Estos dos tests de autodiagn\u00f3stico est\u00e1n dise\u00f1ados para abordar la violencia basada en g\u00e9nero en entornos digitales desde dos perspectivas clave: personal y organizacional. Por un lado, el primer test te ayudar\u00e1 a reflexionar sobre tu nivel de exposici\u00f3n a estas violencias en el contexto laboral, mientras que el segundo permitir\u00e1 a las empresas evaluar su compromiso y efectividad en la prevenci\u00f3n y manejo de estas situaciones. Ambos buscan generar conciencia, identificar \u00e1reas de mejora y ofrecer herramientas para fomentar entornos digitales y laborales m\u00e1s seguros y respetuosos.<\/p>\n<\/div>\n<\/div>\n<\/div>\n<\/div>\n<\/div>\n<\/div>\n<\/div>\n<\/div>\n\t<div id=\"gap-1045136251\" class=\"gap-element clearfix\" style=\"display:block; height:auto;\">\n\t\t\n<style>\n#gap-1045136251 {\n  padding-top: 30px;\n}\n<\/style>\n\t<\/div>\n\t\n\n\n\t<section class=\"section\" id=\"section_1024071998\">\n\t\t<div class=\"section-bg fill\" >\n\t\t\t\t\t\t\t\t\t\n\t\t\t\n\n\t\t<\/div>\n\n\t\t\n\n\t\t<div class=\"section-content relative\">\n\t\t\t\n\n<div class=\"row\"  id=\"row-1351698850\">\n\n\n\t<div id=\"col-9372766\" class=\"col medium-6 small-12 large-6\"  >\n\t\t\t\t<div class=\"col-inner\" style=\"background-color:rgb(255, 255, 255);\" >\n\t\t\t\n\t\t\t\n\n\t<div class=\"img has-hover x md-x lg-x y md-y lg-y\" id=\"image_1222842048\">\n\t\t\t\t\t\t\t\t<div class=\"img-inner dark\" style=\"margin:0px 0px 0px 0px;\">\n\t\t\t\t\t\t\t\t\t\n\t\t\t\t\t<\/div>\n\t\t\t\t\t\t\t\t\n<style>\n#image_1222842048 {\n  width: 9%;\n}\n<\/style>\n\t<\/div>\n\t\n\n\t<div id=\"text-1492214377\" class=\"text\">\n\t\t\n\n<h2>Personal<\/h2>\n\t\t\n<style>\n#text-1492214377 {\n  line-height: 0.75;\n  color: #253f5c;\n}\n#text-1492214377 > * {\n  color: #253f5c;\n}\n<\/style>\n\t<\/div>\n\t\n\t<div id=\"text-3437197141\" class=\"text\">\n\t\t\n\n<h4>\u00bfC\u00f3mo ha sido tu experiencia en entornos digitales de trabajo?<\/h4>\n\t\t\n<style>\n#text-3437197141 {\n  color: rgb(37, 63, 92);\n}\n#text-3437197141 > * {\n  color: rgb(37, 63, 92);\n}\n<\/style>\n\t<\/div>\n\t\n\t<div id=\"text-724965080\" class=\"text\">\n\t\t\n\n<p>Realiza este test para identificar si has experimentado posibles casos VBG en entornos laborales digitales. Este ejercicio te permitir\u00e1 reconocer situaciones de riesgo o agresi\u00f3n y podr\u00e1s acceder a una gu\u00eda con recursos para fomentar tu seguridad en l\u00ednea.<\/p>\n\t\t\n<style>\n#text-724965080 {\n  color: rgb(37, 63, 92);\n}\n#text-724965080 > * {\n  color: rgb(37, 63, 92);\n}\n<\/style>\n\t<\/div>\n\t\n<a href=\"https:\/\/www.icesi.edu.co\/oem\/auto-test\/mujeres\" target=\"_blank\" class=\"button primary lowercase\" rel=\"noopener\" style=\"border-radius:99px;\">\n\t\t<span>\u00a1Inicia el test!<\/span>\n\t<i class=\"icon-angle-right\" aria-hidden=\"true\"><\/i><\/a>\n\n\n\n\t\t<\/div>\n\t\t\t\t\n<style>\n#col-9372766 > .col-inner {\n  padding: 30px 30px 30px 30px;\n  margin: 0px 0px 0px 0px;\n  border-radius: 13px;\n}\n<\/style>\n\t<\/div>\n\n\t\n\n\t<div id=\"col-284315135\" class=\"col medium-6 small-12 large-6\"  >\n\t\t\t\t<div class=\"col-inner\" style=\"background-color:rgba(255, 194, 14, 0.988);\" >\n\t\t\t\n\t\t\t\n\n\t<div class=\"img has-hover x md-x lg-x y md-y lg-y\" id=\"image_800301560\">\n\t\t\t\t\t\t\t\t<div class=\"img-inner dark\" style=\"margin:0px 0px 0px 0px;\">\n\t\t\t\t\t\t\t\t\t\n\t\t\t\t\t<\/div>\n\t\t\t\t\t\t\t\t\n<style>\n#image_800301560 {\n  width: 9%;\n}\n<\/style>\n\t<\/div>\n\t\n\n\t<div id=\"text-3882141111\" class=\"text\">\n\t\t\n\n<h2>Empresarial<\/h2>\n\t\t\n<style>\n#text-3882141111 {\n  color: #253f5c;\n}\n#text-3882141111 > * {\n  color: #253f5c;\n}\n<\/style>\n\t<\/div>\n\t\n\t<div id=\"text-1187128727\" class=\"text\">\n\t\t\n\n<h4>\u00bfTu empresa est\u00e1 lista para prevenir la Violencia Basadas en G\u00e9nero (VBG) en entornos digitales?<\/h4>\n\t\t\n<style>\n#text-1187128727 {\n  color: rgb(37, 63, 92);\n}\n#text-1187128727 > * {\n  color: rgb(37, 63, 92);\n}\n<\/style>\n\t<\/div>\n\t\n\t<div id=\"text-1889121252\" class=\"text\">\n\t\t\n\n<p>Descubre c\u00f3mo fortalecer tus pol\u00edticas y pr\u00e1cticas internas para prevenir y manejar violencias basadas en g\u00e9nero. Da el primer paso hacia un ambiente laboral m\u00e1s seguro y equitativo.<\/p>\n\t\t\n<style>\n#text-1889121252 {\n  color: rgb(37, 63, 92);\n}\n#text-1889121252 > * {\n  color: rgb(37, 63, 92);\n}\n<\/style>\n\t<\/div>\n\t\n<a href=\"https:\/\/www.icesi.edu.co\/oem\/auto-test\/empresas\" target=\"_blank\" class=\"button white lowercase\" rel=\"noopener\" style=\"border-radius:99px;\">\n\t\t<span>\u00a1Inicia el test!<\/span>\n\t<i class=\"icon-angle-right\" aria-hidden=\"true\"><\/i><\/a>\n\n\n\n\t\t<\/div>\n\t\t\t\t\n<style>\n#col-284315135 > .col-inner {\n  padding: 30px 30px 25px 30px;\n  margin: 0px 0px 0px 0px;\n  border-radius: 13px;\n}\n<\/style>\n\t<\/div>\n\n\t\n\n<\/div>\n\n\t\t<\/div>\n\n\t\t\n<style>\n#section_1024071998 {\n  padding-top: 50px;\n  padding-bottom: 50px;\n}\n<\/style>\n\t<\/section>\n\t\n\n","protected":false},"excerpt":{"rendered":"","protected":false},"author":123457,"featured_media":0,"parent":0,"menu_order":0,"comment_status":"closed","ping_status":"closed","template":"","meta":{"footnotes":""},"class_list":["post-8569","page","type-page","status-publish","hentry"],"_links":{"self":[{"href":"https:\/\/www.icesi.edu.co\/oem\/wp-json\/wp\/v2\/pages\/8569","targetHints":{"allow":["GET"]}}],"collection":[{"href":"https:\/\/www.icesi.edu.co\/oem\/wp-json\/wp\/v2\/pages"}],"about":[{"href":"https:\/\/www.icesi.edu.co\/oem\/wp-json\/wp\/v2\/types\/page"}],"author":[{"embeddable":true,"href":"https:\/\/www.icesi.edu.co\/oem\/wp-json\/wp\/v2\/users\/123457"}],"replies":[{"embeddable":true,"href":"https:\/\/www.icesi.edu.co\/oem\/wp-json\/wp\/v2\/comments?post=8569"}],"version-history":[{"count":5,"href":"https:\/\/www.icesi.edu.co\/oem\/wp-json\/wp\/v2\/pages\/8569\/revisions"}],"predecessor-version":[{"id":8792,"href":"https:\/\/www.icesi.edu.co\/oem\/wp-json\/wp\/v2\/pages\/8569\/revisions\/8792"}],"wp:attachment":[{"href":"https:\/\/www.icesi.edu.co\/oem\/wp-json\/wp\/v2\/media?parent=8569"}],"curies":[{"name":"wp","href":"https:\/\/api.w.org\/{rel}","templated":true}]}}