{"id":4035,"date":"2024-09-25T09:35:21","date_gmt":"2024-09-25T14:35:21","guid":{"rendered":"https:\/\/www.icesi.edu.co\/servicios\/?page_id=4035"},"modified":"2025-03-27T16:26:07","modified_gmt":"2025-03-27T21:26:07","slug":"correo","status":"publish","type":"page","link":"https:\/\/www.icesi.edu.co\/servicios\/correo\/","title":{"rendered":"Correo electr\u00f3nico"},"content":{"rendered":"\t\t<div data-elementor-type=\"wp-page\" data-elementor-id=\"4035\" class=\"elementor elementor-4035\">\n\t\t\t\t\t\t<section class=\"elementor-section elementor-top-section elementor-element elementor-element-0bc12ec elementor-section-boxed elementor-section-height-default elementor-section-height-default\" data-id=\"0bc12ec\" data-element_type=\"section\" data-settings=\"{&quot;background_background&quot;:&quot;classic&quot;}\">\n\t\t\t\t\t\t\t<div class=\"elementor-background-overlay\"><\/div>\n\t\t\t\t\t\t\t<div class=\"elementor-container elementor-column-gap-default\">\n\t\t\t\t\t<div class=\"elementor-column elementor-col-100 elementor-top-column elementor-element elementor-element-c63507c\" data-id=\"c63507c\" data-element_type=\"column\" data-settings=\"{&quot;background_background&quot;:&quot;classic&quot;}\">\n\t\t\t<div class=\"elementor-widget-wrap elementor-element-populated\">\n\t\t\t\t\t\t<div class=\"elementor-element elementor-element-66f073b elementor-widget elementor-widget-text-editor\" data-id=\"66f073b\" data-element_type=\"widget\" data-widget_type=\"text-editor.default\">\n\t\t\t\t<div class=\"elementor-widget-container\">\n\t\t\t\t\t\t\t\t\t<p>La <strong>Universidad Icesi<\/strong> ofrece a toda su comunidad universitaria (colaboradores, profesores, estudiantes y egresados) el servicio de correo electr\u00f3nico <strong>Office 365,<\/strong> provisto por Microsoft.<\/p>\t\t\t\t\t\t\t\t<\/div>\n\t\t\t\t<\/div>\n\t\t<div class=\"elementor-element elementor-element-371771e e-grid e-con-boxed e-con e-parent\" data-id=\"371771e\" data-element_type=\"container\">\n\t\t\t\t\t<div class=\"e-con-inner\">\n\t\t<div class=\"elementor-element elementor-element-ba49334 e-flex e-con-boxed e-con e-child\" data-id=\"ba49334\" data-element_type=\"container\">\n\t\t\t\t\t<div class=\"e-con-inner\">\n\t\t\t\t<div class=\"elementor-element elementor-element-362c198 elementor-button-info elementor-align-center elementor-widget elementor-widget-button\" data-id=\"362c198\" data-element_type=\"widget\" data-widget_type=\"button.default\">\n\t\t\t\t<div class=\"elementor-widget-container\">\n\t\t\t\t\t\t\t\t\t<div class=\"elementor-button-wrapper\">\n\t\t\t\t\t<a class=\"elementor-button elementor-button-link elementor-size-sm\" href=\"http:\/\/www.icesi.edu.co\/correo\/\">\n\t\t\t\t\t\t<span class=\"elementor-button-content-wrapper\">\n\t\t\t\t\t\t\t\t\t<span class=\"elementor-button-text\">Ingresar al correo electr\u00f3nico<\/span>\n\t\t\t\t\t<\/span>\n\t\t\t\t\t<\/a>\n\t\t\t\t<\/div>\n\t\t\t\t\t\t\t\t<\/div>\n\t\t\t\t<\/div>\n\t\t\t\t<div class=\"elementor-element elementor-element-0d80c0a elementor-button-info elementor-align-center elementor-widget elementor-widget-button\" data-id=\"0d80c0a\" data-element_type=\"widget\" data-widget_type=\"button.default\">\n\t\t\t\t<div class=\"elementor-widget-container\">\n\t\t\t\t\t\t\t\t\t<div class=\"elementor-button-wrapper\">\n\t\t\t\t\t<a class=\"elementor-button elementor-button-link elementor-size-sm\" href=\"https:\/\/www.icesi.edu.co\/banner\/images\/pdf\/1_Cmo_puedo_cambiar_mi_correo_preferido_en_Banner.pdf\">\n\t\t\t\t\t\t<span class=\"elementor-button-content-wrapper\">\n\t\t\t\t\t\t\t\t\t<span class=\"elementor-button-text\">Escoger mi correo preferido<\/span>\n\t\t\t\t\t<\/span>\n\t\t\t\t\t<\/a>\n\t\t\t\t<\/div>\n\t\t\t\t\t\t\t\t<\/div>\n\t\t\t\t<\/div>\n\t\t\t\t<div class=\"elementor-element elementor-element-32e98d5 elementor-button-info elementor-align-center elementor-widget elementor-widget-button\" data-id=\"32e98d5\" data-element_type=\"widget\" data-widget_type=\"button.default\">\n\t\t\t\t<div class=\"elementor-widget-container\">\n\t\t\t\t\t\t\t\t\t<div class=\"elementor-button-wrapper\">\n\t\t\t\t\t<a class=\"elementor-button elementor-button-link elementor-size-sm\" href=\"\/servicios\/contrasena\/\">\n\t\t\t\t\t\t<span class=\"elementor-button-content-wrapper\">\n\t\t\t\t\t\t\t\t\t<span class=\"elementor-button-text\">Cambiar contrase\u00f1a<\/span>\n\t\t\t\t\t<\/span>\n\t\t\t\t\t<\/a>\n\t\t\t\t<\/div>\n\t\t\t\t\t\t\t\t<\/div>\n\t\t\t\t<\/div>\n\t\t\t\t\t<\/div>\n\t\t\t\t<\/div>\n\t\t<div class=\"elementor-element elementor-element-96a38c7 e-flex e-con-boxed e-con e-child\" data-id=\"96a38c7\" data-element_type=\"container\">\n\t\t\t\t\t<div class=\"e-con-inner\">\n\t\t\t\t<div class=\"elementor-element elementor-element-277d92a elementor-widget elementor-widget-heading\" data-id=\"277d92a\" data-element_type=\"widget\" data-widget_type=\"heading.default\">\n\t\t\t\t<div class=\"elementor-widget-container\">\n\t\t\t\t\t<h2 class=\"elementor-heading-title elementor-size-default\">Tenga en cuenta lo siguiente:<\/h2>\t\t\t\t<\/div>\n\t\t\t\t<\/div>\n\t\t\t\t<div class=\"elementor-element elementor-element-6dce1db elementor-widget elementor-widget-text-editor\" data-id=\"6dce1db\" data-element_type=\"widget\" data-widget_type=\"text-editor.default\">\n\t\t\t\t<div class=\"elementor-widget-container\">\n\t\t\t\t\t\t\t\t\t<div class=\"is-layout-flex wp-container-4 wp-block-columns\"><div class=\"is-layout-flow wp-block-column\"><ul><li>Si usted es colaborador o profesor tiempo completo, su usuario es <a href=\"mailto:identificacion@icesi.edu.co\"><em>identificacion<\/em>@<strong>icesi.edu.co<\/strong><\/a><\/li><li>Si usted es profesor hora c\u00e1tedra, estudiante o egresado, su usuario es <a href=\"mailto:identificacion@u.icesi.edu.co\"><em>identificacion<\/em>@<strong>u.icesi.edu.co<\/strong><\/a><\/li><\/ul><p>La identificaci\u00f3n y la contrase\u00f1a, en ambos casos, es la correspondiente al\u00a0usuario \u00fanico; que utiliza en otros servicios como Banner, Talento Icesi, equipos de c\u00f3mputo o la Intranet.<\/p><\/div><\/div><div class=\"is-layout-flex wp-container-8 wp-block-columns\"><div class=\"is-layout-flow wp-block-column\"><p>Si usted es\u00a0<em>profesor hora c\u00e1tedra, estudiante o egresado<\/em>, a trav\u00e9s de este enlace, puede escoger el correo (entre el personal y el institucional) en el cual prefiere recibir informaci\u00f3n de los programas, facultades, cursos en Moodle, etc., de la\u00a0<strong>Universidad Icesi<\/strong>.<\/p><\/div><\/div><div class=\"is-layout-flex wp-container-12 wp-block-columns\"><div class=\"is-layout-flow wp-block-column\"><p>Tenga en cuenta que la contrase\u00f1a de su\u00a0<strong>correo electr\u00f3nico<\/strong>\u00a0es la misma del\u00a0<em>usuario \u00fanico<\/em>, que utiliza para ingresar a los recursos de la Universidad (computadores en salas de computo, Moodle, matr\u00edcula en l\u00ednea, etc.). Puede cambiarla a trav\u00e9s del servicio\u00a0<strong>cambio de contrase\u00f1a<\/strong><\/p><\/div><\/div>\t\t\t\t\t\t\t\t<\/div>\n\t\t\t\t<\/div>\n\t\t\t\t\t<\/div>\n\t\t\t\t<\/div>\n\t\t<div class=\"elementor-element elementor-element-4e765b9 e-flex e-con-boxed e-con e-child\" data-id=\"4e765b9\" data-element_type=\"container\">\n\t\t\t\t\t<div class=\"e-con-inner\">\n\t\t\t\t<div class=\"elementor-element elementor-element-6338f7e elementor-widget elementor-widget-heading\" data-id=\"6338f7e\" data-element_type=\"widget\" data-widget_type=\"heading.default\">\n\t\t\t\t<div class=\"elementor-widget-container\">\n\t\t\t\t\t<h2 class=\"elementor-heading-title elementor-size-default\">Doble factor de autenticaci\u00f3n<br><\/h2>\t\t\t\t<\/div>\n\t\t\t\t<\/div>\n\t\t\t\t<div class=\"elementor-element elementor-element-b369277 elementor-widget elementor-widget-image\" data-id=\"b369277\" data-element_type=\"widget\" data-widget_type=\"image.default\">\n\t\t\t\t<div class=\"elementor-widget-container\">\n\t\t\t\t\t\t\t\t\t\t\t\t\t\t\t<img decoding=\"async\" src=\"https:\/\/www.icesi.edu.co\/servicios\/wp-content\/uploads\/2024\/09\/DAF-icon-300x223-1.png\" title=\"\" alt=\"\" loading=\"lazy\" \/>\t\t\t\t\t\t\t\t\t\t\t\t\t\t\t<\/div>\n\t\t\t\t<\/div>\n\t\t\t\t<div class=\"elementor-element elementor-element-6a7dceb elementor-widget elementor-widget-text-editor\" data-id=\"6a7dceb\" data-element_type=\"widget\" data-widget_type=\"text-editor.default\">\n\t\t\t\t<div class=\"elementor-widget-container\">\n\t\t\t\t\t\t\t\t\t<p>El\u00a0doble factor de autenticaci\u00f3n\u00a0o la autenticaci\u00f3n en dos pasos,\u00a0es una medida de seguridad que a\u00f1ade una segunda capa de protecci\u00f3n a la\u00a0<a href=\"https:\/\/www.icesi.edu.co\/servicios\/contrasena\/\" target=\"_blank\" rel=\"noreferrer noopener\">contrase\u00f1a<\/a>.<\/p><p>Despu\u00e9s de habilitar el\u00a0<strong>doble factor de autenticaci\u00f3n<\/strong>, necesitar\u00e1s tu contrase\u00f1a y un n\u00famero generado aleatoriamente por medio de un mensaje de texto, llamada o la aplicaci\u00f3n (<a href=\"https:\/\/play.google.com\/store\/apps\/details?id=com.azure.authenticator&amp;hl=es_US&amp;gl=US\" target=\"_blank\" rel=\"noreferrer noopener\">Microsoft Authenticator<\/a>) la cual puedes instalar en tu dispositivo m\u00f3vil.<\/p>\t\t\t\t\t\t\t\t<\/div>\n\t\t\t\t<\/div>\n\t\t\t\t\t<\/div>\n\t\t\t\t<\/div>\n\t\t<div class=\"elementor-element elementor-element-38942e4 e-flex e-con-boxed e-con e-child\" data-id=\"38942e4\" data-element_type=\"container\">\n\t\t\t\t\t<div class=\"e-con-inner\">\n\t\t\t\t<div class=\"elementor-element elementor-element-98d07c8 elementor-widget elementor-widget-heading\" data-id=\"98d07c8\" data-element_type=\"widget\" data-widget_type=\"heading.default\">\n\t\t\t\t<div class=\"elementor-widget-container\">\n\t\t\t\t\t<h2 class=\"elementor-heading-title elementor-size-default\">Cambio de dominio de correo acad\u00e9mico<\/h2>\t\t\t\t<\/div>\n\t\t\t\t<\/div>\n\t\t\t\t<div class=\"elementor-element elementor-element-9cf3ddd elementor-widget elementor-widget-image\" data-id=\"9cf3ddd\" data-element_type=\"widget\" data-widget_type=\"image.default\">\n\t\t\t\t<div class=\"elementor-widget-container\">\n\t\t\t\t\t\t\t\t\t\t\t\t\t\t\t<img decoding=\"async\" src=\"https:\/\/www.icesi.edu.co\/servicios\/wp-content\/uploads\/2024\/09\/Dominio-Icon-1024x763-1.png\" title=\"\" alt=\"\" loading=\"lazy\" \/>\t\t\t\t\t\t\t\t\t\t\t\t\t\t\t<\/div>\n\t\t\t\t<\/div>\n\t\t\t\t<div class=\"elementor-element elementor-element-eae5ac9 elementor-widget elementor-widget-text-editor\" data-id=\"eae5ac9\" data-element_type=\"widget\" data-widget_type=\"text-editor.default\">\n\t\t\t\t<div class=\"elementor-widget-container\">\n\t\t\t\t\t\t\t\t\t<p>Debido al aumento de la utilizaci\u00f3n de las herramientas virtuales de colaboraci\u00f3n de Office 365 (One Drive y Microsoft Teams) las oficinas de Servicios y Recursos de Informaci\u00f3n de la Universidad Icesi realiz\u00f3 el pasado 7 de noviembre 2020, un cambio en el dominio de correo. Las direcciones de correo electr\u00f3nico pasar\u00e1n de ser <a href=\"mailto:juan.perez@correo.icesi.edu.co\"><strong>juan.perez@correo.icesi.edu.co<\/strong><\/a>\u00a0a\u00a0<a href=\"mailto:juan.perez@u.icesi.edu.co\"><strong>juan.perez@u.icesi.edu.co<\/strong><\/a>\u00a0y, ahora, para ingresar a los servicios de la plataforma\u00a0<strong>Office 365<\/strong>\u00a0(incluido el correo), los usuarios deber\u00e1n utilizar\u00a0<a href=\"mailto:identificaci%C3%B3n@u.icesi.edu.co\"><strong>identificaci\u00f3n@u.icesi.edu.co<\/strong><\/a>.<\/p>\t\t\t\t\t\t\t\t<\/div>\n\t\t\t\t<\/div>\n\t\t\t\t\t<\/div>\n\t\t\t\t<\/div>\n\t\t\t\t\t<\/div>\n\t\t\t\t<\/div>\n\t\t\t\t<div class=\"elementor-element elementor-element-1cd802f elementor-widget elementor-widget-text-editor\" data-id=\"1cd802f\" data-element_type=\"widget\" data-widget_type=\"text-editor.default\">\n\t\t\t\t<div class=\"elementor-widget-container\">\n\t\t\t\t\t\t\t\t\t<p style=\"box-sizing: inherit; font-size: 1.3rem; line-height: 1.8rem; font-style: normal; color: #5f5f5f; -webkit-font-smoothing: antialiased; text-shadow: rgba(0, 0, 0, 0.004) 1px 1px 1px; box-shadow: none; font-family: Roboto, sans-serif, Lato, sans-serif, sans-serif; font-variant-ligatures: normal; font-variant-caps: normal; font-weight: 400; letter-spacing: normal; text-align: justify;\"><span style=\"box-sizing: inherit; font-weight: bold;\">Otros enlaces de inter\u00e9s<\/span><\/p><ul style=\"margin-bottom: 0px; padding-left: 0px; list-style-position: inside; color: #5f5f5f; font-family: Roboto, sans-serif, Lato, sans-serif, sans-serif; font-size: 14px; font-style: normal; font-variant-ligatures: normal; font-variant-caps: normal; font-weight: 400; letter-spacing: normal; text-align: justify;\"><li style=\"box-sizing: inherit;\"><a style=\"box-sizing: inherit; background-color: transparent; color: #2db16d; text-decoration-line: underline; border-width: initial; border-style: none; font-weight: normal;\" title=\"\" href=\"https:\/\/www.icesi.edu.co\/servicios\/syri\/ccc\/correo-colaboradores\/\" target=\"_blank\" rel=\"noopener\">T\u00e9rminos y condiciones del servicio de correo electr\u00f3nico para colaboradores<\/a>\u00a0<\/li><li style=\"box-sizing: inherit;\"><a style=\"box-sizing: inherit; background-color: transparent; color: #2db16d; text-decoration-line: underline; border-width: initial; border-style: none; font-weight: normal;\" title=\"\" href=\"https:\/\/www.icesi.edu.co\/servicios\/syri\/ccc\/correo-electronico-academico\/\" target=\"_blank\" rel=\"noopener\">T\u00e9rminos y condiciones del servicio de correo electr\u00f3nico para la comunidad acad\u00e9mica<\/a><\/li><\/ul>\t\t\t\t\t\t\t\t<\/div>\n\t\t\t\t<\/div>\n\t\t\t\t<div class=\"elementor-element elementor-element-4d2e491 elementor-widget elementor-widget-text-editor\" data-id=\"4d2e491\" data-element_type=\"widget\" data-widget_type=\"text-editor.default\">\n\t\t\t\t<div class=\"elementor-widget-container\">\n\t\t\t\t\t\t\t\t\t<p>En caso de requerir ayuda puedes utilizar lo siguientes canales:<\/p>\t\t\t\t\t\t\t\t<\/div>\n\t\t\t\t<\/div>\n\t\t\t\t<div class=\"elementor-element elementor-element-22d732d elementor-icon-list--layout-traditional elementor-list-item-link-full_width elementor-widget elementor-widget-icon-list\" data-id=\"22d732d\" data-element_type=\"widget\" data-widget_type=\"icon-list.default\">\n\t\t\t\t<div class=\"elementor-widget-container\">\n\t\t\t\t\t\t\t<ul class=\"elementor-icon-list-items\">\n\t\t\t\t\t\t\t<li class=\"elementor-icon-list-item\">\n\t\t\t\t\t\t\t\t\t\t\t<span class=\"elementor-icon-list-icon\">\n\t\t\t\t\t\t\t<svg aria-hidden=\"true\" class=\"e-font-icon-svg e-far-envelope\" viewBox=\"0 0 512 512\" xmlns=\"http:\/\/www.w3.org\/2000\/svg\"><path d=\"M464 64H48C21.49 64 0 85.49 0 112v288c0 26.51 21.49 48 48 48h416c26.51 0 48-21.49 48-48V112c0-26.51-21.49-48-48-48zm0 48v40.805c-22.422 18.259-58.168 46.651-134.587 106.49-16.841 13.247-50.201 45.072-73.413 44.701-23.208.375-56.579-31.459-73.413-44.701C106.18 199.465 70.425 171.067 48 152.805V112h416zM48 400V214.398c22.914 18.251 55.409 43.862 104.938 82.646 21.857 17.205 60.134 55.186 103.062 54.955 42.717.231 80.509-37.199 103.053-54.947 49.528-38.783 82.032-64.401 104.947-82.653V400H48z\"><\/path><\/svg>\t\t\t\t\t\t<\/span>\n\t\t\t\t\t\t\t\t\t\t<span class=\"elementor-icon-list-text\">servicios-icesi@listas.icesi.edu.co<\/span>\n\t\t\t\t\t\t\t\t\t<\/li>\n\t\t\t\t\t\t\t\t<li class=\"elementor-icon-list-item\">\n\t\t\t\t\t\t\t\t\t\t\t<span class=\"elementor-icon-list-icon\">\n\t\t\t\t\t\t\t<svg aria-hidden=\"true\" class=\"e-font-icon-svg e-fas-phone\" viewBox=\"0 0 512 512\" xmlns=\"http:\/\/www.w3.org\/2000\/svg\"><path d=\"M493.4 24.6l-104-24c-11.3-2.6-22.9 3.3-27.5 13.9l-48 112c-4.2 9.8-1.4 21.3 6.9 28l60.6 49.6c-36 76.7-98.9 140.5-177.2 177.2l-49.6-60.6c-6.8-8.3-18.2-11.1-28-6.9l-112 48C3.9 366.5-2 378.1.6 389.4l24 104C27.1 504.2 36.7 512 48 512c256.1 0 464-207.5 464-464 0-11.2-7.7-20.9-18.6-23.4z\"><\/path><\/svg>\t\t\t\t\t\t<\/span>\n\t\t\t\t\t\t\t\t\t\t<span class=\"elementor-icon-list-text\">(+57) 602 5552334 \u2013 Ext. 4200-4300<\/span>\n\t\t\t\t\t\t\t\t\t<\/li>\n\t\t\t\t\t\t\t\t<li class=\"elementor-icon-list-item\">\n\t\t\t\t\t\t\t\t\t\t\t<a href=\"https:\/\/www.icesi.edu.co\/solicitud_servicios\/\">\n\n\t\t\t\t\t\t\t\t\t\t\t\t<span class=\"elementor-icon-list-icon\">\n\t\t\t\t\t\t\t<svg aria-hidden=\"true\" class=\"e-font-icon-svg e-fab-slack-hash\" viewBox=\"0 0 448 512\" xmlns=\"http:\/\/www.w3.org\/2000\/svg\"><path d=\"M446.2 270.4c-6.2-19-26.9-29.1-46-22.9l-45.4 15.1-30.3-90 45.4-15.1c19.1-6.2 29.1-26.8 23-45.9-6.2-19-26.9-29.1-46-22.9l-45.4 15.1-15.7-47c-6.2-19-26.9-29.1-46-22.9-19.1 6.2-29.1 26.8-23 45.9l15.7 47-93.4 31.2-15.7-47c-6.2-19-26.9-29.1-46-22.9-19.1 6.2-29.1 26.8-23 45.9l15.7 47-45.3 15c-19.1 6.2-29.1 26.8-23 45.9 5 14.5 19.1 24 33.6 24.6 6.8 1 12-1.6 57.7-16.8l30.3 90L78 354.8c-19 6.2-29.1 26.9-23 45.9 5 14.5 19.1 24 33.6 24.6 6.8 1 12-1.6 57.7-16.8l15.7 47c5.9 16.9 24.7 29 46 22.9 19.1-6.2 29.1-26.8 23-45.9l-15.7-47 93.6-31.3 15.7 47c5.9 16.9 24.7 29 46 22.9 19.1-6.2 29.1-26.8 23-45.9l-15.7-47 45.4-15.1c19-6 29.1-26.7 22.9-45.7zm-254.1 47.2l-30.3-90.2 93.5-31.3 30.3 90.2-93.5 31.3z\"><\/path><\/svg>\t\t\t\t\t\t<\/span>\n\t\t\t\t\t\t\t\t\t\t<span class=\"elementor-icon-list-text\">Reportar caso en el SGS<\/span>\n\t\t\t\t\t\t\t\t\t\t\t<\/a>\n\t\t\t\t\t\t\t\t\t<\/li>\n\t\t\t\t\t\t<\/ul>\n\t\t\t\t\t\t<\/div>\n\t\t\t\t<\/div>\n\t\t\t\t\t<\/div>\n\t\t<\/div>\n\t\t\t\t\t<\/div>\n\t\t<\/section>\n\t\t\t\t<\/div>\n\t\t","protected":false},"excerpt":{"rendered":"<p>La Universidad Icesi ofrece a toda su comunidad universitaria (colaboradores, profesores, estudiantes y egresados) el servicio de correo electr\u00f3nico Office 365, provisto por Microsoft. Ingresar al correo electr\u00f3nico Escoger mi correo preferido Cambiar contrase\u00f1a Tenga en cuenta lo siguiente: Si usted es colaborador o profesor tiempo completo, su usuario es identificacion@icesi.edu.co Si usted es profesor [&hellip;]<\/p>\n","protected":false},"author":1,"featured_media":0,"parent":0,"menu_order":0,"comment_status":"closed","ping_status":"closed","template":"","meta":{"footnotes":""},"class_list":["post-4035","page","type-page","status-publish","hentry"],"yoast_head":"<!-- This site is optimized with the Yoast SEO plugin v26.6 - https:\/\/yoast.com\/wordpress\/plugins\/seo\/ -->\n<title>Correo electr\u00f3nico - Servicios<\/title>\n<meta name=\"description\" content=\"Correo electr\u00f3nico\" \/>\n<meta name=\"robots\" content=\"index, follow, max-snippet:-1, max-image-preview:large, max-video-preview:-1\" \/>\n<link rel=\"canonical\" href=\"https:\/\/www.icesi.edu.co\/servicios\/correo\/\" \/>\n<meta property=\"og:locale\" content=\"es_ES\" \/>\n<meta property=\"og:type\" content=\"article\" \/>\n<meta property=\"og:title\" content=\"Correo electr\u00f3nico - Servicios\" \/>\n<meta property=\"og:description\" content=\"Correo electr\u00f3nico\" \/>\n<meta property=\"og:url\" content=\"https:\/\/www.icesi.edu.co\/servicios\/correo\/\" \/>\n<meta property=\"og:site_name\" content=\"Servicios\" \/>\n<meta property=\"article:modified_time\" content=\"2025-03-27T21:26:07+00:00\" \/>\n<meta property=\"og:image\" content=\"https:\/\/www.icesi.edu.co\/servicios\/wp-content\/uploads\/2024\/09\/DAF-icon-300x223-1.png\" \/>\n<meta name=\"twitter:card\" content=\"summary_large_image\" \/>\n<meta name=\"twitter:label1\" content=\"Tiempo de lectura\" \/>\n\t<meta name=\"twitter:data1\" content=\"3 minutos\" \/>\n<script type=\"application\/ld+json\" class=\"yoast-schema-graph\">{\"@context\":\"https:\/\/schema.org\",\"@graph\":[{\"@type\":\"WebPage\",\"@id\":\"https:\/\/www.icesi.edu.co\/servicios\/correo\/\",\"url\":\"https:\/\/www.icesi.edu.co\/servicios\/correo\/\",\"name\":\"Correo electr\u00f3nico - Servicios\",\"isPartOf\":{\"@id\":\"https:\/\/www.icesi.edu.co\/servicios\/#website\"},\"primaryImageOfPage\":{\"@id\":\"https:\/\/www.icesi.edu.co\/servicios\/correo\/#primaryimage\"},\"image\":{\"@id\":\"https:\/\/www.icesi.edu.co\/servicios\/correo\/#primaryimage\"},\"thumbnailUrl\":\"https:\/\/www.icesi.edu.co\/servicios\/wp-content\/uploads\/2024\/09\/DAF-icon-300x223-1.png\",\"datePublished\":\"2024-09-25T14:35:21+00:00\",\"dateModified\":\"2025-03-27T21:26:07+00:00\",\"description\":\"Correo electr\u00f3nico\",\"breadcrumb\":{\"@id\":\"https:\/\/www.icesi.edu.co\/servicios\/correo\/#breadcrumb\"},\"inLanguage\":\"es-CO\",\"potentialAction\":[{\"@type\":\"ReadAction\",\"target\":[\"https:\/\/www.icesi.edu.co\/servicios\/correo\/\"]}]},{\"@type\":\"ImageObject\",\"inLanguage\":\"es-CO\",\"@id\":\"https:\/\/www.icesi.edu.co\/servicios\/correo\/#primaryimage\",\"url\":\"https:\/\/www.icesi.edu.co\/servicios\/wp-content\/uploads\/2024\/09\/DAF-icon-300x223-1.png\",\"contentUrl\":\"https:\/\/www.icesi.edu.co\/servicios\/wp-content\/uploads\/2024\/09\/DAF-icon-300x223-1.png\"},{\"@type\":\"BreadcrumbList\",\"@id\":\"https:\/\/www.icesi.edu.co\/servicios\/correo\/#breadcrumb\",\"itemListElement\":[{\"@type\":\"ListItem\",\"position\":1,\"name\":\"Inicio\",\"item\":\"https:\/\/www.icesi.edu.co\/servicios\/\"},{\"@type\":\"ListItem\",\"position\":2,\"name\":\"Correo electr\u00f3nico\"}]},{\"@type\":\"WebSite\",\"@id\":\"https:\/\/www.icesi.edu.co\/servicios\/#website\",\"url\":\"https:\/\/www.icesi.edu.co\/servicios\/\",\"name\":\"Servicios\",\"description\":\"Sitio de Servicios Universidad ICESI\",\"publisher\":{\"@id\":\"https:\/\/www.icesi.edu.co\/servicios\/#organization\"},\"potentialAction\":[{\"@type\":\"SearchAction\",\"target\":{\"@type\":\"EntryPoint\",\"urlTemplate\":\"https:\/\/www.icesi.edu.co\/servicios\/?s={search_term_string}\"},\"query-input\":{\"@type\":\"PropertyValueSpecification\",\"valueRequired\":true,\"valueName\":\"search_term_string\"}}],\"inLanguage\":\"es-CO\"},{\"@type\":\"Organization\",\"@id\":\"https:\/\/www.icesi.edu.co\/servicios\/#organization\",\"name\":\"Servicios\",\"url\":\"https:\/\/www.icesi.edu.co\/servicios\/\",\"logo\":{\"@type\":\"ImageObject\",\"inLanguage\":\"es-CO\",\"@id\":\"https:\/\/www.icesi.edu.co\/servicios\/#\/schema\/logo\/image\/\",\"url\":\"https:\/\/www.icesi.edu.co\/servicios\/wp-content\/uploads\/2024\/04\/LogoSitio.png\",\"contentUrl\":\"https:\/\/www.icesi.edu.co\/servicios\/wp-content\/uploads\/2024\/04\/LogoSitio.png\",\"width\":223,\"height\":54,\"caption\":\"Servicios\"},\"image\":{\"@id\":\"https:\/\/www.icesi.edu.co\/servicios\/#\/schema\/logo\/image\/\"}}]}<\/script>\n<!-- \/ Yoast SEO plugin. -->","yoast_head_json":{"title":"Correo electr\u00f3nico - Servicios","description":"Correo electr\u00f3nico","robots":{"index":"index","follow":"follow","max-snippet":"max-snippet:-1","max-image-preview":"max-image-preview:large","max-video-preview":"max-video-preview:-1"},"canonical":"https:\/\/www.icesi.edu.co\/servicios\/correo\/","og_locale":"es_ES","og_type":"article","og_title":"Correo electr\u00f3nico - Servicios","og_description":"Correo electr\u00f3nico","og_url":"https:\/\/www.icesi.edu.co\/servicios\/correo\/","og_site_name":"Servicios","article_modified_time":"2025-03-27T21:26:07+00:00","og_image":[{"url":"https:\/\/www.icesi.edu.co\/servicios\/wp-content\/uploads\/2024\/09\/DAF-icon-300x223-1.png","type":"","width":"","height":""}],"twitter_card":"summary_large_image","twitter_misc":{"Tiempo de lectura":"3 minutos"},"schema":{"@context":"https:\/\/schema.org","@graph":[{"@type":"WebPage","@id":"https:\/\/www.icesi.edu.co\/servicios\/correo\/","url":"https:\/\/www.icesi.edu.co\/servicios\/correo\/","name":"Correo electr\u00f3nico - Servicios","isPartOf":{"@id":"https:\/\/www.icesi.edu.co\/servicios\/#website"},"primaryImageOfPage":{"@id":"https:\/\/www.icesi.edu.co\/servicios\/correo\/#primaryimage"},"image":{"@id":"https:\/\/www.icesi.edu.co\/servicios\/correo\/#primaryimage"},"thumbnailUrl":"https:\/\/www.icesi.edu.co\/servicios\/wp-content\/uploads\/2024\/09\/DAF-icon-300x223-1.png","datePublished":"2024-09-25T14:35:21+00:00","dateModified":"2025-03-27T21:26:07+00:00","description":"Correo electr\u00f3nico","breadcrumb":{"@id":"https:\/\/www.icesi.edu.co\/servicios\/correo\/#breadcrumb"},"inLanguage":"es-CO","potentialAction":[{"@type":"ReadAction","target":["https:\/\/www.icesi.edu.co\/servicios\/correo\/"]}]},{"@type":"ImageObject","inLanguage":"es-CO","@id":"https:\/\/www.icesi.edu.co\/servicios\/correo\/#primaryimage","url":"https:\/\/www.icesi.edu.co\/servicios\/wp-content\/uploads\/2024\/09\/DAF-icon-300x223-1.png","contentUrl":"https:\/\/www.icesi.edu.co\/servicios\/wp-content\/uploads\/2024\/09\/DAF-icon-300x223-1.png"},{"@type":"BreadcrumbList","@id":"https:\/\/www.icesi.edu.co\/servicios\/correo\/#breadcrumb","itemListElement":[{"@type":"ListItem","position":1,"name":"Inicio","item":"https:\/\/www.icesi.edu.co\/servicios\/"},{"@type":"ListItem","position":2,"name":"Correo electr\u00f3nico"}]},{"@type":"WebSite","@id":"https:\/\/www.icesi.edu.co\/servicios\/#website","url":"https:\/\/www.icesi.edu.co\/servicios\/","name":"Servicios","description":"Sitio de Servicios Universidad ICESI","publisher":{"@id":"https:\/\/www.icesi.edu.co\/servicios\/#organization"},"potentialAction":[{"@type":"SearchAction","target":{"@type":"EntryPoint","urlTemplate":"https:\/\/www.icesi.edu.co\/servicios\/?s={search_term_string}"},"query-input":{"@type":"PropertyValueSpecification","valueRequired":true,"valueName":"search_term_string"}}],"inLanguage":"es-CO"},{"@type":"Organization","@id":"https:\/\/www.icesi.edu.co\/servicios\/#organization","name":"Servicios","url":"https:\/\/www.icesi.edu.co\/servicios\/","logo":{"@type":"ImageObject","inLanguage":"es-CO","@id":"https:\/\/www.icesi.edu.co\/servicios\/#\/schema\/logo\/image\/","url":"https:\/\/www.icesi.edu.co\/servicios\/wp-content\/uploads\/2024\/04\/LogoSitio.png","contentUrl":"https:\/\/www.icesi.edu.co\/servicios\/wp-content\/uploads\/2024\/04\/LogoSitio.png","width":223,"height":54,"caption":"Servicios"},"image":{"@id":"https:\/\/www.icesi.edu.co\/servicios\/#\/schema\/logo\/image\/"}}]}},"_links":{"self":[{"href":"https:\/\/www.icesi.edu.co\/servicios\/wp-json\/wp\/v2\/pages\/4035","targetHints":{"allow":["GET"]}}],"collection":[{"href":"https:\/\/www.icesi.edu.co\/servicios\/wp-json\/wp\/v2\/pages"}],"about":[{"href":"https:\/\/www.icesi.edu.co\/servicios\/wp-json\/wp\/v2\/types\/page"}],"author":[{"embeddable":true,"href":"https:\/\/www.icesi.edu.co\/servicios\/wp-json\/wp\/v2\/users\/1"}],"replies":[{"embeddable":true,"href":"https:\/\/www.icesi.edu.co\/servicios\/wp-json\/wp\/v2\/comments?post=4035"}],"version-history":[{"count":25,"href":"https:\/\/www.icesi.edu.co\/servicios\/wp-json\/wp\/v2\/pages\/4035\/revisions"}],"predecessor-version":[{"id":6383,"href":"https:\/\/www.icesi.edu.co\/servicios\/wp-json\/wp\/v2\/pages\/4035\/revisions\/6383"}],"wp:attachment":[{"href":"https:\/\/www.icesi.edu.co\/servicios\/wp-json\/wp\/v2\/media?parent=4035"}],"curies":[{"name":"wp","href":"https:\/\/api.w.org\/{rel}","templated":true}]}}