{"id":4421,"date":"2024-10-11T10:40:37","date_gmt":"2024-10-11T15:40:37","guid":{"rendered":"https:\/\/www.icesi.edu.co\/servicios\/?page_id=4421"},"modified":"2025-08-27T11:14:10","modified_gmt":"2025-08-27T16:14:10","slug":"acceso-vpn","status":"publish","type":"page","link":"https:\/\/www.icesi.edu.co\/servicios\/syri\/ccc\/acceso-vpn\/","title":{"rendered":"Acceso por VPN"},"content":{"rendered":"\t\t<div data-elementor-type=\"wp-page\" data-elementor-id=\"4421\" class=\"elementor elementor-4421\">\n\t\t\t\t\t\t<section class=\"elementor-section elementor-top-section elementor-element elementor-element-0bc12ec elementor-section-boxed elementor-section-height-default elementor-section-height-default\" data-id=\"0bc12ec\" data-element_type=\"section\" data-settings=\"{&quot;background_background&quot;:&quot;classic&quot;}\">\n\t\t\t\t\t\t\t<div class=\"elementor-background-overlay\"><\/div>\n\t\t\t\t\t\t\t<div class=\"elementor-container elementor-column-gap-default\">\n\t\t\t\t\t<div class=\"elementor-column elementor-col-100 elementor-top-column elementor-element elementor-element-c63507c\" data-id=\"c63507c\" data-element_type=\"column\" data-settings=\"{&quot;background_background&quot;:&quot;classic&quot;}\">\n\t\t\t<div class=\"elementor-widget-wrap elementor-element-populated\">\n\t\t\t\t<div class=\"elementor-element elementor-element-ff68884 e-grid e-con-boxed e-con e-parent\" data-id=\"ff68884\" data-element_type=\"container\">\n\t\t\t\t\t<div class=\"e-con-inner\">\n\t\t<div class=\"elementor-element elementor-element-25ef61a e-flex e-con-boxed e-con e-child\" data-id=\"25ef61a\" data-element_type=\"container\">\n\t\t\t\t\t<div class=\"e-con-inner\">\n\t\t\t\t<div class=\"elementor-element elementor-element-cb841b4 elementor-widget elementor-widget-text-editor\" data-id=\"cb841b4\" data-element_type=\"widget\" data-widget_type=\"text-editor.default\">\n\t\t\t\t<div class=\"elementor-widget-container\">\n\t\t\t\t\t\t\t\t\t<p>Permite acceder a servicios tecnol\u00f3gicos que ofrece la Universidad (AIC, Simbiosis, Software Licenciado, entre otros) desde fuera del campus universitario, utilizando la Internet como canal de comunicaci\u00f3n.<\/p><p>Este servicio est\u00e1 dirigido a colaboradores y profesores de tiempo completo que est\u00e9n con contrato activo con la Universidad Icesi, de acuerdo a las autorizaciones y permisos definidos en los t\u00e9rminos y condiciones.<\/p>\t\t\t\t\t\t\t\t<\/div>\n\t\t\t\t<\/div>\n\t\t\t\t<div class=\"elementor-element elementor-element-03c1968 elementor-widget elementor-widget-text-editor\" data-id=\"03c1968\" data-element_type=\"widget\" data-widget_type=\"text-editor.default\">\n\t\t\t\t<div class=\"elementor-widget-container\">\n\t\t\t\t\t\t\t\t\t<p style=\"text-align: center;\">*Al acceder a este sitio acepto los t\u00e9rminos y condiciones del servicio*\u00a0<\/p>\t\t\t\t\t\t\t\t<\/div>\n\t\t\t\t<\/div>\n\t\t\t\t\t<\/div>\n\t\t\t\t<\/div>\n\t\t<div class=\"elementor-element elementor-element-0445630 e-flex e-con-boxed e-con e-child\" data-id=\"0445630\" data-element_type=\"container\">\n\t\t\t\t\t<div class=\"e-con-inner\">\n\t\t\t\t<div class=\"elementor-element elementor-element-c5b72b7 elementor-widget elementor-widget-image\" data-id=\"c5b72b7\" data-element_type=\"widget\" data-widget_type=\"image.default\">\n\t\t\t\t<div class=\"elementor-widget-container\">\n\t\t\t\t\t\t\t\t\t\t\t\t\t\t\t<img decoding=\"async\" src=\"https:\/\/www.icesi.edu.co\/servicios\/wp-content\/uploads\/2024\/11\/VPN-image.png\" title=\"\" alt=\"\" loading=\"lazy\" \/>\t\t\t\t\t\t\t\t\t\t\t\t\t\t\t<\/div>\n\t\t\t\t<\/div>\n\t\t\t\t\t<\/div>\n\t\t\t\t<\/div>\n\t\t\t\t\t<\/div>\n\t\t\t\t<\/div>\n\t\t\t\t<div class=\"elementor-element elementor-element-5aa428c elementor-widget elementor-widget-text-editor\" data-id=\"5aa428c\" data-element_type=\"widget\" data-widget_type=\"text-editor.default\">\n\t\t\t\t<div class=\"elementor-widget-container\">\n\t\t\t\t\t\t\t\t\t<p>En caso de requerir ayuda puedes utilizar lo siguientes canales:<\/p>\t\t\t\t\t\t\t\t<\/div>\n\t\t\t\t<\/div>\n\t\t\t\t<div class=\"elementor-element elementor-element-b5942d3 elementor-icon-list--layout-traditional elementor-list-item-link-full_width elementor-widget elementor-widget-icon-list\" data-id=\"b5942d3\" data-element_type=\"widget\" data-widget_type=\"icon-list.default\">\n\t\t\t\t<div class=\"elementor-widget-container\">\n\t\t\t\t\t\t\t<ul class=\"elementor-icon-list-items\">\n\t\t\t\t\t\t\t<li class=\"elementor-icon-list-item\">\n\t\t\t\t\t\t\t\t\t\t\t<span class=\"elementor-icon-list-icon\">\n\t\t\t\t\t\t\t<svg aria-hidden=\"true\" class=\"e-font-icon-svg e-fas-map-pin\" viewBox=\"0 0 288 512\" xmlns=\"http:\/\/www.w3.org\/2000\/svg\"><path d=\"M112 316.94v156.69l22.02 33.02c4.75 7.12 15.22 7.12 19.97 0L176 473.63V316.94c-10.39 1.92-21.06 3.06-32 3.06s-21.61-1.14-32-3.06zM144 0C64.47 0 0 64.47 0 144s64.47 144 144 144 144-64.47 144-144S223.53 0 144 0zm0 76c-37.5 0-68 30.5-68 68 0 6.62-5.38 12-12 12s-12-5.38-12-12c0-50.73 41.28-92 92-92 6.62 0 12 5.38 12 12s-5.38 12-12 12z\"><\/path><\/svg>\t\t\t\t\t\t<\/span>\n\t\t\t\t\t\t\t\t\t\t<span class=\"elementor-icon-list-text\">Universidad Icesi, oficina de SYRI Operaciones. Edificio C, primer piso.<\/span>\n\t\t\t\t\t\t\t\t\t<\/li>\n\t\t\t\t\t\t\t\t<li class=\"elementor-icon-list-item\">\n\t\t\t\t\t\t\t\t\t\t\t<span class=\"elementor-icon-list-icon\">\n\t\t\t\t\t\t\t<svg aria-hidden=\"true\" class=\"e-font-icon-svg e-far-clock\" viewBox=\"0 0 512 512\" xmlns=\"http:\/\/www.w3.org\/2000\/svg\"><path d=\"M256 8C119 8 8 119 8 256s111 248 248 248 248-111 248-248S393 8 256 8zm0 448c-110.5 0-200-89.5-200-200S145.5 56 256 56s200 89.5 200 200-89.5 200-200 200zm61.8-104.4l-84.9-61.7c-3.1-2.3-4.9-5.9-4.9-9.7V116c0-6.6 5.4-12 12-12h32c6.6 0 12 5.4 12 12v141.7l66.8 48.6c5.4 3.9 6.5 11.4 2.6 16.8L334.6 349c-3.9 5.3-11.4 6.5-16.8 2.6z\"><\/path><\/svg>\t\t\t\t\t\t<\/span>\n\t\t\t\t\t\t\t\t\t\t<span class=\"elementor-icon-list-text\">Horario de atenci\u00f3n, de lunes a viernes 07:00-21:00 y s\u00e1bados de 07:00 - 17:00.<\/span>\n\t\t\t\t\t\t\t\t\t<\/li>\n\t\t\t\t\t\t\t\t<li class=\"elementor-icon-list-item\">\n\t\t\t\t\t\t\t\t\t\t\t<span class=\"elementor-icon-list-icon\">\n\t\t\t\t\t\t\t<svg aria-hidden=\"true\" class=\"e-font-icon-svg e-far-envelope\" viewBox=\"0 0 512 512\" xmlns=\"http:\/\/www.w3.org\/2000\/svg\"><path d=\"M464 64H48C21.49 64 0 85.49 0 112v288c0 26.51 21.49 48 48 48h416c26.51 0 48-21.49 48-48V112c0-26.51-21.49-48-48-48zm0 48v40.805c-22.422 18.259-58.168 46.651-134.587 106.49-16.841 13.247-50.201 45.072-73.413 44.701-23.208.375-56.579-31.459-73.413-44.701C106.18 199.465 70.425 171.067 48 152.805V112h416zM48 400V214.398c22.914 18.251 55.409 43.862 104.938 82.646 21.857 17.205 60.134 55.186 103.062 54.955 42.717.231 80.509-37.199 103.053-54.947 49.528-38.783 82.032-64.401 104.947-82.653V400H48z\"><\/path><\/svg>\t\t\t\t\t\t<\/span>\n\t\t\t\t\t\t\t\t\t\t<span class=\"elementor-icon-list-text\"> servicios-icesi@listas.icesi.edu.co<\/span>\n\t\t\t\t\t\t\t\t\t<\/li>\n\t\t\t\t\t\t\t\t<li class=\"elementor-icon-list-item\">\n\t\t\t\t\t\t\t\t\t\t\t<span class=\"elementor-icon-list-icon\">\n\t\t\t\t\t\t\t<svg aria-hidden=\"true\" class=\"e-font-icon-svg e-fas-phone\" viewBox=\"0 0 512 512\" xmlns=\"http:\/\/www.w3.org\/2000\/svg\"><path d=\"M493.4 24.6l-104-24c-11.3-2.6-22.9 3.3-27.5 13.9l-48 112c-4.2 9.8-1.4 21.3 6.9 28l60.6 49.6c-36 76.7-98.9 140.5-177.2 177.2l-49.6-60.6c-6.8-8.3-18.2-11.1-28-6.9l-112 48C3.9 366.5-2 378.1.6 389.4l24 104C27.1 504.2 36.7 512 48 512c256.1 0 464-207.5 464-464 0-11.2-7.7-20.9-18.6-23.4z\"><\/path><\/svg>\t\t\t\t\t\t<\/span>\n\t\t\t\t\t\t\t\t\t\t<span class=\"elementor-icon-list-text\"> +57 (2) 5552334, extensi\u00f3n 4200<\/span>\n\t\t\t\t\t\t\t\t\t<\/li>\n\t\t\t\t\t\t\t\t<li class=\"elementor-icon-list-item\">\n\t\t\t\t\t\t\t\t\t\t\t<a href=\"https:\/\/www.icesi.edu.co\/solicitud_servicios\/\">\n\n\t\t\t\t\t\t\t\t\t\t\t\t<span class=\"elementor-icon-list-icon\">\n\t\t\t\t\t\t\t<svg aria-hidden=\"true\" class=\"e-font-icon-svg e-fab-slack-hash\" viewBox=\"0 0 448 512\" xmlns=\"http:\/\/www.w3.org\/2000\/svg\"><path d=\"M446.2 270.4c-6.2-19-26.9-29.1-46-22.9l-45.4 15.1-30.3-90 45.4-15.1c19.1-6.2 29.1-26.8 23-45.9-6.2-19-26.9-29.1-46-22.9l-45.4 15.1-15.7-47c-6.2-19-26.9-29.1-46-22.9-19.1 6.2-29.1 26.8-23 45.9l15.7 47-93.4 31.2-15.7-47c-6.2-19-26.9-29.1-46-22.9-19.1 6.2-29.1 26.8-23 45.9l15.7 47-45.3 15c-19.1 6.2-29.1 26.8-23 45.9 5 14.5 19.1 24 33.6 24.6 6.8 1 12-1.6 57.7-16.8l30.3 90L78 354.8c-19 6.2-29.1 26.9-23 45.9 5 14.5 19.1 24 33.6 24.6 6.8 1 12-1.6 57.7-16.8l15.7 47c5.9 16.9 24.7 29 46 22.9 19.1-6.2 29.1-26.8 23-45.9l-15.7-47 93.6-31.3 15.7 47c5.9 16.9 24.7 29 46 22.9 19.1-6.2 29.1-26.8 23-45.9l-15.7-47 45.4-15.1c19-6 29.1-26.7 22.9-45.7zm-254.1 47.2l-30.3-90.2 93.5-31.3 30.3 90.2-93.5 31.3z\"><\/path><\/svg>\t\t\t\t\t\t<\/span>\n\t\t\t\t\t\t\t\t\t\t<span class=\"elementor-icon-list-text\">Reportar caso en el SGS<\/span>\n\t\t\t\t\t\t\t\t\t\t\t<\/a>\n\t\t\t\t\t\t\t\t\t<\/li>\n\t\t\t\t\t\t<\/ul>\n\t\t\t\t\t\t<\/div>\n\t\t\t\t<\/div>\n\t\t\t\t\t<\/div>\n\t\t<\/div>\n\t\t\t\t\t<\/div>\n\t\t<\/section>\n\t\t<div class=\"elementor-element elementor-element-6e33eac e-con-full e-flex e-con e-parent\" data-id=\"6e33eac\" data-element_type=\"container\">\n\t\t\t\t<div class=\"elementor-element elementor-element-7af9582 elementor-widget elementor-widget-text-editor\" data-id=\"7af9582\" data-element_type=\"widget\" data-widget_type=\"text-editor.default\">\n\t\t\t\t<div class=\"elementor-widget-container\">\n\t\t\t\t\t\t\t\t\t<p>Si desea conocer m\u00e1s informaci\u00f3n acerca de este servicio:<\/p>\t\t\t\t\t\t\t\t<\/div>\n\t\t\t\t<\/div>\n\t\t\t\t<div class=\"elementor-element elementor-element-9a06849 elementor-tabs-alignment-center elementor-tabs-view-horizontal elementor-widget elementor-widget-tabs\" data-id=\"9a06849\" data-element_type=\"widget\" data-widget_type=\"tabs.default\">\n\t\t\t\t<div class=\"elementor-widget-container\">\n\t\t\t\t\t\t\t<div class=\"elementor-tabs\">\n\t\t\t<div class=\"elementor-tabs-wrapper\" role=\"tablist\" >\n\t\t\t\t\t\t\t\t\t<div id=\"elementor-tab-title-1611\" class=\"elementor-tab-title elementor-tab-desktop-title\" aria-selected=\"true\" data-tab=\"1\" role=\"tab\" tabindex=\"0\" aria-controls=\"elementor-tab-content-1611\" aria-expanded=\"false\">T\u00e9rminos y condiciones<\/div>\n\t\t\t\t\t\t\t\t\t<div id=\"elementor-tab-title-1612\" class=\"elementor-tab-title elementor-tab-desktop-title\" aria-selected=\"false\" data-tab=\"2\" role=\"tab\" tabindex=\"-1\" aria-controls=\"elementor-tab-content-1612\" aria-expanded=\"false\">Manuales de uso<\/div>\n\t\t\t\t\t\t\t<\/div>\n\t\t\t<div class=\"elementor-tabs-content-wrapper\" role=\"tablist\" aria-orientation=\"vertical\">\n\t\t\t\t\t\t\t\t\t<div class=\"elementor-tab-title elementor-tab-mobile-title\" aria-selected=\"true\" data-tab=\"1\" role=\"tab\" tabindex=\"0\" aria-controls=\"elementor-tab-content-1611\" aria-expanded=\"false\">T\u00e9rminos y condiciones<\/div>\n\t\t\t\t\t<div id=\"elementor-tab-content-1611\" class=\"elementor-tab-content elementor-clearfix\" data-tab=\"1\" role=\"tabpanel\" aria-labelledby=\"elementor-tab-title-1611\" tabindex=\"0\" hidden=\"false\"><p style=\"font-weight: 400;\"><b><strong>Autorizaciones y permisos<\/strong><\/b><\/p><p>Los colaboradores que desean solicitar el recurso de VPN requieren la siguiente autorizaci\u00f3n:<\/p><ul><li>Profesores de planta, jefes de \u00e1rea y directivos, no requiere aprobaci\u00f3n.<\/li><li>Personal de apoyo que requiera acceso remoto, requiere aprobaci\u00f3n del Directivo que sea miembro del Comit\u00e9 de Rector\u00eda.<\/li><\/ul><p>Para obtener el servicio, el usuario debe registrar un caso a trav\u00e9s del Sistema de Gesti\u00f3n de Solicitudes, para lo cual deber\u00e1 diligenciar y firmar el formato de solicitud de servicio VPN.<\/p><p>El acceso a la VPN se realiza con el usuario del correo electr\u00f3nico (lo que antecede al @icesi.edu.co) y una contrase\u00f1a definida por el usuario, y requiere una segunda validaci\u00f3n con un token enviado por correo electr\u00f3nico<\/p><p>Cuando un colaborador se retira de la instituci\u00f3n, el usuario VPN ser\u00e1 eliminado cuando se registra la novedad de n\u00f3mina en el sistema de informaci\u00f3n de empleados por parte de la Oficina de Gesti\u00f3n Humana.<\/p><p style=\"font-weight: 400;\"><b><strong>Compromisos del usuario<\/strong><\/b><\/p><p>El recurso s\u00f3lo podr\u00e1 ser utilizado desde equipos port\u00e1tiles que hayan sido provistos por la Universidad Icesi. El usuario se compromete a hacer un buen uso del recurso, y a usar sus datos de manera confidencial y adecuada.<\/p><p>A\u00fan si su equipo est\u00e1 seguro f\u00edsicamente no debe dejarlo desatendido cuando se est\u00e1 accediendo remotamente a la red por medio de la VPN. Si ha iniciado una sesi\u00f3n con el usuario asignado, el usuario se hace responsable de las modificaciones que realice a los archivos, aplicaciones, entre otros, a trav\u00e9s de este.<\/p><p>Por motivos de seguridad, se debe evitar conectarse a la VPN utilizando redes disponibles en zonas p\u00fablicas o de dudosa reputaci\u00f3n en materia de seguridad, tales como caf\u00e9 Internet, ya que pueden poner en riesgo el mecanismo de autenticaci\u00f3n para el ingreso a la VPN.<\/p><p><strong>Capacidad<\/strong><\/p><p>El desempe\u00f1o del recurso en redes externas a la Universidad depender\u00e1 del proveedor de servicio de Internet del usuario y el medio de conexi\u00f3n que use.<\/p><p><strong>Compatibilidad<\/strong><\/p><p>Para usar el servicio, se debe usar uno de los navegadores compatibles: Internet Explorer 8 o superior o Firefox 4.0 o superior (Excluyendo el nuevo navegador Microsoft Edge)<\/p><p>Debe tener m\u00ednimo los siguientes sistemas operativos:<\/p><ul><li>Windows 7 u 8.1<\/li><li>MacOS Mountain Lion 10.15<\/li><li>Ubuntu 18.04<\/li><li>RedHat 7.4<\/li><li>CentOS 7.4<\/li><li>Fedora 36<\/li><\/ul><p>El recurso tiene una disponibilidad de 7&#215;24 excepto en jornadas de mantenimiento programadas por Syri-Operaciones, los cuales siempre se notifica con 7 d\u00edas de anticipaci\u00f3n.<\/p><p><strong>Seguridad de la informaci\u00f3n:<\/strong>\u00a0<\/p><ul><li style=\"font-weight: 400;\">La informaci\u00f3n que se maneje a trav\u00e9s del recurso VPN viaja por un canal encriptado usando el protocolo HTTPS. La seguridad est\u00e1 asegurada por un firewall que protege a la infraestructura de la Universidad Icesi. El acceso cuenta con un segundo factor de autenticaci\u00f3n, una cadena de texto (token) que ser\u00e1 enviado al correo electr\u00f3nico del colaborador.<\/li><\/ul><p><b>Aprobado por<\/b><\/p><ul><li>Syri Infraestructura<\/li><\/ul><p><strong>Fecha de \u00faltima modificaci\u00f3n<\/strong><\/p><p>02\/12\/2020<\/p><p><strong>Reglamentos y Pol\u00edticas<\/strong><\/p><ul><li><a href=\"https:\/\/www.icesi.edu.co\/wp-content\/uploads\/2025\/05\/Reso-108-de-2025-Modificacion-politica-Seguridad-Informacion.pdf\">Pol\u00edtica de Seguridad de la Informaci\u00f3n<\/a><\/li><\/ul><\/div>\n\t\t\t\t\t\t\t\t\t<div class=\"elementor-tab-title elementor-tab-mobile-title\" aria-selected=\"false\" data-tab=\"2\" role=\"tab\" tabindex=\"-1\" aria-controls=\"elementor-tab-content-1612\" aria-expanded=\"false\">Manuales de uso<\/div>\n\t\t\t\t\t<div id=\"elementor-tab-content-1612\" class=\"elementor-tab-content elementor-clearfix\" data-tab=\"2\" role=\"tabpanel\" aria-labelledby=\"elementor-tab-title-1612\" tabindex=\"0\" hidden=\"hidden\"><p><a href=\"https:\/\/icesiedu.sharepoint.com\/sites\/servicios-proyectos\/gestion-servicios\/VPN\/Manuales%20de%20usuario\/Manual%20VPN%20-%20Configurar%20VPN%20en%20Windows.pdf?CT=1695913737626&amp;OR=ItemsView\">Manual de\u00a0usuario Windows<\/a><\/p><p><a href=\"https:\/\/icesiedu.sharepoint.com\/sites\/servicios-proyectos\/gestion-servicios\/VPN\/Manuales%20de%20usuario\/Manual%20VPN%20-%20Configurar%20VPN%20en%20MAC.pdf?CT=1695913718190&amp;OR=ItemsView\">Manual de usuario Mac<\/a><\/p><\/div>\n\t\t\t\t\t\t\t<\/div>\n\t\t<\/div>\n\t\t\t\t\t\t<\/div>\n\t\t\t\t<\/div>\n\t\t\t\t<\/div>\n\t\t\t\t<\/div>\n\t\t","protected":false},"excerpt":{"rendered":"<p>Permite acceder a servicios tecnol\u00f3gicos que ofrece la Universidad (AIC, Simbiosis, Software Licenciado, entre otros) desde fuera del campus universitario, utilizando la Internet como canal de comunicaci\u00f3n. Este servicio est\u00e1 dirigido a colaboradores y profesores de tiempo completo que est\u00e9n con contrato activo con la Universidad Icesi, de acuerdo a las autorizaciones y permisos definidos [&hellip;]<\/p>\n","protected":false},"author":1,"featured_media":0,"parent":4188,"menu_order":0,"comment_status":"closed","ping_status":"closed","template":"","meta":{"footnotes":""},"class_list":["post-4421","page","type-page","status-publish","hentry"],"yoast_head":"<!-- This site is optimized with the Yoast SEO plugin v26.6 - https:\/\/yoast.com\/wordpress\/plugins\/seo\/ -->\n<title>Acceso por VPN - Servicios<\/title>\n<meta name=\"robots\" content=\"index, follow, max-snippet:-1, max-image-preview:large, max-video-preview:-1\" \/>\n<link rel=\"canonical\" href=\"https:\/\/www.icesi.edu.co\/servicios\/syri\/ccc\/acceso-vpn\/\" \/>\n<meta property=\"og:locale\" content=\"es_ES\" \/>\n<meta property=\"og:type\" content=\"article\" \/>\n<meta property=\"og:title\" content=\"Acceso por VPN - Servicios\" \/>\n<meta property=\"og:description\" content=\"Permite acceder a servicios tecnol\u00f3gicos que ofrece la Universidad (AIC, Simbiosis, Software Licenciado, entre otros) desde fuera del campus universitario, utilizando la Internet como canal de comunicaci\u00f3n. Este servicio est\u00e1 dirigido a colaboradores y profesores de tiempo completo que est\u00e9n con contrato activo con la Universidad Icesi, de acuerdo a las autorizaciones y permisos definidos [&hellip;]\" \/>\n<meta property=\"og:url\" content=\"https:\/\/www.icesi.edu.co\/servicios\/syri\/ccc\/acceso-vpn\/\" \/>\n<meta property=\"og:site_name\" content=\"Servicios\" \/>\n<meta property=\"article:modified_time\" content=\"2025-08-27T16:14:10+00:00\" \/>\n<meta property=\"og:image\" content=\"https:\/\/www.icesi.edu.co\/servicios\/wp-content\/uploads\/2024\/11\/VPN-image.png\" \/>\n<meta name=\"twitter:card\" content=\"summary_large_image\" \/>\n<meta name=\"twitter:label1\" content=\"Tiempo de lectura\" \/>\n\t<meta name=\"twitter:data1\" content=\"4 minutos\" \/>\n<script type=\"application\/ld+json\" class=\"yoast-schema-graph\">{\"@context\":\"https:\/\/schema.org\",\"@graph\":[{\"@type\":\"WebPage\",\"@id\":\"https:\/\/www.icesi.edu.co\/servicios\/syri\/ccc\/acceso-vpn\/\",\"url\":\"https:\/\/www.icesi.edu.co\/servicios\/syri\/ccc\/acceso-vpn\/\",\"name\":\"Acceso por VPN - Servicios\",\"isPartOf\":{\"@id\":\"https:\/\/www.icesi.edu.co\/servicios\/#website\"},\"primaryImageOfPage\":{\"@id\":\"https:\/\/www.icesi.edu.co\/servicios\/syri\/ccc\/acceso-vpn\/#primaryimage\"},\"image\":{\"@id\":\"https:\/\/www.icesi.edu.co\/servicios\/syri\/ccc\/acceso-vpn\/#primaryimage\"},\"thumbnailUrl\":\"https:\/\/www.icesi.edu.co\/servicios\/wp-content\/uploads\/2024\/11\/VPN-image.png\",\"datePublished\":\"2024-10-11T15:40:37+00:00\",\"dateModified\":\"2025-08-27T16:14:10+00:00\",\"breadcrumb\":{\"@id\":\"https:\/\/www.icesi.edu.co\/servicios\/syri\/ccc\/acceso-vpn\/#breadcrumb\"},\"inLanguage\":\"es-CO\",\"potentialAction\":[{\"@type\":\"ReadAction\",\"target\":[\"https:\/\/www.icesi.edu.co\/servicios\/syri\/ccc\/acceso-vpn\/\"]}]},{\"@type\":\"ImageObject\",\"inLanguage\":\"es-CO\",\"@id\":\"https:\/\/www.icesi.edu.co\/servicios\/syri\/ccc\/acceso-vpn\/#primaryimage\",\"url\":\"https:\/\/www.icesi.edu.co\/servicios\/wp-content\/uploads\/2024\/11\/VPN-image.png\",\"contentUrl\":\"https:\/\/www.icesi.edu.co\/servicios\/wp-content\/uploads\/2024\/11\/VPN-image.png\"},{\"@type\":\"BreadcrumbList\",\"@id\":\"https:\/\/www.icesi.edu.co\/servicios\/syri\/ccc\/acceso-vpn\/#breadcrumb\",\"itemListElement\":[{\"@type\":\"ListItem\",\"position\":1,\"name\":\"Inicio\",\"item\":\"https:\/\/www.icesi.edu.co\/servicios\/\"},{\"@type\":\"ListItem\",\"position\":2,\"name\":\"Syri\",\"item\":\"https:\/\/www.icesi.edu.co\/servicios\/syri\/\"},{\"@type\":\"ListItem\",\"position\":3,\"name\":\"Colaboraci\u00f3n, comunicaci\u00f3n y conectividad\",\"item\":\"https:\/\/www.icesi.edu.co\/servicios\/syri\/ccc\/\"},{\"@type\":\"ListItem\",\"position\":4,\"name\":\"Acceso por VPN\"}]},{\"@type\":\"WebSite\",\"@id\":\"https:\/\/www.icesi.edu.co\/servicios\/#website\",\"url\":\"https:\/\/www.icesi.edu.co\/servicios\/\",\"name\":\"Servicios\",\"description\":\"Sitio de Servicios Universidad ICESI\",\"publisher\":{\"@id\":\"https:\/\/www.icesi.edu.co\/servicios\/#organization\"},\"potentialAction\":[{\"@type\":\"SearchAction\",\"target\":{\"@type\":\"EntryPoint\",\"urlTemplate\":\"https:\/\/www.icesi.edu.co\/servicios\/?s={search_term_string}\"},\"query-input\":{\"@type\":\"PropertyValueSpecification\",\"valueRequired\":true,\"valueName\":\"search_term_string\"}}],\"inLanguage\":\"es-CO\"},{\"@type\":\"Organization\",\"@id\":\"https:\/\/www.icesi.edu.co\/servicios\/#organization\",\"name\":\"Servicios\",\"url\":\"https:\/\/www.icesi.edu.co\/servicios\/\",\"logo\":{\"@type\":\"ImageObject\",\"inLanguage\":\"es-CO\",\"@id\":\"https:\/\/www.icesi.edu.co\/servicios\/#\/schema\/logo\/image\/\",\"url\":\"https:\/\/www.icesi.edu.co\/servicios\/wp-content\/uploads\/2024\/04\/LogoSitio.png\",\"contentUrl\":\"https:\/\/www.icesi.edu.co\/servicios\/wp-content\/uploads\/2024\/04\/LogoSitio.png\",\"width\":223,\"height\":54,\"caption\":\"Servicios\"},\"image\":{\"@id\":\"https:\/\/www.icesi.edu.co\/servicios\/#\/schema\/logo\/image\/\"}}]}<\/script>\n<!-- \/ Yoast SEO plugin. -->","yoast_head_json":{"title":"Acceso por VPN - Servicios","robots":{"index":"index","follow":"follow","max-snippet":"max-snippet:-1","max-image-preview":"max-image-preview:large","max-video-preview":"max-video-preview:-1"},"canonical":"https:\/\/www.icesi.edu.co\/servicios\/syri\/ccc\/acceso-vpn\/","og_locale":"es_ES","og_type":"article","og_title":"Acceso por VPN - Servicios","og_description":"Permite acceder a servicios tecnol\u00f3gicos que ofrece la Universidad (AIC, Simbiosis, Software Licenciado, entre otros) desde fuera del campus universitario, utilizando la Internet como canal de comunicaci\u00f3n. Este servicio est\u00e1 dirigido a colaboradores y profesores de tiempo completo que est\u00e9n con contrato activo con la Universidad Icesi, de acuerdo a las autorizaciones y permisos definidos [&hellip;]","og_url":"https:\/\/www.icesi.edu.co\/servicios\/syri\/ccc\/acceso-vpn\/","og_site_name":"Servicios","article_modified_time":"2025-08-27T16:14:10+00:00","og_image":[{"url":"https:\/\/www.icesi.edu.co\/servicios\/wp-content\/uploads\/2024\/11\/VPN-image.png","type":"","width":"","height":""}],"twitter_card":"summary_large_image","twitter_misc":{"Tiempo de lectura":"4 minutos"},"schema":{"@context":"https:\/\/schema.org","@graph":[{"@type":"WebPage","@id":"https:\/\/www.icesi.edu.co\/servicios\/syri\/ccc\/acceso-vpn\/","url":"https:\/\/www.icesi.edu.co\/servicios\/syri\/ccc\/acceso-vpn\/","name":"Acceso por VPN - Servicios","isPartOf":{"@id":"https:\/\/www.icesi.edu.co\/servicios\/#website"},"primaryImageOfPage":{"@id":"https:\/\/www.icesi.edu.co\/servicios\/syri\/ccc\/acceso-vpn\/#primaryimage"},"image":{"@id":"https:\/\/www.icesi.edu.co\/servicios\/syri\/ccc\/acceso-vpn\/#primaryimage"},"thumbnailUrl":"https:\/\/www.icesi.edu.co\/servicios\/wp-content\/uploads\/2024\/11\/VPN-image.png","datePublished":"2024-10-11T15:40:37+00:00","dateModified":"2025-08-27T16:14:10+00:00","breadcrumb":{"@id":"https:\/\/www.icesi.edu.co\/servicios\/syri\/ccc\/acceso-vpn\/#breadcrumb"},"inLanguage":"es-CO","potentialAction":[{"@type":"ReadAction","target":["https:\/\/www.icesi.edu.co\/servicios\/syri\/ccc\/acceso-vpn\/"]}]},{"@type":"ImageObject","inLanguage":"es-CO","@id":"https:\/\/www.icesi.edu.co\/servicios\/syri\/ccc\/acceso-vpn\/#primaryimage","url":"https:\/\/www.icesi.edu.co\/servicios\/wp-content\/uploads\/2024\/11\/VPN-image.png","contentUrl":"https:\/\/www.icesi.edu.co\/servicios\/wp-content\/uploads\/2024\/11\/VPN-image.png"},{"@type":"BreadcrumbList","@id":"https:\/\/www.icesi.edu.co\/servicios\/syri\/ccc\/acceso-vpn\/#breadcrumb","itemListElement":[{"@type":"ListItem","position":1,"name":"Inicio","item":"https:\/\/www.icesi.edu.co\/servicios\/"},{"@type":"ListItem","position":2,"name":"Syri","item":"https:\/\/www.icesi.edu.co\/servicios\/syri\/"},{"@type":"ListItem","position":3,"name":"Colaboraci\u00f3n, comunicaci\u00f3n y conectividad","item":"https:\/\/www.icesi.edu.co\/servicios\/syri\/ccc\/"},{"@type":"ListItem","position":4,"name":"Acceso por VPN"}]},{"@type":"WebSite","@id":"https:\/\/www.icesi.edu.co\/servicios\/#website","url":"https:\/\/www.icesi.edu.co\/servicios\/","name":"Servicios","description":"Sitio de Servicios Universidad ICESI","publisher":{"@id":"https:\/\/www.icesi.edu.co\/servicios\/#organization"},"potentialAction":[{"@type":"SearchAction","target":{"@type":"EntryPoint","urlTemplate":"https:\/\/www.icesi.edu.co\/servicios\/?s={search_term_string}"},"query-input":{"@type":"PropertyValueSpecification","valueRequired":true,"valueName":"search_term_string"}}],"inLanguage":"es-CO"},{"@type":"Organization","@id":"https:\/\/www.icesi.edu.co\/servicios\/#organization","name":"Servicios","url":"https:\/\/www.icesi.edu.co\/servicios\/","logo":{"@type":"ImageObject","inLanguage":"es-CO","@id":"https:\/\/www.icesi.edu.co\/servicios\/#\/schema\/logo\/image\/","url":"https:\/\/www.icesi.edu.co\/servicios\/wp-content\/uploads\/2024\/04\/LogoSitio.png","contentUrl":"https:\/\/www.icesi.edu.co\/servicios\/wp-content\/uploads\/2024\/04\/LogoSitio.png","width":223,"height":54,"caption":"Servicios"},"image":{"@id":"https:\/\/www.icesi.edu.co\/servicios\/#\/schema\/logo\/image\/"}}]}},"_links":{"self":[{"href":"https:\/\/www.icesi.edu.co\/servicios\/wp-json\/wp\/v2\/pages\/4421","targetHints":{"allow":["GET"]}}],"collection":[{"href":"https:\/\/www.icesi.edu.co\/servicios\/wp-json\/wp\/v2\/pages"}],"about":[{"href":"https:\/\/www.icesi.edu.co\/servicios\/wp-json\/wp\/v2\/types\/page"}],"author":[{"embeddable":true,"href":"https:\/\/www.icesi.edu.co\/servicios\/wp-json\/wp\/v2\/users\/1"}],"replies":[{"embeddable":true,"href":"https:\/\/www.icesi.edu.co\/servicios\/wp-json\/wp\/v2\/comments?post=4421"}],"version-history":[{"count":10,"href":"https:\/\/www.icesi.edu.co\/servicios\/wp-json\/wp\/v2\/pages\/4421\/revisions"}],"predecessor-version":[{"id":6774,"href":"https:\/\/www.icesi.edu.co\/servicios\/wp-json\/wp\/v2\/pages\/4421\/revisions\/6774"}],"up":[{"embeddable":true,"href":"https:\/\/www.icesi.edu.co\/servicios\/wp-json\/wp\/v2\/pages\/4188"}],"wp:attachment":[{"href":"https:\/\/www.icesi.edu.co\/servicios\/wp-json\/wp\/v2\/media?parent=4421"}],"curies":[{"name":"wp","href":"https:\/\/api.w.org\/{rel}","templated":true}]}}