{"id":4759,"date":"2024-10-25T17:41:42","date_gmt":"2024-10-25T22:41:42","guid":{"rendered":"https:\/\/www.icesi.edu.co\/servicios\/?page_id=4759"},"modified":"2025-05-28T08:41:06","modified_gmt":"2025-05-28T13:41:06","slug":"cursos-verano","status":"publish","type":"page","link":"https:\/\/www.icesi.edu.co\/servicios\/admisiones\/cursos-verano\/","title":{"rendered":"Cursos de verano"},"content":{"rendered":"\t\t<div data-elementor-type=\"wp-page\" data-elementor-id=\"4759\" class=\"elementor elementor-4759\">\n\t\t\t\t\t\t<section class=\"elementor-section elementor-top-section elementor-element elementor-element-0bc12ec elementor-section-boxed elementor-section-height-default elementor-section-height-default\" data-id=\"0bc12ec\" data-element_type=\"section\" data-settings=\"{&quot;background_background&quot;:&quot;classic&quot;}\">\n\t\t\t\t\t\t\t<div class=\"elementor-background-overlay\"><\/div>\n\t\t\t\t\t\t\t<div class=\"elementor-container elementor-column-gap-default\">\n\t\t\t\t\t<div class=\"elementor-column elementor-col-100 elementor-top-column elementor-element elementor-element-c63507c\" data-id=\"c63507c\" data-element_type=\"column\" data-settings=\"{&quot;background_background&quot;:&quot;classic&quot;}\">\n\t\t\t<div class=\"elementor-widget-wrap elementor-element-populated\">\n\t\t\t\t\t\t<div class=\"elementor-element elementor-element-2acca90 elementor-widget elementor-widget-text-editor\" data-id=\"2acca90\" data-element_type=\"widget\" data-widget_type=\"text-editor.default\">\n\t\t\t\t<div class=\"elementor-widget-container\">\n\t\t\t\t\t\t\t\t\t<p>Los\u00a0<strong>cursos de verano\u00a0<\/strong>son una opci\u00f3n de tipo acad\u00e9mico que brinda la\u00a0<strong>Universidad<\/strong> a los estudiantes, durante el per\u00edodo de vacaciones de junio \u2013 julio, con el fin de adelantar o ponerse al d\u00eda en sus materias. Cada estudiante puede tomar m\u00e1ximo dos materias durante el periodo acad\u00e9mico de verano.<\/p><p>Durante la primera semana del periodo acad\u00e9mico de verano el estudiante podr\u00e1 realizar las cancelaciones de materia ante la oficina de Admisiones y Registro, el tr\u00e1mite no tiene ning\u00fan costo, debe enviar la solicitud al correo admisiones@icesi.edu.co indicando c\u00f3digo, nombre completo y\u00a0en el asunto Curso de Verano.\u00a0 Se devolver\u00e1 un porcentaje del valor pagado por concepto de matr\u00edcula de cada materia en curso de verano, excepto para los casos enunciados en el art\u00edculo 62 del LDDN.<\/p><p>Las cancelaciones de materias que se realicen a partir de la segunda semana inclusive, hasta la quinta, requieren la autorizaci\u00f3n del Director de Programa. Se consideran extempor\u00e1neas; no causan reintegro alguno de dinero al estudiante y ocasionan un pago de derechos que es fijado por resoluci\u00f3n de Rector\u00eda.<\/p><p>Para mayor informaci\u00f3n consultar el libro de derechos, deberes y normas de los estudiantes de pregrado de la \u00a0<strong>Universidad Icesi\u00a0<\/strong>(Cap\u00edtulo XII, Art\u00edculos 59-63) y la resoluci\u00f3n de Rector\u00eda.<\/p><p><a href=\"https:\/\/www.icesi.edu.co\/servicios\/wp-content\/uploads\/2025\/05\/CURSOS-DE-VERANO-2025-15.pdf\">Paso a paso curso de verano 2025<\/a><\/p><p><a href=\"https:\/\/www.icesi.edu.co\/servicios\/wp-content\/uploads\/2025\/05\/Reso-1616-CURSOS-DE-VERANO-20251.pdf\">Resoluci\u00f3n No. 1616, Cursos de Verano \u2013 2025<\/a><\/p>\t\t\t\t\t\t\t\t<\/div>\n\t\t\t\t<\/div>\n\t\t\t\t<div class=\"elementor-element elementor-element-5aa428c elementor-widget elementor-widget-text-editor\" data-id=\"5aa428c\" data-element_type=\"widget\" data-widget_type=\"text-editor.default\">\n\t\t\t\t<div class=\"elementor-widget-container\">\n\t\t\t\t\t\t\t\t\t<p>En caso de requerir ayuda puedes utilizar lo siguientes canales:<\/p>\t\t\t\t\t\t\t\t<\/div>\n\t\t\t\t<\/div>\n\t\t\t\t<div class=\"elementor-element elementor-element-b5942d3 elementor-icon-list--layout-traditional elementor-list-item-link-full_width elementor-widget elementor-widget-icon-list\" data-id=\"b5942d3\" data-element_type=\"widget\" data-widget_type=\"icon-list.default\">\n\t\t\t\t<div class=\"elementor-widget-container\">\n\t\t\t\t\t\t\t<ul class=\"elementor-icon-list-items\">\n\t\t\t\t\t\t\t<li class=\"elementor-icon-list-item\">\n\t\t\t\t\t\t\t\t\t\t\t<span class=\"elementor-icon-list-icon\">\n\t\t\t\t\t\t\t<svg aria-hidden=\"true\" class=\"e-font-icon-svg e-fas-map-pin\" viewBox=\"0 0 288 512\" xmlns=\"http:\/\/www.w3.org\/2000\/svg\"><path d=\"M112 316.94v156.69l22.02 33.02c4.75 7.12 15.22 7.12 19.97 0L176 473.63V316.94c-10.39 1.92-21.06 3.06-32 3.06s-21.61-1.14-32-3.06zM144 0C64.47 0 0 64.47 0 144s64.47 144 144 144 144-64.47 144-144S223.53 0 144 0zm0 76c-37.5 0-68 30.5-68 68 0 6.62-5.38 12-12 12s-12-5.38-12-12c0-50.73 41.28-92 92-92 6.62 0 12 5.38 12 12s-5.38 12-12 12z\"><\/path><\/svg>\t\t\t\t\t\t<\/span>\n\t\t\t\t\t\t\t\t\t\t<span class=\"elementor-icon-list-text\">Universidad Icesi, Oficina Admisiones y Registro. Edificio B, primer piso.<\/span>\n\t\t\t\t\t\t\t\t\t<\/li>\n\t\t\t\t\t\t\t\t<li class=\"elementor-icon-list-item\">\n\t\t\t\t\t\t\t\t\t\t\t<span class=\"elementor-icon-list-icon\">\n\t\t\t\t\t\t\t<svg aria-hidden=\"true\" class=\"e-font-icon-svg e-far-clock\" viewBox=\"0 0 512 512\" xmlns=\"http:\/\/www.w3.org\/2000\/svg\"><path d=\"M256 8C119 8 8 119 8 256s111 248 248 248 248-111 248-248S393 8 256 8zm0 448c-110.5 0-200-89.5-200-200S145.5 56 256 56s200 89.5 200 200-89.5 200-200 200zm61.8-104.4l-84.9-61.7c-3.1-2.3-4.9-5.9-4.9-9.7V116c0-6.6 5.4-12 12-12h32c6.6 0 12 5.4 12 12v141.7l66.8 48.6c5.4 3.9 6.5 11.4 2.6 16.8L334.6 349c-3.9 5.3-11.4 6.5-16.8 2.6z\"><\/path><\/svg>\t\t\t\t\t\t<\/span>\n\t\t\t\t\t\t\t\t\t\t<span class=\"elementor-icon-list-text\">Horario de atenci\u00f3n: lunes a viernes 08:00 - 12:00 y 14:00 \u2013 18:00<\/span>\n\t\t\t\t\t\t\t\t\t<\/li>\n\t\t\t\t\t\t\t\t<li class=\"elementor-icon-list-item\">\n\t\t\t\t\t\t\t\t\t\t\t<span class=\"elementor-icon-list-icon\">\n\t\t\t\t\t\t\t<svg aria-hidden=\"true\" class=\"e-font-icon-svg e-far-envelope\" viewBox=\"0 0 512 512\" xmlns=\"http:\/\/www.w3.org\/2000\/svg\"><path d=\"M464 64H48C21.49 64 0 85.49 0 112v288c0 26.51 21.49 48 48 48h416c26.51 0 48-21.49 48-48V112c0-26.51-21.49-48-48-48zm0 48v40.805c-22.422 18.259-58.168 46.651-134.587 106.49-16.841 13.247-50.201 45.072-73.413 44.701-23.208.375-56.579-31.459-73.413-44.701C106.18 199.465 70.425 171.067 48 152.805V112h416zM48 400V214.398c22.914 18.251 55.409 43.862 104.938 82.646 21.857 17.205 60.134 55.186 103.062 54.955 42.717.231 80.509-37.199 103.053-54.947 49.528-38.783 82.032-64.401 104.947-82.653V400H48z\"><\/path><\/svg>\t\t\t\t\t\t<\/span>\n\t\t\t\t\t\t\t\t\t\t<span class=\"elementor-icon-list-text\">admisiones@icesi.edu.co<\/span>\n\t\t\t\t\t\t\t\t\t<\/li>\n\t\t\t\t\t\t\t\t<li class=\"elementor-icon-list-item\">\n\t\t\t\t\t\t\t\t\t\t\t<span class=\"elementor-icon-list-icon\">\n\t\t\t\t\t\t\t<svg aria-hidden=\"true\" class=\"e-font-icon-svg e-fas-phone\" viewBox=\"0 0 512 512\" xmlns=\"http:\/\/www.w3.org\/2000\/svg\"><path d=\"M493.4 24.6l-104-24c-11.3-2.6-22.9 3.3-27.5 13.9l-48 112c-4.2 9.8-1.4 21.3 6.9 28l60.6 49.6c-36 76.7-98.9 140.5-177.2 177.2l-49.6-60.6c-6.8-8.3-18.2-11.1-28-6.9l-112 48C3.9 366.5-2 378.1.6 389.4l24 104C27.1 504.2 36.7 512 48 512c256.1 0 464-207.5 464-464 0-11.2-7.7-20.9-18.6-23.4z\"><\/path><\/svg>\t\t\t\t\t\t<\/span>\n\t\t\t\t\t\t\t\t\t\t<span class=\"elementor-icon-list-text\">+57 (2) 5552334, extensi\u00f3n 8200-8294-8445<\/span>\n\t\t\t\t\t\t\t\t\t<\/li>\n\t\t\t\t\t\t<\/ul>\n\t\t\t\t\t\t<\/div>\n\t\t\t\t<\/div>\n\t\t\t\t\t<\/div>\n\t\t<\/div>\n\t\t\t\t\t<\/div>\n\t\t<\/section>\n\t\t<div class=\"elementor-element elementor-element-6e33eac e-con-full e-flex e-con e-parent\" data-id=\"6e33eac\" data-element_type=\"container\">\n\t\t\t\t<div class=\"elementor-element elementor-element-7af9582 elementor-widget elementor-widget-text-editor\" data-id=\"7af9582\" data-element_type=\"widget\" data-widget_type=\"text-editor.default\">\n\t\t\t\t<div class=\"elementor-widget-container\">\n\t\t\t\t\t\t\t\t\t<p>Si desea conocer m\u00e1s informaci\u00f3n acerca de este servicio:<\/p>\t\t\t\t\t\t\t\t<\/div>\n\t\t\t\t<\/div>\n\t\t\t\t<div class=\"elementor-element elementor-element-9a06849 elementor-tabs-alignment-center elementor-tabs-view-horizontal elementor-widget elementor-widget-tabs\" data-id=\"9a06849\" data-element_type=\"widget\" data-widget_type=\"tabs.default\">\n\t\t\t\t<div class=\"elementor-widget-container\">\n\t\t\t\t\t\t\t<div class=\"elementor-tabs\">\n\t\t\t<div class=\"elementor-tabs-wrapper\" role=\"tablist\" >\n\t\t\t\t\t\t\t\t\t<div id=\"elementor-tab-title-1611\" class=\"elementor-tab-title elementor-tab-desktop-title\" aria-selected=\"true\" data-tab=\"1\" role=\"tab\" tabindex=\"0\" aria-controls=\"elementor-tab-content-1611\" aria-expanded=\"false\">T\u00e9rminos y condiciones<\/div>\n\t\t\t\t\t\t\t<\/div>\n\t\t\t<div class=\"elementor-tabs-content-wrapper\" role=\"tablist\" aria-orientation=\"vertical\">\n\t\t\t\t\t\t\t\t\t<div class=\"elementor-tab-title elementor-tab-mobile-title\" aria-selected=\"true\" data-tab=\"1\" role=\"tab\" tabindex=\"0\" aria-controls=\"elementor-tab-content-1611\" aria-expanded=\"false\">T\u00e9rminos y condiciones<\/div>\n\t\t\t\t\t<div id=\"elementor-tab-content-1611\" class=\"elementor-tab-content elementor-clearfix\" data-tab=\"1\" role=\"tabpanel\" aria-labelledby=\"elementor-tab-title-1611\" tabindex=\"0\" hidden=\"false\"><p><strong>Notificaci\u00f3n de recepci\u00f3n de solicitud<\/strong><\/p><ul><li>Inmediata<\/li><\/ul><p><strong>Condiciones de prestaci\u00f3n del servicio<\/strong><\/p><p><strong>Reglamentaci\u00f3n cursos de verano:<\/strong><\/p><ul><li>Cada estudiante puede tomar m\u00e1ximo dos materias durante el periodo acad\u00e9mico de verano.<\/li><li>Cada estudiante podr\u00e1 tomar s\u00f3lo un (1)\u00a0<strong>curso de verano<\/strong>\u00a0del \u00e1rea de matem\u00e1ticas y estad\u00edstica.<\/li><li>Todo estudiante deber\u00e1 estar oficialmente matriculado en los\u00a0<strong>cursos de verano.<\/strong>\u00a0Si el estudiante no aparece en las listas no podr\u00e1 asistir a clases.<\/li><li>El valor de los\u00a0<strong>cursos de verano\u00a0<\/strong>ser\u00e1 establecido por la Rector\u00eda de la<strong>\u00a0Universidad<\/strong>\u00a0para cada a\u00f1o.<\/li><\/ul><p>Quienes pierdan por tercera vez una materia que cursaron durante el per\u00edodo de verano en calidad de repitentes, quedar\u00e1n retirados de la\u00a0<strong>Universidad<\/strong>.<\/p><\/div>\n\t\t\t\t\t\t\t<\/div>\n\t\t<\/div>\n\t\t\t\t\t\t<\/div>\n\t\t\t\t<\/div>\n\t\t\t\t<\/div>\n\t\t\t\t<\/div>\n\t\t","protected":false},"excerpt":{"rendered":"<p>Los\u00a0cursos de verano\u00a0son una opci\u00f3n de tipo acad\u00e9mico que brinda la\u00a0Universidad a los estudiantes, durante el per\u00edodo de vacaciones de junio \u2013 julio, con el fin de adelantar o ponerse al d\u00eda en sus materias. Cada estudiante puede tomar m\u00e1ximo dos materias durante el periodo acad\u00e9mico de verano. Durante la primera semana del periodo acad\u00e9mico [&hellip;]<\/p>\n","protected":false},"author":1,"featured_media":0,"parent":3901,"menu_order":0,"comment_status":"closed","ping_status":"closed","template":"","meta":{"footnotes":""},"class_list":["post-4759","page","type-page","status-publish","hentry"],"yoast_head":"<!-- This site is optimized with the Yoast SEO plugin v26.6 - https:\/\/yoast.com\/wordpress\/plugins\/seo\/ -->\n<title>Cursos de verano - Servicios<\/title>\n<meta name=\"robots\" content=\"index, follow, max-snippet:-1, max-image-preview:large, max-video-preview:-1\" \/>\n<link rel=\"canonical\" href=\"https:\/\/www.icesi.edu.co\/servicios\/admisiones\/cursos-verano\/\" \/>\n<meta property=\"og:locale\" content=\"es_ES\" \/>\n<meta property=\"og:type\" content=\"article\" \/>\n<meta property=\"og:title\" content=\"Cursos de verano - Servicios\" \/>\n<meta property=\"og:description\" content=\"Los\u00a0cursos de verano\u00a0son una opci\u00f3n de tipo acad\u00e9mico que brinda la\u00a0Universidad a los estudiantes, durante el per\u00edodo de vacaciones de junio \u2013 julio, con el fin de adelantar o ponerse al d\u00eda en sus materias. Cada estudiante puede tomar m\u00e1ximo dos materias durante el periodo acad\u00e9mico de verano. Durante la primera semana del periodo acad\u00e9mico [&hellip;]\" \/>\n<meta property=\"og:url\" content=\"https:\/\/www.icesi.edu.co\/servicios\/admisiones\/cursos-verano\/\" \/>\n<meta property=\"og:site_name\" content=\"Servicios\" \/>\n<meta property=\"article:modified_time\" content=\"2025-05-28T13:41:06+00:00\" \/>\n<meta name=\"twitter:card\" content=\"summary_large_image\" \/>\n<meta name=\"twitter:label1\" content=\"Tiempo de lectura\" \/>\n\t<meta name=\"twitter:data1\" content=\"2 minutos\" \/>\n<script type=\"application\/ld+json\" class=\"yoast-schema-graph\">{\"@context\":\"https:\/\/schema.org\",\"@graph\":[{\"@type\":\"WebPage\",\"@id\":\"https:\/\/www.icesi.edu.co\/servicios\/admisiones\/cursos-verano\/\",\"url\":\"https:\/\/www.icesi.edu.co\/servicios\/admisiones\/cursos-verano\/\",\"name\":\"Cursos de verano - Servicios\",\"isPartOf\":{\"@id\":\"https:\/\/www.icesi.edu.co\/servicios\/#website\"},\"datePublished\":\"2024-10-25T22:41:42+00:00\",\"dateModified\":\"2025-05-28T13:41:06+00:00\",\"breadcrumb\":{\"@id\":\"https:\/\/www.icesi.edu.co\/servicios\/admisiones\/cursos-verano\/#breadcrumb\"},\"inLanguage\":\"es-CO\",\"potentialAction\":[{\"@type\":\"ReadAction\",\"target\":[\"https:\/\/www.icesi.edu.co\/servicios\/admisiones\/cursos-verano\/\"]}]},{\"@type\":\"BreadcrumbList\",\"@id\":\"https:\/\/www.icesi.edu.co\/servicios\/admisiones\/cursos-verano\/#breadcrumb\",\"itemListElement\":[{\"@type\":\"ListItem\",\"position\":1,\"name\":\"Inicio\",\"item\":\"https:\/\/www.icesi.edu.co\/servicios\/\"},{\"@type\":\"ListItem\",\"position\":2,\"name\":\"Admisiones y Registro\",\"item\":\"https:\/\/www.icesi.edu.co\/servicios\/admisiones\/\"},{\"@type\":\"ListItem\",\"position\":3,\"name\":\"Cursos de verano\"}]},{\"@type\":\"WebSite\",\"@id\":\"https:\/\/www.icesi.edu.co\/servicios\/#website\",\"url\":\"https:\/\/www.icesi.edu.co\/servicios\/\",\"name\":\"Servicios\",\"description\":\"Sitio de Servicios Universidad ICESI\",\"publisher\":{\"@id\":\"https:\/\/www.icesi.edu.co\/servicios\/#organization\"},\"potentialAction\":[{\"@type\":\"SearchAction\",\"target\":{\"@type\":\"EntryPoint\",\"urlTemplate\":\"https:\/\/www.icesi.edu.co\/servicios\/?s={search_term_string}\"},\"query-input\":{\"@type\":\"PropertyValueSpecification\",\"valueRequired\":true,\"valueName\":\"search_term_string\"}}],\"inLanguage\":\"es-CO\"},{\"@type\":\"Organization\",\"@id\":\"https:\/\/www.icesi.edu.co\/servicios\/#organization\",\"name\":\"Servicios\",\"url\":\"https:\/\/www.icesi.edu.co\/servicios\/\",\"logo\":{\"@type\":\"ImageObject\",\"inLanguage\":\"es-CO\",\"@id\":\"https:\/\/www.icesi.edu.co\/servicios\/#\/schema\/logo\/image\/\",\"url\":\"https:\/\/www.icesi.edu.co\/servicios\/wp-content\/uploads\/2024\/04\/LogoSitio.png\",\"contentUrl\":\"https:\/\/www.icesi.edu.co\/servicios\/wp-content\/uploads\/2024\/04\/LogoSitio.png\",\"width\":223,\"height\":54,\"caption\":\"Servicios\"},\"image\":{\"@id\":\"https:\/\/www.icesi.edu.co\/servicios\/#\/schema\/logo\/image\/\"}}]}<\/script>\n<!-- \/ Yoast SEO plugin. -->","yoast_head_json":{"title":"Cursos de verano - Servicios","robots":{"index":"index","follow":"follow","max-snippet":"max-snippet:-1","max-image-preview":"max-image-preview:large","max-video-preview":"max-video-preview:-1"},"canonical":"https:\/\/www.icesi.edu.co\/servicios\/admisiones\/cursos-verano\/","og_locale":"es_ES","og_type":"article","og_title":"Cursos de verano - Servicios","og_description":"Los\u00a0cursos de verano\u00a0son una opci\u00f3n de tipo acad\u00e9mico que brinda la\u00a0Universidad a los estudiantes, durante el per\u00edodo de vacaciones de junio \u2013 julio, con el fin de adelantar o ponerse al d\u00eda en sus materias. Cada estudiante puede tomar m\u00e1ximo dos materias durante el periodo acad\u00e9mico de verano. Durante la primera semana del periodo acad\u00e9mico [&hellip;]","og_url":"https:\/\/www.icesi.edu.co\/servicios\/admisiones\/cursos-verano\/","og_site_name":"Servicios","article_modified_time":"2025-05-28T13:41:06+00:00","twitter_card":"summary_large_image","twitter_misc":{"Tiempo de lectura":"2 minutos"},"schema":{"@context":"https:\/\/schema.org","@graph":[{"@type":"WebPage","@id":"https:\/\/www.icesi.edu.co\/servicios\/admisiones\/cursos-verano\/","url":"https:\/\/www.icesi.edu.co\/servicios\/admisiones\/cursos-verano\/","name":"Cursos de verano - Servicios","isPartOf":{"@id":"https:\/\/www.icesi.edu.co\/servicios\/#website"},"datePublished":"2024-10-25T22:41:42+00:00","dateModified":"2025-05-28T13:41:06+00:00","breadcrumb":{"@id":"https:\/\/www.icesi.edu.co\/servicios\/admisiones\/cursos-verano\/#breadcrumb"},"inLanguage":"es-CO","potentialAction":[{"@type":"ReadAction","target":["https:\/\/www.icesi.edu.co\/servicios\/admisiones\/cursos-verano\/"]}]},{"@type":"BreadcrumbList","@id":"https:\/\/www.icesi.edu.co\/servicios\/admisiones\/cursos-verano\/#breadcrumb","itemListElement":[{"@type":"ListItem","position":1,"name":"Inicio","item":"https:\/\/www.icesi.edu.co\/servicios\/"},{"@type":"ListItem","position":2,"name":"Admisiones y Registro","item":"https:\/\/www.icesi.edu.co\/servicios\/admisiones\/"},{"@type":"ListItem","position":3,"name":"Cursos de verano"}]},{"@type":"WebSite","@id":"https:\/\/www.icesi.edu.co\/servicios\/#website","url":"https:\/\/www.icesi.edu.co\/servicios\/","name":"Servicios","description":"Sitio de Servicios Universidad ICESI","publisher":{"@id":"https:\/\/www.icesi.edu.co\/servicios\/#organization"},"potentialAction":[{"@type":"SearchAction","target":{"@type":"EntryPoint","urlTemplate":"https:\/\/www.icesi.edu.co\/servicios\/?s={search_term_string}"},"query-input":{"@type":"PropertyValueSpecification","valueRequired":true,"valueName":"search_term_string"}}],"inLanguage":"es-CO"},{"@type":"Organization","@id":"https:\/\/www.icesi.edu.co\/servicios\/#organization","name":"Servicios","url":"https:\/\/www.icesi.edu.co\/servicios\/","logo":{"@type":"ImageObject","inLanguage":"es-CO","@id":"https:\/\/www.icesi.edu.co\/servicios\/#\/schema\/logo\/image\/","url":"https:\/\/www.icesi.edu.co\/servicios\/wp-content\/uploads\/2024\/04\/LogoSitio.png","contentUrl":"https:\/\/www.icesi.edu.co\/servicios\/wp-content\/uploads\/2024\/04\/LogoSitio.png","width":223,"height":54,"caption":"Servicios"},"image":{"@id":"https:\/\/www.icesi.edu.co\/servicios\/#\/schema\/logo\/image\/"}}]}},"_links":{"self":[{"href":"https:\/\/www.icesi.edu.co\/servicios\/wp-json\/wp\/v2\/pages\/4759","targetHints":{"allow":["GET"]}}],"collection":[{"href":"https:\/\/www.icesi.edu.co\/servicios\/wp-json\/wp\/v2\/pages"}],"about":[{"href":"https:\/\/www.icesi.edu.co\/servicios\/wp-json\/wp\/v2\/types\/page"}],"author":[{"embeddable":true,"href":"https:\/\/www.icesi.edu.co\/servicios\/wp-json\/wp\/v2\/users\/1"}],"replies":[{"embeddable":true,"href":"https:\/\/www.icesi.edu.co\/servicios\/wp-json\/wp\/v2\/comments?post=4759"}],"version-history":[{"count":16,"href":"https:\/\/www.icesi.edu.co\/servicios\/wp-json\/wp\/v2\/pages\/4759\/revisions"}],"predecessor-version":[{"id":6648,"href":"https:\/\/www.icesi.edu.co\/servicios\/wp-json\/wp\/v2\/pages\/4759\/revisions\/6648"}],"up":[{"embeddable":true,"href":"https:\/\/www.icesi.edu.co\/servicios\/wp-json\/wp\/v2\/pages\/3901"}],"wp:attachment":[{"href":"https:\/\/www.icesi.edu.co\/servicios\/wp-json\/wp\/v2\/media?parent=4759"}],"curies":[{"name":"wp","href":"https:\/\/api.w.org\/{rel}","templated":true}]}}