{"id":4920,"date":"2024-10-30T14:07:24","date_gmt":"2024-10-30T19:07:24","guid":{"rendered":"https:\/\/www.icesi.edu.co\/servicios\/?page_id=4920"},"modified":"2024-10-30T14:08:18","modified_gmt":"2024-10-30T19:08:18","slug":"reglamento-para-biciusuarios","status":"publish","type":"page","link":"https:\/\/www.icesi.edu.co\/servicios\/gerencia-campus\/estacionamiento-y-movilidad\/reglamento-para-biciusuarios\/","title":{"rendered":"Reglamento para biciusuarios"},"content":{"rendered":"\t\t<div data-elementor-type=\"wp-page\" data-elementor-id=\"4920\" class=\"elementor elementor-4920\">\n\t\t\t\t\t\t<section class=\"elementor-section elementor-top-section elementor-element elementor-element-0bc12ec elementor-section-boxed elementor-section-height-default elementor-section-height-default\" data-id=\"0bc12ec\" data-element_type=\"section\" data-settings=\"{&quot;background_background&quot;:&quot;classic&quot;}\">\n\t\t\t\t\t\t\t<div class=\"elementor-background-overlay\"><\/div>\n\t\t\t\t\t\t\t<div class=\"elementor-container elementor-column-gap-default\">\n\t\t\t\t\t<div class=\"elementor-column elementor-col-100 elementor-top-column elementor-element elementor-element-c63507c\" data-id=\"c63507c\" data-element_type=\"column\" data-settings=\"{&quot;background_background&quot;:&quot;classic&quot;}\">\n\t\t\t<div class=\"elementor-widget-wrap elementor-element-populated\">\n\t\t\t\t\t\t<div class=\"elementor-element elementor-element-4f068b9 elementor-widget elementor-widget-text-editor\" data-id=\"4f068b9\" data-element_type=\"widget\" data-widget_type=\"text-editor.default\">\n\t\t\t\t<div class=\"elementor-widget-container\">\n\t\t\t\t\t\t\t\t\t<p><strong>La Universidad Icesi presta un servicio gratuito de parqueadero y vigilancia para las bicicletas.<\/strong><\/p>\n<ul>\n<li>Por tratarse de un servicio de estacionamiento gratuito, la responsabilidad de la Universidad solo ser\u00e1 en aquellos eventos donde la autoridad competente demuestre dolo o culpa grave y limitada a los da\u00f1os de que sea objeto la bicicleta, incluidos sus anexos o complementarios. En ning\u00fan caso La Universidad Icesi ser\u00e1 responsable cuando la p\u00e9rdida, deterioro, da\u00f1o o hurto provenga de fuerza mayor o de caso fortuito, el uso indebido del servicio por parte del usuario, el hecho de un tercero, o por no haber atendido las instrucciones de uso aqu\u00ed se\u00f1aladas.<\/li>\n<li>Al ingresar, los biciusuarios deber\u00e1n reclamar la ficha de parqueo, la cual deber\u00e1 ser devuelta al personal de seguridad al retirar la bicicleta.<\/li>\n<li>Para las bicicletas el\u00e9ctricas se dispone de puntos de recarga, por favor ret\u00edrela una vez la carga est\u00e9 completa para que otros usuarios puedan acceder al servicio.<\/li>\n<li>No ser\u00e1 permitido el retiro de la bicicleta sin presentar la ficha de parqueo. En este caso el usuario deber\u00e1 demostrar la propiedad de la bicicleta y realizar pago correspondiente por la p\u00e9rdida de la ficha\u00a0<strong>($20.000).<\/strong><\/li>\n<li>Dejar siempre su bicicleta con guaya de seguridad, fijando el marco y las ruedas, no solo las ruedas, y en caso de tener candado ubicarlo de tal forma que no quede contra el piso.<\/li>\n<li>El t\u00e9rmino de la garant\u00eda de este servicio es igual al tiempo de permanencia de la bicicleta al interior del campus, retirada de nuestras instalaciones se entender\u00e1 expirado el t\u00e9rmino de vigencia de la garant\u00eda.<\/li>\n<li>Presente cualquier reclamo antes de retirar la bicicleta de las instalaciones de la Universidad, de lo contrario se entender\u00e1 presentado por fuera de la vigencia de la garant\u00eda; el reclamo le ser\u00e1 resuelto dentro de los 7 d\u00edas h\u00e1biles siguientes a su radicaci\u00f3n.<\/li>\n<\/ul>\t\t\t\t\t\t\t\t<\/div>\n\t\t\t\t<\/div>\n\t\t\t\t<div class=\"elementor-element elementor-element-5aa428c elementor-widget elementor-widget-text-editor\" data-id=\"5aa428c\" data-element_type=\"widget\" data-widget_type=\"text-editor.default\">\n\t\t\t\t<div class=\"elementor-widget-container\">\n\t\t\t\t\t\t\t\t\t<p>En caso de requerir ayuda puedes utilizar lo siguientes canales:<\/p>\t\t\t\t\t\t\t\t<\/div>\n\t\t\t\t<\/div>\n\t\t\t\t<div class=\"elementor-element elementor-element-b5942d3 elementor-icon-list--layout-traditional elementor-list-item-link-full_width elementor-widget elementor-widget-icon-list\" data-id=\"b5942d3\" data-element_type=\"widget\" data-widget_type=\"icon-list.default\">\n\t\t\t\t<div class=\"elementor-widget-container\">\n\t\t\t\t\t\t\t<ul class=\"elementor-icon-list-items\">\n\t\t\t\t\t\t\t<li class=\"elementor-icon-list-item\">\n\t\t\t\t\t\t\t\t\t\t\t<span class=\"elementor-icon-list-icon\">\n\t\t\t\t\t\t\t<svg aria-hidden=\"true\" class=\"e-font-icon-svg e-fas-map-pin\" viewBox=\"0 0 288 512\" xmlns=\"http:\/\/www.w3.org\/2000\/svg\"><path d=\"M112 316.94v156.69l22.02 33.02c4.75 7.12 15.22 7.12 19.97 0L176 473.63V316.94c-10.39 1.92-21.06 3.06-32 3.06s-21.61-1.14-32-3.06zM144 0C64.47 0 0 64.47 0 144s64.47 144 144 144 144-64.47 144-144S223.53 0 144 0zm0 76c-37.5 0-68 30.5-68 68 0 6.62-5.38 12-12 12s-12-5.38-12-12c0-50.73 41.28-92 92-92 6.62 0 12 5.38 12 12s-5.38 12-12 12z\"><\/path><\/svg>\t\t\t\t\t\t<\/span>\n\t\t\t\t\t\t\t\t\t\t<span class=\"elementor-icon-list-text\">Universidad Icesi, Oficina Estacionamiento y Movilidad<\/span>\n\t\t\t\t\t\t\t\t\t<\/li>\n\t\t\t\t\t\t\t\t<li class=\"elementor-icon-list-item\">\n\t\t\t\t\t\t\t\t\t\t\t<span class=\"elementor-icon-list-icon\">\n\t\t\t\t\t\t\t<svg aria-hidden=\"true\" class=\"e-font-icon-svg e-fas-phone\" viewBox=\"0 0 512 512\" xmlns=\"http:\/\/www.w3.org\/2000\/svg\"><path d=\"M493.4 24.6l-104-24c-11.3-2.6-22.9 3.3-27.5 13.9l-48 112c-4.2 9.8-1.4 21.3 6.9 28l60.6 49.6c-36 76.7-98.9 140.5-177.2 177.2l-49.6-60.6c-6.8-8.3-18.2-11.1-28-6.9l-112 48C3.9 366.5-2 378.1.6 389.4l24 104C27.1 504.2 36.7 512 48 512c256.1 0 464-207.5 464-464 0-11.2-7.7-20.9-18.6-23.4z\"><\/path><\/svg>\t\t\t\t\t\t<\/span>\n\t\t\t\t\t\t\t\t\t\t<span class=\"elementor-icon-list-text\">+57 (602) 5552334, extensi\u00f3n 8001<\/span>\n\t\t\t\t\t\t\t\t\t<\/li>\n\t\t\t\t\t\t\t\t<li class=\"elementor-icon-list-item\">\n\t\t\t\t\t\t\t\t\t\t\t<span class=\"elementor-icon-list-icon\">\n\t\t\t\t\t\t\t<svg aria-hidden=\"true\" class=\"e-font-icon-svg e-fas-envelope-open\" viewBox=\"0 0 512 512\" xmlns=\"http:\/\/www.w3.org\/2000\/svg\"><path d=\"M512 464c0 26.51-21.49 48-48 48H48c-26.51 0-48-21.49-48-48V200.724a48 48 0 0 1 18.387-37.776c24.913-19.529 45.501-35.365 164.2-121.511C199.412 29.17 232.797-.347 256 .003c23.198-.354 56.596 29.172 73.413 41.433 118.687 86.137 139.303 101.995 164.2 121.512A48 48 0 0 1 512 200.724V464zm-65.666-196.605c-2.563-3.728-7.7-4.595-11.339-1.907-22.845 16.873-55.462 40.705-105.582 77.079-16.825 12.266-50.21 41.781-73.413 41.43-23.211.344-56.559-29.143-73.413-41.43-50.114-36.37-82.734-60.204-105.582-77.079-3.639-2.688-8.776-1.821-11.339 1.907l-9.072 13.196a7.998 7.998 0 0 0 1.839 10.967c22.887 16.899 55.454 40.69 105.303 76.868 20.274 14.781 56.524 47.813 92.264 47.573 35.724.242 71.961-32.771 92.263-47.573 49.85-36.179 82.418-59.97 105.303-76.868a7.998 7.998 0 0 0 1.839-10.967l-9.071-13.196z\"><\/path><\/svg>\t\t\t\t\t\t<\/span>\n\t\t\t\t\t\t\t\t\t\t<span class=\"elementor-icon-list-text\">parqueadero@icesi.edu.co<\/span>\n\t\t\t\t\t\t\t\t\t<\/li>\n\t\t\t\t\t\t<\/ul>\n\t\t\t\t\t\t<\/div>\n\t\t\t\t<\/div>\n\t\t\t\t\t<\/div>\n\t\t<\/div>\n\t\t\t\t\t<\/div>\n\t\t<\/section>\n\t\t\t\t<\/div>\n\t\t","protected":false},"excerpt":{"rendered":"<p>La Universidad Icesi presta un servicio gratuito de parqueadero y vigilancia para las bicicletas. Por tratarse de un servicio de estacionamiento gratuito, la responsabilidad de la Universidad solo ser\u00e1 en aquellos eventos donde la autoridad competente demuestre dolo o culpa grave y limitada a los da\u00f1os de que sea objeto la bicicleta, incluidos sus anexos [&hellip;]<\/p>\n","protected":false},"author":1,"featured_media":0,"parent":4874,"menu_order":0,"comment_status":"closed","ping_status":"closed","template":"","meta":{"footnotes":""},"class_list":["post-4920","page","type-page","status-publish","hentry"],"yoast_head":"<!-- This site is optimized with the Yoast SEO plugin v26.6 - https:\/\/yoast.com\/wordpress\/plugins\/seo\/ -->\n<title>Reglamento para biciusuarios - Servicios<\/title>\n<meta name=\"robots\" content=\"index, follow, max-snippet:-1, max-image-preview:large, max-video-preview:-1\" \/>\n<link rel=\"canonical\" href=\"https:\/\/www.icesi.edu.co\/servicios\/gerencia-campus\/estacionamiento-y-movilidad\/reglamento-para-biciusuarios\/\" \/>\n<meta property=\"og:locale\" content=\"es_ES\" \/>\n<meta property=\"og:type\" content=\"article\" \/>\n<meta property=\"og:title\" content=\"Reglamento para biciusuarios - Servicios\" \/>\n<meta property=\"og:description\" content=\"La Universidad Icesi presta un servicio gratuito de parqueadero y vigilancia para las bicicletas. Por tratarse de un servicio de estacionamiento gratuito, la responsabilidad de la Universidad solo ser\u00e1 en aquellos eventos donde la autoridad competente demuestre dolo o culpa grave y limitada a los da\u00f1os de que sea objeto la bicicleta, incluidos sus anexos [&hellip;]\" \/>\n<meta property=\"og:url\" content=\"https:\/\/www.icesi.edu.co\/servicios\/gerencia-campus\/estacionamiento-y-movilidad\/reglamento-para-biciusuarios\/\" \/>\n<meta property=\"og:site_name\" content=\"Servicios\" \/>\n<meta property=\"article:modified_time\" content=\"2024-10-30T19:08:18+00:00\" \/>\n<meta name=\"twitter:card\" content=\"summary_large_image\" \/>\n<meta name=\"twitter:label1\" content=\"Tiempo de lectura\" \/>\n\t<meta name=\"twitter:data1\" content=\"2 minutos\" \/>\n<script type=\"application\/ld+json\" class=\"yoast-schema-graph\">{\"@context\":\"https:\/\/schema.org\",\"@graph\":[{\"@type\":\"WebPage\",\"@id\":\"https:\/\/www.icesi.edu.co\/servicios\/gerencia-campus\/estacionamiento-y-movilidad\/reglamento-para-biciusuarios\/\",\"url\":\"https:\/\/www.icesi.edu.co\/servicios\/gerencia-campus\/estacionamiento-y-movilidad\/reglamento-para-biciusuarios\/\",\"name\":\"Reglamento para biciusuarios - Servicios\",\"isPartOf\":{\"@id\":\"https:\/\/www.icesi.edu.co\/servicios\/#website\"},\"datePublished\":\"2024-10-30T19:07:24+00:00\",\"dateModified\":\"2024-10-30T19:08:18+00:00\",\"breadcrumb\":{\"@id\":\"https:\/\/www.icesi.edu.co\/servicios\/gerencia-campus\/estacionamiento-y-movilidad\/reglamento-para-biciusuarios\/#breadcrumb\"},\"inLanguage\":\"es-CO\",\"potentialAction\":[{\"@type\":\"ReadAction\",\"target\":[\"https:\/\/www.icesi.edu.co\/servicios\/gerencia-campus\/estacionamiento-y-movilidad\/reglamento-para-biciusuarios\/\"]}]},{\"@type\":\"BreadcrumbList\",\"@id\":\"https:\/\/www.icesi.edu.co\/servicios\/gerencia-campus\/estacionamiento-y-movilidad\/reglamento-para-biciusuarios\/#breadcrumb\",\"itemListElement\":[{\"@type\":\"ListItem\",\"position\":1,\"name\":\"Inicio\",\"item\":\"https:\/\/www.icesi.edu.co\/servicios\/\"},{\"@type\":\"ListItem\",\"position\":2,\"name\":\"Gerencia de Campus\",\"item\":\"https:\/\/www.icesi.edu.co\/servicios\/gerencia-campus\/\"},{\"@type\":\"ListItem\",\"position\":3,\"name\":\"Estacionamiento y movilidad\",\"item\":\"https:\/\/www.icesi.edu.co\/servicios\/gerencia-campus\/estacionamiento-y-movilidad\/\"},{\"@type\":\"ListItem\",\"position\":4,\"name\":\"Reglamento para biciusuarios\"}]},{\"@type\":\"WebSite\",\"@id\":\"https:\/\/www.icesi.edu.co\/servicios\/#website\",\"url\":\"https:\/\/www.icesi.edu.co\/servicios\/\",\"name\":\"Servicios\",\"description\":\"Sitio de Servicios Universidad ICESI\",\"publisher\":{\"@id\":\"https:\/\/www.icesi.edu.co\/servicios\/#organization\"},\"potentialAction\":[{\"@type\":\"SearchAction\",\"target\":{\"@type\":\"EntryPoint\",\"urlTemplate\":\"https:\/\/www.icesi.edu.co\/servicios\/?s={search_term_string}\"},\"query-input\":{\"@type\":\"PropertyValueSpecification\",\"valueRequired\":true,\"valueName\":\"search_term_string\"}}],\"inLanguage\":\"es-CO\"},{\"@type\":\"Organization\",\"@id\":\"https:\/\/www.icesi.edu.co\/servicios\/#organization\",\"name\":\"Servicios\",\"url\":\"https:\/\/www.icesi.edu.co\/servicios\/\",\"logo\":{\"@type\":\"ImageObject\",\"inLanguage\":\"es-CO\",\"@id\":\"https:\/\/www.icesi.edu.co\/servicios\/#\/schema\/logo\/image\/\",\"url\":\"https:\/\/www.icesi.edu.co\/servicios\/wp-content\/uploads\/2024\/04\/LogoSitio.png\",\"contentUrl\":\"https:\/\/www.icesi.edu.co\/servicios\/wp-content\/uploads\/2024\/04\/LogoSitio.png\",\"width\":223,\"height\":54,\"caption\":\"Servicios\"},\"image\":{\"@id\":\"https:\/\/www.icesi.edu.co\/servicios\/#\/schema\/logo\/image\/\"}}]}<\/script>\n<!-- \/ Yoast SEO plugin. -->","yoast_head_json":{"title":"Reglamento para biciusuarios - Servicios","robots":{"index":"index","follow":"follow","max-snippet":"max-snippet:-1","max-image-preview":"max-image-preview:large","max-video-preview":"max-video-preview:-1"},"canonical":"https:\/\/www.icesi.edu.co\/servicios\/gerencia-campus\/estacionamiento-y-movilidad\/reglamento-para-biciusuarios\/","og_locale":"es_ES","og_type":"article","og_title":"Reglamento para biciusuarios - Servicios","og_description":"La Universidad Icesi presta un servicio gratuito de parqueadero y vigilancia para las bicicletas. Por tratarse de un servicio de estacionamiento gratuito, la responsabilidad de la Universidad solo ser\u00e1 en aquellos eventos donde la autoridad competente demuestre dolo o culpa grave y limitada a los da\u00f1os de que sea objeto la bicicleta, incluidos sus anexos [&hellip;]","og_url":"https:\/\/www.icesi.edu.co\/servicios\/gerencia-campus\/estacionamiento-y-movilidad\/reglamento-para-biciusuarios\/","og_site_name":"Servicios","article_modified_time":"2024-10-30T19:08:18+00:00","twitter_card":"summary_large_image","twitter_misc":{"Tiempo de lectura":"2 minutos"},"schema":{"@context":"https:\/\/schema.org","@graph":[{"@type":"WebPage","@id":"https:\/\/www.icesi.edu.co\/servicios\/gerencia-campus\/estacionamiento-y-movilidad\/reglamento-para-biciusuarios\/","url":"https:\/\/www.icesi.edu.co\/servicios\/gerencia-campus\/estacionamiento-y-movilidad\/reglamento-para-biciusuarios\/","name":"Reglamento para biciusuarios - Servicios","isPartOf":{"@id":"https:\/\/www.icesi.edu.co\/servicios\/#website"},"datePublished":"2024-10-30T19:07:24+00:00","dateModified":"2024-10-30T19:08:18+00:00","breadcrumb":{"@id":"https:\/\/www.icesi.edu.co\/servicios\/gerencia-campus\/estacionamiento-y-movilidad\/reglamento-para-biciusuarios\/#breadcrumb"},"inLanguage":"es-CO","potentialAction":[{"@type":"ReadAction","target":["https:\/\/www.icesi.edu.co\/servicios\/gerencia-campus\/estacionamiento-y-movilidad\/reglamento-para-biciusuarios\/"]}]},{"@type":"BreadcrumbList","@id":"https:\/\/www.icesi.edu.co\/servicios\/gerencia-campus\/estacionamiento-y-movilidad\/reglamento-para-biciusuarios\/#breadcrumb","itemListElement":[{"@type":"ListItem","position":1,"name":"Inicio","item":"https:\/\/www.icesi.edu.co\/servicios\/"},{"@type":"ListItem","position":2,"name":"Gerencia de Campus","item":"https:\/\/www.icesi.edu.co\/servicios\/gerencia-campus\/"},{"@type":"ListItem","position":3,"name":"Estacionamiento y movilidad","item":"https:\/\/www.icesi.edu.co\/servicios\/gerencia-campus\/estacionamiento-y-movilidad\/"},{"@type":"ListItem","position":4,"name":"Reglamento para biciusuarios"}]},{"@type":"WebSite","@id":"https:\/\/www.icesi.edu.co\/servicios\/#website","url":"https:\/\/www.icesi.edu.co\/servicios\/","name":"Servicios","description":"Sitio de Servicios Universidad ICESI","publisher":{"@id":"https:\/\/www.icesi.edu.co\/servicios\/#organization"},"potentialAction":[{"@type":"SearchAction","target":{"@type":"EntryPoint","urlTemplate":"https:\/\/www.icesi.edu.co\/servicios\/?s={search_term_string}"},"query-input":{"@type":"PropertyValueSpecification","valueRequired":true,"valueName":"search_term_string"}}],"inLanguage":"es-CO"},{"@type":"Organization","@id":"https:\/\/www.icesi.edu.co\/servicios\/#organization","name":"Servicios","url":"https:\/\/www.icesi.edu.co\/servicios\/","logo":{"@type":"ImageObject","inLanguage":"es-CO","@id":"https:\/\/www.icesi.edu.co\/servicios\/#\/schema\/logo\/image\/","url":"https:\/\/www.icesi.edu.co\/servicios\/wp-content\/uploads\/2024\/04\/LogoSitio.png","contentUrl":"https:\/\/www.icesi.edu.co\/servicios\/wp-content\/uploads\/2024\/04\/LogoSitio.png","width":223,"height":54,"caption":"Servicios"},"image":{"@id":"https:\/\/www.icesi.edu.co\/servicios\/#\/schema\/logo\/image\/"}}]}},"_links":{"self":[{"href":"https:\/\/www.icesi.edu.co\/servicios\/wp-json\/wp\/v2\/pages\/4920","targetHints":{"allow":["GET"]}}],"collection":[{"href":"https:\/\/www.icesi.edu.co\/servicios\/wp-json\/wp\/v2\/pages"}],"about":[{"href":"https:\/\/www.icesi.edu.co\/servicios\/wp-json\/wp\/v2\/types\/page"}],"author":[{"embeddable":true,"href":"https:\/\/www.icesi.edu.co\/servicios\/wp-json\/wp\/v2\/users\/1"}],"replies":[{"embeddable":true,"href":"https:\/\/www.icesi.edu.co\/servicios\/wp-json\/wp\/v2\/comments?post=4920"}],"version-history":[{"count":4,"href":"https:\/\/www.icesi.edu.co\/servicios\/wp-json\/wp\/v2\/pages\/4920\/revisions"}],"predecessor-version":[{"id":4924,"href":"https:\/\/www.icesi.edu.co\/servicios\/wp-json\/wp\/v2\/pages\/4920\/revisions\/4924"}],"up":[{"embeddable":true,"href":"https:\/\/www.icesi.edu.co\/servicios\/wp-json\/wp\/v2\/pages\/4874"}],"wp:attachment":[{"href":"https:\/\/www.icesi.edu.co\/servicios\/wp-json\/wp\/v2\/media?parent=4920"}],"curies":[{"name":"wp","href":"https:\/\/api.w.org\/{rel}","templated":true}]}}