{"id":5081,"date":"2024-11-19T15:00:45","date_gmt":"2024-11-19T20:00:45","guid":{"rendered":"https:\/\/www.icesi.edu.co\/servicios\/?page_id=5081"},"modified":"2024-11-19T17:45:51","modified_gmt":"2024-11-19T22:45:51","slug":"grupos-de-trabajo","status":"publish","type":"page","link":"https:\/\/www.icesi.edu.co\/servicios\/grupos-de-trabajo\/","title":{"rendered":"Grupos de trabajo"},"content":{"rendered":"\t\t<div data-elementor-type=\"wp-page\" data-elementor-id=\"5081\" class=\"elementor elementor-5081\">\n\t\t\t\t\t\t<section class=\"elementor-section elementor-top-section elementor-element elementor-element-0bc12ec elementor-section-boxed elementor-section-height-default elementor-section-height-default\" data-id=\"0bc12ec\" data-element_type=\"section\" data-settings=\"{&quot;background_background&quot;:&quot;classic&quot;}\">\n\t\t\t\t\t\t\t<div class=\"elementor-background-overlay\"><\/div>\n\t\t\t\t\t\t\t<div class=\"elementor-container elementor-column-gap-default\">\n\t\t\t\t\t<div class=\"elementor-column elementor-col-100 elementor-top-column elementor-element elementor-element-c63507c\" data-id=\"c63507c\" data-element_type=\"column\" data-settings=\"{&quot;background_background&quot;:&quot;classic&quot;}\">\n\t\t\t<div class=\"elementor-widget-wrap elementor-element-populated\">\n\t\t\t\t\t\t<div class=\"elementor-element elementor-element-4f068b9 elementor-widget elementor-widget-text-editor\" data-id=\"4f068b9\" data-element_type=\"widget\" data-widget_type=\"text-editor.default\">\n\t\t\t\t<div class=\"elementor-widget-container\">\n\t\t\t\t\t\t\t\t\t<p>La Direcci\u00f3n de Servicios y Recursos de Informaci\u00f3n cuenta con 8 grupos de trabajo interdisciplinarios. Los grupos tienen como objetivo el estructurar y coordinar las actividades del trabajo colaborativo de todas las oficinas que conforman la Direcci\u00f3n, y brindar apoyo a las \u00e1reas acad\u00e9micas y administrativas con el desarrollo de proyectos y evaluaci\u00f3n de nuevas tecnolog\u00edas de apoyo.<\/p><p>Los grupos de trabajo de la Direcci\u00f3n Syri son los siguientes:<\/p><p><a href=\"\/servicios\/gcom\/\"><strong>GCOM<\/strong>\u00a0<\/a>Grupo de comunicaciones<\/p><p><a href=\"\/servicios\/gint\/\"><strong>GINT<\/strong>\u00a0<\/a>Grupo de Implementaci\u00f3n de Nuevas Tecnolog\u00edas<\/p><p><a href=\"\/servicios\/gpmc\/\"><strong>GPMC<\/strong><\/a>\u00a0Grupo de Planeaci\u00f3n Estrat\u00e9gica y Mejoramiento Continuo<\/p><p><a href=\"\/servicios\/gsop\/\"><strong>GSOP<\/strong>\u00a0<\/a>Grupo de Soporte<\/p><p><a href=\"\/servicios\/gbp\/\"><strong>GBP<\/strong>\u00a0<\/a>Grupo de Buenas Pr\u00e1cticas<\/p><p><a href=\"\/servicios\/sepg\/\"><strong>SEPG<\/strong>\u00a0<\/a>Grupo de Procesos de Ingenier\u00eda de Software<\/p><p><strong>PMO<\/strong>\u00a0Oficina de Gesti\u00f3n de Proyectos<\/p><p>Para mayor informaci\u00f3n, puede contactarnos a nuestras l\u00edneas de soportes:<br \/>Tel\u00e9fono: (+57) (2) 5552334 \u2013 Extensiones: 4200-4300-4400-4500<br \/>O enviarnos un mensaje al correo electr\u00f3nico: servicios-icesi@listas.icesi.edu.co<\/p>\t\t\t\t\t\t\t\t<\/div>\n\t\t\t\t<\/div>\n\t\t\t\t\t<\/div>\n\t\t<\/div>\n\t\t\t\t\t<\/div>\n\t\t<\/section>\n\t\t\t\t<\/div>\n\t\t","protected":false},"excerpt":{"rendered":"<p>La Direcci\u00f3n de Servicios y Recursos de Informaci\u00f3n cuenta con 8 grupos de trabajo interdisciplinarios. Los grupos tienen como objetivo el estructurar y coordinar las actividades del trabajo colaborativo de todas las oficinas que conforman la Direcci\u00f3n, y brindar apoyo a las \u00e1reas acad\u00e9micas y administrativas con el desarrollo de proyectos y evaluaci\u00f3n de nuevas [&hellip;]<\/p>\n","protected":false},"author":1,"featured_media":0,"parent":0,"menu_order":0,"comment_status":"closed","ping_status":"closed","template":"","meta":{"footnotes":""},"class_list":["post-5081","page","type-page","status-publish","hentry"],"yoast_head":"<!-- This site is optimized with the Yoast SEO plugin v26.6 - https:\/\/yoast.com\/wordpress\/plugins\/seo\/ -->\n<title>Grupos de trabajo - Servicios<\/title>\n<meta name=\"robots\" content=\"index, follow, max-snippet:-1, max-image-preview:large, max-video-preview:-1\" \/>\n<link rel=\"canonical\" href=\"https:\/\/www.icesi.edu.co\/servicios\/grupos-de-trabajo\/\" \/>\n<meta property=\"og:locale\" content=\"es_ES\" \/>\n<meta property=\"og:type\" content=\"article\" \/>\n<meta property=\"og:title\" content=\"Grupos de trabajo - Servicios\" \/>\n<meta property=\"og:description\" content=\"La Direcci\u00f3n de Servicios y Recursos de Informaci\u00f3n cuenta con 8 grupos de trabajo interdisciplinarios. Los grupos tienen como objetivo el estructurar y coordinar las actividades del trabajo colaborativo de todas las oficinas que conforman la Direcci\u00f3n, y brindar apoyo a las \u00e1reas acad\u00e9micas y administrativas con el desarrollo de proyectos y evaluaci\u00f3n de nuevas [&hellip;]\" \/>\n<meta property=\"og:url\" content=\"https:\/\/www.icesi.edu.co\/servicios\/grupos-de-trabajo\/\" \/>\n<meta property=\"og:site_name\" content=\"Servicios\" \/>\n<meta property=\"article:modified_time\" content=\"2024-11-19T22:45:51+00:00\" \/>\n<meta name=\"twitter:card\" content=\"summary_large_image\" \/>\n<meta name=\"twitter:label1\" content=\"Tiempo de lectura\" \/>\n\t<meta name=\"twitter:data1\" content=\"1 minuto\" \/>\n<script type=\"application\/ld+json\" class=\"yoast-schema-graph\">{\"@context\":\"https:\/\/schema.org\",\"@graph\":[{\"@type\":\"WebPage\",\"@id\":\"https:\/\/www.icesi.edu.co\/servicios\/grupos-de-trabajo\/\",\"url\":\"https:\/\/www.icesi.edu.co\/servicios\/grupos-de-trabajo\/\",\"name\":\"Grupos de trabajo - Servicios\",\"isPartOf\":{\"@id\":\"https:\/\/www.icesi.edu.co\/servicios\/#website\"},\"datePublished\":\"2024-11-19T20:00:45+00:00\",\"dateModified\":\"2024-11-19T22:45:51+00:00\",\"breadcrumb\":{\"@id\":\"https:\/\/www.icesi.edu.co\/servicios\/grupos-de-trabajo\/#breadcrumb\"},\"inLanguage\":\"es-CO\",\"potentialAction\":[{\"@type\":\"ReadAction\",\"target\":[\"https:\/\/www.icesi.edu.co\/servicios\/grupos-de-trabajo\/\"]}]},{\"@type\":\"BreadcrumbList\",\"@id\":\"https:\/\/www.icesi.edu.co\/servicios\/grupos-de-trabajo\/#breadcrumb\",\"itemListElement\":[{\"@type\":\"ListItem\",\"position\":1,\"name\":\"Inicio\",\"item\":\"https:\/\/www.icesi.edu.co\/servicios\/\"},{\"@type\":\"ListItem\",\"position\":2,\"name\":\"Grupos de trabajo\"}]},{\"@type\":\"WebSite\",\"@id\":\"https:\/\/www.icesi.edu.co\/servicios\/#website\",\"url\":\"https:\/\/www.icesi.edu.co\/servicios\/\",\"name\":\"Servicios\",\"description\":\"Sitio de Servicios Universidad ICESI\",\"publisher\":{\"@id\":\"https:\/\/www.icesi.edu.co\/servicios\/#organization\"},\"potentialAction\":[{\"@type\":\"SearchAction\",\"target\":{\"@type\":\"EntryPoint\",\"urlTemplate\":\"https:\/\/www.icesi.edu.co\/servicios\/?s={search_term_string}\"},\"query-input\":{\"@type\":\"PropertyValueSpecification\",\"valueRequired\":true,\"valueName\":\"search_term_string\"}}],\"inLanguage\":\"es-CO\"},{\"@type\":\"Organization\",\"@id\":\"https:\/\/www.icesi.edu.co\/servicios\/#organization\",\"name\":\"Servicios\",\"url\":\"https:\/\/www.icesi.edu.co\/servicios\/\",\"logo\":{\"@type\":\"ImageObject\",\"inLanguage\":\"es-CO\",\"@id\":\"https:\/\/www.icesi.edu.co\/servicios\/#\/schema\/logo\/image\/\",\"url\":\"https:\/\/www.icesi.edu.co\/servicios\/wp-content\/uploads\/2024\/04\/LogoSitio.png\",\"contentUrl\":\"https:\/\/www.icesi.edu.co\/servicios\/wp-content\/uploads\/2024\/04\/LogoSitio.png\",\"width\":223,\"height\":54,\"caption\":\"Servicios\"},\"image\":{\"@id\":\"https:\/\/www.icesi.edu.co\/servicios\/#\/schema\/logo\/image\/\"}}]}<\/script>\n<!-- \/ Yoast SEO plugin. -->","yoast_head_json":{"title":"Grupos de trabajo - Servicios","robots":{"index":"index","follow":"follow","max-snippet":"max-snippet:-1","max-image-preview":"max-image-preview:large","max-video-preview":"max-video-preview:-1"},"canonical":"https:\/\/www.icesi.edu.co\/servicios\/grupos-de-trabajo\/","og_locale":"es_ES","og_type":"article","og_title":"Grupos de trabajo - Servicios","og_description":"La Direcci\u00f3n de Servicios y Recursos de Informaci\u00f3n cuenta con 8 grupos de trabajo interdisciplinarios. Los grupos tienen como objetivo el estructurar y coordinar las actividades del trabajo colaborativo de todas las oficinas que conforman la Direcci\u00f3n, y brindar apoyo a las \u00e1reas acad\u00e9micas y administrativas con el desarrollo de proyectos y evaluaci\u00f3n de nuevas [&hellip;]","og_url":"https:\/\/www.icesi.edu.co\/servicios\/grupos-de-trabajo\/","og_site_name":"Servicios","article_modified_time":"2024-11-19T22:45:51+00:00","twitter_card":"summary_large_image","twitter_misc":{"Tiempo de lectura":"1 minuto"},"schema":{"@context":"https:\/\/schema.org","@graph":[{"@type":"WebPage","@id":"https:\/\/www.icesi.edu.co\/servicios\/grupos-de-trabajo\/","url":"https:\/\/www.icesi.edu.co\/servicios\/grupos-de-trabajo\/","name":"Grupos de trabajo - Servicios","isPartOf":{"@id":"https:\/\/www.icesi.edu.co\/servicios\/#website"},"datePublished":"2024-11-19T20:00:45+00:00","dateModified":"2024-11-19T22:45:51+00:00","breadcrumb":{"@id":"https:\/\/www.icesi.edu.co\/servicios\/grupos-de-trabajo\/#breadcrumb"},"inLanguage":"es-CO","potentialAction":[{"@type":"ReadAction","target":["https:\/\/www.icesi.edu.co\/servicios\/grupos-de-trabajo\/"]}]},{"@type":"BreadcrumbList","@id":"https:\/\/www.icesi.edu.co\/servicios\/grupos-de-trabajo\/#breadcrumb","itemListElement":[{"@type":"ListItem","position":1,"name":"Inicio","item":"https:\/\/www.icesi.edu.co\/servicios\/"},{"@type":"ListItem","position":2,"name":"Grupos de trabajo"}]},{"@type":"WebSite","@id":"https:\/\/www.icesi.edu.co\/servicios\/#website","url":"https:\/\/www.icesi.edu.co\/servicios\/","name":"Servicios","description":"Sitio de Servicios Universidad ICESI","publisher":{"@id":"https:\/\/www.icesi.edu.co\/servicios\/#organization"},"potentialAction":[{"@type":"SearchAction","target":{"@type":"EntryPoint","urlTemplate":"https:\/\/www.icesi.edu.co\/servicios\/?s={search_term_string}"},"query-input":{"@type":"PropertyValueSpecification","valueRequired":true,"valueName":"search_term_string"}}],"inLanguage":"es-CO"},{"@type":"Organization","@id":"https:\/\/www.icesi.edu.co\/servicios\/#organization","name":"Servicios","url":"https:\/\/www.icesi.edu.co\/servicios\/","logo":{"@type":"ImageObject","inLanguage":"es-CO","@id":"https:\/\/www.icesi.edu.co\/servicios\/#\/schema\/logo\/image\/","url":"https:\/\/www.icesi.edu.co\/servicios\/wp-content\/uploads\/2024\/04\/LogoSitio.png","contentUrl":"https:\/\/www.icesi.edu.co\/servicios\/wp-content\/uploads\/2024\/04\/LogoSitio.png","width":223,"height":54,"caption":"Servicios"},"image":{"@id":"https:\/\/www.icesi.edu.co\/servicios\/#\/schema\/logo\/image\/"}}]}},"_links":{"self":[{"href":"https:\/\/www.icesi.edu.co\/servicios\/wp-json\/wp\/v2\/pages\/5081","targetHints":{"allow":["GET"]}}],"collection":[{"href":"https:\/\/www.icesi.edu.co\/servicios\/wp-json\/wp\/v2\/pages"}],"about":[{"href":"https:\/\/www.icesi.edu.co\/servicios\/wp-json\/wp\/v2\/types\/page"}],"author":[{"embeddable":true,"href":"https:\/\/www.icesi.edu.co\/servicios\/wp-json\/wp\/v2\/users\/1"}],"replies":[{"embeddable":true,"href":"https:\/\/www.icesi.edu.co\/servicios\/wp-json\/wp\/v2\/comments?post=5081"}],"version-history":[{"count":10,"href":"https:\/\/www.icesi.edu.co\/servicios\/wp-json\/wp\/v2\/pages\/5081\/revisions"}],"predecessor-version":[{"id":5218,"href":"https:\/\/www.icesi.edu.co\/servicios\/wp-json\/wp\/v2\/pages\/5081\/revisions\/5218"}],"wp:attachment":[{"href":"https:\/\/www.icesi.edu.co\/servicios\/wp-json\/wp\/v2\/media?parent=5081"}],"curies":[{"name":"wp","href":"https:\/\/api.w.org\/{rel}","templated":true}]}}