{"id":5097,"date":"2024-11-19T15:04:49","date_gmt":"2024-11-19T20:04:49","guid":{"rendered":"https:\/\/www.icesi.edu.co\/servicios\/?page_id=5097"},"modified":"2024-11-25T16:31:10","modified_gmt":"2024-11-25T21:31:10","slug":"comites","status":"publish","type":"page","link":"https:\/\/www.icesi.edu.co\/servicios\/comites\/","title":{"rendered":"Comit\u00e9s"},"content":{"rendered":"\t\t<div data-elementor-type=\"wp-page\" data-elementor-id=\"5097\" class=\"elementor elementor-5097\">\n\t\t\t\t\t\t<section class=\"elementor-section elementor-top-section elementor-element elementor-element-0bc12ec elementor-section-boxed elementor-section-height-default elementor-section-height-default\" data-id=\"0bc12ec\" data-element_type=\"section\" data-settings=\"{&quot;background_background&quot;:&quot;classic&quot;}\">\n\t\t\t\t\t\t\t<div class=\"elementor-background-overlay\"><\/div>\n\t\t\t\t\t\t\t<div class=\"elementor-container elementor-column-gap-default\">\n\t\t\t\t\t<div class=\"elementor-column elementor-col-100 elementor-top-column elementor-element elementor-element-c63507c\" data-id=\"c63507c\" data-element_type=\"column\" data-settings=\"{&quot;background_background&quot;:&quot;classic&quot;}\">\n\t\t\t<div class=\"elementor-widget-wrap elementor-element-populated\">\n\t\t\t\t\t\t<div class=\"elementor-element elementor-element-4f068b9 elementor-widget elementor-widget-text-editor\" data-id=\"4f068b9\" data-element_type=\"widget\" data-widget_type=\"text-editor.default\">\n\t\t\t\t<div class=\"elementor-widget-container\">\n\t\t\t\t\t\t\t\t\t<p>La Direcci\u00f3n de Servicios y Recursos de Informaci\u00f3n tiene participaci\u00f3n, principalmente, en 4 comit\u00e9s institucionales. Los comit\u00e9s tiene como objetivo revisar y crear pol\u00edticas para el mejor funcionamiento de los procesos y \u00e1reas a cargo.<\/p><ul><li>Comites SYRI<\/li><li><a href=\"\/servicios\/comite-web\/\">Comit\u00e9 Web<\/a><\/li><li><a href=\"\/servicios\/comite-compras-t-i\/\">Comit\u00e9 Compras T.I.<\/a><\/li><li><a href=\"\/servicios\/comite-de-biblioteca\/\">Comit\u00e9 de Biblioteca<\/a><\/li><li><a href=\"\/servicios\/comite-de-procesos-institucionales\/\">Comit\u00e9 de Procesos Institucionales<\/a><\/li><li><a href=\"\/servicios\/comite-de-seguridad-de-la-informacion\/\">Comit\u00e9 de Seguridad de la Informaci\u00f3<\/a>n<\/li><\/ul><p>Para mayor informaci\u00f3n, puede contactarnos a nuestras l\u00edneas de soportes:<br \/>Tel\u00e9fono: (+57) (2) 5552334 \u2013 Extensiones: 4200-4300-4400-4500<br \/>O enviarnos un mensaje al correo electr\u00f3nico: servicios-icesi@listas.icesi.edu.co<\/p>\t\t\t\t\t\t\t\t<\/div>\n\t\t\t\t<\/div>\n\t\t\t\t\t<\/div>\n\t\t<\/div>\n\t\t\t\t\t<\/div>\n\t\t<\/section>\n\t\t\t\t<\/div>\n\t\t","protected":false},"excerpt":{"rendered":"<p>La Direcci\u00f3n de Servicios y Recursos de Informaci\u00f3n tiene participaci\u00f3n, principalmente, en 4 comit\u00e9s institucionales. Los comit\u00e9s tiene como objetivo revisar y crear pol\u00edticas para el mejor funcionamiento de los procesos y \u00e1reas a cargo. Comites SYRI Comit\u00e9 Web Comit\u00e9 Compras T.I. Comit\u00e9 de Biblioteca Comit\u00e9 de Procesos Institucionales Comit\u00e9 de Seguridad de la Informaci\u00f3n [&hellip;]<\/p>\n","protected":false},"author":1,"featured_media":0,"parent":0,"menu_order":0,"comment_status":"closed","ping_status":"closed","template":"","meta":{"footnotes":""},"class_list":["post-5097","page","type-page","status-publish","hentry"],"yoast_head":"<!-- This site is optimized with the Yoast SEO plugin v26.6 - https:\/\/yoast.com\/wordpress\/plugins\/seo\/ -->\n<title>Comit\u00e9s - Servicios<\/title>\n<meta name=\"robots\" content=\"index, follow, max-snippet:-1, max-image-preview:large, max-video-preview:-1\" \/>\n<link rel=\"canonical\" href=\"https:\/\/www.icesi.edu.co\/servicios\/comites\/\" \/>\n<meta property=\"og:locale\" content=\"es_ES\" \/>\n<meta property=\"og:type\" content=\"article\" \/>\n<meta property=\"og:title\" content=\"Comit\u00e9s - Servicios\" \/>\n<meta property=\"og:description\" content=\"La Direcci\u00f3n de Servicios y Recursos de Informaci\u00f3n tiene participaci\u00f3n, principalmente, en 4 comit\u00e9s institucionales. Los comit\u00e9s tiene como objetivo revisar y crear pol\u00edticas para el mejor funcionamiento de los procesos y \u00e1reas a cargo. Comites SYRI Comit\u00e9 Web Comit\u00e9 Compras T.I. Comit\u00e9 de Biblioteca Comit\u00e9 de Procesos Institucionales Comit\u00e9 de Seguridad de la Informaci\u00f3n [&hellip;]\" \/>\n<meta property=\"og:url\" content=\"https:\/\/www.icesi.edu.co\/servicios\/comites\/\" \/>\n<meta property=\"og:site_name\" content=\"Servicios\" \/>\n<meta property=\"article:modified_time\" content=\"2024-11-25T21:31:10+00:00\" \/>\n<meta name=\"twitter:card\" content=\"summary_large_image\" \/>\n<meta name=\"twitter:label1\" content=\"Tiempo de lectura\" \/>\n\t<meta name=\"twitter:data1\" content=\"1 minuto\" \/>\n<script type=\"application\/ld+json\" class=\"yoast-schema-graph\">{\"@context\":\"https:\/\/schema.org\",\"@graph\":[{\"@type\":\"WebPage\",\"@id\":\"https:\/\/www.icesi.edu.co\/servicios\/comites\/\",\"url\":\"https:\/\/www.icesi.edu.co\/servicios\/comites\/\",\"name\":\"Comit\u00e9s - Servicios\",\"isPartOf\":{\"@id\":\"https:\/\/www.icesi.edu.co\/servicios\/#website\"},\"datePublished\":\"2024-11-19T20:04:49+00:00\",\"dateModified\":\"2024-11-25T21:31:10+00:00\",\"breadcrumb\":{\"@id\":\"https:\/\/www.icesi.edu.co\/servicios\/comites\/#breadcrumb\"},\"inLanguage\":\"es-CO\",\"potentialAction\":[{\"@type\":\"ReadAction\",\"target\":[\"https:\/\/www.icesi.edu.co\/servicios\/comites\/\"]}]},{\"@type\":\"BreadcrumbList\",\"@id\":\"https:\/\/www.icesi.edu.co\/servicios\/comites\/#breadcrumb\",\"itemListElement\":[{\"@type\":\"ListItem\",\"position\":1,\"name\":\"Inicio\",\"item\":\"https:\/\/www.icesi.edu.co\/servicios\/\"},{\"@type\":\"ListItem\",\"position\":2,\"name\":\"Comit\u00e9s\"}]},{\"@type\":\"WebSite\",\"@id\":\"https:\/\/www.icesi.edu.co\/servicios\/#website\",\"url\":\"https:\/\/www.icesi.edu.co\/servicios\/\",\"name\":\"Servicios\",\"description\":\"Sitio de Servicios Universidad ICESI\",\"publisher\":{\"@id\":\"https:\/\/www.icesi.edu.co\/servicios\/#organization\"},\"potentialAction\":[{\"@type\":\"SearchAction\",\"target\":{\"@type\":\"EntryPoint\",\"urlTemplate\":\"https:\/\/www.icesi.edu.co\/servicios\/?s={search_term_string}\"},\"query-input\":{\"@type\":\"PropertyValueSpecification\",\"valueRequired\":true,\"valueName\":\"search_term_string\"}}],\"inLanguage\":\"es-CO\"},{\"@type\":\"Organization\",\"@id\":\"https:\/\/www.icesi.edu.co\/servicios\/#organization\",\"name\":\"Servicios\",\"url\":\"https:\/\/www.icesi.edu.co\/servicios\/\",\"logo\":{\"@type\":\"ImageObject\",\"inLanguage\":\"es-CO\",\"@id\":\"https:\/\/www.icesi.edu.co\/servicios\/#\/schema\/logo\/image\/\",\"url\":\"https:\/\/www.icesi.edu.co\/servicios\/wp-content\/uploads\/2024\/04\/LogoSitio.png\",\"contentUrl\":\"https:\/\/www.icesi.edu.co\/servicios\/wp-content\/uploads\/2024\/04\/LogoSitio.png\",\"width\":223,\"height\":54,\"caption\":\"Servicios\"},\"image\":{\"@id\":\"https:\/\/www.icesi.edu.co\/servicios\/#\/schema\/logo\/image\/\"}}]}<\/script>\n<!-- \/ Yoast SEO plugin. -->","yoast_head_json":{"title":"Comit\u00e9s - Servicios","robots":{"index":"index","follow":"follow","max-snippet":"max-snippet:-1","max-image-preview":"max-image-preview:large","max-video-preview":"max-video-preview:-1"},"canonical":"https:\/\/www.icesi.edu.co\/servicios\/comites\/","og_locale":"es_ES","og_type":"article","og_title":"Comit\u00e9s - Servicios","og_description":"La Direcci\u00f3n de Servicios y Recursos de Informaci\u00f3n tiene participaci\u00f3n, principalmente, en 4 comit\u00e9s institucionales. Los comit\u00e9s tiene como objetivo revisar y crear pol\u00edticas para el mejor funcionamiento de los procesos y \u00e1reas a cargo. Comites SYRI Comit\u00e9 Web Comit\u00e9 Compras T.I. Comit\u00e9 de Biblioteca Comit\u00e9 de Procesos Institucionales Comit\u00e9 de Seguridad de la Informaci\u00f3n [&hellip;]","og_url":"https:\/\/www.icesi.edu.co\/servicios\/comites\/","og_site_name":"Servicios","article_modified_time":"2024-11-25T21:31:10+00:00","twitter_card":"summary_large_image","twitter_misc":{"Tiempo de lectura":"1 minuto"},"schema":{"@context":"https:\/\/schema.org","@graph":[{"@type":"WebPage","@id":"https:\/\/www.icesi.edu.co\/servicios\/comites\/","url":"https:\/\/www.icesi.edu.co\/servicios\/comites\/","name":"Comit\u00e9s - Servicios","isPartOf":{"@id":"https:\/\/www.icesi.edu.co\/servicios\/#website"},"datePublished":"2024-11-19T20:04:49+00:00","dateModified":"2024-11-25T21:31:10+00:00","breadcrumb":{"@id":"https:\/\/www.icesi.edu.co\/servicios\/comites\/#breadcrumb"},"inLanguage":"es-CO","potentialAction":[{"@type":"ReadAction","target":["https:\/\/www.icesi.edu.co\/servicios\/comites\/"]}]},{"@type":"BreadcrumbList","@id":"https:\/\/www.icesi.edu.co\/servicios\/comites\/#breadcrumb","itemListElement":[{"@type":"ListItem","position":1,"name":"Inicio","item":"https:\/\/www.icesi.edu.co\/servicios\/"},{"@type":"ListItem","position":2,"name":"Comit\u00e9s"}]},{"@type":"WebSite","@id":"https:\/\/www.icesi.edu.co\/servicios\/#website","url":"https:\/\/www.icesi.edu.co\/servicios\/","name":"Servicios","description":"Sitio de Servicios Universidad ICESI","publisher":{"@id":"https:\/\/www.icesi.edu.co\/servicios\/#organization"},"potentialAction":[{"@type":"SearchAction","target":{"@type":"EntryPoint","urlTemplate":"https:\/\/www.icesi.edu.co\/servicios\/?s={search_term_string}"},"query-input":{"@type":"PropertyValueSpecification","valueRequired":true,"valueName":"search_term_string"}}],"inLanguage":"es-CO"},{"@type":"Organization","@id":"https:\/\/www.icesi.edu.co\/servicios\/#organization","name":"Servicios","url":"https:\/\/www.icesi.edu.co\/servicios\/","logo":{"@type":"ImageObject","inLanguage":"es-CO","@id":"https:\/\/www.icesi.edu.co\/servicios\/#\/schema\/logo\/image\/","url":"https:\/\/www.icesi.edu.co\/servicios\/wp-content\/uploads\/2024\/04\/LogoSitio.png","contentUrl":"https:\/\/www.icesi.edu.co\/servicios\/wp-content\/uploads\/2024\/04\/LogoSitio.png","width":223,"height":54,"caption":"Servicios"},"image":{"@id":"https:\/\/www.icesi.edu.co\/servicios\/#\/schema\/logo\/image\/"}}]}},"_links":{"self":[{"href":"https:\/\/www.icesi.edu.co\/servicios\/wp-json\/wp\/v2\/pages\/5097","targetHints":{"allow":["GET"]}}],"collection":[{"href":"https:\/\/www.icesi.edu.co\/servicios\/wp-json\/wp\/v2\/pages"}],"about":[{"href":"https:\/\/www.icesi.edu.co\/servicios\/wp-json\/wp\/v2\/types\/page"}],"author":[{"embeddable":true,"href":"https:\/\/www.icesi.edu.co\/servicios\/wp-json\/wp\/v2\/users\/1"}],"replies":[{"embeddable":true,"href":"https:\/\/www.icesi.edu.co\/servicios\/wp-json\/wp\/v2\/comments?post=5097"}],"version-history":[{"count":7,"href":"https:\/\/www.icesi.edu.co\/servicios\/wp-json\/wp\/v2\/pages\/5097\/revisions"}],"predecessor-version":[{"id":5274,"href":"https:\/\/www.icesi.edu.co\/servicios\/wp-json\/wp\/v2\/pages\/5097\/revisions\/5274"}],"wp:attachment":[{"href":"https:\/\/www.icesi.edu.co\/servicios\/wp-json\/wp\/v2\/media?parent=5097"}],"curies":[{"name":"wp","href":"https:\/\/api.w.org\/{rel}","templated":true}]}}