{"id":5133,"date":"2024-11-19T15:18:04","date_gmt":"2024-11-19T20:18:04","guid":{"rendered":"https:\/\/www.icesi.edu.co\/servicios\/?page_id=5133"},"modified":"2024-11-25T16:32:52","modified_gmt":"2024-11-25T21:32:52","slug":"desarrollo-de-sistemas","status":"publish","type":"page","link":"https:\/\/www.icesi.edu.co\/servicios\/desarrollo-de-sistemas\/","title":{"rendered":"Desarrollo de sistemas"},"content":{"rendered":"\t\t<div data-elementor-type=\"wp-page\" data-elementor-id=\"5133\" class=\"elementor elementor-5133\">\n\t\t\t\t\t\t<section class=\"elementor-section elementor-top-section elementor-element elementor-element-0bc12ec elementor-section-boxed elementor-section-height-default elementor-section-height-default\" data-id=\"0bc12ec\" data-element_type=\"section\" data-settings=\"{&quot;background_background&quot;:&quot;classic&quot;}\">\n\t\t\t\t\t\t\t<div class=\"elementor-background-overlay\"><\/div>\n\t\t\t\t\t\t\t<div class=\"elementor-container elementor-column-gap-default\">\n\t\t\t\t\t<div class=\"elementor-column elementor-col-100 elementor-top-column elementor-element elementor-element-c63507c\" data-id=\"c63507c\" data-element_type=\"column\" data-settings=\"{&quot;background_background&quot;:&quot;classic&quot;}\">\n\t\t\t<div class=\"elementor-widget-wrap elementor-element-populated\">\n\t\t\t\t\t\t<div class=\"elementor-element elementor-element-4f068b9 elementor-widget elementor-widget-text-editor\" data-id=\"4f068b9\" data-element_type=\"widget\" data-widget_type=\"text-editor.default\">\n\t\t\t\t<div class=\"elementor-widget-container\">\n\t\t\t\t\t\t\t\t\t<h4><b><span lang=\"ES\">Prop\u00f3sito de la oficina<\/span><\/b><b><\/b><\/h4><p>Desarrollar e implementar los procesos para el desarrollo de nuevos sistemas de informaci\u00f3n, para el mantenimiento de los sistemas de informaci\u00f3n en producci\u00f3n y para la asesor\u00eda en la compra de nuevos sistemas de informaci\u00f3n, de acuerdo con la metodolog\u00eda definida por la Direcci\u00f3n de Servicios y Recursos de Informaci\u00f3n (SYRI), los lineamientos propios de Desarrollo de Sistemas y los acuerdos de nivel de servicio (ANS), para ofrecer a la comunidad sistemas de informaci\u00f3n de alta calidad.<\/p><h4><strong>Objetivos espec\u00edficos<\/strong><\/h4><ol><li>Prestar el debido soporte para todas las aplicaciones que fueron desarrolladas por la oficina y que se encuentran actualmente funcionando.<\/li><li>Realizar un proceso completo de desarrollo de aplicaciones de software para la universidad Icesi que cumpla con los est\u00e1ndares mundialmente aceptados en ingenier\u00eda de software.<\/li><li>Proponer soluciones de software que satisfagan nuevas necesidades y problemas descubiertos por la oficina en la universidad Icesi.<\/li><li>Indagar nuevas tecnolog\u00edas y pr\u00e1cticas de desarrollo de aplicaciones.<\/li><\/ol><h4><strong>Objetivos estrat\u00e9gicos<\/strong><\/h4><ul><li>OBJINST 4. CALIDAD DE LOS PROCESOS INSTITUCIONALES<ul><li>4.1. Asegurar la oportunidad y satisfacci\u00f3n en la prestaci\u00f3n de los servicios a cargo de Syri y la disponibilidad de los recursos<\/li><\/ul><\/li><\/ul><ul><li>2. Asegurar un portafolio de servicios y recursos de informaci\u00f3n alineado con las necesidades de la universidad.<ul><li>4. Asegurar el cumplimiento de las propuestas de mejora internas de Syri<\/li><\/ul><\/li><\/ul><ul><li>OBJINST 5. PROFESORES Y COLABORADORES<\/li><\/ul><ul><li>1. Asegurar el cumplimiento del plan de capacitaci\u00f3n definido en el proceso de gesti\u00f3n del desempe\u00f1o y para el desarrollo del colaborador<\/li><\/ul><ul><li>OBJINST 6. VIABILIDAD<ul><li>1. Asegurar que la ejecuci\u00f3n presupuestal no supere los valores aprobados<\/li><\/ul><\/li><\/ul><h4><strong>Servicios<\/strong><\/h4><ul><li>Capacitaci\u00f3n desarrollo<\/li><li>Desarrollo de software<\/li><li>Evaluaci\u00f3n y selecci\u00f3n de software<\/li><li>Soporte desarrollo<\/li><\/ul><h4><strong>Recursos<\/strong><\/h4><ul><li>Olib \u2013 Biblioteca<\/li><li>Olib \u2013 Audiovisuales<\/li><li>Dspace<\/li><li>CRM-Recruiter<\/li><li>Gesti\u00f3n de Eventos<\/li><li>OJS \u2013 Gesti\u00f3n de revistas<\/li><li>Mantis \u2013 Capsi<\/li><li>Mantis \u2013 Consultorio jur\u00eddico<\/li><li>Mantis \u2013 Bit\u00e1cora estudiantes (BU)<\/li><li>Mantis \u2013 Buz\u00f3n de sugerencias (EDC)<\/li><li>Mantis \u2013 Hist\u00f3rico<\/li><li>Mantis \u2013 Solicitud servicios (SGS)<\/li><li>Formato de salas horario adicional<\/li><li>Antesala Zoom<\/li><li>Cartelera digital<\/li><li>UCCare<\/li><li>Iris<\/li><li>Jira<\/li><li>Bitbucket<\/li><li>Consulta de Profesores<\/li><li>Simbiosis \u2013 Educaci\u00f3n continua<\/li><li>Oportunidades Icesi<\/li><li>Talento Icesi<\/li><li>Busca personas<\/li><li>UNO-EE<\/li><li>SIMON<\/li><li>Banner SSB<\/li><li>BDMS<\/li><li>Workflow<\/li><li>Ellucian Go<\/li><li>Argos<\/li><li>Jasper<\/li><li>Power BI<\/li><li>QlikView<\/li><li>Luminis<\/li><li>Banner XE \u2013 Banner RegistrationSSB<\/li><li>Banner XE \u2013 Banner Faculty grade entry<\/li><li>Banner XE \u2013 Banner Student overall<\/li><li>Banner XE \u2013 Banner General event manager<\/li><li>Banner XE \u2013 Banner Student attendance tracking SSB<\/li><li>Banner XE \u2013 Banner Faculty attendance tracking SSB<\/li><li>Formulario PDP<\/li><li>FORPEDA<\/li><li>Reservas de espacios f\u00edsicos<\/li><li>Matrex<\/li><li>CERTYCO<\/li><li>Contenido de materias<\/li><li>Gesti\u00f3n de identidades<\/li><li>Calendario<\/li><li>Datos personales<\/li><li>Lectores biom\u00e9tricos<\/li><li>Parqueaderos<\/li><li>Simbiosis \u2013 egresados<\/li><li>CRM-Comercial<\/li><li>ITSCM<\/li><li>Sofi (Chatbot)<\/li><li>VUDI (Ventanilla \u00fanica)<\/li><li>RH externos<\/li><li>SSOI<\/li><li>eCompras<\/li><li>Gesti\u00f3n de refrigerios<\/li><li>Moodle<\/li><li>Canvas<\/li><li>Zoom<\/li><li>Teams<\/li><li>Power Automate<\/li><\/ul><h4><strong>Grupos de trabajo<\/strong><\/h4><p>La oficina\u00a0Desarrollo de sistemas\u00a0de la\u00a0Universidad Icesi\u00a0tiene presencia en los siguientes grupos de trabajo de la direcci\u00f3n de servicios y\u00a0recursos de informaci\u00f3n:<\/p><ul><li><a href=\"\/servicios\/gint\/\">GINT<\/a><\/li><li><a href=\"\/servicios\/gpmc\/\">GPMC<\/a><\/li><li>PMO<\/li><li><a href=\"\/servicios\/sepg\/\">SEPG<\/a><\/li><\/ul><h4><strong>Participaci\u00f3n en comit\u00e9s<\/strong><\/h4><p><a href=\"\/servicios\/comite-web\/\">Comit\u00e9 Web<\/a><\/p><h4><strong>Estad\u00edsticas<\/strong><\/h4><p>Cibermetr\u00eda<\/p><h4><b><span lang=\"ES\">Integrantes<\/span><\/b><b><\/b><\/h4><table width=\"595\"><tbody><tr><td width=\"240\">Liliana Franco Marulanda<\/td><td width=\"355\">Jefe de SYRI \u2013 Desarrollo de Sistemas<\/td><\/tr><tr><td>Cristian David Vasquez Martinez<\/td><td>Arquitecto de software<\/td><\/tr><tr><td>Lindsey Fernanda Rotavisky Guerrero<\/td><td>Analista Funcional y Tecnol\u00f3gico de Procesos S\u00e9nior<\/td><\/tr><tr><td>Juan Camilo Muriel Posso<\/td><td>Analista funcional y tecnol\u00f3gico de procesos<\/td><\/tr><tr><td>Flor Magnolia Gomez Silva<\/td><td>Coordinador(a) de Calidad y Soporte de Software<\/td><\/tr><tr><td>Juan Manuel Lozano Sardi<\/td><td>L\u00edder t\u00e9cnico T.I. Acad\u00e9mico<\/td><\/tr><tr><td>Javier Yela Benitez<\/td><td>L\u00edder t\u00e9cnico T.I. Administrativo \u2013 Financiero<\/td><\/tr><tr><td>Fabian Felipe Ceballos Rodriguez<\/td><td>L\u00edder t\u00e9cnico T.I. WEB<\/td><\/tr><tr><td>Delly Paola Campo Mu\u00f1oz<\/td><td>Desarrollador de software (Acad\u00e9mico)<\/td><\/tr><tr><td>Belman Marin Franco<\/td><td>Desarrollador de software (Acad\u00e9mico)<\/td><\/tr><tr><td>Ricardo Andres Paez Yepes<\/td><td>Desarrollador de software junior (Acad\u00e9mico)<\/td><\/tr><tr><td>Aristides Zapata Jaramillo<\/td><td>Desarrollador de software (Admin. \u2013 Financieros)<\/td><\/tr><tr><td>Neiser Ivan Mancilla Cuenu<\/td><td>Desarrollador de software junior (Admin. \u2013 Financieros)<\/td><\/tr><tr><td>Johan Sebastian Vargas Vosmediano<\/td><td>Desarrollador de software (WEB)<\/td><\/tr><tr><td>Boris Enrique Martinez Alonso<\/td><td>Desarrollador de software junior (WEB)<\/td><\/tr><tr><td>Andres Felipe Pipicano Villa<\/td><td>Desarrollador de Software Junior<\/td><\/tr><tr><td>Carlos Jimmy Pantoja<\/td><td>Desarrollador de Software Junior<\/td><\/tr><tr><td>Karen Julieth Guapacha Ruiz<\/td><td>Auxiliar de Calidad y Soporte de Software<\/td><\/tr><tr><td>Luis Alfredo Torres<\/td><td>Auxiliar de Calidad y Soporte de Software<\/td><\/tr><tr><td>Luis Eduardo Ordo\u00f1ez<\/td><td>Auxiliar de Calidad y Soporte de Software<\/td><\/tr><\/tbody><\/table><p>Adicionalmente, La oficina de Syri-Desarrollo cuenta con dos (2) personas bajo la modalidad de aprendiz SENA.\u00a0Tambi\u00e9n cuenta con un equipo de monitores, que apoyan las labores dentro de la oficina en sus tiempos libres de clase.<\/p>\t\t\t\t\t\t\t\t<\/div>\n\t\t\t\t<\/div>\n\t\t\t\t<div class=\"elementor-element elementor-element-5aa428c elementor-widget elementor-widget-text-editor\" data-id=\"5aa428c\" data-element_type=\"widget\" data-widget_type=\"text-editor.default\">\n\t\t\t\t<div class=\"elementor-widget-container\">\n\t\t\t\t\t\t\t\t\t<p>En caso de requerir ayuda puedes utilizar lo siguientes canales:<\/p>\t\t\t\t\t\t\t\t<\/div>\n\t\t\t\t<\/div>\n\t\t\t\t<div class=\"elementor-element elementor-element-b5942d3 elementor-icon-list--layout-traditional elementor-list-item-link-full_width elementor-widget elementor-widget-icon-list\" data-id=\"b5942d3\" data-element_type=\"widget\" data-widget_type=\"icon-list.default\">\n\t\t\t\t<div class=\"elementor-widget-container\">\n\t\t\t\t\t\t\t<ul class=\"elementor-icon-list-items\">\n\t\t\t\t\t\t\t<li class=\"elementor-icon-list-item\">\n\t\t\t\t\t\t\t\t\t\t\t<span class=\"elementor-icon-list-icon\">\n\t\t\t\t\t\t\t<svg aria-hidden=\"true\" class=\"e-font-icon-svg e-fas-map-pin\" viewBox=\"0 0 288 512\" xmlns=\"http:\/\/www.w3.org\/2000\/svg\"><path d=\"M112 316.94v156.69l22.02 33.02c4.75 7.12 15.22 7.12 19.97 0L176 473.63V316.94c-10.39 1.92-21.06 3.06-32 3.06s-21.61-1.14-32-3.06zM144 0C64.47 0 0 64.47 0 144s64.47 144 144 144 144-64.47 144-144S223.53 0 144 0zm0 76c-37.5 0-68 30.5-68 68 0 6.62-5.38 12-12 12s-12-5.38-12-12c0-50.73 41.28-92 92-92 6.62 0 12 5.38 12 12s-5.38 12-12 12z\"><\/path><\/svg>\t\t\t\t\t\t<\/span>\n\t\t\t\t\t\t\t\t\t\t<span class=\"elementor-icon-list-text\">Universidad Icesi, Syri - Desarrollo de sistemas<\/span>\n\t\t\t\t\t\t\t\t\t<\/li>\n\t\t\t\t\t\t\t\t<li class=\"elementor-icon-list-item\">\n\t\t\t\t\t\t\t\t\t\t\t<span class=\"elementor-icon-list-icon\">\n\t\t\t\t\t\t\t<svg aria-hidden=\"true\" class=\"e-font-icon-svg e-fas-phone\" viewBox=\"0 0 512 512\" xmlns=\"http:\/\/www.w3.org\/2000\/svg\"><path d=\"M493.4 24.6l-104-24c-11.3-2.6-22.9 3.3-27.5 13.9l-48 112c-4.2 9.8-1.4 21.3 6.9 28l60.6 49.6c-36 76.7-98.9 140.5-177.2 177.2l-49.6-60.6c-6.8-8.3-18.2-11.1-28-6.9l-112 48C3.9 366.5-2 378.1.6 389.4l24 104C27.1 504.2 36.7 512 48 512c256.1 0 464-207.5 464-464 0-11.2-7.7-20.9-18.6-23.4z\"><\/path><\/svg>\t\t\t\t\t\t<\/span>\n\t\t\t\t\t\t\t\t\t\t<span class=\"elementor-icon-list-text\">+57 (602) 5552334, extensi\u00f3n 4500<\/span>\n\t\t\t\t\t\t\t\t\t<\/li>\n\t\t\t\t\t\t\t\t<li class=\"elementor-icon-list-item\">\n\t\t\t\t\t\t\t\t\t\t\t<span class=\"elementor-icon-list-icon\">\n\t\t\t\t\t\t\t<svg aria-hidden=\"true\" class=\"e-font-icon-svg e-fas-envelope-open\" viewBox=\"0 0 512 512\" xmlns=\"http:\/\/www.w3.org\/2000\/svg\"><path d=\"M512 464c0 26.51-21.49 48-48 48H48c-26.51 0-48-21.49-48-48V200.724a48 48 0 0 1 18.387-37.776c24.913-19.529 45.501-35.365 164.2-121.511C199.412 29.17 232.797-.347 256 .003c23.198-.354 56.596 29.172 73.413 41.433 118.687 86.137 139.303 101.995 164.2 121.512A48 48 0 0 1 512 200.724V464zm-65.666-196.605c-2.563-3.728-7.7-4.595-11.339-1.907-22.845 16.873-55.462 40.705-105.582 77.079-16.825 12.266-50.21 41.781-73.413 41.43-23.211.344-56.559-29.143-73.413-41.43-50.114-36.37-82.734-60.204-105.582-77.079-3.639-2.688-8.776-1.821-11.339 1.907l-9.072 13.196a7.998 7.998 0 0 0 1.839 10.967c22.887 16.899 55.454 40.69 105.303 76.868 20.274 14.781 56.524 47.813 92.264 47.573 35.724.242 71.961-32.771 92.263-47.573 49.85-36.179 82.418-59.97 105.303-76.868a7.998 7.998 0 0 0 1.839-10.967l-9.071-13.196z\"><\/path><\/svg>\t\t\t\t\t\t<\/span>\n\t\t\t\t\t\t\t\t\t\t<span class=\"elementor-icon-list-text\">desarrollo@listas.icesi.edu.co<\/span>\n\t\t\t\t\t\t\t\t\t<\/li>\n\t\t\t\t\t\t\t\t<li class=\"elementor-icon-list-item\">\n\t\t\t\t\t\t\t\t\t\t\t<span class=\"elementor-icon-list-icon\">\n\t\t\t\t\t\t\t<svg aria-hidden=\"true\" class=\"e-font-icon-svg e-far-clock\" viewBox=\"0 0 512 512\" xmlns=\"http:\/\/www.w3.org\/2000\/svg\"><path d=\"M256 8C119 8 8 119 8 256s111 248 248 248 248-111 248-248S393 8 256 8zm0 448c-110.5 0-200-89.5-200-200S145.5 56 256 56s200 89.5 200 200-89.5 200-200 200zm61.8-104.4l-84.9-61.7c-3.1-2.3-4.9-5.9-4.9-9.7V116c0-6.6 5.4-12 12-12h32c6.6 0 12 5.4 12 12v141.7l66.8 48.6c5.4 3.9 6.5 11.4 2.6 16.8L334.6 349c-3.9 5.3-11.4 6.5-16.8 2.6z\"><\/path><\/svg>\t\t\t\t\t\t<\/span>\n\t\t\t\t\t\t\t\t\t\t<span class=\"elementor-icon-list-text\">Horario de atenci\u00f3n: Lunes a viernes de 08:00 a 12:00 y de 14:00 a 18:00<\/span>\n\t\t\t\t\t\t\t\t\t<\/li>\n\t\t\t\t\t\t<\/ul>\n\t\t\t\t\t\t<\/div>\n\t\t\t\t<\/div>\n\t\t\t\t\t<\/div>\n\t\t<\/div>\n\t\t\t\t\t<\/div>\n\t\t<\/section>\n\t\t\t\t<\/div>\n\t\t","protected":false},"excerpt":{"rendered":"<p>Prop\u00f3sito de la oficina Desarrollar e implementar los procesos para el desarrollo de nuevos sistemas de informaci\u00f3n, para el mantenimiento de los sistemas de informaci\u00f3n en producci\u00f3n y para la asesor\u00eda en la compra de nuevos sistemas de informaci\u00f3n, de acuerdo con la metodolog\u00eda definida por la Direcci\u00f3n de Servicios y Recursos de Informaci\u00f3n (SYRI), [&hellip;]<\/p>\n","protected":false},"author":1,"featured_media":0,"parent":0,"menu_order":0,"comment_status":"closed","ping_status":"closed","template":"","meta":{"footnotes":""},"class_list":["post-5133","page","type-page","status-publish","hentry"],"yoast_head":"<!-- This site is optimized with the Yoast SEO plugin v26.6 - https:\/\/yoast.com\/wordpress\/plugins\/seo\/ -->\n<title>Desarrollo de sistemas - Servicios<\/title>\n<meta name=\"robots\" content=\"index, follow, max-snippet:-1, max-image-preview:large, max-video-preview:-1\" \/>\n<link rel=\"canonical\" href=\"https:\/\/www.icesi.edu.co\/servicios\/desarrollo-de-sistemas\/\" \/>\n<meta property=\"og:locale\" content=\"es_ES\" \/>\n<meta property=\"og:type\" content=\"article\" \/>\n<meta property=\"og:title\" content=\"Desarrollo de sistemas - Servicios\" \/>\n<meta property=\"og:description\" content=\"Prop\u00f3sito de la oficina Desarrollar e implementar los procesos para el desarrollo de nuevos sistemas de informaci\u00f3n, para el mantenimiento de los sistemas de informaci\u00f3n en producci\u00f3n y para la asesor\u00eda en la compra de nuevos sistemas de informaci\u00f3n, de acuerdo con la metodolog\u00eda definida por la Direcci\u00f3n de Servicios y Recursos de Informaci\u00f3n (SYRI), [&hellip;]\" \/>\n<meta property=\"og:url\" content=\"https:\/\/www.icesi.edu.co\/servicios\/desarrollo-de-sistemas\/\" \/>\n<meta property=\"og:site_name\" content=\"Servicios\" \/>\n<meta property=\"article:modified_time\" content=\"2024-11-25T21:32:52+00:00\" \/>\n<meta name=\"twitter:card\" content=\"summary_large_image\" \/>\n<meta name=\"twitter:label1\" content=\"Tiempo de lectura\" \/>\n\t<meta name=\"twitter:data1\" content=\"4 minutos\" \/>\n<script type=\"application\/ld+json\" class=\"yoast-schema-graph\">{\"@context\":\"https:\/\/schema.org\",\"@graph\":[{\"@type\":\"WebPage\",\"@id\":\"https:\/\/www.icesi.edu.co\/servicios\/desarrollo-de-sistemas\/\",\"url\":\"https:\/\/www.icesi.edu.co\/servicios\/desarrollo-de-sistemas\/\",\"name\":\"Desarrollo de sistemas - Servicios\",\"isPartOf\":{\"@id\":\"https:\/\/www.icesi.edu.co\/servicios\/#website\"},\"datePublished\":\"2024-11-19T20:18:04+00:00\",\"dateModified\":\"2024-11-25T21:32:52+00:00\",\"breadcrumb\":{\"@id\":\"https:\/\/www.icesi.edu.co\/servicios\/desarrollo-de-sistemas\/#breadcrumb\"},\"inLanguage\":\"es-CO\",\"potentialAction\":[{\"@type\":\"ReadAction\",\"target\":[\"https:\/\/www.icesi.edu.co\/servicios\/desarrollo-de-sistemas\/\"]}]},{\"@type\":\"BreadcrumbList\",\"@id\":\"https:\/\/www.icesi.edu.co\/servicios\/desarrollo-de-sistemas\/#breadcrumb\",\"itemListElement\":[{\"@type\":\"ListItem\",\"position\":1,\"name\":\"Inicio\",\"item\":\"https:\/\/www.icesi.edu.co\/servicios\/\"},{\"@type\":\"ListItem\",\"position\":2,\"name\":\"Desarrollo de sistemas\"}]},{\"@type\":\"WebSite\",\"@id\":\"https:\/\/www.icesi.edu.co\/servicios\/#website\",\"url\":\"https:\/\/www.icesi.edu.co\/servicios\/\",\"name\":\"Servicios\",\"description\":\"Sitio de Servicios Universidad ICESI\",\"publisher\":{\"@id\":\"https:\/\/www.icesi.edu.co\/servicios\/#organization\"},\"potentialAction\":[{\"@type\":\"SearchAction\",\"target\":{\"@type\":\"EntryPoint\",\"urlTemplate\":\"https:\/\/www.icesi.edu.co\/servicios\/?s={search_term_string}\"},\"query-input\":{\"@type\":\"PropertyValueSpecification\",\"valueRequired\":true,\"valueName\":\"search_term_string\"}}],\"inLanguage\":\"es-CO\"},{\"@type\":\"Organization\",\"@id\":\"https:\/\/www.icesi.edu.co\/servicios\/#organization\",\"name\":\"Servicios\",\"url\":\"https:\/\/www.icesi.edu.co\/servicios\/\",\"logo\":{\"@type\":\"ImageObject\",\"inLanguage\":\"es-CO\",\"@id\":\"https:\/\/www.icesi.edu.co\/servicios\/#\/schema\/logo\/image\/\",\"url\":\"https:\/\/www.icesi.edu.co\/servicios\/wp-content\/uploads\/2024\/04\/LogoSitio.png\",\"contentUrl\":\"https:\/\/www.icesi.edu.co\/servicios\/wp-content\/uploads\/2024\/04\/LogoSitio.png\",\"width\":223,\"height\":54,\"caption\":\"Servicios\"},\"image\":{\"@id\":\"https:\/\/www.icesi.edu.co\/servicios\/#\/schema\/logo\/image\/\"}}]}<\/script>\n<!-- \/ Yoast SEO plugin. -->","yoast_head_json":{"title":"Desarrollo de sistemas - Servicios","robots":{"index":"index","follow":"follow","max-snippet":"max-snippet:-1","max-image-preview":"max-image-preview:large","max-video-preview":"max-video-preview:-1"},"canonical":"https:\/\/www.icesi.edu.co\/servicios\/desarrollo-de-sistemas\/","og_locale":"es_ES","og_type":"article","og_title":"Desarrollo de sistemas - Servicios","og_description":"Prop\u00f3sito de la oficina Desarrollar e implementar los procesos para el desarrollo de nuevos sistemas de informaci\u00f3n, para el mantenimiento de los sistemas de informaci\u00f3n en producci\u00f3n y para la asesor\u00eda en la compra de nuevos sistemas de informaci\u00f3n, de acuerdo con la metodolog\u00eda definida por la Direcci\u00f3n de Servicios y Recursos de Informaci\u00f3n (SYRI), [&hellip;]","og_url":"https:\/\/www.icesi.edu.co\/servicios\/desarrollo-de-sistemas\/","og_site_name":"Servicios","article_modified_time":"2024-11-25T21:32:52+00:00","twitter_card":"summary_large_image","twitter_misc":{"Tiempo de lectura":"4 minutos"},"schema":{"@context":"https:\/\/schema.org","@graph":[{"@type":"WebPage","@id":"https:\/\/www.icesi.edu.co\/servicios\/desarrollo-de-sistemas\/","url":"https:\/\/www.icesi.edu.co\/servicios\/desarrollo-de-sistemas\/","name":"Desarrollo de sistemas - Servicios","isPartOf":{"@id":"https:\/\/www.icesi.edu.co\/servicios\/#website"},"datePublished":"2024-11-19T20:18:04+00:00","dateModified":"2024-11-25T21:32:52+00:00","breadcrumb":{"@id":"https:\/\/www.icesi.edu.co\/servicios\/desarrollo-de-sistemas\/#breadcrumb"},"inLanguage":"es-CO","potentialAction":[{"@type":"ReadAction","target":["https:\/\/www.icesi.edu.co\/servicios\/desarrollo-de-sistemas\/"]}]},{"@type":"BreadcrumbList","@id":"https:\/\/www.icesi.edu.co\/servicios\/desarrollo-de-sistemas\/#breadcrumb","itemListElement":[{"@type":"ListItem","position":1,"name":"Inicio","item":"https:\/\/www.icesi.edu.co\/servicios\/"},{"@type":"ListItem","position":2,"name":"Desarrollo de sistemas"}]},{"@type":"WebSite","@id":"https:\/\/www.icesi.edu.co\/servicios\/#website","url":"https:\/\/www.icesi.edu.co\/servicios\/","name":"Servicios","description":"Sitio de Servicios Universidad ICESI","publisher":{"@id":"https:\/\/www.icesi.edu.co\/servicios\/#organization"},"potentialAction":[{"@type":"SearchAction","target":{"@type":"EntryPoint","urlTemplate":"https:\/\/www.icesi.edu.co\/servicios\/?s={search_term_string}"},"query-input":{"@type":"PropertyValueSpecification","valueRequired":true,"valueName":"search_term_string"}}],"inLanguage":"es-CO"},{"@type":"Organization","@id":"https:\/\/www.icesi.edu.co\/servicios\/#organization","name":"Servicios","url":"https:\/\/www.icesi.edu.co\/servicios\/","logo":{"@type":"ImageObject","inLanguage":"es-CO","@id":"https:\/\/www.icesi.edu.co\/servicios\/#\/schema\/logo\/image\/","url":"https:\/\/www.icesi.edu.co\/servicios\/wp-content\/uploads\/2024\/04\/LogoSitio.png","contentUrl":"https:\/\/www.icesi.edu.co\/servicios\/wp-content\/uploads\/2024\/04\/LogoSitio.png","width":223,"height":54,"caption":"Servicios"},"image":{"@id":"https:\/\/www.icesi.edu.co\/servicios\/#\/schema\/logo\/image\/"}}]}},"_links":{"self":[{"href":"https:\/\/www.icesi.edu.co\/servicios\/wp-json\/wp\/v2\/pages\/5133","targetHints":{"allow":["GET"]}}],"collection":[{"href":"https:\/\/www.icesi.edu.co\/servicios\/wp-json\/wp\/v2\/pages"}],"about":[{"href":"https:\/\/www.icesi.edu.co\/servicios\/wp-json\/wp\/v2\/types\/page"}],"author":[{"embeddable":true,"href":"https:\/\/www.icesi.edu.co\/servicios\/wp-json\/wp\/v2\/users\/1"}],"replies":[{"embeddable":true,"href":"https:\/\/www.icesi.edu.co\/servicios\/wp-json\/wp\/v2\/comments?post=5133"}],"version-history":[{"count":13,"href":"https:\/\/www.icesi.edu.co\/servicios\/wp-json\/wp\/v2\/pages\/5133\/revisions"}],"predecessor-version":[{"id":5277,"href":"https:\/\/www.icesi.edu.co\/servicios\/wp-json\/wp\/v2\/pages\/5133\/revisions\/5277"}],"wp:attachment":[{"href":"https:\/\/www.icesi.edu.co\/servicios\/wp-json\/wp\/v2\/media?parent=5133"}],"curies":[{"name":"wp","href":"https:\/\/api.w.org\/{rel}","templated":true}]}}