{"id":5142,"date":"2024-11-19T15:28:15","date_gmt":"2024-11-19T20:28:15","guid":{"rendered":"https:\/\/www.icesi.edu.co\/servicios\/?page_id=5142"},"modified":"2024-11-25T16:33:33","modified_gmt":"2024-11-25T21:33:33","slug":"infraestructura","status":"publish","type":"page","link":"https:\/\/www.icesi.edu.co\/servicios\/infraestructura\/","title":{"rendered":"Infraestructura"},"content":{"rendered":"\t\t<div data-elementor-type=\"wp-page\" data-elementor-id=\"5142\" class=\"elementor elementor-5142\">\n\t\t\t\t\t\t<section class=\"elementor-section elementor-top-section elementor-element elementor-element-0bc12ec elementor-section-boxed elementor-section-height-default elementor-section-height-default\" data-id=\"0bc12ec\" data-element_type=\"section\" data-settings=\"{&quot;background_background&quot;:&quot;classic&quot;}\">\n\t\t\t\t\t\t\t<div class=\"elementor-background-overlay\"><\/div>\n\t\t\t\t\t\t\t<div class=\"elementor-container elementor-column-gap-default\">\n\t\t\t\t\t<div class=\"elementor-column elementor-col-100 elementor-top-column elementor-element elementor-element-c63507c\" data-id=\"c63507c\" data-element_type=\"column\" data-settings=\"{&quot;background_background&quot;:&quot;classic&quot;}\">\n\t\t\t<div class=\"elementor-widget-wrap elementor-element-populated\">\n\t\t\t\t\t\t<div class=\"elementor-element elementor-element-4f068b9 elementor-widget elementor-widget-text-editor\" data-id=\"4f068b9\" data-element_type=\"widget\" data-widget_type=\"text-editor.default\">\n\t\t\t\t<div class=\"elementor-widget-container\">\n\t\t\t\t\t\t\t\t\t<h4>Misi\u00f3n de la oficina<\/h4><p>Contribuir al servicio de calidad y excelencia que ofrece la Universidad Icesi a su comunidad, garantizando una coordinaci\u00f3n y una provisi\u00f3n eficiente y eficaz de los servicios y recursos tecnol\u00f3gicos de la instituci\u00f3n, cumpliendo con la pol\u00edtica de seguridad de la informaci\u00f3n y apoyando el cumplimiento de los objetivos institucionales.<\/p><h4>Visi\u00f3n de la oficina<\/h4><p>Ser reconocida al interior de la Universidad y entre sus pares como un \u00e1rea generadora de valor, prestando servicios y recursos tecnol\u00f3gicos de alta calidad e implementando nuevas ideas de alto impacto para la organizaci\u00f3n.<\/p><h4>Ejes de trabajo<\/h4><ul><li>Capacitaci\u00f3n permanente del equipo de Syri Infraestructura, para estar al d\u00eda con los avances tecnol\u00f3gicos y poder responder a las necesidades de la instituci\u00f3n.<\/li><li>Investigaci\u00f3n de nuevas tecnolog\u00edas, para concebir soluciones de alto impacto y que apoyen a los objetivos estrat\u00e9gicos de la Universidad Icesi.<\/li><li>Consolidaci\u00f3n como el soporte t\u00e9cnico de alto nivel de las oficinas de SYRI.<\/li><li>Excelencia en el soporte de la infraestructura tecnol\u00f3gica de la Universidad Icesi.<\/li><li>Vigilancia permanente de las tendencias a nivel mundial relacionadas con la seguridad de la informaci\u00f3n.<\/li><\/ul><h4><strong>Objetivos espec\u00edficos de la oficina<\/strong><\/h4><ul><li>Investigar y evaluar nuevas soluciones de tecnolog\u00eda, respondiendo a las necesidades de la instituci\u00f3n.<\/li><li>Implementar y mantener la infraestructura tecnol\u00f3gica de la Universidad Icesi, teniendo en cuenta criterios de integraci\u00f3n, estandarizaci\u00f3n, continuidad, disponibilidad e integridad de los servicios y recursos de TI.<\/li><li>Asegurar un uso y desempe\u00f1o adecuados de las aplicaciones y soluciones de tecnolog\u00eda.<\/li><li>Adquirir y mantener habilidades t\u00e9cnicas y humanas que respondan a la estrategia de la oficina de Infraestructura, de la direcci\u00f3n de Syri y de la Universidad Icesi.<\/li><li>Asegurar una adecuada ejecuci\u00f3n de los proyectos de tecnolog\u00eda a cargo de la oficina, cumpliendo con los cronogramas, siendo ajustados al presupuesto y logrando la satisfacci\u00f3n de los usuarios.<\/li><li>Prestar un adecuado soporte t\u00e9cnico de alto nivel a las dem\u00e1s oficinas de SYRI, cumpliendo con los acuerdos de nivel operacional establecidos.<\/li><li>Dise\u00f1ar, implementar, mantener y difundir las pol\u00edticas, normas y procedimientos de seguridad de la informaci\u00f3n al interior de la instituci\u00f3n.<\/li><\/ul><h4><strong>\u00a0Objetivos estrat\u00e9gicos a los que apoya<\/strong><\/h4><ul><li>OBJINST 4. Mejorar continuamente la calidad de los procesos de ense\u00f1anza-aprendizaje y los procesos administrativos.<\/li><li>OBJINST 5. Mantener un grupo de colaboradores, con las capacidades humanas y profesionales requeridas, que incluya un n\u00famero creciente de profesores de planta, con una alta formaci\u00f3n acad\u00e9mica, en un ambiente que propicia el desarrollo personal e institucional.<\/li><li>OBJINST 6. Asegurar la viabilidad econ\u00f3mica y ambiental de la Universidad.<\/li><\/ul><h4><strong>Participaci\u00f3n en grupos de trabajo<\/strong><\/h4><ul><li><a href=\"\/servicios\/gint\/\">GINT<\/a><\/li><li><a href=\"\/servicios\/gpmc\/\">GPMC<\/a><\/li><li><a href=\"\/servicios\/comite-de-seguridad-de-la-informacion\/\">Comit\u00e9 de seguridad de la informaci\u00f3n<\/a><\/li><\/ul><h4><strong>Integrantes<\/strong><\/h4><ul><li>Andres Mauricio Posada Bricoli\u00a0\u2013 Jefe de Infraestructura<\/li><li>Fabian Leonardo Cortes Torres \u2013 Administrador Infraestructura De Redes<\/li><li>Gustavo Adolfo Escobar Mayor \u2013 Administrador Infraestructura De Software Senior<\/li><li>Stephania Mill\u00e1n Castell\u00f3n \u2013 Administrador Infraestructura De Redes Junior<\/li><li>Viviana Carolina Ramirez \u2013 Oficial de Seguridad de la Informaci\u00f3n<\/li><li>Andr\u00e9s Felipe Rodr\u00edguez L\u00f3pez \u2013 Administrador Infraestructura De Software<\/li><li>Oscar David Serna Zarate \u2013 Auxiliar de seguridad inform\u00e1tica<\/li><li>Diana Marcela Torres \u2013 Auxiliar de seguridad inform\u00e1tica<\/li><li>Nasly Vanesa Valencia \u2013 Auxiliar Syri Infraestructura<\/li><\/ul><p>La oficina adicionalmente cuenta con una persona bajo la modalidad de aprendiz SENA, la cual tiene un contrato a t\u00e9rmino fijo de seis meses.<\/p>\t\t\t\t\t\t\t\t<\/div>\n\t\t\t\t<\/div>\n\t\t\t\t<div class=\"elementor-element elementor-element-5aa428c elementor-widget elementor-widget-text-editor\" data-id=\"5aa428c\" data-element_type=\"widget\" data-widget_type=\"text-editor.default\">\n\t\t\t\t<div class=\"elementor-widget-container\">\n\t\t\t\t\t\t\t\t\t<p>En caso de requerir ayuda puedes utilizar lo siguientes canales:<\/p>\t\t\t\t\t\t\t\t<\/div>\n\t\t\t\t<\/div>\n\t\t\t\t<div class=\"elementor-element elementor-element-b5942d3 elementor-icon-list--layout-traditional elementor-list-item-link-full_width elementor-widget elementor-widget-icon-list\" data-id=\"b5942d3\" data-element_type=\"widget\" data-widget_type=\"icon-list.default\">\n\t\t\t\t<div class=\"elementor-widget-container\">\n\t\t\t\t\t\t\t<ul class=\"elementor-icon-list-items\">\n\t\t\t\t\t\t\t<li class=\"elementor-icon-list-item\">\n\t\t\t\t\t\t\t\t\t\t\t<span class=\"elementor-icon-list-icon\">\n\t\t\t\t\t\t\t<svg aria-hidden=\"true\" class=\"e-font-icon-svg e-fas-map-pin\" viewBox=\"0 0 288 512\" xmlns=\"http:\/\/www.w3.org\/2000\/svg\"><path d=\"M112 316.94v156.69l22.02 33.02c4.75 7.12 15.22 7.12 19.97 0L176 473.63V316.94c-10.39 1.92-21.06 3.06-32 3.06s-21.61-1.14-32-3.06zM144 0C64.47 0 0 64.47 0 144s64.47 144 144 144 144-64.47 144-144S223.53 0 144 0zm0 76c-37.5 0-68 30.5-68 68 0 6.62-5.38 12-12 12s-12-5.38-12-12c0-50.73 41.28-92 92-92 6.62 0 12 5.38 12 12s-5.38 12-12 12z\"><\/path><\/svg>\t\t\t\t\t\t<\/span>\n\t\t\t\t\t\t\t\t\t\t<span class=\"elementor-icon-list-text\">Universidad Icesi, Syri - Infraestructura<\/span>\n\t\t\t\t\t\t\t\t\t<\/li>\n\t\t\t\t\t\t\t\t<li class=\"elementor-icon-list-item\">\n\t\t\t\t\t\t\t\t\t\t\t<span class=\"elementor-icon-list-icon\">\n\t\t\t\t\t\t\t<svg aria-hidden=\"true\" class=\"e-font-icon-svg e-fas-phone\" viewBox=\"0 0 512 512\" xmlns=\"http:\/\/www.w3.org\/2000\/svg\"><path d=\"M493.4 24.6l-104-24c-11.3-2.6-22.9 3.3-27.5 13.9l-48 112c-4.2 9.8-1.4 21.3 6.9 28l60.6 49.6c-36 76.7-98.9 140.5-177.2 177.2l-49.6-60.6c-6.8-8.3-18.2-11.1-28-6.9l-112 48C3.9 366.5-2 378.1.6 389.4l24 104C27.1 504.2 36.7 512 48 512c256.1 0 464-207.5 464-464 0-11.2-7.7-20.9-18.6-23.4z\"><\/path><\/svg>\t\t\t\t\t\t<\/span>\n\t\t\t\t\t\t\t\t\t\t<span class=\"elementor-icon-list-text\">+57 (602) 5552334, extensi\u00f3n 4174 \u2013 4176 \u2013 4216<\/span>\n\t\t\t\t\t\t\t\t\t<\/li>\n\t\t\t\t\t\t\t\t<li class=\"elementor-icon-list-item\">\n\t\t\t\t\t\t\t\t\t\t\t<span class=\"elementor-icon-list-icon\">\n\t\t\t\t\t\t\t<svg aria-hidden=\"true\" class=\"e-font-icon-svg e-fas-envelope-open\" viewBox=\"0 0 512 512\" xmlns=\"http:\/\/www.w3.org\/2000\/svg\"><path d=\"M512 464c0 26.51-21.49 48-48 48H48c-26.51 0-48-21.49-48-48V200.724a48 48 0 0 1 18.387-37.776c24.913-19.529 45.501-35.365 164.2-121.511C199.412 29.17 232.797-.347 256 .003c23.198-.354 56.596 29.172 73.413 41.433 118.687 86.137 139.303 101.995 164.2 121.512A48 48 0 0 1 512 200.724V464zm-65.666-196.605c-2.563-3.728-7.7-4.595-11.339-1.907-22.845 16.873-55.462 40.705-105.582 77.079-16.825 12.266-50.21 41.781-73.413 41.43-23.211.344-56.559-29.143-73.413-41.43-50.114-36.37-82.734-60.204-105.582-77.079-3.639-2.688-8.776-1.821-11.339 1.907l-9.072 13.196a7.998 7.998 0 0 0 1.839 10.967c22.887 16.899 55.454 40.69 105.303 76.868 20.274 14.781 56.524 47.813 92.264 47.573 35.724.242 71.961-32.771 92.263-47.573 49.85-36.179 82.418-59.97 105.303-76.868a7.998 7.998 0 0 0 1.839-10.967l-9.071-13.196z\"><\/path><\/svg>\t\t\t\t\t\t<\/span>\n\t\t\t\t\t\t\t\t\t\t<span class=\"elementor-icon-list-text\">infraestructura@listas.icesi.edu.co<\/span>\n\t\t\t\t\t\t\t\t\t<\/li>\n\t\t\t\t\t\t\t\t<li class=\"elementor-icon-list-item\">\n\t\t\t\t\t\t\t\t\t\t\t<span class=\"elementor-icon-list-icon\">\n\t\t\t\t\t\t\t<svg aria-hidden=\"true\" class=\"e-font-icon-svg e-far-clock\" viewBox=\"0 0 512 512\" xmlns=\"http:\/\/www.w3.org\/2000\/svg\"><path d=\"M256 8C119 8 8 119 8 256s111 248 248 248 248-111 248-248S393 8 256 8zm0 448c-110.5 0-200-89.5-200-200S145.5 56 256 56s200 89.5 200 200-89.5 200-200 200zm61.8-104.4l-84.9-61.7c-3.1-2.3-4.9-5.9-4.9-9.7V116c0-6.6 5.4-12 12-12h32c6.6 0 12 5.4 12 12v141.7l66.8 48.6c5.4 3.9 6.5 11.4 2.6 16.8L334.6 349c-3.9 5.3-11.4 6.5-16.8 2.6z\"><\/path><\/svg>\t\t\t\t\t\t<\/span>\n\t\t\t\t\t\t\t\t\t\t<span class=\"elementor-icon-list-text\">Horario de atenci\u00f3n: Lunes a viernes de 08:00 a 12:00 y de 14:00 a 18:00<\/span>\n\t\t\t\t\t\t\t\t\t<\/li>\n\t\t\t\t\t\t<\/ul>\n\t\t\t\t\t\t<\/div>\n\t\t\t\t<\/div>\n\t\t\t\t\t<\/div>\n\t\t<\/div>\n\t\t\t\t\t<\/div>\n\t\t<\/section>\n\t\t\t\t<\/div>\n\t\t","protected":false},"excerpt":{"rendered":"<p>Misi\u00f3n de la oficina Contribuir al servicio de calidad y excelencia que ofrece la Universidad Icesi a su comunidad, garantizando una coordinaci\u00f3n y una provisi\u00f3n eficiente y eficaz de los servicios y recursos tecnol\u00f3gicos de la instituci\u00f3n, cumpliendo con la pol\u00edtica de seguridad de la informaci\u00f3n y apoyando el cumplimiento de los objetivos institucionales. Visi\u00f3n [&hellip;]<\/p>\n","protected":false},"author":1,"featured_media":0,"parent":0,"menu_order":0,"comment_status":"closed","ping_status":"closed","template":"","meta":{"footnotes":""},"class_list":["post-5142","page","type-page","status-publish","hentry"],"yoast_head":"<!-- This site is optimized with the Yoast SEO plugin v26.6 - https:\/\/yoast.com\/wordpress\/plugins\/seo\/ -->\n<title>Infraestructura - Servicios<\/title>\n<meta name=\"robots\" content=\"index, follow, max-snippet:-1, max-image-preview:large, max-video-preview:-1\" \/>\n<link rel=\"canonical\" href=\"https:\/\/www.icesi.edu.co\/servicios\/infraestructura\/\" \/>\n<meta property=\"og:locale\" content=\"es_ES\" \/>\n<meta property=\"og:type\" content=\"article\" \/>\n<meta property=\"og:title\" content=\"Infraestructura - Servicios\" \/>\n<meta property=\"og:description\" content=\"Misi\u00f3n de la oficina Contribuir al servicio de calidad y excelencia que ofrece la Universidad Icesi a su comunidad, garantizando una coordinaci\u00f3n y una provisi\u00f3n eficiente y eficaz de los servicios y recursos tecnol\u00f3gicos de la instituci\u00f3n, cumpliendo con la pol\u00edtica de seguridad de la informaci\u00f3n y apoyando el cumplimiento de los objetivos institucionales. Visi\u00f3n [&hellip;]\" \/>\n<meta property=\"og:url\" content=\"https:\/\/www.icesi.edu.co\/servicios\/infraestructura\/\" \/>\n<meta property=\"og:site_name\" content=\"Servicios\" \/>\n<meta property=\"article:modified_time\" content=\"2024-11-25T21:33:33+00:00\" \/>\n<meta name=\"twitter:card\" content=\"summary_large_image\" \/>\n<meta name=\"twitter:label1\" content=\"Tiempo de lectura\" \/>\n\t<meta name=\"twitter:data1\" content=\"3 minutos\" \/>\n<script type=\"application\/ld+json\" class=\"yoast-schema-graph\">{\"@context\":\"https:\/\/schema.org\",\"@graph\":[{\"@type\":\"WebPage\",\"@id\":\"https:\/\/www.icesi.edu.co\/servicios\/infraestructura\/\",\"url\":\"https:\/\/www.icesi.edu.co\/servicios\/infraestructura\/\",\"name\":\"Infraestructura - Servicios\",\"isPartOf\":{\"@id\":\"https:\/\/www.icesi.edu.co\/servicios\/#website\"},\"datePublished\":\"2024-11-19T20:28:15+00:00\",\"dateModified\":\"2024-11-25T21:33:33+00:00\",\"breadcrumb\":{\"@id\":\"https:\/\/www.icesi.edu.co\/servicios\/infraestructura\/#breadcrumb\"},\"inLanguage\":\"es-CO\",\"potentialAction\":[{\"@type\":\"ReadAction\",\"target\":[\"https:\/\/www.icesi.edu.co\/servicios\/infraestructura\/\"]}]},{\"@type\":\"BreadcrumbList\",\"@id\":\"https:\/\/www.icesi.edu.co\/servicios\/infraestructura\/#breadcrumb\",\"itemListElement\":[{\"@type\":\"ListItem\",\"position\":1,\"name\":\"Inicio\",\"item\":\"https:\/\/www.icesi.edu.co\/servicios\/\"},{\"@type\":\"ListItem\",\"position\":2,\"name\":\"Infraestructura\"}]},{\"@type\":\"WebSite\",\"@id\":\"https:\/\/www.icesi.edu.co\/servicios\/#website\",\"url\":\"https:\/\/www.icesi.edu.co\/servicios\/\",\"name\":\"Servicios\",\"description\":\"Sitio de Servicios Universidad ICESI\",\"publisher\":{\"@id\":\"https:\/\/www.icesi.edu.co\/servicios\/#organization\"},\"potentialAction\":[{\"@type\":\"SearchAction\",\"target\":{\"@type\":\"EntryPoint\",\"urlTemplate\":\"https:\/\/www.icesi.edu.co\/servicios\/?s={search_term_string}\"},\"query-input\":{\"@type\":\"PropertyValueSpecification\",\"valueRequired\":true,\"valueName\":\"search_term_string\"}}],\"inLanguage\":\"es-CO\"},{\"@type\":\"Organization\",\"@id\":\"https:\/\/www.icesi.edu.co\/servicios\/#organization\",\"name\":\"Servicios\",\"url\":\"https:\/\/www.icesi.edu.co\/servicios\/\",\"logo\":{\"@type\":\"ImageObject\",\"inLanguage\":\"es-CO\",\"@id\":\"https:\/\/www.icesi.edu.co\/servicios\/#\/schema\/logo\/image\/\",\"url\":\"https:\/\/www.icesi.edu.co\/servicios\/wp-content\/uploads\/2024\/04\/LogoSitio.png\",\"contentUrl\":\"https:\/\/www.icesi.edu.co\/servicios\/wp-content\/uploads\/2024\/04\/LogoSitio.png\",\"width\":223,\"height\":54,\"caption\":\"Servicios\"},\"image\":{\"@id\":\"https:\/\/www.icesi.edu.co\/servicios\/#\/schema\/logo\/image\/\"}}]}<\/script>\n<!-- \/ Yoast SEO plugin. -->","yoast_head_json":{"title":"Infraestructura - Servicios","robots":{"index":"index","follow":"follow","max-snippet":"max-snippet:-1","max-image-preview":"max-image-preview:large","max-video-preview":"max-video-preview:-1"},"canonical":"https:\/\/www.icesi.edu.co\/servicios\/infraestructura\/","og_locale":"es_ES","og_type":"article","og_title":"Infraestructura - Servicios","og_description":"Misi\u00f3n de la oficina Contribuir al servicio de calidad y excelencia que ofrece la Universidad Icesi a su comunidad, garantizando una coordinaci\u00f3n y una provisi\u00f3n eficiente y eficaz de los servicios y recursos tecnol\u00f3gicos de la instituci\u00f3n, cumpliendo con la pol\u00edtica de seguridad de la informaci\u00f3n y apoyando el cumplimiento de los objetivos institucionales. Visi\u00f3n [&hellip;]","og_url":"https:\/\/www.icesi.edu.co\/servicios\/infraestructura\/","og_site_name":"Servicios","article_modified_time":"2024-11-25T21:33:33+00:00","twitter_card":"summary_large_image","twitter_misc":{"Tiempo de lectura":"3 minutos"},"schema":{"@context":"https:\/\/schema.org","@graph":[{"@type":"WebPage","@id":"https:\/\/www.icesi.edu.co\/servicios\/infraestructura\/","url":"https:\/\/www.icesi.edu.co\/servicios\/infraestructura\/","name":"Infraestructura - Servicios","isPartOf":{"@id":"https:\/\/www.icesi.edu.co\/servicios\/#website"},"datePublished":"2024-11-19T20:28:15+00:00","dateModified":"2024-11-25T21:33:33+00:00","breadcrumb":{"@id":"https:\/\/www.icesi.edu.co\/servicios\/infraestructura\/#breadcrumb"},"inLanguage":"es-CO","potentialAction":[{"@type":"ReadAction","target":["https:\/\/www.icesi.edu.co\/servicios\/infraestructura\/"]}]},{"@type":"BreadcrumbList","@id":"https:\/\/www.icesi.edu.co\/servicios\/infraestructura\/#breadcrumb","itemListElement":[{"@type":"ListItem","position":1,"name":"Inicio","item":"https:\/\/www.icesi.edu.co\/servicios\/"},{"@type":"ListItem","position":2,"name":"Infraestructura"}]},{"@type":"WebSite","@id":"https:\/\/www.icesi.edu.co\/servicios\/#website","url":"https:\/\/www.icesi.edu.co\/servicios\/","name":"Servicios","description":"Sitio de Servicios Universidad ICESI","publisher":{"@id":"https:\/\/www.icesi.edu.co\/servicios\/#organization"},"potentialAction":[{"@type":"SearchAction","target":{"@type":"EntryPoint","urlTemplate":"https:\/\/www.icesi.edu.co\/servicios\/?s={search_term_string}"},"query-input":{"@type":"PropertyValueSpecification","valueRequired":true,"valueName":"search_term_string"}}],"inLanguage":"es-CO"},{"@type":"Organization","@id":"https:\/\/www.icesi.edu.co\/servicios\/#organization","name":"Servicios","url":"https:\/\/www.icesi.edu.co\/servicios\/","logo":{"@type":"ImageObject","inLanguage":"es-CO","@id":"https:\/\/www.icesi.edu.co\/servicios\/#\/schema\/logo\/image\/","url":"https:\/\/www.icesi.edu.co\/servicios\/wp-content\/uploads\/2024\/04\/LogoSitio.png","contentUrl":"https:\/\/www.icesi.edu.co\/servicios\/wp-content\/uploads\/2024\/04\/LogoSitio.png","width":223,"height":54,"caption":"Servicios"},"image":{"@id":"https:\/\/www.icesi.edu.co\/servicios\/#\/schema\/logo\/image\/"}}]}},"_links":{"self":[{"href":"https:\/\/www.icesi.edu.co\/servicios\/wp-json\/wp\/v2\/pages\/5142","targetHints":{"allow":["GET"]}}],"collection":[{"href":"https:\/\/www.icesi.edu.co\/servicios\/wp-json\/wp\/v2\/pages"}],"about":[{"href":"https:\/\/www.icesi.edu.co\/servicios\/wp-json\/wp\/v2\/types\/page"}],"author":[{"embeddable":true,"href":"https:\/\/www.icesi.edu.co\/servicios\/wp-json\/wp\/v2\/users\/1"}],"replies":[{"embeddable":true,"href":"https:\/\/www.icesi.edu.co\/servicios\/wp-json\/wp\/v2\/comments?post=5142"}],"version-history":[{"count":13,"href":"https:\/\/www.icesi.edu.co\/servicios\/wp-json\/wp\/v2\/pages\/5142\/revisions"}],"predecessor-version":[{"id":5280,"href":"https:\/\/www.icesi.edu.co\/servicios\/wp-json\/wp\/v2\/pages\/5142\/revisions\/5280"}],"wp:attachment":[{"href":"https:\/\/www.icesi.edu.co\/servicios\/wp-json\/wp\/v2\/media?parent=5142"}],"curies":[{"name":"wp","href":"https:\/\/api.w.org\/{rel}","templated":true}]}}