{"id":5155,"date":"2024-11-19T15:37:18","date_gmt":"2024-11-19T20:37:18","guid":{"rendered":"https:\/\/www.icesi.edu.co\/servicios\/?page_id=5155"},"modified":"2024-11-25T16:34:23","modified_gmt":"2024-11-25T21:34:23","slug":"operaciones","status":"publish","type":"page","link":"https:\/\/www.icesi.edu.co\/servicios\/operaciones\/","title":{"rendered":"Operaciones"},"content":{"rendered":"\t\t<div data-elementor-type=\"wp-page\" data-elementor-id=\"5155\" class=\"elementor elementor-5155\">\n\t\t\t\t\t\t<section class=\"elementor-section elementor-top-section elementor-element elementor-element-0bc12ec elementor-section-boxed elementor-section-height-default elementor-section-height-default\" data-id=\"0bc12ec\" data-element_type=\"section\" data-settings=\"{&quot;background_background&quot;:&quot;classic&quot;}\">\n\t\t\t\t\t\t\t<div class=\"elementor-background-overlay\"><\/div>\n\t\t\t\t\t\t\t<div class=\"elementor-container elementor-column-gap-default\">\n\t\t\t\t\t<div class=\"elementor-column elementor-col-100 elementor-top-column elementor-element elementor-element-c63507c\" data-id=\"c63507c\" data-element_type=\"column\" data-settings=\"{&quot;background_background&quot;:&quot;classic&quot;}\">\n\t\t\t<div class=\"elementor-widget-wrap elementor-element-populated\">\n\t\t\t\t\t\t<div class=\"elementor-element elementor-element-4f068b9 elementor-widget elementor-widget-text-editor\" data-id=\"4f068b9\" data-element_type=\"widget\" data-widget_type=\"text-editor.default\">\n\t\t\t\t<div class=\"elementor-widget-container\">\n\t\t\t\t\t\t\t\t\t<h4><strong>Prop\u00f3sito de la oficina<\/strong><\/h4><p>La oficina de SYRI-Operaciones es la encargada de planear, adquirir, soportar y velar por el correcto funcionamiento de la infraestructura tecnol\u00f3gica de la Universidad Icesi (computadores, software, red inal\u00e1mbrica, salas de c\u00f3mputo, laboratorios especializados, impresi\u00f3n, presupuesto y compras de tecnolog\u00eda), para\u00a0proporcionar recursos tecnol\u00f3gicos de excelente calidad a la comunidad acad\u00e9mica y administrativa.<\/p><h4><strong>Objetivos espec\u00edficos de la oficina<\/strong><\/h4><ol><li>Prestar servicio de soporte t\u00e9cnico especializado a todos miembros acad\u00e9micos y administrativos de la comunidad Icesi y entidades en convenio.<\/li><li>Realizar el mantenimiento y actualizaci\u00f3n peri\u00f3dica de la plataforma tecnol\u00f3gica de la Universidad Icesi y de algunas entidades en convenio.<\/li><li>Gestionar la adquisici\u00f3n y garant\u00eda de los bienes tecnol\u00f3gicos de la Universidad Icesi.<\/li><li>Asegurar la disponibilidad de los recursos tecnol\u00f3gicos en salas de c\u00f3mputo y laboratorios para el de uso de actividades acad\u00e9micas.<\/li><li>Gestionar el proceso de compras y presupuesto de tecnolog\u00eda de la universidad.<\/li><li>Asegurar que el equipo de colaboradores a cargo cuenta con las capacidades profesionales y personales requeridas.<\/li><\/ol><h4><strong>Objetivos institucionales a los que apoya<\/strong><\/h4><ul><li>OBJINST 4. Calidad de los procesos institucionales: Mejorar continuamente la calidad de los procesos de ense\u00f1anza-aprendizaje y los procesos administrativos.<\/li><li>OBJINST 5. Profesores y colaboradores: Mantener un grupo de profesores y colaboradores con excelencia en valores y capacidades, en un ambiente que propicie el desarrollo personal e institucional.<\/li><li>OBJINST 6. Viabilidad: Asegurar la viabilidad econ\u00f3mica de la Universidad.<\/li><\/ul><h4><strong>Servicios<\/strong><\/h4><ul><li>Lista de servicios OPE<\/li><\/ul><h4><strong>Recursos<\/strong><\/h4><ul><li>Lista de recursos OPE<\/li><\/ul><h4><strong>Participaci\u00f3n en Comit\u00e9s<\/strong><\/h4><p><a href=\"\/servicios\/comite-compras-t-i\/\">Comit\u00e9 de Compras TI<\/a><\/p><h4><strong>Participaci\u00f3n en grupos de trabajo<\/strong><\/h4><p>La oficina de Operaciones de la\u00a0Universidad Icesi\u00a0tiene presencia en los siguientes grupos de trabajo de la direcci\u00f3n de servicios y recursos de informaci\u00f3n:<\/p><ul><li><a href=\"\/servicios\/gint\/\">GINT<\/a><\/li><li><a href=\"\/servicios\/gpmc\/\">GPMC<\/a><\/li><li>Grupo Primario Operaciones<\/li><\/ul><h4><strong>Participaci\u00f3n en comit\u00e9s institucionales<\/strong><\/h4><p>Comit\u00e9 de Planeaci\u00f3n y Espacios F\u00edsicos<\/p><h4><strong>Integrantes<\/strong><\/h4><ul><li>Leidy Tatiana Fernandez \u2013 Analista de Compras<\/li><li>Carolina Gomez Hoyos \u2013 Auxiliar de Compras Syri\u00a0<\/li><li>Ivan Andres Quintero \u2013 Auxiliar de Compras Syri\u00a0<\/li><li>Ruby Alejandra Carrillo \u2013 Auxiliar de Compras Syri<\/li><li>Alejandra Ram\u00edrez \u2013 Analista Gesti\u00f3n de Activos Tecnol\u00f3gicos<\/li><li>Jhon Jairo Castillo \u2013 Auxiliar de soporte t\u00e9cnico<\/li><li>Benjamin Ballen Montoya \u2013 Auxiliar de soporte t\u00e9cnico<\/li><li>Doryhan Alejandro Llanten\u2013 Auxiliar de soporte t\u00e9cnico<\/li><li>Edwin Moises Enriquez \u2013 Auxiliar de soporte t\u00e9cnico<\/li><li>Erika Lizeth Fernandez\u2013 Auxiliar de soporte t\u00e9cnico<\/li><li>Jean Carlos Castro\u2013 Auxiliar de soporte t\u00e9cnico<\/li><li>Kevin Felipe Sanchez\u2013 Auxiliar de soporte t\u00e9cnico<\/li><li>Laura Ximena Bermudez\u2013 Auxiliar de soporte t\u00e9cnico<\/li><li>Adriana Mar\u00eda Lerma \u2013 Auxiliar de soporte t\u00e9cnico<\/li><li>Gustavo Mu\u00f1oz \u2013 Auxiliar de soporte t\u00e9cnico<\/li><li>Angie Yarizath Parra Renteria\u2013 Auxiliar de Servicios y Recursos TI en espacios acad\u00e9micos<\/li><li>Jhon Esteban Restrepo\u2013 Auxiliar de Salas<\/li><li>Juliana Andrea Narvaez\u2013 Auxiliar de Salas y Laboratorio<\/li><li>Carlos Alberto Gomez \u2013 Administrador de Soporte T\u00e9cnico<\/li><li>Sandra Patricia Salazar Ulloa \u2013 Coordinador(a) de Recursos Tecnol\u00f3gicos en Espacios Acad\u00e9micos<\/li><li>Lorena Zuluaga \u2013 Coordinadora de presupuesto y compras TI<\/li><li>Yudy Alexandra Montenegro Hoyos \u2013 Jefe de Syri \u2013 operaciones<\/li><\/ul><p>La oficina Operaciones, adicionalmente, cuenta con un equipo de aprendices SENA (6).<\/p>\t\t\t\t\t\t\t\t<\/div>\n\t\t\t\t<\/div>\n\t\t\t\t<div class=\"elementor-element elementor-element-5aa428c elementor-widget elementor-widget-text-editor\" data-id=\"5aa428c\" data-element_type=\"widget\" data-widget_type=\"text-editor.default\">\n\t\t\t\t<div class=\"elementor-widget-container\">\n\t\t\t\t\t\t\t\t\t<p>En caso de requerir ayuda puedes utilizar lo siguientes canales:<\/p>\t\t\t\t\t\t\t\t<\/div>\n\t\t\t\t<\/div>\n\t\t\t\t<div class=\"elementor-element elementor-element-b5942d3 elementor-icon-list--layout-traditional elementor-list-item-link-full_width elementor-widget elementor-widget-icon-list\" data-id=\"b5942d3\" data-element_type=\"widget\" data-widget_type=\"icon-list.default\">\n\t\t\t\t<div class=\"elementor-widget-container\">\n\t\t\t\t\t\t\t<ul class=\"elementor-icon-list-items\">\n\t\t\t\t\t\t\t<li class=\"elementor-icon-list-item\">\n\t\t\t\t\t\t\t\t\t\t\t<span class=\"elementor-icon-list-icon\">\n\t\t\t\t\t\t\t<svg aria-hidden=\"true\" class=\"e-font-icon-svg e-fas-map-pin\" viewBox=\"0 0 288 512\" xmlns=\"http:\/\/www.w3.org\/2000\/svg\"><path d=\"M112 316.94v156.69l22.02 33.02c4.75 7.12 15.22 7.12 19.97 0L176 473.63V316.94c-10.39 1.92-21.06 3.06-32 3.06s-21.61-1.14-32-3.06zM144 0C64.47 0 0 64.47 0 144s64.47 144 144 144 144-64.47 144-144S223.53 0 144 0zm0 76c-37.5 0-68 30.5-68 68 0 6.62-5.38 12-12 12s-12-5.38-12-12c0-50.73 41.28-92 92-92 6.62 0 12 5.38 12 12s-5.38 12-12 12z\"><\/path><\/svg>\t\t\t\t\t\t<\/span>\n\t\t\t\t\t\t\t\t\t\t<span class=\"elementor-icon-list-text\">Universidad Icesi, Syri - Operaciones<\/span>\n\t\t\t\t\t\t\t\t\t<\/li>\n\t\t\t\t\t\t\t\t<li class=\"elementor-icon-list-item\">\n\t\t\t\t\t\t\t\t\t\t\t<span class=\"elementor-icon-list-icon\">\n\t\t\t\t\t\t\t<svg aria-hidden=\"true\" class=\"e-font-icon-svg e-fas-phone\" viewBox=\"0 0 512 512\" xmlns=\"http:\/\/www.w3.org\/2000\/svg\"><path d=\"M493.4 24.6l-104-24c-11.3-2.6-22.9 3.3-27.5 13.9l-48 112c-4.2 9.8-1.4 21.3 6.9 28l60.6 49.6c-36 76.7-98.9 140.5-177.2 177.2l-49.6-60.6c-6.8-8.3-18.2-11.1-28-6.9l-112 48C3.9 366.5-2 378.1.6 389.4l24 104C27.1 504.2 36.7 512 48 512c256.1 0 464-207.5 464-464 0-11.2-7.7-20.9-18.6-23.4z\"><\/path><\/svg>\t\t\t\t\t\t<\/span>\n\t\t\t\t\t\t\t\t\t\t<span class=\"elementor-icon-list-text\">+57 (602) 5552334, extensi\u00f3n 4200 - Soporte impresi\u00f3n: 4088<\/span>\n\t\t\t\t\t\t\t\t\t<\/li>\n\t\t\t\t\t\t\t\t<li class=\"elementor-icon-list-item\">\n\t\t\t\t\t\t\t\t\t\t\t<span class=\"elementor-icon-list-icon\">\n\t\t\t\t\t\t\t<svg aria-hidden=\"true\" class=\"e-font-icon-svg e-fas-envelope-open\" viewBox=\"0 0 512 512\" xmlns=\"http:\/\/www.w3.org\/2000\/svg\"><path d=\"M512 464c0 26.51-21.49 48-48 48H48c-26.51 0-48-21.49-48-48V200.724a48 48 0 0 1 18.387-37.776c24.913-19.529 45.501-35.365 164.2-121.511C199.412 29.17 232.797-.347 256 .003c23.198-.354 56.596 29.172 73.413 41.433 118.687 86.137 139.303 101.995 164.2 121.512A48 48 0 0 1 512 200.724V464zm-65.666-196.605c-2.563-3.728-7.7-4.595-11.339-1.907-22.845 16.873-55.462 40.705-105.582 77.079-16.825 12.266-50.21 41.781-73.413 41.43-23.211.344-56.559-29.143-73.413-41.43-50.114-36.37-82.734-60.204-105.582-77.079-3.639-2.688-8.776-1.821-11.339 1.907l-9.072 13.196a7.998 7.998 0 0 0 1.839 10.967c22.887 16.899 55.454 40.69 105.303 76.868 20.274 14.781 56.524 47.813 92.264 47.573 35.724.242 71.961-32.771 92.263-47.573 49.85-36.179 82.418-59.97 105.303-76.868a7.998 7.998 0 0 0 1.839-10.967l-9.071-13.196z\"><\/path><\/svg>\t\t\t\t\t\t<\/span>\n\t\t\t\t\t\t\t\t\t\t<span class=\"elementor-icon-list-text\">operaciones@listas.icesi.edu.co<\/span>\n\t\t\t\t\t\t\t\t\t<\/li>\n\t\t\t\t\t\t\t\t<li class=\"elementor-icon-list-item\">\n\t\t\t\t\t\t\t\t\t\t\t<span class=\"elementor-icon-list-icon\">\n\t\t\t\t\t\t\t<svg aria-hidden=\"true\" class=\"e-font-icon-svg e-far-clock\" viewBox=\"0 0 512 512\" xmlns=\"http:\/\/www.w3.org\/2000\/svg\"><path d=\"M256 8C119 8 8 119 8 256s111 248 248 248 248-111 248-248S393 8 256 8zm0 448c-110.5 0-200-89.5-200-200S145.5 56 256 56s200 89.5 200 200-89.5 200-200 200zm61.8-104.4l-84.9-61.7c-3.1-2.3-4.9-5.9-4.9-9.7V116c0-6.6 5.4-12 12-12h32c6.6 0 12 5.4 12 12v141.7l66.8 48.6c5.4 3.9 6.5 11.4 2.6 16.8L334.6 349c-3.9 5.3-11.4 6.5-16.8 2.6z\"><\/path><\/svg>\t\t\t\t\t\t<\/span>\n\t\t\t\t\t\t\t\t\t\t<span class=\"elementor-icon-list-text\">Horario de atenci\u00f3n:  Lunes a viernes de 07:00 a 21:00 y s\u00e1bados de 07:30- 17:00<\/span>\n\t\t\t\t\t\t\t\t\t<\/li>\n\t\t\t\t\t\t<\/ul>\n\t\t\t\t\t\t<\/div>\n\t\t\t\t<\/div>\n\t\t\t\t\t<\/div>\n\t\t<\/div>\n\t\t\t\t\t<\/div>\n\t\t<\/section>\n\t\t\t\t<\/div>\n\t\t","protected":false},"excerpt":{"rendered":"<p>Prop\u00f3sito de la oficina La oficina de SYRI-Operaciones es la encargada de planear, adquirir, soportar y velar por el correcto funcionamiento de la infraestructura tecnol\u00f3gica de la Universidad Icesi (computadores, software, red inal\u00e1mbrica, salas de c\u00f3mputo, laboratorios especializados, impresi\u00f3n, presupuesto y compras de tecnolog\u00eda), para\u00a0proporcionar recursos tecnol\u00f3gicos de excelente calidad a la comunidad acad\u00e9mica y [&hellip;]<\/p>\n","protected":false},"author":1,"featured_media":0,"parent":0,"menu_order":0,"comment_status":"closed","ping_status":"closed","template":"","meta":{"footnotes":""},"class_list":["post-5155","page","type-page","status-publish","hentry"],"yoast_head":"<!-- This site is optimized with the Yoast SEO plugin v26.6 - https:\/\/yoast.com\/wordpress\/plugins\/seo\/ -->\n<title>Operaciones - Servicios<\/title>\n<meta name=\"robots\" content=\"index, follow, max-snippet:-1, max-image-preview:large, max-video-preview:-1\" \/>\n<link rel=\"canonical\" href=\"https:\/\/www.icesi.edu.co\/servicios\/operaciones\/\" \/>\n<meta property=\"og:locale\" content=\"es_ES\" \/>\n<meta property=\"og:type\" content=\"article\" \/>\n<meta property=\"og:title\" content=\"Operaciones - Servicios\" \/>\n<meta property=\"og:description\" content=\"Prop\u00f3sito de la oficina La oficina de SYRI-Operaciones es la encargada de planear, adquirir, soportar y velar por el correcto funcionamiento de la infraestructura tecnol\u00f3gica de la Universidad Icesi (computadores, software, red inal\u00e1mbrica, salas de c\u00f3mputo, laboratorios especializados, impresi\u00f3n, presupuesto y compras de tecnolog\u00eda), para\u00a0proporcionar recursos tecnol\u00f3gicos de excelente calidad a la comunidad acad\u00e9mica y [&hellip;]\" \/>\n<meta property=\"og:url\" content=\"https:\/\/www.icesi.edu.co\/servicios\/operaciones\/\" \/>\n<meta property=\"og:site_name\" content=\"Servicios\" \/>\n<meta property=\"article:modified_time\" content=\"2024-11-25T21:34:23+00:00\" \/>\n<meta name=\"twitter:card\" content=\"summary_large_image\" \/>\n<meta name=\"twitter:label1\" content=\"Tiempo de lectura\" \/>\n\t<meta name=\"twitter:data1\" content=\"3 minutos\" \/>\n<script type=\"application\/ld+json\" class=\"yoast-schema-graph\">{\"@context\":\"https:\/\/schema.org\",\"@graph\":[{\"@type\":\"WebPage\",\"@id\":\"https:\/\/www.icesi.edu.co\/servicios\/operaciones\/\",\"url\":\"https:\/\/www.icesi.edu.co\/servicios\/operaciones\/\",\"name\":\"Operaciones - Servicios\",\"isPartOf\":{\"@id\":\"https:\/\/www.icesi.edu.co\/servicios\/#website\"},\"datePublished\":\"2024-11-19T20:37:18+00:00\",\"dateModified\":\"2024-11-25T21:34:23+00:00\",\"breadcrumb\":{\"@id\":\"https:\/\/www.icesi.edu.co\/servicios\/operaciones\/#breadcrumb\"},\"inLanguage\":\"es-CO\",\"potentialAction\":[{\"@type\":\"ReadAction\",\"target\":[\"https:\/\/www.icesi.edu.co\/servicios\/operaciones\/\"]}]},{\"@type\":\"BreadcrumbList\",\"@id\":\"https:\/\/www.icesi.edu.co\/servicios\/operaciones\/#breadcrumb\",\"itemListElement\":[{\"@type\":\"ListItem\",\"position\":1,\"name\":\"Inicio\",\"item\":\"https:\/\/www.icesi.edu.co\/servicios\/\"},{\"@type\":\"ListItem\",\"position\":2,\"name\":\"Operaciones\"}]},{\"@type\":\"WebSite\",\"@id\":\"https:\/\/www.icesi.edu.co\/servicios\/#website\",\"url\":\"https:\/\/www.icesi.edu.co\/servicios\/\",\"name\":\"Servicios\",\"description\":\"Sitio de Servicios Universidad ICESI\",\"publisher\":{\"@id\":\"https:\/\/www.icesi.edu.co\/servicios\/#organization\"},\"potentialAction\":[{\"@type\":\"SearchAction\",\"target\":{\"@type\":\"EntryPoint\",\"urlTemplate\":\"https:\/\/www.icesi.edu.co\/servicios\/?s={search_term_string}\"},\"query-input\":{\"@type\":\"PropertyValueSpecification\",\"valueRequired\":true,\"valueName\":\"search_term_string\"}}],\"inLanguage\":\"es-CO\"},{\"@type\":\"Organization\",\"@id\":\"https:\/\/www.icesi.edu.co\/servicios\/#organization\",\"name\":\"Servicios\",\"url\":\"https:\/\/www.icesi.edu.co\/servicios\/\",\"logo\":{\"@type\":\"ImageObject\",\"inLanguage\":\"es-CO\",\"@id\":\"https:\/\/www.icesi.edu.co\/servicios\/#\/schema\/logo\/image\/\",\"url\":\"https:\/\/www.icesi.edu.co\/servicios\/wp-content\/uploads\/2024\/04\/LogoSitio.png\",\"contentUrl\":\"https:\/\/www.icesi.edu.co\/servicios\/wp-content\/uploads\/2024\/04\/LogoSitio.png\",\"width\":223,\"height\":54,\"caption\":\"Servicios\"},\"image\":{\"@id\":\"https:\/\/www.icesi.edu.co\/servicios\/#\/schema\/logo\/image\/\"}}]}<\/script>\n<!-- \/ Yoast SEO plugin. -->","yoast_head_json":{"title":"Operaciones - Servicios","robots":{"index":"index","follow":"follow","max-snippet":"max-snippet:-1","max-image-preview":"max-image-preview:large","max-video-preview":"max-video-preview:-1"},"canonical":"https:\/\/www.icesi.edu.co\/servicios\/operaciones\/","og_locale":"es_ES","og_type":"article","og_title":"Operaciones - Servicios","og_description":"Prop\u00f3sito de la oficina La oficina de SYRI-Operaciones es la encargada de planear, adquirir, soportar y velar por el correcto funcionamiento de la infraestructura tecnol\u00f3gica de la Universidad Icesi (computadores, software, red inal\u00e1mbrica, salas de c\u00f3mputo, laboratorios especializados, impresi\u00f3n, presupuesto y compras de tecnolog\u00eda), para\u00a0proporcionar recursos tecnol\u00f3gicos de excelente calidad a la comunidad acad\u00e9mica y [&hellip;]","og_url":"https:\/\/www.icesi.edu.co\/servicios\/operaciones\/","og_site_name":"Servicios","article_modified_time":"2024-11-25T21:34:23+00:00","twitter_card":"summary_large_image","twitter_misc":{"Tiempo de lectura":"3 minutos"},"schema":{"@context":"https:\/\/schema.org","@graph":[{"@type":"WebPage","@id":"https:\/\/www.icesi.edu.co\/servicios\/operaciones\/","url":"https:\/\/www.icesi.edu.co\/servicios\/operaciones\/","name":"Operaciones - Servicios","isPartOf":{"@id":"https:\/\/www.icesi.edu.co\/servicios\/#website"},"datePublished":"2024-11-19T20:37:18+00:00","dateModified":"2024-11-25T21:34:23+00:00","breadcrumb":{"@id":"https:\/\/www.icesi.edu.co\/servicios\/operaciones\/#breadcrumb"},"inLanguage":"es-CO","potentialAction":[{"@type":"ReadAction","target":["https:\/\/www.icesi.edu.co\/servicios\/operaciones\/"]}]},{"@type":"BreadcrumbList","@id":"https:\/\/www.icesi.edu.co\/servicios\/operaciones\/#breadcrumb","itemListElement":[{"@type":"ListItem","position":1,"name":"Inicio","item":"https:\/\/www.icesi.edu.co\/servicios\/"},{"@type":"ListItem","position":2,"name":"Operaciones"}]},{"@type":"WebSite","@id":"https:\/\/www.icesi.edu.co\/servicios\/#website","url":"https:\/\/www.icesi.edu.co\/servicios\/","name":"Servicios","description":"Sitio de Servicios Universidad ICESI","publisher":{"@id":"https:\/\/www.icesi.edu.co\/servicios\/#organization"},"potentialAction":[{"@type":"SearchAction","target":{"@type":"EntryPoint","urlTemplate":"https:\/\/www.icesi.edu.co\/servicios\/?s={search_term_string}"},"query-input":{"@type":"PropertyValueSpecification","valueRequired":true,"valueName":"search_term_string"}}],"inLanguage":"es-CO"},{"@type":"Organization","@id":"https:\/\/www.icesi.edu.co\/servicios\/#organization","name":"Servicios","url":"https:\/\/www.icesi.edu.co\/servicios\/","logo":{"@type":"ImageObject","inLanguage":"es-CO","@id":"https:\/\/www.icesi.edu.co\/servicios\/#\/schema\/logo\/image\/","url":"https:\/\/www.icesi.edu.co\/servicios\/wp-content\/uploads\/2024\/04\/LogoSitio.png","contentUrl":"https:\/\/www.icesi.edu.co\/servicios\/wp-content\/uploads\/2024\/04\/LogoSitio.png","width":223,"height":54,"caption":"Servicios"},"image":{"@id":"https:\/\/www.icesi.edu.co\/servicios\/#\/schema\/logo\/image\/"}}]}},"_links":{"self":[{"href":"https:\/\/www.icesi.edu.co\/servicios\/wp-json\/wp\/v2\/pages\/5155","targetHints":{"allow":["GET"]}}],"collection":[{"href":"https:\/\/www.icesi.edu.co\/servicios\/wp-json\/wp\/v2\/pages"}],"about":[{"href":"https:\/\/www.icesi.edu.co\/servicios\/wp-json\/wp\/v2\/types\/page"}],"author":[{"embeddable":true,"href":"https:\/\/www.icesi.edu.co\/servicios\/wp-json\/wp\/v2\/users\/1"}],"replies":[{"embeddable":true,"href":"https:\/\/www.icesi.edu.co\/servicios\/wp-json\/wp\/v2\/comments?post=5155"}],"version-history":[{"count":10,"href":"https:\/\/www.icesi.edu.co\/servicios\/wp-json\/wp\/v2\/pages\/5155\/revisions"}],"predecessor-version":[{"id":5283,"href":"https:\/\/www.icesi.edu.co\/servicios\/wp-json\/wp\/v2\/pages\/5155\/revisions\/5283"}],"wp:attachment":[{"href":"https:\/\/www.icesi.edu.co\/servicios\/wp-json\/wp\/v2\/media?parent=5155"}],"curies":[{"name":"wp","href":"https:\/\/api.w.org\/{rel}","templated":true}]}}