{"id":5169,"date":"2024-11-19T16:07:03","date_gmt":"2024-11-19T21:07:03","guid":{"rendered":"https:\/\/www.icesi.edu.co\/servicios\/?page_id=5169"},"modified":"2024-11-25T16:35:49","modified_gmt":"2024-11-25T21:35:49","slug":"biblioteca","status":"publish","type":"page","link":"https:\/\/www.icesi.edu.co\/servicios\/biblioteca\/","title":{"rendered":"Biblioteca"},"content":{"rendered":"\t\t<div data-elementor-type=\"wp-page\" data-elementor-id=\"5169\" class=\"elementor elementor-5169\">\n\t\t\t\t\t\t<section class=\"elementor-section elementor-top-section elementor-element elementor-element-0bc12ec elementor-section-boxed elementor-section-height-default elementor-section-height-default\" data-id=\"0bc12ec\" data-element_type=\"section\" data-settings=\"{&quot;background_background&quot;:&quot;classic&quot;}\">\n\t\t\t\t\t\t\t<div class=\"elementor-background-overlay\"><\/div>\n\t\t\t\t\t\t\t<div class=\"elementor-container elementor-column-gap-default\">\n\t\t\t\t\t<div class=\"elementor-column elementor-col-100 elementor-top-column elementor-element elementor-element-c63507c\" data-id=\"c63507c\" data-element_type=\"column\" data-settings=\"{&quot;background_background&quot;:&quot;classic&quot;}\">\n\t\t\t<div class=\"elementor-widget-wrap elementor-element-populated\">\n\t\t\t\t\t\t<div class=\"elementor-element elementor-element-4f068b9 elementor-widget elementor-widget-text-editor\" data-id=\"4f068b9\" data-element_type=\"widget\" data-widget_type=\"text-editor.default\">\n\t\t\t\t<div class=\"elementor-widget-container\">\n\t\t\t\t\t\t\t\t\t<h4>Prop\u00f3sito<\/h4><p>Somos un lugar de encuentro y experiencias que contribuyen con el \u00e9xito de la formaci\u00f3n activa de los estudiantes y la calidad de las actividades docentes e investigativas. Ofrecemos un portafolio de servicios que integra variadas fuentes de informaci\u00f3n cient\u00edfica, acad\u00e9mica y cultural, respaldado por un excelente equipo de expertos profesionales de la informaci\u00f3n y el conocimiento.<\/p><p>Hacemos parte de la Direcci\u00f3n SYRI (<a href=\"http:\/\/www.icesi.edu.co\/servicios\/syri\/biblioteca\/biblioteca-digital\/\">Servicios y Recursos de Informaci\u00f3n<\/a>), \u00e1rea que ofrece toda una amplia gama de soluciones y servicios de tecnolog\u00eda, aprendizaje e informaci\u00f3n.<\/p><h4>Objetivos espec\u00edficos de la oficina<\/h4><ol><li>Contribuir al desarrollo de las competencias informacionales en la comunidad acad\u00e9mica.<\/li><li>Asegurar la oportunidad y satisfacci\u00f3n en la prestaci\u00f3n de los servicios y la disponibilidad de los recursos<\/li><li>Asegurar un portafolio de servicios y recursos de informaci\u00f3n alineado con las necesidades de la universidad y conocido por todos los grupos de inter\u00e9s<\/li><li>Garantizar el ciclo de gesti\u00f3n patrimonial del conocimiento generado de la Universidad.<\/li><\/ol><h4>Objetivos estrat\u00e9gicos a los que apoya<\/h4><ul><li><em>OBJ INST 1. \u00c9XITO ESTUDIANTIL Y PROFESIONAL:<\/em>\u00a0aumentar el porcentaje de graduaci\u00f3n de los estudiantes, con excelencia en valores y capacidades.<\/li><li><em>OBJ INST4. CALIDAD DE LOS PROCESOS INSTITUCIONALES<\/em>: mejorar continuamente los procesos de ense\u00f1anza-aprendizaje y los procesos administrativos<\/li><li><em>OBJ INST5. PROFESORES Y COLABORADORES<\/em>: mantener un grupo de profesores y colaboradores con excelencia en valores y capacidades, en un ambiente que propicie el desarrollo personal e institucional.<\/li><li><em>OBJ INST6. VIABILIDAD<\/em>: Asegurar la viabilidad econ\u00f3mica de la Universidad<\/li><\/ul><h4><strong data-rich-text-format-boundary=\"true\">Servicios<br \/><\/strong><\/h4><ul class=\"rich-text block-editor-rich-text__editable\" role=\"textbox\" aria-multiline=\"true\" aria-label=\"Escribe una lista\u2026\"><li><a href=\"http:\/\/www.icesi.edu.co\/biblioteca\/profesores\/adquisicion-de-contenidos\/\" data-rich-text-format-boundary=\"true\">Compra de material bibliogr\u00e1fico<\/a><\/li><li><a href=\"http:\/\/www.icesi.edu.co\/biblioteca\/estudiantes\/formacion-y-asesoria\/\">Formaci\u00f3n y asesor\u00eda<\/a><\/li><li><a href=\"http:\/\/www.icesi.edu.co\/biblioteca\/estudiantes\/apoyo-a-la-escritura-y-deteccion-de-coindencias\/\">Check Bit \u2013 detecci\u00f3n de coindencias<\/a><\/li><li><a href=\"http:\/\/www.icesi.edu.co\/biblioteca\/estudiantes\/prestamo-de-material-impreso\/\">Pr\u00e9stamo de material impresos<\/a><\/li><li><a href=\"http:\/\/www.icesi.edu.co\/biblioteca\/estudiantes\/prestamo-de-recursos-moviles\/\">Pr\u00e9stamo de recursos m\u00f3viles<\/a><\/li><li><a href=\"http:\/\/www.icesi.edu.co\/biblioteca\/estudiantes\/capacitaciones-y-asesorias\/\">Servicios de extensi\u00f3n cultural<\/a>: clubes de lectura y exposiciones<\/li><li><a href=\"http:\/\/www.icesi.edu.co\/biblioteca\/estudiantes\/contenidos-electronicos\/\">Contenidos digitales<\/a><\/li><li><a href=\"http:\/\/www.icesi.edu.co\/biblioteca\/estudiantes\/convenios-interbibliotecarios\/\">Convenios interbibliotecarios<\/a><\/li><li><a href=\"http:\/\/www.icesi.edu.co\/biblioteca\/estudiantes\/espacios-de-estudio-colaboracion-y-descanso\/\">Espacios de estudio y colaboraci\u00f3n<\/a><\/li><li><a href=\"http:\/\/www.icesi.edu.co\/biblioteca\/profesores\/adquisicion-de-contenidos\/\" data-rich-text-format-boundary=\"true\">Compra de material bibliogr\u00e1fico<\/a><\/li><li><a href=\"http:\/\/www.icesi.edu.co\/biblioteca\/estudiantes\/formacion-y-asesoria\/\">Formaci\u00f3n y asesor\u00eda<\/a><\/li><li><a href=\"http:\/\/www.icesi.edu.co\/biblioteca\/estudiantes\/apoyo-a-la-escritura-y-deteccion-de-coindencias\/\">Check Bit \u2013 detecci\u00f3n de coindencias<\/a><\/li><li><a href=\"http:\/\/www.icesi.edu.co\/biblioteca\/estudiantes\/prestamo-de-material-impreso\/\">Pr\u00e9stamo de material impresos<\/a><\/li><li><a href=\"http:\/\/www.icesi.edu.co\/biblioteca\/estudiantes\/prestamo-de-recursos-moviles\/\">Pr\u00e9stamo de recursos m\u00f3viles<\/a><\/li><li><a href=\"http:\/\/www.icesi.edu.co\/biblioteca\/estudiantes\/capacitaciones-y-asesorias\/\">Servicios de extensi\u00f3n cultural<\/a>: clubes de lectura y exposiciones<\/li><li><a href=\"http:\/\/www.icesi.edu.co\/biblioteca\/estudiantes\/contenidos-electronicos\/\">Contenidos digitales<\/a><\/li><li><a href=\"http:\/\/www.icesi.edu.co\/biblioteca\/estudiantes\/convenios-interbibliotecarios\/\">Convenios interbibliotecarios<\/a><\/li><li><a href=\"http:\/\/www.icesi.edu.co\/biblioteca\/estudiantes\/espacios-de-estudio-colaboracion-y-descanso\/\">Espacios de estudio y colaboraci\u00f3n<\/a><\/li><\/ul><h4>Recursos<\/h4><table width=\"558\"><tbody><tr><td colspan=\"3\"><strong>Recursos de la biblioteca<\/strong><\/td><\/tr><tr><td width=\"194\"><strong>Recurso<\/strong><\/td><td width=\"185\"><strong>Condiciones de uso<\/strong><\/td><td><strong>Manual \/ Tutorial \/ FAQ<\/strong><\/td><\/tr><tr><td width=\"194\"><a href=\"http:\/\/www.icesi.edu.co\/servicios_apoyo\/salas_computo.php\">Sala de c\u00f3mputo\u00a0general<\/a><\/td><td width=\"185\"><a href=\"http:\/\/www.icesi.edu.co\/servicios_apoyo\/condiciones_uso_salas_de_computo.php\">Condiciones de uso<\/a><\/td><td width=\"171\">***<\/td><\/tr><tr><td width=\"194\">Salas de estudio<\/td><td width=\"185\">***<\/td><td>***<\/td><\/tr><tr><td width=\"194\">Sala de video<\/td><td width=\"185\">***<\/td><td width=\"171\">***<\/td><\/tr><tr><td width=\"194\">Sala de profesores<\/td><td width=\"185\">***<\/td><td width=\"171\">***<\/td><\/tr><tr><td width=\"194\">Colecciones general y reserva<\/td><td width=\"185\">***<\/td><td width=\"171\">***<\/td><\/tr><tr><td width=\"194\">Colecci\u00f3n de referencia<\/td><td width=\"185\">***<\/td><td width=\"171\">***<\/td><\/tr><tr><td width=\"194\">Colecci\u00f3n de revistas<\/td><td width=\"185\">***<\/td><td width=\"171\">***<\/td><\/tr><tr><td width=\"194\">Sonoteca<\/td><td width=\"185\">***<\/td><td width=\"171\">***<\/td><\/tr><tr><td width=\"194\">Multimedia<\/td><td width=\"185\">***<\/td><td width=\"171\">***<\/td><\/tr><tr><td width=\"194\">Videoteca<\/td><td width=\"185\">***<\/td><td width=\"171\">***<\/td><\/tr><tr><td width=\"194\"><a href=\"https:\/\/repository.icesi.edu.co\/biblioteca_digital\/\">Biblioteca digital<\/a><\/td><td width=\"185\"><a href=\"http:\/\/www.icesi.edu.co\/servicios\/syri\/biblioteca\/biblioteca-digital\/\">Condiciones de uso<\/a><\/td><td>***<\/td><\/tr><tr><td width=\"194\"><a href=\"http:\/\/eds.b.ebscohost.com\/eds\/search\/basic?vid=1&amp;sid=1ce81ecb-b069-428b-9652-3ba36b8ea0d0%40sessionmgr120\">Sistema de descubrimiento<\/a><\/td><td width=\"185\">\u00a0<\/td><td>\u00a0<\/td><\/tr><tr><td width=\"194\"><a href=\"http:\/\/biblioteca2.icesi.edu.co\/cgi-olib\/w21.sh\">Cat\u00e1logo p\u00fablico<\/a><\/td><td width=\"185\">***<\/td><td><a href=\"http:\/\/www.icesi.edu.co\/servicios_apoyo\/biblioteca\/tutoriales\/olib.html\">Ver tutorial<\/a><\/td><\/tr><tr><td width=\"194\"><a href=\"http:\/\/www.icesi.edu.co\/biblioteca\/bases-datos\/\">Bases de datos especializadas<\/a><\/td><td width=\"185\">***<\/td><td>***<\/td><\/tr><tr><td width=\"194\">Manuales y tutoriales bibliogr\u00e1ficos<\/td><td width=\"185\">***<\/td><td>***<\/td><\/tr><tr><td width=\"194\">Equipos de consulta de cat\u00e1logo p\u00fablico y bases de datos<\/td><td width=\"185\">***<\/td><td>***<\/td><\/tr><tr><td width=\"194\">Computadores port\u00e1tiles de pr\u00e9stamo, tabletas, diademas<\/td><td width=\"185\">***<\/td><td>***<\/td><\/tr><\/tbody><\/table><h4>Participaci\u00f3n en grupos de trabajo<\/h4><p>La oficina de Biblioteca de la<strong>\u00a0Universidad Icesi\u00a0<\/strong>tiene presencia en los siguientes grupos de trabajo de la\u00a0<strong>direcci\u00f3n de servicios y recursos<\/strong>\u00a0de informaci\u00f3n:<\/p><ul><li><a href=\"\/servicios\/gpmc\/\">GPMC<\/a><\/li><\/ul><h4>Participaci\u00f3n en Comit\u00e9s<\/h4><ul><li><a href=\"\/servicios\/comite-de-biblioteca\/\">Comit\u00e9 de Biblioteca<\/a><\/li><li>Comit\u00e9 de Bibliotecas RUAV<\/li><\/ul><h4>Integrantes<\/h4><p><strong>\u00a0<\/strong>La oficina de biblioteca cuenta con un equipo de trabajo capacitado, quienes le ayudar\u00e1n con cualquier situaci\u00f3n, duda o inquietud:<strong>\u00a0<\/strong><\/p><ul><li>Santiago Londo\u00f1o Restrepo \u2013 Jefe de biblioteca<\/li><li>Andr\u00e9s Hern\u00e1ndez Acosta \u2013 Coordinador de Gesti\u00f3n de informaci\u00f3n<\/li><li>Mar\u00eda Fernanda Mar\u00edn Rivera \u2013 Asistente de procesos t\u00e9cnicos<\/li><li>Lady Hern\u00e1ndez Mart\u00ednez \u2013 Asistente de adquisiciones<\/li><li>Zoraida Izquierdo Ochoa \u2013 Asistente de procesos t\u00e9cnicos<\/li><li>Marly Barrera Castro \u2013 Auxiliar de gesti\u00f3n de informaci\u00f3n<\/li><li>Daniel S\u00e1nchez Rodr\u00edguez \u2013 Coordinador de Servicios de informaci\u00f3n<\/li><li>Sandra Jaramillo Mar\u00edn \u2013 Asistente de servicios y formaci\u00f3n<\/li><li>Sandra L\u00f3pez Vargas \u2013 Asistente de servicios y formaci\u00f3n<\/li><li>Oscar Trejos Acevedo \u2013 Asistente de servicios y formaci\u00f3n cultural<\/li><li>Sandra Milena Morales \u2013 Asistente de servicios de informaci\u00f3n<\/li><li>Andr\u00e9s Felipe V\u00e9lez Triana \u2013 Auxiliar de servicios de informaci\u00f3n<\/li><li>Maryory Diosa Idarraga \u2013 Auxiliar de servicios de informaci\u00f3n<\/li><li>Adriana Carvajal Torres \u2013 Auxiliar de servicios de informaci\u00f3n<\/li><\/ul>\t\t\t\t\t\t\t\t<\/div>\n\t\t\t\t<\/div>\n\t\t\t\t<div class=\"elementor-element elementor-element-5aa428c elementor-widget elementor-widget-text-editor\" data-id=\"5aa428c\" data-element_type=\"widget\" data-widget_type=\"text-editor.default\">\n\t\t\t\t<div class=\"elementor-widget-container\">\n\t\t\t\t\t\t\t\t\t<p>En caso de requerir ayuda puedes utilizar lo siguientes canales:<\/p>\t\t\t\t\t\t\t\t<\/div>\n\t\t\t\t<\/div>\n\t\t\t\t<div class=\"elementor-element elementor-element-b5942d3 elementor-icon-list--layout-traditional elementor-list-item-link-full_width elementor-widget elementor-widget-icon-list\" data-id=\"b5942d3\" data-element_type=\"widget\" data-widget_type=\"icon-list.default\">\n\t\t\t\t<div class=\"elementor-widget-container\">\n\t\t\t\t\t\t\t<ul class=\"elementor-icon-list-items\">\n\t\t\t\t\t\t\t<li class=\"elementor-icon-list-item\">\n\t\t\t\t\t\t\t\t\t\t\t<span class=\"elementor-icon-list-icon\">\n\t\t\t\t\t\t\t<svg aria-hidden=\"true\" class=\"e-font-icon-svg e-fas-map-pin\" viewBox=\"0 0 288 512\" xmlns=\"http:\/\/www.w3.org\/2000\/svg\"><path d=\"M112 316.94v156.69l22.02 33.02c4.75 7.12 15.22 7.12 19.97 0L176 473.63V316.94c-10.39 1.92-21.06 3.06-32 3.06s-21.61-1.14-32-3.06zM144 0C64.47 0 0 64.47 0 144s64.47 144 144 144 144-64.47 144-144S223.53 0 144 0zm0 76c-37.5 0-68 30.5-68 68 0 6.62-5.38 12-12 12s-12-5.38-12-12c0-50.73 41.28-92 92-92 6.62 0 12 5.38 12 12s-5.38 12-12 12z\"><\/path><\/svg>\t\t\t\t\t\t<\/span>\n\t\t\t\t\t\t\t\t\t\t<span class=\"elementor-icon-list-text\">Universidad Icesi, Syri - Biblioteca<\/span>\n\t\t\t\t\t\t\t\t\t<\/li>\n\t\t\t\t\t\t\t\t<li class=\"elementor-icon-list-item\">\n\t\t\t\t\t\t\t\t\t\t\t<span class=\"elementor-icon-list-icon\">\n\t\t\t\t\t\t\t<svg aria-hidden=\"true\" class=\"e-font-icon-svg e-fas-phone\" viewBox=\"0 0 512 512\" xmlns=\"http:\/\/www.w3.org\/2000\/svg\"><path d=\"M493.4 24.6l-104-24c-11.3-2.6-22.9 3.3-27.5 13.9l-48 112c-4.2 9.8-1.4 21.3 6.9 28l60.6 49.6c-36 76.7-98.9 140.5-177.2 177.2l-49.6-60.6c-6.8-8.3-18.2-11.1-28-6.9l-112 48C3.9 366.5-2 378.1.6 389.4l24 104C27.1 504.2 36.7 512 48 512c256.1 0 464-207.5 464-464 0-11.2-7.7-20.9-18.6-23.4z\"><\/path><\/svg>\t\t\t\t\t\t<\/span>\n\t\t\t\t\t\t\t\t\t\t<span class=\"elementor-icon-list-text\">+57 (602) 5552334, extensi\u00f3n 4157-4153<\/span>\n\t\t\t\t\t\t\t\t\t<\/li>\n\t\t\t\t\t\t\t\t<li class=\"elementor-icon-list-item\">\n\t\t\t\t\t\t\t\t\t\t\t<span class=\"elementor-icon-list-icon\">\n\t\t\t\t\t\t\t<svg aria-hidden=\"true\" class=\"e-font-icon-svg e-fas-envelope-open\" viewBox=\"0 0 512 512\" xmlns=\"http:\/\/www.w3.org\/2000\/svg\"><path d=\"M512 464c0 26.51-21.49 48-48 48H48c-26.51 0-48-21.49-48-48V200.724a48 48 0 0 1 18.387-37.776c24.913-19.529 45.501-35.365 164.2-121.511C199.412 29.17 232.797-.347 256 .003c23.198-.354 56.596 29.172 73.413 41.433 118.687 86.137 139.303 101.995 164.2 121.512A48 48 0 0 1 512 200.724V464zm-65.666-196.605c-2.563-3.728-7.7-4.595-11.339-1.907-22.845 16.873-55.462 40.705-105.582 77.079-16.825 12.266-50.21 41.781-73.413 41.43-23.211.344-56.559-29.143-73.413-41.43-50.114-36.37-82.734-60.204-105.582-77.079-3.639-2.688-8.776-1.821-11.339 1.907l-9.072 13.196a7.998 7.998 0 0 0 1.839 10.967c22.887 16.899 55.454 40.69 105.303 76.868 20.274 14.781 56.524 47.813 92.264 47.573 35.724.242 71.961-32.771 92.263-47.573 49.85-36.179 82.418-59.97 105.303-76.868a7.998 7.998 0 0 0 1.839-10.967l-9.071-13.196z\"><\/path><\/svg>\t\t\t\t\t\t<\/span>\n\t\t\t\t\t\t\t\t\t\t<span class=\"elementor-icon-list-text\">servicios-biblioteca@listas.icesi.edu.co<\/span>\n\t\t\t\t\t\t\t\t\t<\/li>\n\t\t\t\t\t\t\t\t<li class=\"elementor-icon-list-item\">\n\t\t\t\t\t\t\t\t\t\t\t<span class=\"elementor-icon-list-icon\">\n\t\t\t\t\t\t\t<svg aria-hidden=\"true\" class=\"e-font-icon-svg e-far-clock\" viewBox=\"0 0 512 512\" xmlns=\"http:\/\/www.w3.org\/2000\/svg\"><path d=\"M256 8C119 8 8 119 8 256s111 248 248 248 248-111 248-248S393 8 256 8zm0 448c-110.5 0-200-89.5-200-200S145.5 56 256 56s200 89.5 200 200-89.5 200-200 200zm61.8-104.4l-84.9-61.7c-3.1-2.3-4.9-5.9-4.9-9.7V116c0-6.6 5.4-12 12-12h32c6.6 0 12 5.4 12 12v141.7l66.8 48.6c5.4 3.9 6.5 11.4 2.6 16.8L334.6 349c-3.9 5.3-11.4 6.5-16.8 2.6z\"><\/path><\/svg>\t\t\t\t\t\t<\/span>\n\t\t\t\t\t\t\t\t\t\t<span class=\"elementor-icon-list-text\">Horario de atenci\u00f3n: Lunes a viernes de 07:00 a 21:00 S\u00e1bado de 07:00 a 17:00<\/span>\n\t\t\t\t\t\t\t\t\t<\/li>\n\t\t\t\t\t\t<\/ul>\n\t\t\t\t\t\t<\/div>\n\t\t\t\t<\/div>\n\t\t\t\t\t<\/div>\n\t\t<\/div>\n\t\t\t\t\t<\/div>\n\t\t<\/section>\n\t\t\t\t<\/div>\n\t\t","protected":false},"excerpt":{"rendered":"<p>Prop\u00f3sito Somos un lugar de encuentro y experiencias que contribuyen con el \u00e9xito de la formaci\u00f3n activa de los estudiantes y la calidad de las actividades docentes e investigativas. Ofrecemos un portafolio de servicios que integra variadas fuentes de informaci\u00f3n cient\u00edfica, acad\u00e9mica y cultural, respaldado por un excelente equipo de expertos profesionales de la informaci\u00f3n [&hellip;]<\/p>\n","protected":false},"author":1,"featured_media":0,"parent":0,"menu_order":0,"comment_status":"closed","ping_status":"closed","template":"","meta":{"footnotes":""},"class_list":["post-5169","page","type-page","status-publish","hentry"],"yoast_head":"<!-- This site is optimized with the Yoast SEO plugin v26.6 - https:\/\/yoast.com\/wordpress\/plugins\/seo\/ -->\n<title>Biblioteca - Servicios<\/title>\n<meta name=\"robots\" content=\"index, follow, max-snippet:-1, max-image-preview:large, max-video-preview:-1\" \/>\n<link rel=\"canonical\" href=\"https:\/\/www.icesi.edu.co\/servicios\/biblioteca\/\" \/>\n<meta property=\"og:locale\" content=\"es_ES\" \/>\n<meta property=\"og:type\" content=\"article\" \/>\n<meta property=\"og:title\" content=\"Biblioteca - Servicios\" \/>\n<meta property=\"og:description\" content=\"Prop\u00f3sito Somos un lugar de encuentro y experiencias que contribuyen con el \u00e9xito de la formaci\u00f3n activa de los estudiantes y la calidad de las actividades docentes e investigativas. Ofrecemos un portafolio de servicios que integra variadas fuentes de informaci\u00f3n cient\u00edfica, acad\u00e9mica y cultural, respaldado por un excelente equipo de expertos profesionales de la informaci\u00f3n [&hellip;]\" \/>\n<meta property=\"og:url\" content=\"https:\/\/www.icesi.edu.co\/servicios\/biblioteca\/\" \/>\n<meta property=\"og:site_name\" content=\"Servicios\" \/>\n<meta property=\"article:modified_time\" content=\"2024-11-25T21:35:49+00:00\" \/>\n<meta name=\"twitter:card\" content=\"summary_large_image\" \/>\n<meta name=\"twitter:label1\" content=\"Tiempo de lectura\" \/>\n\t<meta name=\"twitter:data1\" content=\"3 minutos\" \/>\n<script type=\"application\/ld+json\" class=\"yoast-schema-graph\">{\"@context\":\"https:\/\/schema.org\",\"@graph\":[{\"@type\":\"WebPage\",\"@id\":\"https:\/\/www.icesi.edu.co\/servicios\/biblioteca\/\",\"url\":\"https:\/\/www.icesi.edu.co\/servicios\/biblioteca\/\",\"name\":\"Biblioteca - Servicios\",\"isPartOf\":{\"@id\":\"https:\/\/www.icesi.edu.co\/servicios\/#website\"},\"datePublished\":\"2024-11-19T21:07:03+00:00\",\"dateModified\":\"2024-11-25T21:35:49+00:00\",\"breadcrumb\":{\"@id\":\"https:\/\/www.icesi.edu.co\/servicios\/biblioteca\/#breadcrumb\"},\"inLanguage\":\"es-CO\",\"potentialAction\":[{\"@type\":\"ReadAction\",\"target\":[\"https:\/\/www.icesi.edu.co\/servicios\/biblioteca\/\"]}]},{\"@type\":\"BreadcrumbList\",\"@id\":\"https:\/\/www.icesi.edu.co\/servicios\/biblioteca\/#breadcrumb\",\"itemListElement\":[{\"@type\":\"ListItem\",\"position\":1,\"name\":\"Inicio\",\"item\":\"https:\/\/www.icesi.edu.co\/servicios\/\"},{\"@type\":\"ListItem\",\"position\":2,\"name\":\"Biblioteca\"}]},{\"@type\":\"WebSite\",\"@id\":\"https:\/\/www.icesi.edu.co\/servicios\/#website\",\"url\":\"https:\/\/www.icesi.edu.co\/servicios\/\",\"name\":\"Servicios\",\"description\":\"Sitio de Servicios Universidad ICESI\",\"publisher\":{\"@id\":\"https:\/\/www.icesi.edu.co\/servicios\/#organization\"},\"potentialAction\":[{\"@type\":\"SearchAction\",\"target\":{\"@type\":\"EntryPoint\",\"urlTemplate\":\"https:\/\/www.icesi.edu.co\/servicios\/?s={search_term_string}\"},\"query-input\":{\"@type\":\"PropertyValueSpecification\",\"valueRequired\":true,\"valueName\":\"search_term_string\"}}],\"inLanguage\":\"es-CO\"},{\"@type\":\"Organization\",\"@id\":\"https:\/\/www.icesi.edu.co\/servicios\/#organization\",\"name\":\"Servicios\",\"url\":\"https:\/\/www.icesi.edu.co\/servicios\/\",\"logo\":{\"@type\":\"ImageObject\",\"inLanguage\":\"es-CO\",\"@id\":\"https:\/\/www.icesi.edu.co\/servicios\/#\/schema\/logo\/image\/\",\"url\":\"https:\/\/www.icesi.edu.co\/servicios\/wp-content\/uploads\/2024\/04\/LogoSitio.png\",\"contentUrl\":\"https:\/\/www.icesi.edu.co\/servicios\/wp-content\/uploads\/2024\/04\/LogoSitio.png\",\"width\":223,\"height\":54,\"caption\":\"Servicios\"},\"image\":{\"@id\":\"https:\/\/www.icesi.edu.co\/servicios\/#\/schema\/logo\/image\/\"}}]}<\/script>\n<!-- \/ Yoast SEO plugin. -->","yoast_head_json":{"title":"Biblioteca - Servicios","robots":{"index":"index","follow":"follow","max-snippet":"max-snippet:-1","max-image-preview":"max-image-preview:large","max-video-preview":"max-video-preview:-1"},"canonical":"https:\/\/www.icesi.edu.co\/servicios\/biblioteca\/","og_locale":"es_ES","og_type":"article","og_title":"Biblioteca - Servicios","og_description":"Prop\u00f3sito Somos un lugar de encuentro y experiencias que contribuyen con el \u00e9xito de la formaci\u00f3n activa de los estudiantes y la calidad de las actividades docentes e investigativas. Ofrecemos un portafolio de servicios que integra variadas fuentes de informaci\u00f3n cient\u00edfica, acad\u00e9mica y cultural, respaldado por un excelente equipo de expertos profesionales de la informaci\u00f3n [&hellip;]","og_url":"https:\/\/www.icesi.edu.co\/servicios\/biblioteca\/","og_site_name":"Servicios","article_modified_time":"2024-11-25T21:35:49+00:00","twitter_card":"summary_large_image","twitter_misc":{"Tiempo de lectura":"3 minutos"},"schema":{"@context":"https:\/\/schema.org","@graph":[{"@type":"WebPage","@id":"https:\/\/www.icesi.edu.co\/servicios\/biblioteca\/","url":"https:\/\/www.icesi.edu.co\/servicios\/biblioteca\/","name":"Biblioteca - Servicios","isPartOf":{"@id":"https:\/\/www.icesi.edu.co\/servicios\/#website"},"datePublished":"2024-11-19T21:07:03+00:00","dateModified":"2024-11-25T21:35:49+00:00","breadcrumb":{"@id":"https:\/\/www.icesi.edu.co\/servicios\/biblioteca\/#breadcrumb"},"inLanguage":"es-CO","potentialAction":[{"@type":"ReadAction","target":["https:\/\/www.icesi.edu.co\/servicios\/biblioteca\/"]}]},{"@type":"BreadcrumbList","@id":"https:\/\/www.icesi.edu.co\/servicios\/biblioteca\/#breadcrumb","itemListElement":[{"@type":"ListItem","position":1,"name":"Inicio","item":"https:\/\/www.icesi.edu.co\/servicios\/"},{"@type":"ListItem","position":2,"name":"Biblioteca"}]},{"@type":"WebSite","@id":"https:\/\/www.icesi.edu.co\/servicios\/#website","url":"https:\/\/www.icesi.edu.co\/servicios\/","name":"Servicios","description":"Sitio de Servicios Universidad ICESI","publisher":{"@id":"https:\/\/www.icesi.edu.co\/servicios\/#organization"},"potentialAction":[{"@type":"SearchAction","target":{"@type":"EntryPoint","urlTemplate":"https:\/\/www.icesi.edu.co\/servicios\/?s={search_term_string}"},"query-input":{"@type":"PropertyValueSpecification","valueRequired":true,"valueName":"search_term_string"}}],"inLanguage":"es-CO"},{"@type":"Organization","@id":"https:\/\/www.icesi.edu.co\/servicios\/#organization","name":"Servicios","url":"https:\/\/www.icesi.edu.co\/servicios\/","logo":{"@type":"ImageObject","inLanguage":"es-CO","@id":"https:\/\/www.icesi.edu.co\/servicios\/#\/schema\/logo\/image\/","url":"https:\/\/www.icesi.edu.co\/servicios\/wp-content\/uploads\/2024\/04\/LogoSitio.png","contentUrl":"https:\/\/www.icesi.edu.co\/servicios\/wp-content\/uploads\/2024\/04\/LogoSitio.png","width":223,"height":54,"caption":"Servicios"},"image":{"@id":"https:\/\/www.icesi.edu.co\/servicios\/#\/schema\/logo\/image\/"}}]}},"_links":{"self":[{"href":"https:\/\/www.icesi.edu.co\/servicios\/wp-json\/wp\/v2\/pages\/5169","targetHints":{"allow":["GET"]}}],"collection":[{"href":"https:\/\/www.icesi.edu.co\/servicios\/wp-json\/wp\/v2\/pages"}],"about":[{"href":"https:\/\/www.icesi.edu.co\/servicios\/wp-json\/wp\/v2\/types\/page"}],"author":[{"embeddable":true,"href":"https:\/\/www.icesi.edu.co\/servicios\/wp-json\/wp\/v2\/users\/1"}],"replies":[{"embeddable":true,"href":"https:\/\/www.icesi.edu.co\/servicios\/wp-json\/wp\/v2\/comments?post=5169"}],"version-history":[{"count":13,"href":"https:\/\/www.icesi.edu.co\/servicios\/wp-json\/wp\/v2\/pages\/5169\/revisions"}],"predecessor-version":[{"id":5286,"href":"https:\/\/www.icesi.edu.co\/servicios\/wp-json\/wp\/v2\/pages\/5169\/revisions\/5286"}],"wp:attachment":[{"href":"https:\/\/www.icesi.edu.co\/servicios\/wp-json\/wp\/v2\/media?parent=5169"}],"curies":[{"name":"wp","href":"https:\/\/api.w.org\/{rel}","templated":true}]}}