{"id":5267,"date":"2024-11-25T16:29:53","date_gmt":"2024-11-25T21:29:53","guid":{"rendered":"https:\/\/www.icesi.edu.co\/servicios\/?page_id=5267"},"modified":"2024-11-25T16:30:53","modified_gmt":"2024-11-25T21:30:53","slug":"comite-de-seguridad-de-la-informacion","status":"publish","type":"page","link":"https:\/\/www.icesi.edu.co\/servicios\/comite-de-seguridad-de-la-informacion\/","title":{"rendered":"Comit\u00e9 de Seguridad de la Informaci\u00f3n"},"content":{"rendered":"\t\t<div data-elementor-type=\"wp-page\" data-elementor-id=\"5267\" class=\"elementor elementor-5267\">\n\t\t\t\t\t\t<section class=\"elementor-section elementor-top-section elementor-element elementor-element-0bc12ec elementor-section-boxed elementor-section-height-default elementor-section-height-default\" data-id=\"0bc12ec\" data-element_type=\"section\" data-settings=\"{&quot;background_background&quot;:&quot;classic&quot;}\">\n\t\t\t\t\t\t\t<div class=\"elementor-background-overlay\"><\/div>\n\t\t\t\t\t\t\t<div class=\"elementor-container elementor-column-gap-default\">\n\t\t\t\t\t<div class=\"elementor-column elementor-col-100 elementor-top-column elementor-element elementor-element-c63507c\" data-id=\"c63507c\" data-element_type=\"column\" data-settings=\"{&quot;background_background&quot;:&quot;classic&quot;}\">\n\t\t\t<div class=\"elementor-widget-wrap elementor-element-populated\">\n\t\t\t\t\t\t<div class=\"elementor-element elementor-element-4f068b9 elementor-widget elementor-widget-text-editor\" data-id=\"4f068b9\" data-element_type=\"widget\" data-widget_type=\"text-editor.default\">\n\t\t\t\t<div class=\"elementor-widget-container\">\n\t\t\t\t\t\t\t\t\t<p class=\"title\">Es el grupo responsable por el mantenimiento y mejora continua del sistema de seguridad de la informaci\u00f3n de la Universidad Icesi, al igual que la ejecuci\u00f3n y reporte oportuno a la rector\u00eda de las acciones requeridas para mantener los niveles de seguridad establecidos por la instituci\u00f3n.<\/p><div class=\"content\"><p><strong>Funciones generales<\/strong><\/p><p><strong>Comit\u00e9 de Seguridad de la Informaci\u00f3n<\/strong><\/p><p>El comit\u00e9 directivo de Seguridad de la Informaci\u00f3n \u2013CDSI\u2013 de la universidad Icesi tendr\u00e1 dentro de sus funciones generales las siguientes:<\/p><ul><li>Evaluar y aprobar las iniciativas sobre seguridad de informaci\u00f3n.<\/li><li>Tomar decisiones respecto a incidentes de seguridad.<\/li><li>Prevenir p\u00e9rdidas patrimoniales o que comprometan los activos de informaci\u00f3n.<\/li><li>Proveer direcci\u00f3n y experiencia t\u00e9cnica para asegurar que los activos de informaci\u00f3n de la universidad Icesi se encuentren protegidos apropiadamente, sobre los principios de la confidencialidad, integridad y disponibilidad.<\/li><li>Impulsar la implementaci\u00f3n del Sistema de Gesti\u00f3n de Seguridad de la Informaci\u00f3n de la Universidad Icesi.<\/li><\/ul><p>\u00a0<\/p><p><strong>Periodicidad de reuniones<\/strong><\/p><p>El comit\u00e9 directivo de Seguridad de la Informaci\u00f3n \u2013CDSI- se reunir\u00e1, previa convocatoria del oficial de seguridad de la informaci\u00f3n. Adicionalmente podr\u00e1n ser citados a participar a sesiones extraordinarias de trabajo cuando las circunstancias lo ameriten, en especial frente al montaje, implementaci\u00f3n y mantenimiento del sistema de gesti\u00f3n de seguridad de la informaci\u00f3n y\/o incidentes de seguridad.<\/p><\/div>\t\t\t\t\t\t\t\t<\/div>\n\t\t\t\t<\/div>\n\t\t\t\t\t<\/div>\n\t\t<\/div>\n\t\t\t\t\t<\/div>\n\t\t<\/section>\n\t\t\t\t<\/div>\n\t\t","protected":false},"excerpt":{"rendered":"<p>Es el grupo responsable por el mantenimiento y mejora continua del sistema de seguridad de la informaci\u00f3n de la Universidad Icesi, al igual que la ejecuci\u00f3n y reporte oportuno a la rector\u00eda de las acciones requeridas para mantener los niveles de seguridad establecidos por la instituci\u00f3n. Funciones generales Comit\u00e9 de Seguridad de la Informaci\u00f3n El [&hellip;]<\/p>\n","protected":false},"author":1,"featured_media":0,"parent":0,"menu_order":0,"comment_status":"closed","ping_status":"closed","template":"","meta":{"footnotes":""},"class_list":["post-5267","page","type-page","status-publish","hentry"],"yoast_head":"<!-- This site is optimized with the Yoast SEO plugin v26.6 - https:\/\/yoast.com\/wordpress\/plugins\/seo\/ -->\n<title>Comit\u00e9 de Seguridad de la Informaci\u00f3n - Servicios<\/title>\n<meta name=\"robots\" content=\"index, follow, max-snippet:-1, max-image-preview:large, max-video-preview:-1\" \/>\n<link rel=\"canonical\" href=\"https:\/\/www.icesi.edu.co\/servicios\/comite-de-seguridad-de-la-informacion\/\" \/>\n<meta property=\"og:locale\" content=\"es_ES\" \/>\n<meta property=\"og:type\" content=\"article\" \/>\n<meta property=\"og:title\" content=\"Comit\u00e9 de Seguridad de la Informaci\u00f3n - Servicios\" \/>\n<meta property=\"og:description\" content=\"Es el grupo responsable por el mantenimiento y mejora continua del sistema de seguridad de la informaci\u00f3n de la Universidad Icesi, al igual que la ejecuci\u00f3n y reporte oportuno a la rector\u00eda de las acciones requeridas para mantener los niveles de seguridad establecidos por la instituci\u00f3n. Funciones generales Comit\u00e9 de Seguridad de la Informaci\u00f3n El [&hellip;]\" \/>\n<meta property=\"og:url\" content=\"https:\/\/www.icesi.edu.co\/servicios\/comite-de-seguridad-de-la-informacion\/\" \/>\n<meta property=\"og:site_name\" content=\"Servicios\" \/>\n<meta property=\"article:modified_time\" content=\"2024-11-25T21:30:53+00:00\" \/>\n<meta name=\"twitter:card\" content=\"summary_large_image\" \/>\n<meta name=\"twitter:label1\" content=\"Tiempo de lectura\" \/>\n\t<meta name=\"twitter:data1\" content=\"1 minuto\" \/>\n<script type=\"application\/ld+json\" class=\"yoast-schema-graph\">{\"@context\":\"https:\/\/schema.org\",\"@graph\":[{\"@type\":\"WebPage\",\"@id\":\"https:\/\/www.icesi.edu.co\/servicios\/comite-de-seguridad-de-la-informacion\/\",\"url\":\"https:\/\/www.icesi.edu.co\/servicios\/comite-de-seguridad-de-la-informacion\/\",\"name\":\"Comit\u00e9 de Seguridad de la Informaci\u00f3n - Servicios\",\"isPartOf\":{\"@id\":\"https:\/\/www.icesi.edu.co\/servicios\/#website\"},\"datePublished\":\"2024-11-25T21:29:53+00:00\",\"dateModified\":\"2024-11-25T21:30:53+00:00\",\"breadcrumb\":{\"@id\":\"https:\/\/www.icesi.edu.co\/servicios\/comite-de-seguridad-de-la-informacion\/#breadcrumb\"},\"inLanguage\":\"es-CO\",\"potentialAction\":[{\"@type\":\"ReadAction\",\"target\":[\"https:\/\/www.icesi.edu.co\/servicios\/comite-de-seguridad-de-la-informacion\/\"]}]},{\"@type\":\"BreadcrumbList\",\"@id\":\"https:\/\/www.icesi.edu.co\/servicios\/comite-de-seguridad-de-la-informacion\/#breadcrumb\",\"itemListElement\":[{\"@type\":\"ListItem\",\"position\":1,\"name\":\"Inicio\",\"item\":\"https:\/\/www.icesi.edu.co\/servicios\/\"},{\"@type\":\"ListItem\",\"position\":2,\"name\":\"Comit\u00e9 de Seguridad de la Informaci\u00f3n\"}]},{\"@type\":\"WebSite\",\"@id\":\"https:\/\/www.icesi.edu.co\/servicios\/#website\",\"url\":\"https:\/\/www.icesi.edu.co\/servicios\/\",\"name\":\"Servicios\",\"description\":\"Sitio de Servicios Universidad ICESI\",\"publisher\":{\"@id\":\"https:\/\/www.icesi.edu.co\/servicios\/#organization\"},\"potentialAction\":[{\"@type\":\"SearchAction\",\"target\":{\"@type\":\"EntryPoint\",\"urlTemplate\":\"https:\/\/www.icesi.edu.co\/servicios\/?s={search_term_string}\"},\"query-input\":{\"@type\":\"PropertyValueSpecification\",\"valueRequired\":true,\"valueName\":\"search_term_string\"}}],\"inLanguage\":\"es-CO\"},{\"@type\":\"Organization\",\"@id\":\"https:\/\/www.icesi.edu.co\/servicios\/#organization\",\"name\":\"Servicios\",\"url\":\"https:\/\/www.icesi.edu.co\/servicios\/\",\"logo\":{\"@type\":\"ImageObject\",\"inLanguage\":\"es-CO\",\"@id\":\"https:\/\/www.icesi.edu.co\/servicios\/#\/schema\/logo\/image\/\",\"url\":\"https:\/\/www.icesi.edu.co\/servicios\/wp-content\/uploads\/2024\/04\/LogoSitio.png\",\"contentUrl\":\"https:\/\/www.icesi.edu.co\/servicios\/wp-content\/uploads\/2024\/04\/LogoSitio.png\",\"width\":223,\"height\":54,\"caption\":\"Servicios\"},\"image\":{\"@id\":\"https:\/\/www.icesi.edu.co\/servicios\/#\/schema\/logo\/image\/\"}}]}<\/script>\n<!-- \/ Yoast SEO plugin. -->","yoast_head_json":{"title":"Comit\u00e9 de Seguridad de la Informaci\u00f3n - Servicios","robots":{"index":"index","follow":"follow","max-snippet":"max-snippet:-1","max-image-preview":"max-image-preview:large","max-video-preview":"max-video-preview:-1"},"canonical":"https:\/\/www.icesi.edu.co\/servicios\/comite-de-seguridad-de-la-informacion\/","og_locale":"es_ES","og_type":"article","og_title":"Comit\u00e9 de Seguridad de la Informaci\u00f3n - Servicios","og_description":"Es el grupo responsable por el mantenimiento y mejora continua del sistema de seguridad de la informaci\u00f3n de la Universidad Icesi, al igual que la ejecuci\u00f3n y reporte oportuno a la rector\u00eda de las acciones requeridas para mantener los niveles de seguridad establecidos por la instituci\u00f3n. Funciones generales Comit\u00e9 de Seguridad de la Informaci\u00f3n El [&hellip;]","og_url":"https:\/\/www.icesi.edu.co\/servicios\/comite-de-seguridad-de-la-informacion\/","og_site_name":"Servicios","article_modified_time":"2024-11-25T21:30:53+00:00","twitter_card":"summary_large_image","twitter_misc":{"Tiempo de lectura":"1 minuto"},"schema":{"@context":"https:\/\/schema.org","@graph":[{"@type":"WebPage","@id":"https:\/\/www.icesi.edu.co\/servicios\/comite-de-seguridad-de-la-informacion\/","url":"https:\/\/www.icesi.edu.co\/servicios\/comite-de-seguridad-de-la-informacion\/","name":"Comit\u00e9 de Seguridad de la Informaci\u00f3n - Servicios","isPartOf":{"@id":"https:\/\/www.icesi.edu.co\/servicios\/#website"},"datePublished":"2024-11-25T21:29:53+00:00","dateModified":"2024-11-25T21:30:53+00:00","breadcrumb":{"@id":"https:\/\/www.icesi.edu.co\/servicios\/comite-de-seguridad-de-la-informacion\/#breadcrumb"},"inLanguage":"es-CO","potentialAction":[{"@type":"ReadAction","target":["https:\/\/www.icesi.edu.co\/servicios\/comite-de-seguridad-de-la-informacion\/"]}]},{"@type":"BreadcrumbList","@id":"https:\/\/www.icesi.edu.co\/servicios\/comite-de-seguridad-de-la-informacion\/#breadcrumb","itemListElement":[{"@type":"ListItem","position":1,"name":"Inicio","item":"https:\/\/www.icesi.edu.co\/servicios\/"},{"@type":"ListItem","position":2,"name":"Comit\u00e9 de Seguridad de la Informaci\u00f3n"}]},{"@type":"WebSite","@id":"https:\/\/www.icesi.edu.co\/servicios\/#website","url":"https:\/\/www.icesi.edu.co\/servicios\/","name":"Servicios","description":"Sitio de Servicios Universidad ICESI","publisher":{"@id":"https:\/\/www.icesi.edu.co\/servicios\/#organization"},"potentialAction":[{"@type":"SearchAction","target":{"@type":"EntryPoint","urlTemplate":"https:\/\/www.icesi.edu.co\/servicios\/?s={search_term_string}"},"query-input":{"@type":"PropertyValueSpecification","valueRequired":true,"valueName":"search_term_string"}}],"inLanguage":"es-CO"},{"@type":"Organization","@id":"https:\/\/www.icesi.edu.co\/servicios\/#organization","name":"Servicios","url":"https:\/\/www.icesi.edu.co\/servicios\/","logo":{"@type":"ImageObject","inLanguage":"es-CO","@id":"https:\/\/www.icesi.edu.co\/servicios\/#\/schema\/logo\/image\/","url":"https:\/\/www.icesi.edu.co\/servicios\/wp-content\/uploads\/2024\/04\/LogoSitio.png","contentUrl":"https:\/\/www.icesi.edu.co\/servicios\/wp-content\/uploads\/2024\/04\/LogoSitio.png","width":223,"height":54,"caption":"Servicios"},"image":{"@id":"https:\/\/www.icesi.edu.co\/servicios\/#\/schema\/logo\/image\/"}}]}},"_links":{"self":[{"href":"https:\/\/www.icesi.edu.co\/servicios\/wp-json\/wp\/v2\/pages\/5267","targetHints":{"allow":["GET"]}}],"collection":[{"href":"https:\/\/www.icesi.edu.co\/servicios\/wp-json\/wp\/v2\/pages"}],"about":[{"href":"https:\/\/www.icesi.edu.co\/servicios\/wp-json\/wp\/v2\/types\/page"}],"author":[{"embeddable":true,"href":"https:\/\/www.icesi.edu.co\/servicios\/wp-json\/wp\/v2\/users\/1"}],"replies":[{"embeddable":true,"href":"https:\/\/www.icesi.edu.co\/servicios\/wp-json\/wp\/v2\/comments?post=5267"}],"version-history":[{"count":4,"href":"https:\/\/www.icesi.edu.co\/servicios\/wp-json\/wp\/v2\/pages\/5267\/revisions"}],"predecessor-version":[{"id":5271,"href":"https:\/\/www.icesi.edu.co\/servicios\/wp-json\/wp\/v2\/pages\/5267\/revisions\/5271"}],"wp:attachment":[{"href":"https:\/\/www.icesi.edu.co\/servicios\/wp-json\/wp\/v2\/media?parent=5267"}],"curies":[{"name":"wp","href":"https:\/\/api.w.org\/{rel}","templated":true}]}}