{"id":5287,"date":"2024-11-25T16:47:47","date_gmt":"2024-11-25T21:47:47","guid":{"rendered":"https:\/\/www.icesi.edu.co\/servicios\/?page_id=5287"},"modified":"2025-03-27T17:39:57","modified_gmt":"2025-03-27T22:39:57","slug":"contactenos","status":"publish","type":"page","link":"https:\/\/www.icesi.edu.co\/servicios\/contactenos\/","title":{"rendered":"Cont\u00e1ctenos"},"content":{"rendered":"\t\t<div data-elementor-type=\"wp-page\" data-elementor-id=\"5287\" class=\"elementor elementor-5287\">\n\t\t\t\t<div class=\"elementor-element elementor-element-9a22bd4 e-flex e-con-boxed e-con e-parent\" data-id=\"9a22bd4\" data-element_type=\"container\">\n\t\t\t\t\t<div class=\"e-con-inner\">\n\t\t\t\t<div class=\"elementor-element elementor-element-04518a5 elementor-widget elementor-widget-html\" data-id=\"04518a5\" data-element_type=\"widget\" data-widget_type=\"html.default\">\n\t\t\t\t<div class=\"elementor-widget-container\">\n\t\t\t\t\t<div class=\"wp-block-image\">\r\n<figure style=\"margin: 0 auto;\" class=\"aligncenter size-large is-resized\"><img decoding=\"async\" src=\"https:\/\/www.icesi.edu.co\/servicios\/wp-content\/uploads\/2021\/02\/Syri-Grande-Original-1-1024x435.png\" alt=\"\" class=\"wp-image-4919\" style=\"display:block; margin: 0 auto; width:148px;height:62px\"\/><\/figure>\r\n<\/div>\r\n\r\n<h6 style=\"text-align: left;\"><em>Estimada comunidad,\u00a0<\/em><\/h6>\r\n<p>La Universidad Icesi a trav\u00e9s de los equipos de Syri e Icesi Virtual ponen a disposici\u00f3n los siguientes canales de atenci\u00f3n para la prestaci\u00f3n de sus servicios:<\/p>\r\n<table style=\"height: 109px;\" width=\"755\">\r\n<tbody>\r\n<tr>\r\n<td width=\"118\">\r\n<p><strong><img decoding=\"async\" class=\"wp-image-4914  aligncenter\" src=\"http:\/\/www.icesi.edu.co\/servicios\/wp-content\/uploads\/2021\/02\/Iconchatbot-300x300.png\" alt=\"\" width=\"63\" height=\"63\" \/><\/strong><\/p>\r\n<p style=\"text-align: center;\"><strong>Chat en l\u00ednea<\/strong><\/p>\r\n<p style=\"text-align: center;\"><strong>Horario: <\/strong>lunes a viernes:\u00a0 7 a.m. a 9 p.m.\u00a0<\/p>\r\n<p style=\"text-align: center;\">S\u00e1bado:\u00a0 7 a.m. a 5 p.m.<\/p>\r\n<\/td>\r\n<td width=\"118\">\r\n<p><strong><img decoding=\"async\" class=\"wp-image-3671 aligncenter\" src=\"http:\/\/www.icesi.edu.co\/servicios\/wp-content\/uploads\/2020\/03\/Icon-tel-300x300.png\" alt=\"\" width=\"66\" height=\"66\" \/><\/strong><\/p>\r\n<p style=\"text-align: center;\"><strong>Atenci\u00f3n telef\u00f3nica Syri:<\/strong><\/p>\r\n<p style=\"text-align: center;\">(602) 555- 2334 Ext: 4400<\/p>\r\n<\/td>\r\n<td width=\"118\">\r\n<p style=\"text-align: center;\"><strong><a href=\"https:\/\/www.icesi.edu.co\/solicitud_servicios\/\"><img decoding=\"async\" class=\"wp-image-3666 aligncenter\" src=\"http:\/\/www.icesi.edu.co\/servicios\/wp-content\/uploads\/2020\/03\/Icon-sgs.png\" alt=\"\" width=\"62\" height=\"62\" \/><\/a><\/strong><strong>Sistema de Gesti\u00f3n de Servicios<\/strong><\/p>\r\n<p style=\"text-align: center;\"><strong>(SGS)<\/strong><\/p>\r\n<\/td>\r\n<td width=\"118\">\r\n<p><strong><a href=\"https:\/\/outlook.office365.com\/\"><img loading=\"lazy\" decoding=\"async\" class=\"wp-image-3665 aligncenter\" src=\"https:\/\/www.icesi.edu.co\/servicios\/wp-content\/uploads\/2020\/03\/Icon-Outlook.png\" alt=\"\" width=\"64\" height=\"59\" \/><\/a><\/strong><\/p>\r\n<p style=\"text-align: center;\"><strong>Correo electr\u00f3nico:\u00a0<\/strong><\/p>\r\n<p style=\"text-align: center;\">servicios-icesi@listas.icesi.edu.co<\/p>\r\n<\/td>\r\n<td width=\"118\">\r\n<p><strong><img loading=\"lazy\" decoding=\"async\" class=\"wp-image-5884  aligncenter\" src=\"http:\/\/www.icesi.edu.co\/servicios\/wp-content\/uploads\/2022\/09\/Iconpuntodeatencion-300x208.png\" alt=\"\" width=\"89\" height=\"62\" \/><\/strong><\/p>\r\n<p style=\"text-align: center;\"><strong>Punto de atenci\u00f3n:\u00a0<\/strong><\/p>\r\n<p style=\"text-align: center;\">Edificio C - Primer piso<\/p>\r\n<\/td>\r\n<\/tr>\r\n<\/tbody>\r\n<\/table>\r\n<p><span style=\"color: #ffffff;\"><br \/><\/span>A continuaci\u00f3n, se relacionan los servicios, extensiones telef\u00f3nicas y horarios de atenci\u00f3n:<\/p>\r\n<table>\r\n<tbody>\r\n<tr>\r\n<td width=\"198\">\r\n<p><img loading=\"lazy\" decoding=\"async\" class=\"wp-image-3669 aligncenter\" src=\"http:\/\/www.icesi.edu.co\/servicios\/wp-content\/uploads\/2020\/03\/Icon-bib-300x70.png\" alt=\"\" width=\"237\" height=\"56\" \/><\/p>\r\n<p>Acceso 7\/24 a las bases de datos y libros electr\u00f3nicos.<\/p>\r\n<p>Asesor\u00eda personalizada y capacitaciones.<\/p>\r\n<p><span style=\"color: #0000ff;\"><a style=\"color: #0000ff;\" href=\"mailto:basesdedatos@listas.icesi.edu.co\">basesdedatos@listas.icesi.edu.co<\/a> <\/span>\u00a0<\/p>\r\n<p>Adquisici\u00f3n de material bibliogr\u00e1fico digital (art\u00edculos, e-books)<\/p>\r\n<p><span style=\"color: #0000ff;\"><a style=\"color: #0000ff;\" href=\"mailto:adquisiciones-bib@listas.icesi.edu.co\">adquisiciones-bib@listas.icesi.edu.co<\/a><\/span><\/p>\r\n<p><strong>Horario:<\/strong><\/p>\r\n<p>Lunes a viernes: 7 a.m. a 9 p.m. s\u00e1bado: 8 a. m. a 2 p. m.<\/p>\r\n<\/td>\r\n<td width=\"198\">\r\n<p><img loading=\"lazy\" decoding=\"async\" class=\"wp-image-3661 aligncenter\" src=\"http:\/\/www.icesi.edu.co\/servicios\/wp-content\/uploads\/2020\/03\/Icon-des-300x69.png\" alt=\"\" width=\"249\" height=\"57\" \/><\/p>\r\n<p>Soporte a Banner y Talento Icesi<\/p>\r\n<p><span style=\"color: #0000ff;\"><a style=\"color: #0000ff;\" href=\"mailto:servicios-icesi@listas.icesi.edu.co\">servicios-icesi@listas.icesi.edu.co<\/a> <\/span>\u00a0<\/p>\r\n<p><strong>Ext:<\/strong> 4500<\/p>\r\n<p><strong>Horario:<\/strong><\/p>\r\n<p>Lunes a viernes de 8 a.m. a 12 m y de 2 p.m. a 6 p.m.<\/p>\r\n<\/td>\r\n<\/tr>\r\n<tr>\r\n<td width=\"198\">\r\n<p><img loading=\"lazy\" decoding=\"async\" class=\"wp-image-3663 aligncenter\" src=\"http:\/\/www.icesi.edu.co\/servicios\/wp-content\/uploads\/2020\/03\/Icon-mul-300x62.png\" alt=\"\" width=\"237\" height=\"49\" \/><\/p>\r\n<p>Soporte videoconferencias y zoom<\/p>\r\n<p><span style=\"color: #0000ff;\"><a style=\"color: #0000ff;\" href=\"mailto:multimedios@listas.icesi.edu.co\">multimedios@listas.icesi.edu.co<\/a> <\/span>\u00a0<\/p>\r\n<p><strong>Ext: <\/strong>4222 - 4177<\/p>\r\n<p><strong>Horario:<\/strong><\/p>\r\n<p>Lunes a viernes: 7 a.m. a 9 p.m. S\u00e1bado: 7 a.m. a 5 p.m.<\/p>\r\n<\/td>\r\n<td width=\"198\">\r\n<p><img loading=\"lazy\" decoding=\"async\" class=\"wp-image-3664 aligncenter\" src=\"http:\/\/www.icesi.edu.co\/servicios\/wp-content\/uploads\/2020\/03\/icon-ope-300x62.png\" alt=\"\" width=\"261\" height=\"54\" \/><\/p>\r\n<p>Soporte t\u00e9cnico remoto.<\/p>\r\n<p><strong>Ext: <\/strong>4200 \u2013 4300<\/p>\r\n<p><strong>Horario:<\/strong><\/p>\r\n<p>Lunes a viernes: 7 a.m. a 9 p.m.<\/p>\r\n<p>S\u00e1bado: 7 a.m. a 5 p.m.<\/p>\r\n<p>Soporte de acceso a las aplicaciones y convenios tecnol\u00f3gicos.\u00a0<\/p>\r\n<p><strong>Ext:<\/strong> 4191<\/p>\r\n<p><strong>Horario: <\/strong><\/p>\r\n<p>Lunes a viernes: 8 a.m. a 12 m y de 2 p.m. a 6 p.m.<\/p>\r\n<\/td>\r\n<\/tr>\r\n<tr>\r\n<td width=\"198\">\r\n<p><img loading=\"lazy\" decoding=\"async\" class=\"size-medium wp-image-3667 aligncenter\" src=\"http:\/\/www.icesi.edu.co\/servicios\/wp-content\/uploads\/2020\/03\/Icon-syp-300x41.png\" alt=\"\" width=\"300\" height=\"41\" \/><\/p>\r\n<br\/>\r\n<p>Soporte a la Intranet.<br>\r\nSoporte Chat en linea y Chatbot\r\n<br>Soporte SGS y plataforma de casos consultorio jur\u00eddico, Capsi, Bienestar, proyecto Colibr\u00ed y Bit\u00e1cora Cl\u00ednica.\r\n<br>Soporte Microsoft Teams\r\n<br>Soporte en aplicaciones Powerapps<\/p>\r\n<p><span style=\"color: #0000ff;\"><a style=\"color: #0000ff;\" href=\"mailto:servicios-icesi@listas.icesi.edu.co\">servicios-icesi@listas.icesi.edu.co<\/a><\/span><\/p>\r\n<p><strong>Ext:<\/strong> 4400<\/p>\r\n<p><strong>Horario:<\/strong><\/p>\r\n<p>Lunes a viernes: 7 a.m. a 6 p.m.<\/p>\r\n<\/td>\r\n<td width=\"198\">\r\n<p><img loading=\"lazy\" decoding=\"async\" class=\"wp-image-5159  aligncenter\" src=\"http:\/\/www.icesi.edu.co\/servicios\/wp-content\/uploads\/2021\/06\/Icesi-virtual-300x37.png\" alt=\"\" width=\"291\" height=\"36\" \/><\/p>\r\n<div>\u00a0<\/div>\r\n<div>Soporte Moodle\/Intu<\/div>\r\n<div>\r\n<div data-tid=\"messageBodyContainer\">\r\n<div data-tid=\"messageBodyContent\">\r\n<div>\r\n<div>\r\n<div>\r\n<div>\r\n<div>\r\n<div>\r\n<div>Soporte Canvas (Maestr\u00edas Virtuales)<\/div>\r\n<\/div>\r\n<\/div>\r\n<\/div>\r\n<\/div>\r\n<\/div>\r\n<\/div>\r\n<\/div>\r\n<\/div>\r\n<div data-tid=\"messageBodyContainer\">\r\n<div data-tid=\"messageBodyContent\">\r\n<div>\r\n<div>\r\n<div>\r\n<div>\r\n<div>\r\n<div>\r\n<div>Asesor\u00eda en recursos educativos digitales<\/div>\r\n<\/div>\r\n<\/div>\r\n<\/div>\r\n<\/div>\r\n<\/div>\r\n<\/div>\r\n<\/div>\r\n<\/div>\r\n<\/div>\r\n<br>\r\n<p><a href=\"mailto:icesivirtual.ti@listas.icesi.edu.co\">icesivirtual.ti@listas.icesi.edu.co<\/a><\/p>\r\n<p><strong>Ext: 4188 - 4186<\/strong><\/p>\r\n<p><strong>Horario:<\/strong><\/p>\r\n<p>Lunes a viernes: 7 a.m. a 12 p.m. y 2 p.m. a 7 p.m.<\/p>\r\n<div>S\u00e1bados: 8 a.m. a 12 p.m.\u00a0<\/div>\r\n<\/td>\r\n<\/tr>\r\n\r\n<\/tbody>\r\n<\/table>\t\t\t\t<\/div>\n\t\t\t\t<\/div>\n\t\t\t\t\t<\/div>\n\t\t\t\t<\/div>\n\t\t\t\t<\/div>\n\t\t","protected":false},"excerpt":{"rendered":"<p>Estimada comunidad,\u00a0 La Universidad Icesi a trav\u00e9s de los equipos de Syri e Icesi Virtual ponen a disposici\u00f3n los siguientes canales de atenci\u00f3n para la prestaci\u00f3n de sus servicios: Chat en l\u00ednea Horario: lunes a viernes:\u00a0 7 a.m. a 9 p.m.\u00a0 S\u00e1bado:\u00a0 7 a.m. a 5 p.m. Atenci\u00f3n telef\u00f3nica Syri: (602) 555- 2334 Ext: 4400 [&hellip;]<\/p>\n","protected":false},"author":1,"featured_media":0,"parent":0,"menu_order":0,"comment_status":"closed","ping_status":"closed","template":"","meta":{"footnotes":""},"class_list":["post-5287","page","type-page","status-publish","hentry"],"yoast_head":"<!-- This site is optimized with the Yoast SEO plugin v26.6 - https:\/\/yoast.com\/wordpress\/plugins\/seo\/ -->\n<title>Cont\u00e1ctenos - Servicios<\/title>\n<meta name=\"robots\" content=\"index, follow, max-snippet:-1, max-image-preview:large, max-video-preview:-1\" \/>\n<link rel=\"canonical\" href=\"https:\/\/www.icesi.edu.co\/servicios\/contactenos\/\" \/>\n<meta property=\"og:locale\" content=\"es_ES\" \/>\n<meta property=\"og:type\" content=\"article\" \/>\n<meta property=\"og:title\" content=\"Cont\u00e1ctenos - Servicios\" \/>\n<meta property=\"og:description\" content=\"Estimada comunidad,\u00a0 La Universidad Icesi a trav\u00e9s de los equipos de Syri e Icesi Virtual ponen a disposici\u00f3n los siguientes canales de atenci\u00f3n para la prestaci\u00f3n de sus servicios: Chat en l\u00ednea Horario: lunes a viernes:\u00a0 7 a.m. a 9 p.m.\u00a0 S\u00e1bado:\u00a0 7 a.m. a 5 p.m. Atenci\u00f3n telef\u00f3nica Syri: (602) 555- 2334 Ext: 4400 [&hellip;]\" \/>\n<meta property=\"og:url\" content=\"https:\/\/www.icesi.edu.co\/servicios\/contactenos\/\" \/>\n<meta property=\"og:site_name\" content=\"Servicios\" \/>\n<meta property=\"article:modified_time\" content=\"2025-03-27T22:39:57+00:00\" \/>\n<meta property=\"og:image\" content=\"https:\/\/www.icesi.edu.co\/servicios\/wp-content\/uploads\/2021\/02\/Syri-Grande-Original-1-1024x435.png\" \/>\n<meta name=\"twitter:card\" content=\"summary_large_image\" \/>\n<meta name=\"twitter:label1\" content=\"Tiempo de lectura\" \/>\n\t<meta name=\"twitter:data1\" content=\"4 minutos\" \/>\n<script type=\"application\/ld+json\" class=\"yoast-schema-graph\">{\"@context\":\"https:\/\/schema.org\",\"@graph\":[{\"@type\":\"WebPage\",\"@id\":\"https:\/\/www.icesi.edu.co\/servicios\/contactenos\/\",\"url\":\"https:\/\/www.icesi.edu.co\/servicios\/contactenos\/\",\"name\":\"Cont\u00e1ctenos - Servicios\",\"isPartOf\":{\"@id\":\"https:\/\/www.icesi.edu.co\/servicios\/#website\"},\"primaryImageOfPage\":{\"@id\":\"https:\/\/www.icesi.edu.co\/servicios\/contactenos\/#primaryimage\"},\"image\":{\"@id\":\"https:\/\/www.icesi.edu.co\/servicios\/contactenos\/#primaryimage\"},\"thumbnailUrl\":\"https:\/\/www.icesi.edu.co\/servicios\/wp-content\/uploads\/2021\/02\/Syri-Grande-Original-1-1024x435.png\",\"datePublished\":\"2024-11-25T21:47:47+00:00\",\"dateModified\":\"2025-03-27T22:39:57+00:00\",\"breadcrumb\":{\"@id\":\"https:\/\/www.icesi.edu.co\/servicios\/contactenos\/#breadcrumb\"},\"inLanguage\":\"es-CO\",\"potentialAction\":[{\"@type\":\"ReadAction\",\"target\":[\"https:\/\/www.icesi.edu.co\/servicios\/contactenos\/\"]}]},{\"@type\":\"ImageObject\",\"inLanguage\":\"es-CO\",\"@id\":\"https:\/\/www.icesi.edu.co\/servicios\/contactenos\/#primaryimage\",\"url\":\"\",\"contentUrl\":\"\"},{\"@type\":\"BreadcrumbList\",\"@id\":\"https:\/\/www.icesi.edu.co\/servicios\/contactenos\/#breadcrumb\",\"itemListElement\":[{\"@type\":\"ListItem\",\"position\":1,\"name\":\"Inicio\",\"item\":\"https:\/\/www.icesi.edu.co\/servicios\/\"},{\"@type\":\"ListItem\",\"position\":2,\"name\":\"Cont\u00e1ctenos\"}]},{\"@type\":\"WebSite\",\"@id\":\"https:\/\/www.icesi.edu.co\/servicios\/#website\",\"url\":\"https:\/\/www.icesi.edu.co\/servicios\/\",\"name\":\"Servicios\",\"description\":\"Sitio de Servicios Universidad ICESI\",\"publisher\":{\"@id\":\"https:\/\/www.icesi.edu.co\/servicios\/#organization\"},\"potentialAction\":[{\"@type\":\"SearchAction\",\"target\":{\"@type\":\"EntryPoint\",\"urlTemplate\":\"https:\/\/www.icesi.edu.co\/servicios\/?s={search_term_string}\"},\"query-input\":{\"@type\":\"PropertyValueSpecification\",\"valueRequired\":true,\"valueName\":\"search_term_string\"}}],\"inLanguage\":\"es-CO\"},{\"@type\":\"Organization\",\"@id\":\"https:\/\/www.icesi.edu.co\/servicios\/#organization\",\"name\":\"Servicios\",\"url\":\"https:\/\/www.icesi.edu.co\/servicios\/\",\"logo\":{\"@type\":\"ImageObject\",\"inLanguage\":\"es-CO\",\"@id\":\"https:\/\/www.icesi.edu.co\/servicios\/#\/schema\/logo\/image\/\",\"url\":\"https:\/\/www.icesi.edu.co\/servicios\/wp-content\/uploads\/2024\/04\/LogoSitio.png\",\"contentUrl\":\"https:\/\/www.icesi.edu.co\/servicios\/wp-content\/uploads\/2024\/04\/LogoSitio.png\",\"width\":223,\"height\":54,\"caption\":\"Servicios\"},\"image\":{\"@id\":\"https:\/\/www.icesi.edu.co\/servicios\/#\/schema\/logo\/image\/\"}}]}<\/script>\n<!-- \/ Yoast SEO plugin. -->","yoast_head_json":{"title":"Cont\u00e1ctenos - Servicios","robots":{"index":"index","follow":"follow","max-snippet":"max-snippet:-1","max-image-preview":"max-image-preview:large","max-video-preview":"max-video-preview:-1"},"canonical":"https:\/\/www.icesi.edu.co\/servicios\/contactenos\/","og_locale":"es_ES","og_type":"article","og_title":"Cont\u00e1ctenos - Servicios","og_description":"Estimada comunidad,\u00a0 La Universidad Icesi a trav\u00e9s de los equipos de Syri e Icesi Virtual ponen a disposici\u00f3n los siguientes canales de atenci\u00f3n para la prestaci\u00f3n de sus servicios: Chat en l\u00ednea Horario: lunes a viernes:\u00a0 7 a.m. a 9 p.m.\u00a0 S\u00e1bado:\u00a0 7 a.m. a 5 p.m. Atenci\u00f3n telef\u00f3nica Syri: (602) 555- 2334 Ext: 4400 [&hellip;]","og_url":"https:\/\/www.icesi.edu.co\/servicios\/contactenos\/","og_site_name":"Servicios","article_modified_time":"2025-03-27T22:39:57+00:00","og_image":[{"url":"https:\/\/www.icesi.edu.co\/servicios\/wp-content\/uploads\/2021\/02\/Syri-Grande-Original-1-1024x435.png","type":"","width":"","height":""}],"twitter_card":"summary_large_image","twitter_misc":{"Tiempo de lectura":"4 minutos"},"schema":{"@context":"https:\/\/schema.org","@graph":[{"@type":"WebPage","@id":"https:\/\/www.icesi.edu.co\/servicios\/contactenos\/","url":"https:\/\/www.icesi.edu.co\/servicios\/contactenos\/","name":"Cont\u00e1ctenos - Servicios","isPartOf":{"@id":"https:\/\/www.icesi.edu.co\/servicios\/#website"},"primaryImageOfPage":{"@id":"https:\/\/www.icesi.edu.co\/servicios\/contactenos\/#primaryimage"},"image":{"@id":"https:\/\/www.icesi.edu.co\/servicios\/contactenos\/#primaryimage"},"thumbnailUrl":"https:\/\/www.icesi.edu.co\/servicios\/wp-content\/uploads\/2021\/02\/Syri-Grande-Original-1-1024x435.png","datePublished":"2024-11-25T21:47:47+00:00","dateModified":"2025-03-27T22:39:57+00:00","breadcrumb":{"@id":"https:\/\/www.icesi.edu.co\/servicios\/contactenos\/#breadcrumb"},"inLanguage":"es-CO","potentialAction":[{"@type":"ReadAction","target":["https:\/\/www.icesi.edu.co\/servicios\/contactenos\/"]}]},{"@type":"ImageObject","inLanguage":"es-CO","@id":"https:\/\/www.icesi.edu.co\/servicios\/contactenos\/#primaryimage","url":"","contentUrl":""},{"@type":"BreadcrumbList","@id":"https:\/\/www.icesi.edu.co\/servicios\/contactenos\/#breadcrumb","itemListElement":[{"@type":"ListItem","position":1,"name":"Inicio","item":"https:\/\/www.icesi.edu.co\/servicios\/"},{"@type":"ListItem","position":2,"name":"Cont\u00e1ctenos"}]},{"@type":"WebSite","@id":"https:\/\/www.icesi.edu.co\/servicios\/#website","url":"https:\/\/www.icesi.edu.co\/servicios\/","name":"Servicios","description":"Sitio de Servicios Universidad ICESI","publisher":{"@id":"https:\/\/www.icesi.edu.co\/servicios\/#organization"},"potentialAction":[{"@type":"SearchAction","target":{"@type":"EntryPoint","urlTemplate":"https:\/\/www.icesi.edu.co\/servicios\/?s={search_term_string}"},"query-input":{"@type":"PropertyValueSpecification","valueRequired":true,"valueName":"search_term_string"}}],"inLanguage":"es-CO"},{"@type":"Organization","@id":"https:\/\/www.icesi.edu.co\/servicios\/#organization","name":"Servicios","url":"https:\/\/www.icesi.edu.co\/servicios\/","logo":{"@type":"ImageObject","inLanguage":"es-CO","@id":"https:\/\/www.icesi.edu.co\/servicios\/#\/schema\/logo\/image\/","url":"https:\/\/www.icesi.edu.co\/servicios\/wp-content\/uploads\/2024\/04\/LogoSitio.png","contentUrl":"https:\/\/www.icesi.edu.co\/servicios\/wp-content\/uploads\/2024\/04\/LogoSitio.png","width":223,"height":54,"caption":"Servicios"},"image":{"@id":"https:\/\/www.icesi.edu.co\/servicios\/#\/schema\/logo\/image\/"}}]}},"_links":{"self":[{"href":"https:\/\/www.icesi.edu.co\/servicios\/wp-json\/wp\/v2\/pages\/5287","targetHints":{"allow":["GET"]}}],"collection":[{"href":"https:\/\/www.icesi.edu.co\/servicios\/wp-json\/wp\/v2\/pages"}],"about":[{"href":"https:\/\/www.icesi.edu.co\/servicios\/wp-json\/wp\/v2\/types\/page"}],"author":[{"embeddable":true,"href":"https:\/\/www.icesi.edu.co\/servicios\/wp-json\/wp\/v2\/users\/1"}],"replies":[{"embeddable":true,"href":"https:\/\/www.icesi.edu.co\/servicios\/wp-json\/wp\/v2\/comments?post=5287"}],"version-history":[{"count":37,"href":"https:\/\/www.icesi.edu.co\/servicios\/wp-json\/wp\/v2\/pages\/5287\/revisions"}],"predecessor-version":[{"id":6421,"href":"https:\/\/www.icesi.edu.co\/servicios\/wp-json\/wp\/v2\/pages\/5287\/revisions\/6421"}],"wp:attachment":[{"href":"https:\/\/www.icesi.edu.co\/servicios\/wp-json\/wp\/v2\/media?parent=5287"}],"curies":[{"name":"wp","href":"https:\/\/api.w.org\/{rel}","templated":true}]}}