{"id":5599,"date":"2024-11-28T15:10:32","date_gmt":"2024-11-28T20:10:32","guid":{"rendered":"https:\/\/www.icesi.edu.co\/servicios\/?page_id=5599"},"modified":"2025-03-27T14:33:56","modified_gmt":"2025-03-27T19:33:56","slug":"convenio-microsoft-azure-dev-tools-for-teaching","status":"publish","type":"page","link":"https:\/\/www.icesi.edu.co\/servicios\/convenio-microsoft-azure-dev-tools-for-teaching\/","title":{"rendered":"Convenio Microsoft Azure Dev Tools For Teaching"},"content":{"rendered":"\t\t<div data-elementor-type=\"wp-page\" data-elementor-id=\"5599\" class=\"elementor elementor-5599\">\n\t\t\t\t\t\t<section class=\"elementor-section elementor-top-section elementor-element elementor-element-0bc12ec elementor-section-boxed elementor-section-height-default elementor-section-height-default\" data-id=\"0bc12ec\" data-element_type=\"section\" data-settings=\"{&quot;background_background&quot;:&quot;classic&quot;}\">\n\t\t\t\t\t\t\t<div class=\"elementor-background-overlay\"><\/div>\n\t\t\t\t\t\t\t<div class=\"elementor-container elementor-column-gap-default\">\n\t\t\t\t\t<div class=\"elementor-column elementor-col-100 elementor-top-column elementor-element elementor-element-c63507c\" data-id=\"c63507c\" data-element_type=\"column\" data-settings=\"{&quot;background_background&quot;:&quot;classic&quot;}\">\n\t\t\t<div class=\"elementor-widget-wrap elementor-element-populated\">\n\t\t\t\t\t\t<div class=\"elementor-element elementor-element-b11681c elementor-widget elementor-widget-text-editor\" data-id=\"b11681c\" data-element_type=\"widget\" data-widget_type=\"text-editor.default\">\n\t\t\t\t<div class=\"elementor-widget-container\">\n\t\t\t\t\t\t\t\t\t<p style=\"box-sizing: inherit; font-size: 1.3rem; line-height: 1.8rem; font-style: normal; color: #5f5f5f; -webkit-font-smoothing: antialiased; text-shadow: rgba(0, 0, 0, 0.004) 1px 1px 1px; box-shadow: none; font-family: Roboto, sans-serif, Lato, sans-serif, sans-serif; font-variant-ligatures: normal; font-variant-caps: normal; font-weight: 400; letter-spacing: normal; text-align: justify;\">Gracias al convenio que nuestra Universidad tiene con Microsoft, se ha habilitado para los estudiantes y profesores activos de la Universidad Icesi, la disponibilidad de software de Microsoft como suites de programaci\u00f3n, sistemas operativos y aplicaciones como Project y Visio, entre otros.<\/p><div>\u00a0<\/div>\t\t\t\t\t\t\t\t<\/div>\n\t\t\t\t<\/div>\n\t\t\t\t<div class=\"elementor-element elementor-element-faf0470 elementor-widget elementor-widget-image\" data-id=\"faf0470\" data-element_type=\"widget\" data-widget_type=\"image.default\">\n\t\t\t\t<div class=\"elementor-widget-container\">\n\t\t\t\t\t\t\t\t\t\t\t\t\t\t\t<img fetchpriority=\"high\" decoding=\"async\" width=\"860\" height=\"491\" src=\"https:\/\/www.icesi.edu.co\/servicios\/wp-content\/uploads\/2025\/03\/aZURE-1024x585.jpg\" class=\"attachment-large size-large wp-image-6250\" alt=\"\" srcset=\"https:\/\/www.icesi.edu.co\/servicios\/wp-content\/uploads\/2025\/03\/aZURE-1024x585.jpg 1024w, https:\/\/www.icesi.edu.co\/servicios\/wp-content\/uploads\/2025\/03\/aZURE-300x172.jpg 300w, https:\/\/www.icesi.edu.co\/servicios\/wp-content\/uploads\/2025\/03\/aZURE-768x439.jpg 768w, https:\/\/www.icesi.edu.co\/servicios\/wp-content\/uploads\/2025\/03\/aZURE-400x229.jpg 400w, https:\/\/www.icesi.edu.co\/servicios\/wp-content\/uploads\/2025\/03\/aZURE-700x400.jpg 700w, https:\/\/www.icesi.edu.co\/servicios\/wp-content\/uploads\/2025\/03\/aZURE-600x343.jpg 600w, https:\/\/www.icesi.edu.co\/servicios\/wp-content\/uploads\/2025\/03\/aZURE.jpg 1172w\" sizes=\"(max-width: 860px) 100vw, 860px\" \/>\t\t\t\t\t\t\t\t\t\t\t\t\t\t\t<\/div>\n\t\t\t\t<\/div>\n\t\t\t\t<div class=\"elementor-element elementor-element-520fedd elementor-widget elementor-widget-text-editor\" data-id=\"520fedd\" data-element_type=\"widget\" data-widget_type=\"text-editor.default\">\n\t\t\t\t<div class=\"elementor-widget-container\">\n\t\t\t\t\t\t\t\t\t<p>Para acceder a los productos de Microsoft debe seguir el\u00a0<a href=\"https:\/\/www.icesi.edu.co\/servicios\/wp-content\/uploads\/2025\/03\/Manual-para-la-descarga-de-productos-de-Microsoft.pdf\"><strong><em>Manual para la descarga de productos Microsoft<\/em><\/strong><\/a><\/p><p>En caso de presentar alg\u00fan error en la plataforma, por favor comunicarse Oficina de Syri-Operaciones, Tel\u00e9fono: (602) +57 555 23 34 Extensi\u00f3n: 4417 o ingresa la solicitud para soporte del convenio al\u00a0\u00a0<a href=\"https:\/\/www.icesi.edu.co\/solicitud_servicios\/\">Sistema de gesti\u00f3n de servicios (SGS<\/a><u>)<\/u>.<\/p><p>Informando:<\/p><ul><li>Nombre completo:<\/li><li>C\u00f3digo de estudiante:<\/li><li>Carrera:<\/li><li>Correo electr\u00f3nico institucional: (@icesi.edu.co \u00f3 @u.icesi.edu.co):<\/li><\/ul><p><strong>Condiciones de acceso:<\/strong><\/p><ul><li>Cada estudiante o profesor se mantendr\u00e1 habilitado mientras permanezca activo en la Universidad Icesi.<\/li><\/ul><p><strong>Debes tener en cuenta que no estamos autorizados\u00a0para dar\u00a0soporte a equipos que no hagan parte de la dotaci\u00f3n asignada por la Universidad.<\/strong>\u00a0<strong>Si tienes problemas con la instalaci\u00f3n de algunos de los productos de Microsoft, por favor contactarse a las l\u00edneas de soporte de Microsoft. Los canales de contactos son:<\/strong><\/p>\t\t\t\t\t\t\t\t<\/div>\n\t\t\t\t<\/div>\n\t\t\t\t<div class=\"elementor-element elementor-element-ae8063f elementor-widget elementor-widget-image\" data-id=\"ae8063f\" data-element_type=\"widget\" data-widget_type=\"image.default\">\n\t\t\t\t<div class=\"elementor-widget-container\">\n\t\t\t\t\t\t\t\t\t\t\t\t\t\t\t<img decoding=\"async\" width=\"639\" height=\"133\" src=\"https:\/\/www.icesi.edu.co\/servicios\/wp-content\/uploads\/2025\/03\/ff.jpg\" class=\"attachment-large size-large wp-image-6278\" alt=\"\" srcset=\"https:\/\/www.icesi.edu.co\/servicios\/wp-content\/uploads\/2025\/03\/ff.jpg 639w, https:\/\/www.icesi.edu.co\/servicios\/wp-content\/uploads\/2025\/03\/ff-300x62.jpg 300w, https:\/\/www.icesi.edu.co\/servicios\/wp-content\/uploads\/2025\/03\/ff-400x83.jpg 400w, https:\/\/www.icesi.edu.co\/servicios\/wp-content\/uploads\/2025\/03\/ff-600x125.jpg 600w\" sizes=\"(max-width: 639px) 100vw, 639px\" \/>\t\t\t\t\t\t\t\t\t\t\t\t\t\t\t<\/div>\n\t\t\t\t<\/div>\n\t\t\t\t<div class=\"elementor-element elementor-element-5621dc8 elementor-widget elementor-widget-text-editor\" data-id=\"5621dc8\" data-element_type=\"widget\" data-widget_type=\"text-editor.default\">\n\t\t\t\t<div class=\"elementor-widget-container\">\n\t\t\t\t\t\t\t\t\t<p>Para mayor informaci\u00f3n, la p\u00e1gina de soporte Microsoft es\u00a0<a href=\"https:\/\/support.microsoft.com\/es-co\">https:\/\/support.microsoft.com\/es-co<\/a><\/p><p><strong>Importante<\/strong><\/p><p>Las respuestas a los requerimientos tienen un plazo m\u00e1ximo de 32 horas h\u00e1biles a partir del reporte de la solicitud.\u00a0Debes tener en cuenta que el acceso a la licencia puede tomar de 8 a 15 d\u00edas h\u00e1biles en ser otorgado.<\/p><p><strong>\u00a0<\/strong><\/p>\t\t\t\t\t\t\t\t<\/div>\n\t\t\t\t<\/div>\n\t\t\t\t<div class=\"elementor-element elementor-element-12a4a32 elementor-widget elementor-widget-text-editor\" data-id=\"12a4a32\" data-element_type=\"widget\" data-widget_type=\"text-editor.default\">\n\t\t\t\t<div class=\"elementor-widget-container\">\n\t\t\t\t\t\t\t\t\t<p><span style=\"font-family: Poppins, sans-serif; font-size: 16px; font-style: normal; font-variant-ligatures: normal; font-variant-caps: normal; font-weight: 400; letter-spacing: -0.2px;\">En caso de requerir ayuda puedes utilizar lo siguientes canales:<\/span><\/p>\t\t\t\t\t\t\t\t<\/div>\n\t\t\t\t<\/div>\n\t\t\t\t<div class=\"elementor-element elementor-element-e3ce261 elementor-icon-list--layout-traditional elementor-list-item-link-full_width elementor-widget elementor-widget-icon-list\" data-id=\"e3ce261\" data-element_type=\"widget\" data-widget_type=\"icon-list.default\">\n\t\t\t\t<div class=\"elementor-widget-container\">\n\t\t\t\t\t\t\t<ul class=\"elementor-icon-list-items\">\n\t\t\t\t\t\t\t<li class=\"elementor-icon-list-item\">\n\t\t\t\t\t\t\t\t\t\t\t<span class=\"elementor-icon-list-icon\">\n\t\t\t\t\t\t\t<svg aria-hidden=\"true\" class=\"e-font-icon-svg e-fas-map-marker-alt\" viewBox=\"0 0 384 512\" xmlns=\"http:\/\/www.w3.org\/2000\/svg\"><path d=\"M172.268 501.67C26.97 291.031 0 269.413 0 192 0 85.961 85.961 0 192 0s192 85.961 192 192c0 77.413-26.97 99.031-172.268 309.67-9.535 13.774-29.93 13.773-39.464 0zM192 272c44.183 0 80-35.817 80-80s-35.817-80-80-80-80 35.817-80 80 35.817 80 80 80z\"><\/path><\/svg>\t\t\t\t\t\t<\/span>\n\t\t\t\t\t\t\t\t\t\t<span class=\"elementor-icon-list-text\">Edificio C, 1er piso - Syri Operaciones<\/span>\n\t\t\t\t\t\t\t\t\t<\/li>\n\t\t\t\t\t\t\t\t<li class=\"elementor-icon-list-item\">\n\t\t\t\t\t\t\t\t\t\t\t<span class=\"elementor-icon-list-icon\">\n\t\t\t\t\t\t\t<svg aria-hidden=\"true\" class=\"e-font-icon-svg e-fas-phone-alt\" viewBox=\"0 0 512 512\" xmlns=\"http:\/\/www.w3.org\/2000\/svg\"><path d=\"M497.39 361.8l-112-48a24 24 0 0 0-28 6.9l-49.6 60.6A370.66 370.66 0 0 1 130.6 204.11l60.6-49.6a23.94 23.94 0 0 0 6.9-28l-48-112A24.16 24.16 0 0 0 122.6.61l-104 24A24 24 0 0 0 0 48c0 256.5 207.9 464 464 464a24 24 0 0 0 23.4-18.6l24-104a24.29 24.29 0 0 0-14.01-27.6z\"><\/path><\/svg>\t\t\t\t\t\t<\/span>\n\t\t\t\t\t\t\t\t\t\t<span class=\"elementor-icon-list-text\"> Tel: (602) 555 2334 Ext. 4417<\/span>\n\t\t\t\t\t\t\t\t\t<\/li>\n\t\t\t\t\t\t<\/ul>\n\t\t\t\t\t\t<\/div>\n\t\t\t\t<\/div>\n\t\t\t\t\t<\/div>\n\t\t<\/div>\n\t\t\t\t\t<\/div>\n\t\t<\/section>\n\t\t\t\t<\/div>\n\t\t","protected":false},"excerpt":{"rendered":"<p>Gracias al convenio que nuestra Universidad tiene con Microsoft, se ha habilitado para los estudiantes y profesores activos de la Universidad Icesi, la disponibilidad de software de Microsoft como suites de programaci\u00f3n, sistemas operativos y aplicaciones como Project y Visio, entre otros. \u00a0 Para acceder a los productos de Microsoft debe seguir el\u00a0Manual para la [&hellip;]<\/p>\n","protected":false},"author":1,"featured_media":0,"parent":0,"menu_order":0,"comment_status":"closed","ping_status":"closed","template":"","meta":{"footnotes":""},"class_list":["post-5599","page","type-page","status-publish","hentry"],"yoast_head":"<!-- This site is optimized with the Yoast SEO plugin v26.6 - https:\/\/yoast.com\/wordpress\/plugins\/seo\/ -->\n<title>Convenio Microsoft Azure Dev Tools For Teaching - Servicios<\/title>\n<meta name=\"robots\" content=\"index, follow, max-snippet:-1, max-image-preview:large, max-video-preview:-1\" \/>\n<link rel=\"canonical\" href=\"https:\/\/www.icesi.edu.co\/servicios\/convenio-microsoft-azure-dev-tools-for-teaching\/\" \/>\n<meta property=\"og:locale\" content=\"es_ES\" \/>\n<meta property=\"og:type\" content=\"article\" \/>\n<meta property=\"og:title\" content=\"Convenio Microsoft Azure Dev Tools For Teaching - Servicios\" \/>\n<meta property=\"og:description\" content=\"Gracias al convenio que nuestra Universidad tiene con Microsoft, se ha habilitado para los estudiantes y profesores activos de la Universidad Icesi, la disponibilidad de software de Microsoft como suites de programaci\u00f3n, sistemas operativos y aplicaciones como Project y Visio, entre otros. \u00a0 Para acceder a los productos de Microsoft debe seguir el\u00a0Manual para la [&hellip;]\" \/>\n<meta property=\"og:url\" content=\"https:\/\/www.icesi.edu.co\/servicios\/convenio-microsoft-azure-dev-tools-for-teaching\/\" \/>\n<meta property=\"og:site_name\" content=\"Servicios\" \/>\n<meta property=\"article:modified_time\" content=\"2025-03-27T19:33:56+00:00\" \/>\n<meta property=\"og:image\" content=\"https:\/\/www.icesi.edu.co\/servicios\/wp-content\/uploads\/2025\/03\/aZURE-1024x585.jpg\" \/>\n<meta name=\"twitter:card\" content=\"summary_large_image\" \/>\n<meta name=\"twitter:label1\" content=\"Tiempo de lectura\" \/>\n\t<meta name=\"twitter:data1\" content=\"2 minutos\" \/>\n<script type=\"application\/ld+json\" class=\"yoast-schema-graph\">{\"@context\":\"https:\/\/schema.org\",\"@graph\":[{\"@type\":\"WebPage\",\"@id\":\"https:\/\/www.icesi.edu.co\/servicios\/convenio-microsoft-azure-dev-tools-for-teaching\/\",\"url\":\"https:\/\/www.icesi.edu.co\/servicios\/convenio-microsoft-azure-dev-tools-for-teaching\/\",\"name\":\"Convenio Microsoft Azure Dev Tools For Teaching - Servicios\",\"isPartOf\":{\"@id\":\"https:\/\/www.icesi.edu.co\/servicios\/#website\"},\"primaryImageOfPage\":{\"@id\":\"https:\/\/www.icesi.edu.co\/servicios\/convenio-microsoft-azure-dev-tools-for-teaching\/#primaryimage\"},\"image\":{\"@id\":\"https:\/\/www.icesi.edu.co\/servicios\/convenio-microsoft-azure-dev-tools-for-teaching\/#primaryimage\"},\"thumbnailUrl\":\"https:\/\/www.icesi.edu.co\/servicios\/wp-content\/uploads\/2025\/03\/aZURE-1024x585.jpg\",\"datePublished\":\"2024-11-28T20:10:32+00:00\",\"dateModified\":\"2025-03-27T19:33:56+00:00\",\"breadcrumb\":{\"@id\":\"https:\/\/www.icesi.edu.co\/servicios\/convenio-microsoft-azure-dev-tools-for-teaching\/#breadcrumb\"},\"inLanguage\":\"es-CO\",\"potentialAction\":[{\"@type\":\"ReadAction\",\"target\":[\"https:\/\/www.icesi.edu.co\/servicios\/convenio-microsoft-azure-dev-tools-for-teaching\/\"]}]},{\"@type\":\"ImageObject\",\"inLanguage\":\"es-CO\",\"@id\":\"https:\/\/www.icesi.edu.co\/servicios\/convenio-microsoft-azure-dev-tools-for-teaching\/#primaryimage\",\"url\":\"https:\/\/www.icesi.edu.co\/servicios\/wp-content\/uploads\/2025\/03\/aZURE.jpg\",\"contentUrl\":\"https:\/\/www.icesi.edu.co\/servicios\/wp-content\/uploads\/2025\/03\/aZURE.jpg\",\"width\":1172,\"height\":670},{\"@type\":\"BreadcrumbList\",\"@id\":\"https:\/\/www.icesi.edu.co\/servicios\/convenio-microsoft-azure-dev-tools-for-teaching\/#breadcrumb\",\"itemListElement\":[{\"@type\":\"ListItem\",\"position\":1,\"name\":\"Inicio\",\"item\":\"https:\/\/www.icesi.edu.co\/servicios\/\"},{\"@type\":\"ListItem\",\"position\":2,\"name\":\"Convenio Microsoft Azure Dev Tools For Teaching\"}]},{\"@type\":\"WebSite\",\"@id\":\"https:\/\/www.icesi.edu.co\/servicios\/#website\",\"url\":\"https:\/\/www.icesi.edu.co\/servicios\/\",\"name\":\"Servicios\",\"description\":\"Sitio de Servicios Universidad ICESI\",\"publisher\":{\"@id\":\"https:\/\/www.icesi.edu.co\/servicios\/#organization\"},\"potentialAction\":[{\"@type\":\"SearchAction\",\"target\":{\"@type\":\"EntryPoint\",\"urlTemplate\":\"https:\/\/www.icesi.edu.co\/servicios\/?s={search_term_string}\"},\"query-input\":{\"@type\":\"PropertyValueSpecification\",\"valueRequired\":true,\"valueName\":\"search_term_string\"}}],\"inLanguage\":\"es-CO\"},{\"@type\":\"Organization\",\"@id\":\"https:\/\/www.icesi.edu.co\/servicios\/#organization\",\"name\":\"Servicios\",\"url\":\"https:\/\/www.icesi.edu.co\/servicios\/\",\"logo\":{\"@type\":\"ImageObject\",\"inLanguage\":\"es-CO\",\"@id\":\"https:\/\/www.icesi.edu.co\/servicios\/#\/schema\/logo\/image\/\",\"url\":\"https:\/\/www.icesi.edu.co\/servicios\/wp-content\/uploads\/2024\/04\/LogoSitio.png\",\"contentUrl\":\"https:\/\/www.icesi.edu.co\/servicios\/wp-content\/uploads\/2024\/04\/LogoSitio.png\",\"width\":223,\"height\":54,\"caption\":\"Servicios\"},\"image\":{\"@id\":\"https:\/\/www.icesi.edu.co\/servicios\/#\/schema\/logo\/image\/\"}}]}<\/script>\n<!-- \/ Yoast SEO plugin. -->","yoast_head_json":{"title":"Convenio Microsoft Azure Dev Tools For Teaching - Servicios","robots":{"index":"index","follow":"follow","max-snippet":"max-snippet:-1","max-image-preview":"max-image-preview:large","max-video-preview":"max-video-preview:-1"},"canonical":"https:\/\/www.icesi.edu.co\/servicios\/convenio-microsoft-azure-dev-tools-for-teaching\/","og_locale":"es_ES","og_type":"article","og_title":"Convenio Microsoft Azure Dev Tools For Teaching - Servicios","og_description":"Gracias al convenio que nuestra Universidad tiene con Microsoft, se ha habilitado para los estudiantes y profesores activos de la Universidad Icesi, la disponibilidad de software de Microsoft como suites de programaci\u00f3n, sistemas operativos y aplicaciones como Project y Visio, entre otros. \u00a0 Para acceder a los productos de Microsoft debe seguir el\u00a0Manual para la [&hellip;]","og_url":"https:\/\/www.icesi.edu.co\/servicios\/convenio-microsoft-azure-dev-tools-for-teaching\/","og_site_name":"Servicios","article_modified_time":"2025-03-27T19:33:56+00:00","og_image":[{"url":"https:\/\/www.icesi.edu.co\/servicios\/wp-content\/uploads\/2025\/03\/aZURE-1024x585.jpg","type":"","width":"","height":""}],"twitter_card":"summary_large_image","twitter_misc":{"Tiempo de lectura":"2 minutos"},"schema":{"@context":"https:\/\/schema.org","@graph":[{"@type":"WebPage","@id":"https:\/\/www.icesi.edu.co\/servicios\/convenio-microsoft-azure-dev-tools-for-teaching\/","url":"https:\/\/www.icesi.edu.co\/servicios\/convenio-microsoft-azure-dev-tools-for-teaching\/","name":"Convenio Microsoft Azure Dev Tools For Teaching - Servicios","isPartOf":{"@id":"https:\/\/www.icesi.edu.co\/servicios\/#website"},"primaryImageOfPage":{"@id":"https:\/\/www.icesi.edu.co\/servicios\/convenio-microsoft-azure-dev-tools-for-teaching\/#primaryimage"},"image":{"@id":"https:\/\/www.icesi.edu.co\/servicios\/convenio-microsoft-azure-dev-tools-for-teaching\/#primaryimage"},"thumbnailUrl":"https:\/\/www.icesi.edu.co\/servicios\/wp-content\/uploads\/2025\/03\/aZURE-1024x585.jpg","datePublished":"2024-11-28T20:10:32+00:00","dateModified":"2025-03-27T19:33:56+00:00","breadcrumb":{"@id":"https:\/\/www.icesi.edu.co\/servicios\/convenio-microsoft-azure-dev-tools-for-teaching\/#breadcrumb"},"inLanguage":"es-CO","potentialAction":[{"@type":"ReadAction","target":["https:\/\/www.icesi.edu.co\/servicios\/convenio-microsoft-azure-dev-tools-for-teaching\/"]}]},{"@type":"ImageObject","inLanguage":"es-CO","@id":"https:\/\/www.icesi.edu.co\/servicios\/convenio-microsoft-azure-dev-tools-for-teaching\/#primaryimage","url":"https:\/\/www.icesi.edu.co\/servicios\/wp-content\/uploads\/2025\/03\/aZURE.jpg","contentUrl":"https:\/\/www.icesi.edu.co\/servicios\/wp-content\/uploads\/2025\/03\/aZURE.jpg","width":1172,"height":670},{"@type":"BreadcrumbList","@id":"https:\/\/www.icesi.edu.co\/servicios\/convenio-microsoft-azure-dev-tools-for-teaching\/#breadcrumb","itemListElement":[{"@type":"ListItem","position":1,"name":"Inicio","item":"https:\/\/www.icesi.edu.co\/servicios\/"},{"@type":"ListItem","position":2,"name":"Convenio Microsoft Azure Dev Tools For Teaching"}]},{"@type":"WebSite","@id":"https:\/\/www.icesi.edu.co\/servicios\/#website","url":"https:\/\/www.icesi.edu.co\/servicios\/","name":"Servicios","description":"Sitio de Servicios Universidad ICESI","publisher":{"@id":"https:\/\/www.icesi.edu.co\/servicios\/#organization"},"potentialAction":[{"@type":"SearchAction","target":{"@type":"EntryPoint","urlTemplate":"https:\/\/www.icesi.edu.co\/servicios\/?s={search_term_string}"},"query-input":{"@type":"PropertyValueSpecification","valueRequired":true,"valueName":"search_term_string"}}],"inLanguage":"es-CO"},{"@type":"Organization","@id":"https:\/\/www.icesi.edu.co\/servicios\/#organization","name":"Servicios","url":"https:\/\/www.icesi.edu.co\/servicios\/","logo":{"@type":"ImageObject","inLanguage":"es-CO","@id":"https:\/\/www.icesi.edu.co\/servicios\/#\/schema\/logo\/image\/","url":"https:\/\/www.icesi.edu.co\/servicios\/wp-content\/uploads\/2024\/04\/LogoSitio.png","contentUrl":"https:\/\/www.icesi.edu.co\/servicios\/wp-content\/uploads\/2024\/04\/LogoSitio.png","width":223,"height":54,"caption":"Servicios"},"image":{"@id":"https:\/\/www.icesi.edu.co\/servicios\/#\/schema\/logo\/image\/"}}]}},"_links":{"self":[{"href":"https:\/\/www.icesi.edu.co\/servicios\/wp-json\/wp\/v2\/pages\/5599","targetHints":{"allow":["GET"]}}],"collection":[{"href":"https:\/\/www.icesi.edu.co\/servicios\/wp-json\/wp\/v2\/pages"}],"about":[{"href":"https:\/\/www.icesi.edu.co\/servicios\/wp-json\/wp\/v2\/types\/page"}],"author":[{"embeddable":true,"href":"https:\/\/www.icesi.edu.co\/servicios\/wp-json\/wp\/v2\/users\/1"}],"replies":[{"embeddable":true,"href":"https:\/\/www.icesi.edu.co\/servicios\/wp-json\/wp\/v2\/comments?post=5599"}],"version-history":[{"count":17,"href":"https:\/\/www.icesi.edu.co\/servicios\/wp-json\/wp\/v2\/pages\/5599\/revisions"}],"predecessor-version":[{"id":6329,"href":"https:\/\/www.icesi.edu.co\/servicios\/wp-json\/wp\/v2\/pages\/5599\/revisions\/6329"}],"wp:attachment":[{"href":"https:\/\/www.icesi.edu.co\/servicios\/wp-json\/wp\/v2\/media?parent=5599"}],"curies":[{"name":"wp","href":"https:\/\/api.w.org\/{rel}","templated":true}]}}