{"id":5604,"date":"2024-11-28T15:18:48","date_gmt":"2024-11-28T20:18:48","guid":{"rendered":"https:\/\/www.icesi.edu.co\/servicios\/?page_id=5604"},"modified":"2026-03-10T09:23:46","modified_gmt":"2026-03-10T14:23:46","slug":"convenios-office-365-proplus","status":"publish","type":"page","link":"https:\/\/www.icesi.edu.co\/servicios\/convenios-office-365-proplus\/","title":{"rendered":"Convenios Office 365 ProPlus"},"content":{"rendered":"\t\t<div data-elementor-type=\"wp-page\" data-elementor-id=\"5604\" class=\"elementor elementor-5604\">\n\t\t\t\t\t\t<section class=\"elementor-section elementor-top-section elementor-element elementor-element-0bc12ec elementor-section-boxed elementor-section-height-default elementor-section-height-default\" data-id=\"0bc12ec\" data-element_type=\"section\" data-settings=\"{&quot;background_background&quot;:&quot;classic&quot;}\">\n\t\t\t\t\t\t\t<div class=\"elementor-background-overlay\"><\/div>\n\t\t\t\t\t\t\t<div class=\"elementor-container elementor-column-gap-default\">\n\t\t\t\t\t<div class=\"elementor-column elementor-col-100 elementor-top-column elementor-element elementor-element-c63507c\" data-id=\"c63507c\" data-element_type=\"column\" data-settings=\"{&quot;background_background&quot;:&quot;classic&quot;}\">\n\t\t\t<div class=\"elementor-widget-wrap elementor-element-populated\">\n\t\t\t\t\t\t<div class=\"elementor-element elementor-element-c899457 elementor-widget elementor-widget-text-editor\" data-id=\"c899457\" data-element_type=\"widget\" data-widget_type=\"text-editor.default\">\n\t\t\t\t<div class=\"elementor-widget-container\">\n\t\t\t\t\t\t\t\t\t<p>Office 365 ProPlus gratuito para estudiantes, profesores y colaboradores de la Universidad Icesi.<\/p>\t\t\t\t\t\t\t\t<\/div>\n\t\t\t\t<\/div>\n\t\t\t\t<div class=\"elementor-element elementor-element-139c0d5 elementor-widget elementor-widget-image\" data-id=\"139c0d5\" data-element_type=\"widget\" data-widget_type=\"image.default\">\n\t\t\t\t<div class=\"elementor-widget-container\">\n\t\t\t\t\t\t\t\t\t\t\t\t\t\t\t<img fetchpriority=\"high\" decoding=\"async\" width=\"768\" height=\"432\" src=\"https:\/\/www.icesi.edu.co\/servicios\/wp-content\/uploads\/2025\/02\/hero_o365_v2-768x432-1.jpg\" class=\"attachment-large size-large wp-image-6141\" alt=\"\" srcset=\"https:\/\/www.icesi.edu.co\/servicios\/wp-content\/uploads\/2025\/02\/hero_o365_v2-768x432-1.jpg 768w, https:\/\/www.icesi.edu.co\/servicios\/wp-content\/uploads\/2025\/02\/hero_o365_v2-768x432-1-300x169.jpg 300w, https:\/\/www.icesi.edu.co\/servicios\/wp-content\/uploads\/2025\/02\/hero_o365_v2-768x432-1-400x225.jpg 400w, https:\/\/www.icesi.edu.co\/servicios\/wp-content\/uploads\/2025\/02\/hero_o365_v2-768x432-1-700x394.jpg 700w, https:\/\/www.icesi.edu.co\/servicios\/wp-content\/uploads\/2025\/02\/hero_o365_v2-768x432-1-600x338.jpg 600w\" sizes=\"(max-width: 768px) 100vw, 768px\" \/>\t\t\t\t\t\t\t\t\t\t\t\t\t\t\t<\/div>\n\t\t\t\t<\/div>\n\t\t\t\t<div class=\"elementor-element elementor-element-e1ad88f elementor-widget elementor-widget-text-editor\" data-id=\"e1ad88f\" data-element_type=\"widget\" data-widget_type=\"text-editor.default\">\n\t\t\t\t<div class=\"elementor-widget-container\">\n\t\t\t\t\t\t\t\t\t<p>\u00a0<\/p><p>La alianza estrat\u00e9gica entre la Universidad Icesi y Microsoft, trae como beneficio para la comunidad \u201cestudiantes de pregrado y posgrado, profesores y colaboradores\u201d, Microsoft Office de forma gratuita. La versi\u00f3n de Office que se ofrece es la m\u00e1s reciente e incluye Word, Excel, PowerPoint, OneNote entre otras disponibles para usarse con y sin conexi\u00f3n.<\/p><p>Siempre que seas un estudiante de pregrado o posgrado, profesor o colaborador Icesi, podr\u00e1s utilizar este software de forma gratuita e instalarlo en hasta 5 dispositivos personales ya sean PCs, Macs compatibles o tabletas (\u00a1incluyendo iPad!) y solo necesitaras la cuenta de correo electr\u00f3nico institucional\u00a0<strong>@icesi.edu.co<\/strong>\u00a0\u00f3\u00a0<strong>@u.icesi.edu.co<\/strong>.<\/p><p><strong>Para acceder al beneficio debes seguir los pasos descritos a continuaci\u00f3n:<\/strong><\/p><p><strong>Para PC o Mac<\/strong><\/p><ol><li>Ingresar a<a href=\"https:\/\/www.microsoft.com\/en-us\/microsoft-365\/download-office\">\u00a0https:\/\/portal.office.com\u00a0.<\/a><\/li><li>Ingresar su correo institucional\u00a0<em><strong>@icesi.edu.co<\/strong><\/em>\u00a0\u00f3\u00a0<em><strong>@u.icesi.edu.co<\/strong><\/em>\u00a0para realizar la asignaci\u00f3n de sus licencias o\u00a0si ya ha verificado sus requisitos,\u00a0<a href=\"https:\/\/login.microsoftonline.com\/login.srf?wa=wsignin1.0&amp;rpsnv=4&amp;ct=1429749841&amp;rver=6.4.6456.0&amp;wp=MCMBI&amp;wreply=https:%2F%2Fportal.office.com%2Flanding.aspx%3Ftarget%3D%252fdefault.aspx%253flc%253d3082&amp;lc=3082&amp;id=501392\">inicie sesi\u00f3n<\/a>\u00a0con su correo electr\u00f3nico institucional y realice la descarga e instalaci\u00f3n.<\/li><\/ol><p><strong>Para tabletas i<\/strong><strong>OS y An<\/strong><strong>droid<\/strong><\/p><p>Desc\u00e1rguelo desde la App Store o Play Store<\/p><p><strong>NOTA:<\/strong>\u00a0Recomendamos no realizar la descarga desde la universidad dado que la red es p\u00fablica y compartida con todos los usuarios y sus dispositivos.<\/p><div><p><strong>Debes tener en cuenta que no estamos autorizados\u00a0para dar\u00a0soporte a equipos que no hagan parte de la dotaci\u00f3n asignada por la Universidad.<\/strong>\u00a0<strong>Si tienes problemas con la instalaci\u00f3n de algunos de los productos de Microsoft, por favor contacta a las l\u00edneas de soporte de Microsoft. Los canales de contactos son:<\/strong><\/p><p><img decoding=\"async\" class=\"aligncenter size-full wp-image-3302\" src=\"https:\/\/192.168.220.29\/servicios2\/wp-content\/uploads\/2019\/08\/Azure-1.png\" sizes=\"(max-width: 721px) 85vw, 721px\" srcset=\"https:\/\/192.168.220.29\/servicios2\/wp-content\/uploads\/2019\/08\/Azure-1.png 721w, https:\/\/192.168.220.29\/servicios2\/wp-content\/uploads\/2019\/08\/Azure-1-300x40.png 300w\" alt=\"\" width=\"721\" height=\"96\" \/><\/p><\/div><div><strong>Para mayor informaci\u00f3n, la p\u00e1gina de soporte Microsoft es\u00a0<a href=\"https:\/\/support.microsoft.com\/es-co\">https:\/\/support.microsoft.com\/es-co<\/a>\u00a0<\/strong><\/div><div>\u00a0<\/div><div><strong>Importante<\/strong><\/div><div>Las respuestas a los requerimientos tienen un plazo m\u00e1ximo de 32 horas h\u00e1biles a partir del reporte de la solicitud en el\u00a0<a href=\"https:\/\/www.icesi.edu.co\/solicitud_servicios\/\">Sistema de gesti\u00f3n de servicios (SGS<\/a><u>)<\/u>.\u00a0 Debes tener en cuenta que el acceso a la licencia puede tomar de 8 a 15 d\u00edas h\u00e1biles en ser otorgado.<\/div>\t\t\t\t\t\t\t\t<\/div>\n\t\t\t\t<\/div>\n\t\t\t\t<div class=\"elementor-element elementor-element-a558418 elementor-widget elementor-widget-spacer\" data-id=\"a558418\" data-element_type=\"widget\" data-widget_type=\"spacer.default\">\n\t\t\t\t<div class=\"elementor-widget-container\">\n\t\t\t\t\t\t\t<div class=\"elementor-spacer\">\n\t\t\t<div class=\"elementor-spacer-inner\"><\/div>\n\t\t<\/div>\n\t\t\t\t\t\t<\/div>\n\t\t\t\t<\/div>\n\t\t\t\t<div class=\"elementor-element elementor-element-70c1d3a elementor-widget elementor-widget-text-editor\" data-id=\"70c1d3a\" data-element_type=\"widget\" data-widget_type=\"text-editor.default\">\n\t\t\t\t<div class=\"elementor-widget-container\">\n\t\t\t\t\t\t\t\t\t<p>En caso de requerir ayuda puede utilizar los siguiente canales<\/p>\t\t\t\t\t\t\t\t<\/div>\n\t\t\t\t<\/div>\n\t\t\t\t<div class=\"elementor-element elementor-element-31f1cfd elementor-icon-list--layout-traditional elementor-list-item-link-full_width elementor-widget elementor-widget-icon-list\" data-id=\"31f1cfd\" data-element_type=\"widget\" data-widget_type=\"icon-list.default\">\n\t\t\t\t<div class=\"elementor-widget-container\">\n\t\t\t\t\t\t\t<ul class=\"elementor-icon-list-items\">\n\t\t\t\t\t\t\t<li class=\"elementor-icon-list-item\">\n\t\t\t\t\t\t\t\t\t\t\t<span class=\"elementor-icon-list-icon\">\n\t\t\t\t\t\t\t<svg aria-hidden=\"true\" class=\"e-font-icon-svg e-fas-map-marker-alt\" viewBox=\"0 0 384 512\" xmlns=\"http:\/\/www.w3.org\/2000\/svg\"><path d=\"M172.268 501.67C26.97 291.031 0 269.413 0 192 0 85.961 85.961 0 192 0s192 85.961 192 192c0 77.413-26.97 99.031-172.268 309.67-9.535 13.774-29.93 13.773-39.464 0zM192 272c44.183 0 80-35.817 80-80s-35.817-80-80-80-80 35.817-80 80 35.817 80 80 80z\"><\/path><\/svg>\t\t\t\t\t\t<\/span>\n\t\t\t\t\t\t\t\t\t\t<span class=\"elementor-icon-list-text\">Edificio C, 1er piso - Syri Operaciones\u200b<\/span>\n\t\t\t\t\t\t\t\t\t<\/li>\n\t\t\t\t\t\t\t\t<li class=\"elementor-icon-list-item\">\n\t\t\t\t\t\t\t\t\t\t\t<span class=\"elementor-icon-list-icon\">\n\t\t\t\t\t\t\t<svg aria-hidden=\"true\" class=\"e-font-icon-svg e-fas-phone-alt\" viewBox=\"0 0 512 512\" xmlns=\"http:\/\/www.w3.org\/2000\/svg\"><path d=\"M497.39 361.8l-112-48a24 24 0 0 0-28 6.9l-49.6 60.6A370.66 370.66 0 0 1 130.6 204.11l60.6-49.6a23.94 23.94 0 0 0 6.9-28l-48-112A24.16 24.16 0 0 0 122.6.61l-104 24A24 24 0 0 0 0 48c0 256.5 207.9 464 464 464a24 24 0 0 0 23.4-18.6l24-104a24.29 24.29 0 0 0-14.01-27.6z\"><\/path><\/svg>\t\t\t\t\t\t<\/span>\n\t\t\t\t\t\t\t\t\t\t<span class=\"elementor-icon-list-text\"> Tel: (602) 555 2334 Ext. 4417<\/span>\n\t\t\t\t\t\t\t\t\t<\/li>\n\t\t\t\t\t\t<\/ul>\n\t\t\t\t\t\t<\/div>\n\t\t\t\t<\/div>\n\t\t\t\t\t<\/div>\n\t\t<\/div>\n\t\t\t\t\t<\/div>\n\t\t<\/section>\n\t\t\t\t<\/div>\n\t\t","protected":false},"excerpt":{"rendered":"<p>Office 365 ProPlus gratuito para estudiantes, profesores y colaboradores de la Universidad Icesi. \u00a0 La alianza estrat\u00e9gica entre la Universidad Icesi y Microsoft, trae como beneficio para la comunidad \u201cestudiantes de pregrado y posgrado, profesores y colaboradores\u201d, Microsoft Office de forma gratuita. La versi\u00f3n de Office que se ofrece es la m\u00e1s reciente e incluye [&hellip;]<\/p>\n","protected":false},"author":1,"featured_media":0,"parent":0,"menu_order":0,"comment_status":"closed","ping_status":"closed","template":"","meta":{"footnotes":""},"class_list":["post-5604","page","type-page","status-publish","hentry"],"yoast_head":"<!-- This site is optimized with the Yoast SEO plugin v26.6 - https:\/\/yoast.com\/wordpress\/plugins\/seo\/ -->\n<title>Convenios Office 365 ProPlus - Servicios<\/title>\n<meta name=\"robots\" content=\"index, follow, max-snippet:-1, max-image-preview:large, max-video-preview:-1\" \/>\n<link rel=\"canonical\" href=\"https:\/\/www.icesi.edu.co\/servicios\/convenios-office-365-proplus\/\" \/>\n<meta property=\"og:locale\" content=\"es_ES\" \/>\n<meta property=\"og:type\" content=\"article\" \/>\n<meta property=\"og:title\" content=\"Convenios Office 365 ProPlus - Servicios\" \/>\n<meta property=\"og:description\" content=\"Office 365 ProPlus gratuito para estudiantes, profesores y colaboradores de la Universidad Icesi. \u00a0 La alianza estrat\u00e9gica entre la Universidad Icesi y Microsoft, trae como beneficio para la comunidad \u201cestudiantes de pregrado y posgrado, profesores y colaboradores\u201d, Microsoft Office de forma gratuita. La versi\u00f3n de Office que se ofrece es la m\u00e1s reciente e incluye [&hellip;]\" \/>\n<meta property=\"og:url\" content=\"https:\/\/www.icesi.edu.co\/servicios\/convenios-office-365-proplus\/\" \/>\n<meta property=\"og:site_name\" content=\"Servicios\" \/>\n<meta property=\"article:modified_time\" content=\"2026-03-10T14:23:46+00:00\" \/>\n<meta property=\"og:image\" content=\"https:\/\/www.icesi.edu.co\/servicios\/wp-content\/uploads\/2025\/02\/hero_o365_v2-768x432-1.jpg\" \/>\n\t<meta property=\"og:image:width\" content=\"768\" \/>\n\t<meta property=\"og:image:height\" content=\"432\" \/>\n\t<meta property=\"og:image:type\" content=\"image\/jpeg\" \/>\n<meta name=\"twitter:card\" content=\"summary_large_image\" \/>\n<meta name=\"twitter:label1\" content=\"Tiempo de lectura\" \/>\n\t<meta name=\"twitter:data1\" content=\"2 minutos\" \/>\n<script type=\"application\/ld+json\" class=\"yoast-schema-graph\">{\"@context\":\"https:\/\/schema.org\",\"@graph\":[{\"@type\":\"WebPage\",\"@id\":\"https:\/\/www.icesi.edu.co\/servicios\/convenios-office-365-proplus\/\",\"url\":\"https:\/\/www.icesi.edu.co\/servicios\/convenios-office-365-proplus\/\",\"name\":\"Convenios Office 365 ProPlus - Servicios\",\"isPartOf\":{\"@id\":\"https:\/\/www.icesi.edu.co\/servicios\/#website\"},\"primaryImageOfPage\":{\"@id\":\"https:\/\/www.icesi.edu.co\/servicios\/convenios-office-365-proplus\/#primaryimage\"},\"image\":{\"@id\":\"https:\/\/www.icesi.edu.co\/servicios\/convenios-office-365-proplus\/#primaryimage\"},\"thumbnailUrl\":\"https:\/\/www.icesi.edu.co\/servicios\/wp-content\/uploads\/2025\/02\/hero_o365_v2-768x432-1.jpg\",\"datePublished\":\"2024-11-28T20:18:48+00:00\",\"dateModified\":\"2026-03-10T14:23:46+00:00\",\"breadcrumb\":{\"@id\":\"https:\/\/www.icesi.edu.co\/servicios\/convenios-office-365-proplus\/#breadcrumb\"},\"inLanguage\":\"es-CO\",\"potentialAction\":[{\"@type\":\"ReadAction\",\"target\":[\"https:\/\/www.icesi.edu.co\/servicios\/convenios-office-365-proplus\/\"]}]},{\"@type\":\"ImageObject\",\"inLanguage\":\"es-CO\",\"@id\":\"https:\/\/www.icesi.edu.co\/servicios\/convenios-office-365-proplus\/#primaryimage\",\"url\":\"https:\/\/www.icesi.edu.co\/servicios\/wp-content\/uploads\/2025\/02\/hero_o365_v2-768x432-1.jpg\",\"contentUrl\":\"https:\/\/www.icesi.edu.co\/servicios\/wp-content\/uploads\/2025\/02\/hero_o365_v2-768x432-1.jpg\",\"width\":768,\"height\":432},{\"@type\":\"BreadcrumbList\",\"@id\":\"https:\/\/www.icesi.edu.co\/servicios\/convenios-office-365-proplus\/#breadcrumb\",\"itemListElement\":[{\"@type\":\"ListItem\",\"position\":1,\"name\":\"Inicio\",\"item\":\"https:\/\/www.icesi.edu.co\/servicios\/\"},{\"@type\":\"ListItem\",\"position\":2,\"name\":\"Convenios Office 365 ProPlus\"}]},{\"@type\":\"WebSite\",\"@id\":\"https:\/\/www.icesi.edu.co\/servicios\/#website\",\"url\":\"https:\/\/www.icesi.edu.co\/servicios\/\",\"name\":\"Servicios\",\"description\":\"Sitio de Servicios Universidad ICESI\",\"publisher\":{\"@id\":\"https:\/\/www.icesi.edu.co\/servicios\/#organization\"},\"potentialAction\":[{\"@type\":\"SearchAction\",\"target\":{\"@type\":\"EntryPoint\",\"urlTemplate\":\"https:\/\/www.icesi.edu.co\/servicios\/?s={search_term_string}\"},\"query-input\":{\"@type\":\"PropertyValueSpecification\",\"valueRequired\":true,\"valueName\":\"search_term_string\"}}],\"inLanguage\":\"es-CO\"},{\"@type\":\"Organization\",\"@id\":\"https:\/\/www.icesi.edu.co\/servicios\/#organization\",\"name\":\"Servicios\",\"url\":\"https:\/\/www.icesi.edu.co\/servicios\/\",\"logo\":{\"@type\":\"ImageObject\",\"inLanguage\":\"es-CO\",\"@id\":\"https:\/\/www.icesi.edu.co\/servicios\/#\/schema\/logo\/image\/\",\"url\":\"https:\/\/www.icesi.edu.co\/servicios\/wp-content\/uploads\/2024\/04\/LogoSitio.png\",\"contentUrl\":\"https:\/\/www.icesi.edu.co\/servicios\/wp-content\/uploads\/2024\/04\/LogoSitio.png\",\"width\":223,\"height\":54,\"caption\":\"Servicios\"},\"image\":{\"@id\":\"https:\/\/www.icesi.edu.co\/servicios\/#\/schema\/logo\/image\/\"}}]}<\/script>\n<!-- \/ Yoast SEO plugin. -->","yoast_head_json":{"title":"Convenios Office 365 ProPlus - Servicios","robots":{"index":"index","follow":"follow","max-snippet":"max-snippet:-1","max-image-preview":"max-image-preview:large","max-video-preview":"max-video-preview:-1"},"canonical":"https:\/\/www.icesi.edu.co\/servicios\/convenios-office-365-proplus\/","og_locale":"es_ES","og_type":"article","og_title":"Convenios Office 365 ProPlus - Servicios","og_description":"Office 365 ProPlus gratuito para estudiantes, profesores y colaboradores de la Universidad Icesi. \u00a0 La alianza estrat\u00e9gica entre la Universidad Icesi y Microsoft, trae como beneficio para la comunidad \u201cestudiantes de pregrado y posgrado, profesores y colaboradores\u201d, Microsoft Office de forma gratuita. La versi\u00f3n de Office que se ofrece es la m\u00e1s reciente e incluye [&hellip;]","og_url":"https:\/\/www.icesi.edu.co\/servicios\/convenios-office-365-proplus\/","og_site_name":"Servicios","article_modified_time":"2026-03-10T14:23:46+00:00","og_image":[{"width":768,"height":432,"url":"https:\/\/www.icesi.edu.co\/servicios\/wp-content\/uploads\/2025\/02\/hero_o365_v2-768x432-1.jpg","type":"image\/jpeg"}],"twitter_card":"summary_large_image","twitter_misc":{"Tiempo de lectura":"2 minutos"},"schema":{"@context":"https:\/\/schema.org","@graph":[{"@type":"WebPage","@id":"https:\/\/www.icesi.edu.co\/servicios\/convenios-office-365-proplus\/","url":"https:\/\/www.icesi.edu.co\/servicios\/convenios-office-365-proplus\/","name":"Convenios Office 365 ProPlus - Servicios","isPartOf":{"@id":"https:\/\/www.icesi.edu.co\/servicios\/#website"},"primaryImageOfPage":{"@id":"https:\/\/www.icesi.edu.co\/servicios\/convenios-office-365-proplus\/#primaryimage"},"image":{"@id":"https:\/\/www.icesi.edu.co\/servicios\/convenios-office-365-proplus\/#primaryimage"},"thumbnailUrl":"https:\/\/www.icesi.edu.co\/servicios\/wp-content\/uploads\/2025\/02\/hero_o365_v2-768x432-1.jpg","datePublished":"2024-11-28T20:18:48+00:00","dateModified":"2026-03-10T14:23:46+00:00","breadcrumb":{"@id":"https:\/\/www.icesi.edu.co\/servicios\/convenios-office-365-proplus\/#breadcrumb"},"inLanguage":"es-CO","potentialAction":[{"@type":"ReadAction","target":["https:\/\/www.icesi.edu.co\/servicios\/convenios-office-365-proplus\/"]}]},{"@type":"ImageObject","inLanguage":"es-CO","@id":"https:\/\/www.icesi.edu.co\/servicios\/convenios-office-365-proplus\/#primaryimage","url":"https:\/\/www.icesi.edu.co\/servicios\/wp-content\/uploads\/2025\/02\/hero_o365_v2-768x432-1.jpg","contentUrl":"https:\/\/www.icesi.edu.co\/servicios\/wp-content\/uploads\/2025\/02\/hero_o365_v2-768x432-1.jpg","width":768,"height":432},{"@type":"BreadcrumbList","@id":"https:\/\/www.icesi.edu.co\/servicios\/convenios-office-365-proplus\/#breadcrumb","itemListElement":[{"@type":"ListItem","position":1,"name":"Inicio","item":"https:\/\/www.icesi.edu.co\/servicios\/"},{"@type":"ListItem","position":2,"name":"Convenios Office 365 ProPlus"}]},{"@type":"WebSite","@id":"https:\/\/www.icesi.edu.co\/servicios\/#website","url":"https:\/\/www.icesi.edu.co\/servicios\/","name":"Servicios","description":"Sitio de Servicios Universidad ICESI","publisher":{"@id":"https:\/\/www.icesi.edu.co\/servicios\/#organization"},"potentialAction":[{"@type":"SearchAction","target":{"@type":"EntryPoint","urlTemplate":"https:\/\/www.icesi.edu.co\/servicios\/?s={search_term_string}"},"query-input":{"@type":"PropertyValueSpecification","valueRequired":true,"valueName":"search_term_string"}}],"inLanguage":"es-CO"},{"@type":"Organization","@id":"https:\/\/www.icesi.edu.co\/servicios\/#organization","name":"Servicios","url":"https:\/\/www.icesi.edu.co\/servicios\/","logo":{"@type":"ImageObject","inLanguage":"es-CO","@id":"https:\/\/www.icesi.edu.co\/servicios\/#\/schema\/logo\/image\/","url":"https:\/\/www.icesi.edu.co\/servicios\/wp-content\/uploads\/2024\/04\/LogoSitio.png","contentUrl":"https:\/\/www.icesi.edu.co\/servicios\/wp-content\/uploads\/2024\/04\/LogoSitio.png","width":223,"height":54,"caption":"Servicios"},"image":{"@id":"https:\/\/www.icesi.edu.co\/servicios\/#\/schema\/logo\/image\/"}}]}},"_links":{"self":[{"href":"https:\/\/www.icesi.edu.co\/servicios\/wp-json\/wp\/v2\/pages\/5604","targetHints":{"allow":["GET"]}}],"collection":[{"href":"https:\/\/www.icesi.edu.co\/servicios\/wp-json\/wp\/v2\/pages"}],"about":[{"href":"https:\/\/www.icesi.edu.co\/servicios\/wp-json\/wp\/v2\/types\/page"}],"author":[{"embeddable":true,"href":"https:\/\/www.icesi.edu.co\/servicios\/wp-json\/wp\/v2\/users\/1"}],"replies":[{"embeddable":true,"href":"https:\/\/www.icesi.edu.co\/servicios\/wp-json\/wp\/v2\/comments?post=5604"}],"version-history":[{"count":14,"href":"https:\/\/www.icesi.edu.co\/servicios\/wp-json\/wp\/v2\/pages\/5604\/revisions"}],"predecessor-version":[{"id":6995,"href":"https:\/\/www.icesi.edu.co\/servicios\/wp-json\/wp\/v2\/pages\/5604\/revisions\/6995"}],"wp:attachment":[{"href":"https:\/\/www.icesi.edu.co\/servicios\/wp-json\/wp\/v2\/media?parent=5604"}],"curies":[{"name":"wp","href":"https:\/\/api.w.org\/{rel}","templated":true}]}}