{"id":5609,"date":"2024-11-28T15:22:41","date_gmt":"2024-11-28T20:22:41","guid":{"rendered":"https:\/\/www.icesi.edu.co\/servicios\/?page_id=5609"},"modified":"2025-03-20T17:21:30","modified_gmt":"2025-03-20T22:21:30","slug":"convenios-oracle-academy","status":"publish","type":"page","link":"https:\/\/www.icesi.edu.co\/servicios\/convenios-oracle-academy\/","title":{"rendered":"Convenios Oracle Academy"},"content":{"rendered":"\t\t<div data-elementor-type=\"wp-page\" data-elementor-id=\"5609\" class=\"elementor elementor-5609\">\n\t\t\t\t<div class=\"elementor-element elementor-element-ff367e7 e-flex e-con-boxed e-con e-parent\" data-id=\"ff367e7\" data-element_type=\"container\">\n\t\t\t\t\t<div class=\"e-con-inner\">\n\t\t\t\t<div class=\"elementor-element elementor-element-8ccee8e elementor-widget elementor-widget-image\" data-id=\"8ccee8e\" data-element_type=\"widget\" data-widget_type=\"image.default\">\n\t\t\t\t<div class=\"elementor-widget-container\">\n\t\t\t\t\t\t\t\t\t\t\t\t\t\t\t<img fetchpriority=\"high\" decoding=\"async\" width=\"800\" height=\"500\" src=\"https:\/\/www.icesi.edu.co\/servicios\/wp-content\/uploads\/2025\/03\/Oracle_Curriculum_Partner.jpg\" class=\"attachment-large size-large wp-image-6253\" alt=\"\" srcset=\"https:\/\/www.icesi.edu.co\/servicios\/wp-content\/uploads\/2025\/03\/Oracle_Curriculum_Partner.jpg 800w, https:\/\/www.icesi.edu.co\/servicios\/wp-content\/uploads\/2025\/03\/Oracle_Curriculum_Partner-300x188.jpg 300w, https:\/\/www.icesi.edu.co\/servicios\/wp-content\/uploads\/2025\/03\/Oracle_Curriculum_Partner-768x480.jpg 768w, https:\/\/www.icesi.edu.co\/servicios\/wp-content\/uploads\/2025\/03\/Oracle_Curriculum_Partner-400x250.jpg 400w, https:\/\/www.icesi.edu.co\/servicios\/wp-content\/uploads\/2025\/03\/Oracle_Curriculum_Partner-700x438.jpg 700w, https:\/\/www.icesi.edu.co\/servicios\/wp-content\/uploads\/2025\/03\/Oracle_Curriculum_Partner-600x375.jpg 600w\" sizes=\"(max-width: 800px) 100vw, 800px\" \/>\t\t\t\t\t\t\t\t\t\t\t\t\t\t\t<\/div>\n\t\t\t\t<\/div>\n\t\t\t\t<div class=\"elementor-element elementor-element-2948457 elementor-widget elementor-widget-text-editor\" data-id=\"2948457\" data-element_type=\"widget\" data-widget_type=\"text-editor.default\">\n\t\t\t\t<div class=\"elementor-widget-container\">\n\t\t\t\t\t\t\t\t\t<p>Gracias a que nuestra universidad hace parte de la comunidad Oracle Academy y con el fin de apoyar el aprendizaje cont\u00ednuo de las ciencias de la computaci\u00f3n en todos los niveles, Oracle pone a disposici\u00f3n de los profesores y estudiantes de la Unversidad Icesi, una variedad de recursos que se pueden utilizar en las clases, en cursos y en la investigaci\u00f3n relacionada a grados acad\u00e9micos, incluyendo tecnolog\u00eda, plan de estudios, talleres para estudiantes, formaci\u00f3n docente y certificaci\u00f3n con materiales de preparaci\u00f3n Oracle.<\/p><p>En caso de requerir asesor\u00eda adicional, por favor comunicarse con la Oficina de Syri-Operaciones, Tel\u00e9fono: (602) +57 5552334 Extensi\u00f3n: 4417.\u00a0O ingrese su inquietud al\u00a0<a href=\"http:\/\/www.icesi.edu.co\/solicitud_servicios\/\">Sistema de gesti\u00f3n de servicios (SGS)<\/a>\u00a0.<\/p>\t\t\t\t\t\t\t\t<\/div>\n\t\t\t\t<\/div>\n\t\t\t\t\t<\/div>\n\t\t\t\t<\/div>\n\t\t\t\t<\/div>\n\t\t","protected":false},"excerpt":{"rendered":"<p>Gracias a que nuestra universidad hace parte de la comunidad Oracle Academy y con el fin de apoyar el aprendizaje cont\u00ednuo de las ciencias de la computaci\u00f3n en todos los niveles, Oracle pone a disposici\u00f3n de los profesores y estudiantes de la Unversidad Icesi, una variedad de recursos que se pueden utilizar en las clases, [&hellip;]<\/p>\n","protected":false},"author":1,"featured_media":0,"parent":0,"menu_order":0,"comment_status":"closed","ping_status":"closed","template":"","meta":{"footnotes":""},"class_list":["post-5609","page","type-page","status-publish","hentry"],"yoast_head":"<!-- This site is optimized with the Yoast SEO plugin v26.6 - https:\/\/yoast.com\/wordpress\/plugins\/seo\/ -->\n<title>Convenios Oracle Academy - Servicios<\/title>\n<meta name=\"robots\" content=\"index, follow, max-snippet:-1, max-image-preview:large, max-video-preview:-1\" \/>\n<link rel=\"canonical\" href=\"https:\/\/www.icesi.edu.co\/servicios\/convenios-oracle-academy\/\" \/>\n<meta property=\"og:locale\" content=\"es_ES\" \/>\n<meta property=\"og:type\" content=\"article\" \/>\n<meta property=\"og:title\" content=\"Convenios Oracle Academy - Servicios\" \/>\n<meta property=\"og:description\" content=\"Gracias a que nuestra universidad hace parte de la comunidad Oracle Academy y con el fin de apoyar el aprendizaje cont\u00ednuo de las ciencias de la computaci\u00f3n en todos los niveles, Oracle pone a disposici\u00f3n de los profesores y estudiantes de la Unversidad Icesi, una variedad de recursos que se pueden utilizar en las clases, [&hellip;]\" \/>\n<meta property=\"og:url\" content=\"https:\/\/www.icesi.edu.co\/servicios\/convenios-oracle-academy\/\" \/>\n<meta property=\"og:site_name\" content=\"Servicios\" \/>\n<meta property=\"article:modified_time\" content=\"2025-03-20T22:21:30+00:00\" \/>\n<meta property=\"og:image\" content=\"https:\/\/www.icesi.edu.co\/servicios\/wp-content\/uploads\/2025\/03\/Oracle_Curriculum_Partner.jpg\" \/>\n<meta name=\"twitter:card\" content=\"summary_large_image\" \/>\n<meta name=\"twitter:label1\" content=\"Tiempo de lectura\" \/>\n\t<meta name=\"twitter:data1\" content=\"1 minuto\" \/>\n<script type=\"application\/ld+json\" class=\"yoast-schema-graph\">{\"@context\":\"https:\/\/schema.org\",\"@graph\":[{\"@type\":\"WebPage\",\"@id\":\"https:\/\/www.icesi.edu.co\/servicios\/convenios-oracle-academy\/\",\"url\":\"https:\/\/www.icesi.edu.co\/servicios\/convenios-oracle-academy\/\",\"name\":\"Convenios Oracle Academy - Servicios\",\"isPartOf\":{\"@id\":\"https:\/\/www.icesi.edu.co\/servicios\/#website\"},\"primaryImageOfPage\":{\"@id\":\"https:\/\/www.icesi.edu.co\/servicios\/convenios-oracle-academy\/#primaryimage\"},\"image\":{\"@id\":\"https:\/\/www.icesi.edu.co\/servicios\/convenios-oracle-academy\/#primaryimage\"},\"thumbnailUrl\":\"https:\/\/www.icesi.edu.co\/servicios\/wp-content\/uploads\/2025\/03\/Oracle_Curriculum_Partner.jpg\",\"datePublished\":\"2024-11-28T20:22:41+00:00\",\"dateModified\":\"2025-03-20T22:21:30+00:00\",\"breadcrumb\":{\"@id\":\"https:\/\/www.icesi.edu.co\/servicios\/convenios-oracle-academy\/#breadcrumb\"},\"inLanguage\":\"es-CO\",\"potentialAction\":[{\"@type\":\"ReadAction\",\"target\":[\"https:\/\/www.icesi.edu.co\/servicios\/convenios-oracle-academy\/\"]}]},{\"@type\":\"ImageObject\",\"inLanguage\":\"es-CO\",\"@id\":\"https:\/\/www.icesi.edu.co\/servicios\/convenios-oracle-academy\/#primaryimage\",\"url\":\"https:\/\/www.icesi.edu.co\/servicios\/wp-content\/uploads\/2025\/03\/Oracle_Curriculum_Partner.jpg\",\"contentUrl\":\"https:\/\/www.icesi.edu.co\/servicios\/wp-content\/uploads\/2025\/03\/Oracle_Curriculum_Partner.jpg\",\"width\":800,\"height\":500},{\"@type\":\"BreadcrumbList\",\"@id\":\"https:\/\/www.icesi.edu.co\/servicios\/convenios-oracle-academy\/#breadcrumb\",\"itemListElement\":[{\"@type\":\"ListItem\",\"position\":1,\"name\":\"Inicio\",\"item\":\"https:\/\/www.icesi.edu.co\/servicios\/\"},{\"@type\":\"ListItem\",\"position\":2,\"name\":\"Convenios Oracle Academy\"}]},{\"@type\":\"WebSite\",\"@id\":\"https:\/\/www.icesi.edu.co\/servicios\/#website\",\"url\":\"https:\/\/www.icesi.edu.co\/servicios\/\",\"name\":\"Servicios\",\"description\":\"Sitio de Servicios Universidad ICESI\",\"publisher\":{\"@id\":\"https:\/\/www.icesi.edu.co\/servicios\/#organization\"},\"potentialAction\":[{\"@type\":\"SearchAction\",\"target\":{\"@type\":\"EntryPoint\",\"urlTemplate\":\"https:\/\/www.icesi.edu.co\/servicios\/?s={search_term_string}\"},\"query-input\":{\"@type\":\"PropertyValueSpecification\",\"valueRequired\":true,\"valueName\":\"search_term_string\"}}],\"inLanguage\":\"es-CO\"},{\"@type\":\"Organization\",\"@id\":\"https:\/\/www.icesi.edu.co\/servicios\/#organization\",\"name\":\"Servicios\",\"url\":\"https:\/\/www.icesi.edu.co\/servicios\/\",\"logo\":{\"@type\":\"ImageObject\",\"inLanguage\":\"es-CO\",\"@id\":\"https:\/\/www.icesi.edu.co\/servicios\/#\/schema\/logo\/image\/\",\"url\":\"https:\/\/www.icesi.edu.co\/servicios\/wp-content\/uploads\/2024\/04\/LogoSitio.png\",\"contentUrl\":\"https:\/\/www.icesi.edu.co\/servicios\/wp-content\/uploads\/2024\/04\/LogoSitio.png\",\"width\":223,\"height\":54,\"caption\":\"Servicios\"},\"image\":{\"@id\":\"https:\/\/www.icesi.edu.co\/servicios\/#\/schema\/logo\/image\/\"}}]}<\/script>\n<!-- \/ Yoast SEO plugin. -->","yoast_head_json":{"title":"Convenios Oracle Academy - Servicios","robots":{"index":"index","follow":"follow","max-snippet":"max-snippet:-1","max-image-preview":"max-image-preview:large","max-video-preview":"max-video-preview:-1"},"canonical":"https:\/\/www.icesi.edu.co\/servicios\/convenios-oracle-academy\/","og_locale":"es_ES","og_type":"article","og_title":"Convenios Oracle Academy - Servicios","og_description":"Gracias a que nuestra universidad hace parte de la comunidad Oracle Academy y con el fin de apoyar el aprendizaje cont\u00ednuo de las ciencias de la computaci\u00f3n en todos los niveles, Oracle pone a disposici\u00f3n de los profesores y estudiantes de la Unversidad Icesi, una variedad de recursos que se pueden utilizar en las clases, [&hellip;]","og_url":"https:\/\/www.icesi.edu.co\/servicios\/convenios-oracle-academy\/","og_site_name":"Servicios","article_modified_time":"2025-03-20T22:21:30+00:00","og_image":[{"url":"https:\/\/www.icesi.edu.co\/servicios\/wp-content\/uploads\/2025\/03\/Oracle_Curriculum_Partner.jpg","type":"","width":"","height":""}],"twitter_card":"summary_large_image","twitter_misc":{"Tiempo de lectura":"1 minuto"},"schema":{"@context":"https:\/\/schema.org","@graph":[{"@type":"WebPage","@id":"https:\/\/www.icesi.edu.co\/servicios\/convenios-oracle-academy\/","url":"https:\/\/www.icesi.edu.co\/servicios\/convenios-oracle-academy\/","name":"Convenios Oracle Academy - Servicios","isPartOf":{"@id":"https:\/\/www.icesi.edu.co\/servicios\/#website"},"primaryImageOfPage":{"@id":"https:\/\/www.icesi.edu.co\/servicios\/convenios-oracle-academy\/#primaryimage"},"image":{"@id":"https:\/\/www.icesi.edu.co\/servicios\/convenios-oracle-academy\/#primaryimage"},"thumbnailUrl":"https:\/\/www.icesi.edu.co\/servicios\/wp-content\/uploads\/2025\/03\/Oracle_Curriculum_Partner.jpg","datePublished":"2024-11-28T20:22:41+00:00","dateModified":"2025-03-20T22:21:30+00:00","breadcrumb":{"@id":"https:\/\/www.icesi.edu.co\/servicios\/convenios-oracle-academy\/#breadcrumb"},"inLanguage":"es-CO","potentialAction":[{"@type":"ReadAction","target":["https:\/\/www.icesi.edu.co\/servicios\/convenios-oracle-academy\/"]}]},{"@type":"ImageObject","inLanguage":"es-CO","@id":"https:\/\/www.icesi.edu.co\/servicios\/convenios-oracle-academy\/#primaryimage","url":"https:\/\/www.icesi.edu.co\/servicios\/wp-content\/uploads\/2025\/03\/Oracle_Curriculum_Partner.jpg","contentUrl":"https:\/\/www.icesi.edu.co\/servicios\/wp-content\/uploads\/2025\/03\/Oracle_Curriculum_Partner.jpg","width":800,"height":500},{"@type":"BreadcrumbList","@id":"https:\/\/www.icesi.edu.co\/servicios\/convenios-oracle-academy\/#breadcrumb","itemListElement":[{"@type":"ListItem","position":1,"name":"Inicio","item":"https:\/\/www.icesi.edu.co\/servicios\/"},{"@type":"ListItem","position":2,"name":"Convenios Oracle Academy"}]},{"@type":"WebSite","@id":"https:\/\/www.icesi.edu.co\/servicios\/#website","url":"https:\/\/www.icesi.edu.co\/servicios\/","name":"Servicios","description":"Sitio de Servicios Universidad ICESI","publisher":{"@id":"https:\/\/www.icesi.edu.co\/servicios\/#organization"},"potentialAction":[{"@type":"SearchAction","target":{"@type":"EntryPoint","urlTemplate":"https:\/\/www.icesi.edu.co\/servicios\/?s={search_term_string}"},"query-input":{"@type":"PropertyValueSpecification","valueRequired":true,"valueName":"search_term_string"}}],"inLanguage":"es-CO"},{"@type":"Organization","@id":"https:\/\/www.icesi.edu.co\/servicios\/#organization","name":"Servicios","url":"https:\/\/www.icesi.edu.co\/servicios\/","logo":{"@type":"ImageObject","inLanguage":"es-CO","@id":"https:\/\/www.icesi.edu.co\/servicios\/#\/schema\/logo\/image\/","url":"https:\/\/www.icesi.edu.co\/servicios\/wp-content\/uploads\/2024\/04\/LogoSitio.png","contentUrl":"https:\/\/www.icesi.edu.co\/servicios\/wp-content\/uploads\/2024\/04\/LogoSitio.png","width":223,"height":54,"caption":"Servicios"},"image":{"@id":"https:\/\/www.icesi.edu.co\/servicios\/#\/schema\/logo\/image\/"}}]}},"_links":{"self":[{"href":"https:\/\/www.icesi.edu.co\/servicios\/wp-json\/wp\/v2\/pages\/5609","targetHints":{"allow":["GET"]}}],"collection":[{"href":"https:\/\/www.icesi.edu.co\/servicios\/wp-json\/wp\/v2\/pages"}],"about":[{"href":"https:\/\/www.icesi.edu.co\/servicios\/wp-json\/wp\/v2\/types\/page"}],"author":[{"embeddable":true,"href":"https:\/\/www.icesi.edu.co\/servicios\/wp-json\/wp\/v2\/users\/1"}],"replies":[{"embeddable":true,"href":"https:\/\/www.icesi.edu.co\/servicios\/wp-json\/wp\/v2\/comments?post=5609"}],"version-history":[{"count":5,"href":"https:\/\/www.icesi.edu.co\/servicios\/wp-json\/wp\/v2\/pages\/5609\/revisions"}],"predecessor-version":[{"id":6287,"href":"https:\/\/www.icesi.edu.co\/servicios\/wp-json\/wp\/v2\/pages\/5609\/revisions\/6287"}],"wp:attachment":[{"href":"https:\/\/www.icesi.edu.co\/servicios\/wp-json\/wp\/v2\/media?parent=5609"}],"curies":[{"name":"wp","href":"https:\/\/api.w.org\/{rel}","templated":true}]}}