{"id":5613,"date":"2024-11-28T15:25:45","date_gmt":"2024-11-28T20:25:45","guid":{"rendered":"https:\/\/www.icesi.edu.co\/servicios\/?page_id=5613"},"modified":"2025-03-27T15:13:52","modified_gmt":"2025-03-27T20:13:52","slug":"convenios-solidworks","status":"publish","type":"page","link":"https:\/\/www.icesi.edu.co\/servicios\/convenios-solidworks\/","title":{"rendered":"Convenios SolidWorks"},"content":{"rendered":"\t\t<div data-elementor-type=\"wp-page\" data-elementor-id=\"5613\" class=\"elementor elementor-5613\">\n\t\t\t\t<div class=\"elementor-element elementor-element-efa8653 e-flex e-con-boxed e-con e-parent\" data-id=\"efa8653\" data-element_type=\"container\">\n\t\t\t\t\t<div class=\"e-con-inner\">\n\t\t\t\t<div class=\"elementor-element elementor-element-d81a790 elementor-widget elementor-widget-text-editor\" data-id=\"d81a790\" data-element_type=\"widget\" data-widget_type=\"text-editor.default\">\n\t\t\t\t<div class=\"elementor-widget-container\">\n\t\t\t\t\t\t\t\t\t<p>La Universidad en pro de ofrecer los mejores beneficios que permitan el desarrollo de la comunidad, ha dispuesto para los estudiantes de Dise\u00f1o de Medios Interactivos y Dise\u00f1o Industrial, una plataforma remota para acceder al software Solidworks desde cualquier equipo durante las 24 horas del d\u00eda; de esta forma podr\u00e1 llevar a cabo sus actividades acad\u00e9micas sin inconvenientes.<\/p>\n<p><strong>Para conocer como acceder al software, cada estudiante debe cumplir con los siguientes requisitos:<\/strong><\/p>\n<ol>\n<li>Ser estudiante de un programa de Pregrado de la Facultad de Ingenier\u00eda, Dise\u00f1o y Ciencias Aplicadas.<\/li>\n<li>Contar con un equipo de c\u00f3mputo Windows a 64 bits (por favor tenga en cuenta los\u00a0<a href=\"http:\/\/www.solidworks.es\/sw\/support\/SystemRequirements.html\">requerimientos m\u00ednimos de hardware<\/a>\u00a0antes de solicitar el beneficio).<\/li>\n<li>\n<p>Para acceder al licenciamiento debe reportar un caso en el \u00a0<a href=\"https:\/\/www.icesi.edu.co\/solicitud_servicios\/\">Sistema de gesti\u00f3n de servicios (SGS)<\/a>\u00a0 con la siguiente informaci\u00f3n:<\/p>\n<ul>\n<li>Nombre completo:<\/li>\n<li>Documento de identidad:<\/li>\n<li>No. de contacto:<\/li>\n<li>Programa que est\u00e1 cursando:<\/li>\n<li>Semestre<\/li>\n<li>Correo electr\u00f3nico institucional (@icesi.edu.co \u00f3 @u.icesi.edu.co):<\/li>\n<li>Correo electr\u00f3nico personal<\/li>\n<\/ul>\n<\/li>\n<\/ol>\n<p>Por medio del correo electr\u00f3nico institucional realizaremos el env\u00edo de las instrucciones e informaci\u00f3n necesaria para que pueda acceder a la descarga del software.<\/p>\n<p>Toda la informaci\u00f3n suministrada estar\u00e1 sujeta a verificaci\u00f3n.<\/p>\n<p><strong>Enlaces de inter\u00e9s:<\/strong><\/p>\n<ul>\n<li><a href=\"http:\/\/my.solidworks.com\/?scid=swexpress_042014_mysw\">Portal de usuarios SolidWorks<\/a><\/li>\n<li><a href=\"http:\/\/www.aron.com.co\/tip_solidworks.html\">Tips de un minuto SolidWorks<\/a><\/li>\n<li><a href=\"http:\/\/www.aron.com.co\/tip_edgecam.html\">Tips de un minuto EdgeCAM<\/a><\/li>\n<\/ul>\n<p><strong>Importante<\/strong><\/p>\n<p><strong>Por favor tenga en cuenta que no estamos autorizados\u00a0a dar\u00a0soporte a equipos que no hagan parte de la dotaci\u00f3n asignada por la Universidad.<\/strong><\/p>\n<p>En caso de requerir asesor\u00eda adicional, por favor comunicarse con la Oficina de Compras de TI.<\/p>\n<p>Oficina de Syri-Operaciones, Tel\u00e9fono: (602) +57 555 23 34 Extensi\u00f3n: 4232 o ingresa la solicitud al\u00a0\u00a0<a href=\"https:\/\/www.icesi.edu.co\/solicitud_servicios\/\">Sistema de gesti\u00f3n de servicios (SGS<\/a>).<\/p>\t\t\t\t\t\t\t\t<\/div>\n\t\t\t\t<\/div>\n\t\t\t\t\t<\/div>\n\t\t\t\t<\/div>\n\t\t<div class=\"elementor-element elementor-element-6d025b5 e-flex e-con-boxed e-con e-parent\" data-id=\"6d025b5\" data-element_type=\"container\">\n\t\t\t\t\t<div class=\"e-con-inner\">\n\t\t\t\t<div class=\"elementor-element elementor-element-c6568df elementor-icon-list--layout-traditional elementor-list-item-link-full_width elementor-widget elementor-widget-icon-list\" data-id=\"c6568df\" data-element_type=\"widget\" data-widget_type=\"icon-list.default\">\n\t\t\t\t<div class=\"elementor-widget-container\">\n\t\t\t\t\t\t\t<ul class=\"elementor-icon-list-items\">\n\t\t\t\t\t\t\t<li class=\"elementor-icon-list-item\">\n\t\t\t\t\t\t\t\t\t\t\t<span class=\"elementor-icon-list-icon\">\n\t\t\t\t\t\t\t<svg aria-hidden=\"true\" class=\"e-font-icon-svg e-fas-map-marker-alt\" viewBox=\"0 0 384 512\" xmlns=\"http:\/\/www.w3.org\/2000\/svg\"><path d=\"M172.268 501.67C26.97 291.031 0 269.413 0 192 0 85.961 85.961 0 192 0s192 85.961 192 192c0 77.413-26.97 99.031-172.268 309.67-9.535 13.774-29.93 13.773-39.464 0zM192 272c44.183 0 80-35.817 80-80s-35.817-80-80-80-80 35.817-80 80 35.817 80 80 80z\"><\/path><\/svg>\t\t\t\t\t\t<\/span>\n\t\t\t\t\t\t\t\t\t\t<span class=\"elementor-icon-list-text\">Universidad Icesi, Oficina Syri-Operaciones, Edificio C, primer piso.<\/span>\n\t\t\t\t\t\t\t\t\t<\/li>\n\t\t\t\t\t\t\t\t<li class=\"elementor-icon-list-item\">\n\t\t\t\t\t\t\t\t\t\t\t<span class=\"elementor-icon-list-icon\">\n\t\t\t\t\t\t\t<svg aria-hidden=\"true\" class=\"e-font-icon-svg e-fas-envelope-open\" viewBox=\"0 0 512 512\" xmlns=\"http:\/\/www.w3.org\/2000\/svg\"><path d=\"M512 464c0 26.51-21.49 48-48 48H48c-26.51 0-48-21.49-48-48V200.724a48 48 0 0 1 18.387-37.776c24.913-19.529 45.501-35.365 164.2-121.511C199.412 29.17 232.797-.347 256 .003c23.198-.354 56.596 29.172 73.413 41.433 118.687 86.137 139.303 101.995 164.2 121.512A48 48 0 0 1 512 200.724V464zm-65.666-196.605c-2.563-3.728-7.7-4.595-11.339-1.907-22.845 16.873-55.462 40.705-105.582 77.079-16.825 12.266-50.21 41.781-73.413 41.43-23.211.344-56.559-29.143-73.413-41.43-50.114-36.37-82.734-60.204-105.582-77.079-3.639-2.688-8.776-1.821-11.339 1.907l-9.072 13.196a7.998 7.998 0 0 0 1.839 10.967c22.887 16.899 55.454 40.69 105.303 76.868 20.274 14.781 56.524 47.813 92.264 47.573 35.724.242 71.961-32.771 92.263-47.573 49.85-36.179 82.418-59.97 105.303-76.868a7.998 7.998 0 0 0 1.839-10.967l-9.071-13.196z\"><\/path><\/svg>\t\t\t\t\t\t<\/span>\n\t\t\t\t\t\t\t\t\t\t<span class=\"elementor-icon-list-text\">servicios-icesi@listas.icesi.edu.co<\/span>\n\t\t\t\t\t\t\t\t\t<\/li>\n\t\t\t\t\t\t\t\t<li class=\"elementor-icon-list-item\">\n\t\t\t\t\t\t\t\t\t\t\t<a href=\"https:\/\/www.icesi.edu.co\/solicitud_servicios\/\">\n\n\t\t\t\t\t\t\t\t\t\t\t\t<span class=\"elementor-icon-list-icon\">\n\t\t\t\t\t\t\t<svg aria-hidden=\"true\" class=\"e-font-icon-svg e-fab-slack-hash\" viewBox=\"0 0 448 512\" xmlns=\"http:\/\/www.w3.org\/2000\/svg\"><path d=\"M446.2 270.4c-6.2-19-26.9-29.1-46-22.9l-45.4 15.1-30.3-90 45.4-15.1c19.1-6.2 29.1-26.8 23-45.9-6.2-19-26.9-29.1-46-22.9l-45.4 15.1-15.7-47c-6.2-19-26.9-29.1-46-22.9-19.1 6.2-29.1 26.8-23 45.9l15.7 47-93.4 31.2-15.7-47c-6.2-19-26.9-29.1-46-22.9-19.1 6.2-29.1 26.8-23 45.9l15.7 47-45.3 15c-19.1 6.2-29.1 26.8-23 45.9 5 14.5 19.1 24 33.6 24.6 6.8 1 12-1.6 57.7-16.8l30.3 90L78 354.8c-19 6.2-29.1 26.9-23 45.9 5 14.5 19.1 24 33.6 24.6 6.8 1 12-1.6 57.7-16.8l15.7 47c5.9 16.9 24.7 29 46 22.9 19.1-6.2 29.1-26.8 23-45.9l-15.7-47 93.6-31.3 15.7 47c5.9 16.9 24.7 29 46 22.9 19.1-6.2 29.1-26.8 23-45.9l-15.7-47 45.4-15.1c19-6 29.1-26.7 22.9-45.7zm-254.1 47.2l-30.3-90.2 93.5-31.3 30.3 90.2-93.5 31.3z\"><\/path><\/svg>\t\t\t\t\t\t<\/span>\n\t\t\t\t\t\t\t\t\t\t<span class=\"elementor-icon-list-text\">Reportar caso en SGS<\/span>\n\t\t\t\t\t\t\t\t\t\t\t<\/a>\n\t\t\t\t\t\t\t\t\t<\/li>\n\t\t\t\t\t\t<\/ul>\n\t\t\t\t\t\t<\/div>\n\t\t\t\t<\/div>\n\t\t\t\t\t<\/div>\n\t\t\t\t<\/div>\n\t\t\t\t<\/div>\n\t\t","protected":false},"excerpt":{"rendered":"<p>La Universidad en pro de ofrecer los mejores beneficios que permitan el desarrollo de la comunidad, ha dispuesto para los estudiantes de Dise\u00f1o de Medios Interactivos y Dise\u00f1o Industrial, una plataforma remota para acceder al software Solidworks desde cualquier equipo durante las 24 horas del d\u00eda; de esta forma podr\u00e1 llevar a cabo sus actividades [&hellip;]<\/p>\n","protected":false},"author":1,"featured_media":0,"parent":0,"menu_order":0,"comment_status":"closed","ping_status":"closed","template":"","meta":{"footnotes":""},"class_list":["post-5613","page","type-page","status-publish","hentry"],"yoast_head":"<!-- This site is optimized with the Yoast SEO plugin v26.6 - https:\/\/yoast.com\/wordpress\/plugins\/seo\/ -->\n<title>Convenios SolidWorks - Servicios<\/title>\n<meta name=\"robots\" content=\"index, follow, max-snippet:-1, max-image-preview:large, max-video-preview:-1\" \/>\n<link rel=\"canonical\" href=\"https:\/\/www.icesi.edu.co\/servicios\/convenios-solidworks\/\" \/>\n<meta property=\"og:locale\" content=\"es_ES\" \/>\n<meta property=\"og:type\" content=\"article\" \/>\n<meta property=\"og:title\" content=\"Convenios SolidWorks - Servicios\" \/>\n<meta property=\"og:description\" content=\"La Universidad en pro de ofrecer los mejores beneficios que permitan el desarrollo de la comunidad, ha dispuesto para los estudiantes de Dise\u00f1o de Medios Interactivos y Dise\u00f1o Industrial, una plataforma remota para acceder al software Solidworks desde cualquier equipo durante las 24 horas del d\u00eda; de esta forma podr\u00e1 llevar a cabo sus actividades [&hellip;]\" \/>\n<meta property=\"og:url\" content=\"https:\/\/www.icesi.edu.co\/servicios\/convenios-solidworks\/\" \/>\n<meta property=\"og:site_name\" content=\"Servicios\" \/>\n<meta property=\"article:modified_time\" content=\"2025-03-27T20:13:52+00:00\" \/>\n<meta name=\"twitter:card\" content=\"summary_large_image\" \/>\n<meta name=\"twitter:label1\" content=\"Tiempo de lectura\" \/>\n\t<meta name=\"twitter:data1\" content=\"2 minutos\" \/>\n<script type=\"application\/ld+json\" class=\"yoast-schema-graph\">{\"@context\":\"https:\/\/schema.org\",\"@graph\":[{\"@type\":\"WebPage\",\"@id\":\"https:\/\/www.icesi.edu.co\/servicios\/convenios-solidworks\/\",\"url\":\"https:\/\/www.icesi.edu.co\/servicios\/convenios-solidworks\/\",\"name\":\"Convenios SolidWorks - Servicios\",\"isPartOf\":{\"@id\":\"https:\/\/www.icesi.edu.co\/servicios\/#website\"},\"datePublished\":\"2024-11-28T20:25:45+00:00\",\"dateModified\":\"2025-03-27T20:13:52+00:00\",\"breadcrumb\":{\"@id\":\"https:\/\/www.icesi.edu.co\/servicios\/convenios-solidworks\/#breadcrumb\"},\"inLanguage\":\"es-CO\",\"potentialAction\":[{\"@type\":\"ReadAction\",\"target\":[\"https:\/\/www.icesi.edu.co\/servicios\/convenios-solidworks\/\"]}]},{\"@type\":\"BreadcrumbList\",\"@id\":\"https:\/\/www.icesi.edu.co\/servicios\/convenios-solidworks\/#breadcrumb\",\"itemListElement\":[{\"@type\":\"ListItem\",\"position\":1,\"name\":\"Inicio\",\"item\":\"https:\/\/www.icesi.edu.co\/servicios\/\"},{\"@type\":\"ListItem\",\"position\":2,\"name\":\"Convenios SolidWorks\"}]},{\"@type\":\"WebSite\",\"@id\":\"https:\/\/www.icesi.edu.co\/servicios\/#website\",\"url\":\"https:\/\/www.icesi.edu.co\/servicios\/\",\"name\":\"Servicios\",\"description\":\"Sitio de Servicios Universidad ICESI\",\"publisher\":{\"@id\":\"https:\/\/www.icesi.edu.co\/servicios\/#organization\"},\"potentialAction\":[{\"@type\":\"SearchAction\",\"target\":{\"@type\":\"EntryPoint\",\"urlTemplate\":\"https:\/\/www.icesi.edu.co\/servicios\/?s={search_term_string}\"},\"query-input\":{\"@type\":\"PropertyValueSpecification\",\"valueRequired\":true,\"valueName\":\"search_term_string\"}}],\"inLanguage\":\"es-CO\"},{\"@type\":\"Organization\",\"@id\":\"https:\/\/www.icesi.edu.co\/servicios\/#organization\",\"name\":\"Servicios\",\"url\":\"https:\/\/www.icesi.edu.co\/servicios\/\",\"logo\":{\"@type\":\"ImageObject\",\"inLanguage\":\"es-CO\",\"@id\":\"https:\/\/www.icesi.edu.co\/servicios\/#\/schema\/logo\/image\/\",\"url\":\"https:\/\/www.icesi.edu.co\/servicios\/wp-content\/uploads\/2024\/04\/LogoSitio.png\",\"contentUrl\":\"https:\/\/www.icesi.edu.co\/servicios\/wp-content\/uploads\/2024\/04\/LogoSitio.png\",\"width\":223,\"height\":54,\"caption\":\"Servicios\"},\"image\":{\"@id\":\"https:\/\/www.icesi.edu.co\/servicios\/#\/schema\/logo\/image\/\"}}]}<\/script>\n<!-- \/ Yoast SEO plugin. -->","yoast_head_json":{"title":"Convenios SolidWorks - Servicios","robots":{"index":"index","follow":"follow","max-snippet":"max-snippet:-1","max-image-preview":"max-image-preview:large","max-video-preview":"max-video-preview:-1"},"canonical":"https:\/\/www.icesi.edu.co\/servicios\/convenios-solidworks\/","og_locale":"es_ES","og_type":"article","og_title":"Convenios SolidWorks - Servicios","og_description":"La Universidad en pro de ofrecer los mejores beneficios que permitan el desarrollo de la comunidad, ha dispuesto para los estudiantes de Dise\u00f1o de Medios Interactivos y Dise\u00f1o Industrial, una plataforma remota para acceder al software Solidworks desde cualquier equipo durante las 24 horas del d\u00eda; de esta forma podr\u00e1 llevar a cabo sus actividades [&hellip;]","og_url":"https:\/\/www.icesi.edu.co\/servicios\/convenios-solidworks\/","og_site_name":"Servicios","article_modified_time":"2025-03-27T20:13:52+00:00","twitter_card":"summary_large_image","twitter_misc":{"Tiempo de lectura":"2 minutos"},"schema":{"@context":"https:\/\/schema.org","@graph":[{"@type":"WebPage","@id":"https:\/\/www.icesi.edu.co\/servicios\/convenios-solidworks\/","url":"https:\/\/www.icesi.edu.co\/servicios\/convenios-solidworks\/","name":"Convenios SolidWorks - Servicios","isPartOf":{"@id":"https:\/\/www.icesi.edu.co\/servicios\/#website"},"datePublished":"2024-11-28T20:25:45+00:00","dateModified":"2025-03-27T20:13:52+00:00","breadcrumb":{"@id":"https:\/\/www.icesi.edu.co\/servicios\/convenios-solidworks\/#breadcrumb"},"inLanguage":"es-CO","potentialAction":[{"@type":"ReadAction","target":["https:\/\/www.icesi.edu.co\/servicios\/convenios-solidworks\/"]}]},{"@type":"BreadcrumbList","@id":"https:\/\/www.icesi.edu.co\/servicios\/convenios-solidworks\/#breadcrumb","itemListElement":[{"@type":"ListItem","position":1,"name":"Inicio","item":"https:\/\/www.icesi.edu.co\/servicios\/"},{"@type":"ListItem","position":2,"name":"Convenios SolidWorks"}]},{"@type":"WebSite","@id":"https:\/\/www.icesi.edu.co\/servicios\/#website","url":"https:\/\/www.icesi.edu.co\/servicios\/","name":"Servicios","description":"Sitio de Servicios Universidad ICESI","publisher":{"@id":"https:\/\/www.icesi.edu.co\/servicios\/#organization"},"potentialAction":[{"@type":"SearchAction","target":{"@type":"EntryPoint","urlTemplate":"https:\/\/www.icesi.edu.co\/servicios\/?s={search_term_string}"},"query-input":{"@type":"PropertyValueSpecification","valueRequired":true,"valueName":"search_term_string"}}],"inLanguage":"es-CO"},{"@type":"Organization","@id":"https:\/\/www.icesi.edu.co\/servicios\/#organization","name":"Servicios","url":"https:\/\/www.icesi.edu.co\/servicios\/","logo":{"@type":"ImageObject","inLanguage":"es-CO","@id":"https:\/\/www.icesi.edu.co\/servicios\/#\/schema\/logo\/image\/","url":"https:\/\/www.icesi.edu.co\/servicios\/wp-content\/uploads\/2024\/04\/LogoSitio.png","contentUrl":"https:\/\/www.icesi.edu.co\/servicios\/wp-content\/uploads\/2024\/04\/LogoSitio.png","width":223,"height":54,"caption":"Servicios"},"image":{"@id":"https:\/\/www.icesi.edu.co\/servicios\/#\/schema\/logo\/image\/"}}]}},"_links":{"self":[{"href":"https:\/\/www.icesi.edu.co\/servicios\/wp-json\/wp\/v2\/pages\/5613","targetHints":{"allow":["GET"]}}],"collection":[{"href":"https:\/\/www.icesi.edu.co\/servicios\/wp-json\/wp\/v2\/pages"}],"about":[{"href":"https:\/\/www.icesi.edu.co\/servicios\/wp-json\/wp\/v2\/types\/page"}],"author":[{"embeddable":true,"href":"https:\/\/www.icesi.edu.co\/servicios\/wp-json\/wp\/v2\/users\/1"}],"replies":[{"embeddable":true,"href":"https:\/\/www.icesi.edu.co\/servicios\/wp-json\/wp\/v2\/comments?post=5613"}],"version-history":[{"count":13,"href":"https:\/\/www.icesi.edu.co\/servicios\/wp-json\/wp\/v2\/pages\/5613\/revisions"}],"predecessor-version":[{"id":6349,"href":"https:\/\/www.icesi.edu.co\/servicios\/wp-json\/wp\/v2\/pages\/5613\/revisions\/6349"}],"wp:attachment":[{"href":"https:\/\/www.icesi.edu.co\/servicios\/wp-json\/wp\/v2\/media?parent=5613"}],"curies":[{"name":"wp","href":"https:\/\/api.w.org\/{rel}","templated":true}]}}