{"id":5620,"date":"2024-11-28T16:54:12","date_gmt":"2024-11-28T21:54:12","guid":{"rendered":"https:\/\/www.icesi.edu.co\/servicios\/?page_id=5620"},"modified":"2024-11-28T16:55:26","modified_gmt":"2024-11-28T21:55:26","slug":"servicios-convenios-sophos","status":"publish","type":"page","link":"https:\/\/www.icesi.edu.co\/servicios\/servicios-convenios-sophos\/","title":{"rendered":"Convenio Sophos Antivirus"},"content":{"rendered":"\n<p>Nos complace informar a toda la comunidad universitaria Icesi, sobre nuestra reciente alianza estrat\u00e9gica con Sophos, que trae consigo un valioso beneficio para estudiantes de pregrado y posgrado, profesores y colaboradores: \u00a1Sophos Antivirus de forma completamente gratuita!<\/p>\n\n\n\n<p>Si eres estudiante de pregrado o posgrado, profesor o colaborador de la Universidad Icesi, tienes la oportunidad de aprovechar este software sin costo alguno. Podr\u00e1s instalar Sophos en hasta 10 dispositivos personales (Computadores de escritorio y port\u00e1tiles), simplemente utilizando tu cuenta de correo institucional, ya sea con la extensi\u00f3n @icesi.edu.co o @u.icesi.edu.co.<\/p>\n\n\n\n<p>Esta alianza representa un compromiso con la seguridad y bienestar de nuestra comunidad, brind\u00e1ndote acceso a una herramienta esencial para proteger tus dispositivos y datos. Esperamos que esta colaboraci\u00f3n con Sophos sea de gran utilidad para todos nuestros miembros, y te invitamos a beneficiarte de esta oferta exclusiva. Si deseas obtener m\u00e1s detalles sobre c\u00f3mo acceder a Sophos Antivirus de forma gratuita, no dudes en contactarnos. \u00a1Estamos aqu\u00ed para ayudarte!<\/p>\n\n\n<div class=\"wp-block-image\">\n<figure class=\"aligncenter size-large is-resized\"><img decoding=\"async\" src=\"https:\/\/www.icesi.edu.co\/servicios\/wp-content\/uploads\/2023\/10\/Sophos-1024x507.png\" alt=\"\" class=\"wp-image-6674\" width=\"252\" height=\"124\"\/><\/figure>\n<\/div>\n\n\n<p><strong>Para acceder al beneficio debes seguir los pasos descritos a continuaci\u00f3n:<\/strong><\/p>\n\n\n\n<ol class=\"wp-block-list\" type=\"1\">\n<li><strong>Para acceder al licenciamiento se debe reportar un caso en el &nbsp;<\/strong><a href=\"https:\/\/www.icesi.edu.co\/solicitud_servicios\/\" title=\"\">Sistema de gesti\u00f3n de servicios \u2013 SGS&nbsp;<\/a><strong>&nbsp;con la siguiente informaci\u00f3n:<\/strong><\/li>\n<\/ol>\n\n\n\n<ul class=\"wp-block-list\">\n<li>Nombre completo:<\/li>\n\n\n\n<li>Documento de identidad:<\/li>\n\n\n\n<li>No. de contacto:<\/li>\n\n\n\n<li>Correo electr\u00f3nico institucional (@icesi.edu.co \u00f3 @u.icesi.edu.co):<\/li>\n\n\n\n<li>Correo electr\u00f3nico personal:<\/li>\n<\/ul>\n\n\n\n<p>Por medio del correo electr\u00f3nico institucional realizaremos el env\u00edo de las instrucciones e informaci\u00f3n necesaria para que puedas acceder a la descarga del software.<\/p>\n\n\n\n<p>Toda la informaci\u00f3n suministrada estar\u00e1 sujeta a verificaci\u00f3n.<\/p>\n\n\n\n<p><strong>Debes tener en cuenta, que no estamos autorizados&nbsp;para dar&nbsp;soporte a equipos que no hagan parte de la dotaci\u00f3n asignada por la Universidad, \u201cIMPORTANTE\u201d Las licencias son exclusivamente de uso personal &nbsp;y no comercial.<\/strong><\/p>\n\n\n\n<p>Las respuestas a los requerimientos tienen un plazo m\u00e1ximo de 32 horas h\u00e1biles a partir del reporte de la solicitud en el&nbsp;<a href=\"https:\/\/www.icesi.edu.co\/solicitud_servicios\/\" title=\"\">Sistema de gesti\u00f3n de servicios \u2013 SGS<\/a>.&nbsp; Debes tener en cuenta&nbsp;que el acceso a la licencia puede tomar de 8 a 15 d\u00edas h\u00e1biles en ser otorgada.<\/p>\n","protected":false},"excerpt":{"rendered":"<p>Nos complace informar a toda la comunidad universitaria Icesi, sobre nuestra reciente alianza estrat\u00e9gica con Sophos, que trae consigo un valioso beneficio para estudiantes de pregrado y posgrado, profesores y colaboradores: \u00a1Sophos Antivirus de forma completamente gratuita! Si eres estudiante de pregrado o posgrado, profesor o colaborador de la Universidad Icesi, tienes la oportunidad de [&hellip;]<\/p>\n","protected":false},"author":1,"featured_media":0,"parent":0,"menu_order":0,"comment_status":"closed","ping_status":"closed","template":"","meta":{"footnotes":""},"class_list":["post-5620","page","type-page","status-publish","hentry"],"yoast_head":"<!-- This site is optimized with the Yoast SEO plugin v26.6 - https:\/\/yoast.com\/wordpress\/plugins\/seo\/ -->\n<title>Convenio Sophos Antivirus - Servicios<\/title>\n<meta name=\"robots\" content=\"index, follow, max-snippet:-1, max-image-preview:large, max-video-preview:-1\" \/>\n<link rel=\"canonical\" href=\"https:\/\/www.icesi.edu.co\/servicios\/servicios-convenios-sophos\/\" \/>\n<meta property=\"og:locale\" content=\"es_ES\" \/>\n<meta property=\"og:type\" content=\"article\" \/>\n<meta property=\"og:title\" content=\"Convenio Sophos Antivirus - Servicios\" \/>\n<meta property=\"og:description\" content=\"Nos complace informar a toda la comunidad universitaria Icesi, sobre nuestra reciente alianza estrat\u00e9gica con Sophos, que trae consigo un valioso beneficio para estudiantes de pregrado y posgrado, profesores y colaboradores: \u00a1Sophos Antivirus de forma completamente gratuita! Si eres estudiante de pregrado o posgrado, profesor o colaborador de la Universidad Icesi, tienes la oportunidad de [&hellip;]\" \/>\n<meta property=\"og:url\" content=\"https:\/\/www.icesi.edu.co\/servicios\/servicios-convenios-sophos\/\" \/>\n<meta property=\"og:site_name\" content=\"Servicios\" \/>\n<meta property=\"article:modified_time\" content=\"2024-11-28T21:55:26+00:00\" \/>\n<meta property=\"og:image\" content=\"https:\/\/www.icesi.edu.co\/servicios\/wp-content\/uploads\/2023\/10\/Sophos-1024x507.png\" \/>\n<meta name=\"twitter:card\" content=\"summary_large_image\" \/>\n<meta name=\"twitter:label1\" content=\"Tiempo de lectura\" \/>\n\t<meta name=\"twitter:data1\" content=\"2 minutos\" \/>\n<script type=\"application\/ld+json\" class=\"yoast-schema-graph\">{\"@context\":\"https:\/\/schema.org\",\"@graph\":[{\"@type\":\"WebPage\",\"@id\":\"https:\/\/www.icesi.edu.co\/servicios\/servicios-convenios-sophos\/\",\"url\":\"https:\/\/www.icesi.edu.co\/servicios\/servicios-convenios-sophos\/\",\"name\":\"Convenio Sophos Antivirus - Servicios\",\"isPartOf\":{\"@id\":\"https:\/\/www.icesi.edu.co\/servicios\/#website\"},\"primaryImageOfPage\":{\"@id\":\"https:\/\/www.icesi.edu.co\/servicios\/servicios-convenios-sophos\/#primaryimage\"},\"image\":{\"@id\":\"https:\/\/www.icesi.edu.co\/servicios\/servicios-convenios-sophos\/#primaryimage\"},\"thumbnailUrl\":\"https:\/\/www.icesi.edu.co\/servicios\/wp-content\/uploads\/2023\/10\/Sophos-1024x507.png\",\"datePublished\":\"2024-11-28T21:54:12+00:00\",\"dateModified\":\"2024-11-28T21:55:26+00:00\",\"breadcrumb\":{\"@id\":\"https:\/\/www.icesi.edu.co\/servicios\/servicios-convenios-sophos\/#breadcrumb\"},\"inLanguage\":\"es-CO\",\"potentialAction\":[{\"@type\":\"ReadAction\",\"target\":[\"https:\/\/www.icesi.edu.co\/servicios\/servicios-convenios-sophos\/\"]}]},{\"@type\":\"ImageObject\",\"inLanguage\":\"es-CO\",\"@id\":\"https:\/\/www.icesi.edu.co\/servicios\/servicios-convenios-sophos\/#primaryimage\",\"url\":\"https:\/\/www.icesi.edu.co\/servicios\/wp-content\/uploads\/2023\/10\/Sophos-1024x507.png\",\"contentUrl\":\"https:\/\/www.icesi.edu.co\/servicios\/wp-content\/uploads\/2023\/10\/Sophos-1024x507.png\"},{\"@type\":\"BreadcrumbList\",\"@id\":\"https:\/\/www.icesi.edu.co\/servicios\/servicios-convenios-sophos\/#breadcrumb\",\"itemListElement\":[{\"@type\":\"ListItem\",\"position\":1,\"name\":\"Inicio\",\"item\":\"https:\/\/www.icesi.edu.co\/servicios\/\"},{\"@type\":\"ListItem\",\"position\":2,\"name\":\"Convenio Sophos Antivirus\"}]},{\"@type\":\"WebSite\",\"@id\":\"https:\/\/www.icesi.edu.co\/servicios\/#website\",\"url\":\"https:\/\/www.icesi.edu.co\/servicios\/\",\"name\":\"Servicios\",\"description\":\"Sitio de Servicios Universidad ICESI\",\"publisher\":{\"@id\":\"https:\/\/www.icesi.edu.co\/servicios\/#organization\"},\"potentialAction\":[{\"@type\":\"SearchAction\",\"target\":{\"@type\":\"EntryPoint\",\"urlTemplate\":\"https:\/\/www.icesi.edu.co\/servicios\/?s={search_term_string}\"},\"query-input\":{\"@type\":\"PropertyValueSpecification\",\"valueRequired\":true,\"valueName\":\"search_term_string\"}}],\"inLanguage\":\"es-CO\"},{\"@type\":\"Organization\",\"@id\":\"https:\/\/www.icesi.edu.co\/servicios\/#organization\",\"name\":\"Servicios\",\"url\":\"https:\/\/www.icesi.edu.co\/servicios\/\",\"logo\":{\"@type\":\"ImageObject\",\"inLanguage\":\"es-CO\",\"@id\":\"https:\/\/www.icesi.edu.co\/servicios\/#\/schema\/logo\/image\/\",\"url\":\"https:\/\/www.icesi.edu.co\/servicios\/wp-content\/uploads\/2024\/04\/LogoSitio.png\",\"contentUrl\":\"https:\/\/www.icesi.edu.co\/servicios\/wp-content\/uploads\/2024\/04\/LogoSitio.png\",\"width\":223,\"height\":54,\"caption\":\"Servicios\"},\"image\":{\"@id\":\"https:\/\/www.icesi.edu.co\/servicios\/#\/schema\/logo\/image\/\"}}]}<\/script>\n<!-- \/ Yoast SEO plugin. -->","yoast_head_json":{"title":"Convenio Sophos Antivirus - Servicios","robots":{"index":"index","follow":"follow","max-snippet":"max-snippet:-1","max-image-preview":"max-image-preview:large","max-video-preview":"max-video-preview:-1"},"canonical":"https:\/\/www.icesi.edu.co\/servicios\/servicios-convenios-sophos\/","og_locale":"es_ES","og_type":"article","og_title":"Convenio Sophos Antivirus - Servicios","og_description":"Nos complace informar a toda la comunidad universitaria Icesi, sobre nuestra reciente alianza estrat\u00e9gica con Sophos, que trae consigo un valioso beneficio para estudiantes de pregrado y posgrado, profesores y colaboradores: \u00a1Sophos Antivirus de forma completamente gratuita! Si eres estudiante de pregrado o posgrado, profesor o colaborador de la Universidad Icesi, tienes la oportunidad de [&hellip;]","og_url":"https:\/\/www.icesi.edu.co\/servicios\/servicios-convenios-sophos\/","og_site_name":"Servicios","article_modified_time":"2024-11-28T21:55:26+00:00","og_image":[{"url":"https:\/\/www.icesi.edu.co\/servicios\/wp-content\/uploads\/2023\/10\/Sophos-1024x507.png","type":"","width":"","height":""}],"twitter_card":"summary_large_image","twitter_misc":{"Tiempo de lectura":"2 minutos"},"schema":{"@context":"https:\/\/schema.org","@graph":[{"@type":"WebPage","@id":"https:\/\/www.icesi.edu.co\/servicios\/servicios-convenios-sophos\/","url":"https:\/\/www.icesi.edu.co\/servicios\/servicios-convenios-sophos\/","name":"Convenio Sophos Antivirus - Servicios","isPartOf":{"@id":"https:\/\/www.icesi.edu.co\/servicios\/#website"},"primaryImageOfPage":{"@id":"https:\/\/www.icesi.edu.co\/servicios\/servicios-convenios-sophos\/#primaryimage"},"image":{"@id":"https:\/\/www.icesi.edu.co\/servicios\/servicios-convenios-sophos\/#primaryimage"},"thumbnailUrl":"https:\/\/www.icesi.edu.co\/servicios\/wp-content\/uploads\/2023\/10\/Sophos-1024x507.png","datePublished":"2024-11-28T21:54:12+00:00","dateModified":"2024-11-28T21:55:26+00:00","breadcrumb":{"@id":"https:\/\/www.icesi.edu.co\/servicios\/servicios-convenios-sophos\/#breadcrumb"},"inLanguage":"es-CO","potentialAction":[{"@type":"ReadAction","target":["https:\/\/www.icesi.edu.co\/servicios\/servicios-convenios-sophos\/"]}]},{"@type":"ImageObject","inLanguage":"es-CO","@id":"https:\/\/www.icesi.edu.co\/servicios\/servicios-convenios-sophos\/#primaryimage","url":"https:\/\/www.icesi.edu.co\/servicios\/wp-content\/uploads\/2023\/10\/Sophos-1024x507.png","contentUrl":"https:\/\/www.icesi.edu.co\/servicios\/wp-content\/uploads\/2023\/10\/Sophos-1024x507.png"},{"@type":"BreadcrumbList","@id":"https:\/\/www.icesi.edu.co\/servicios\/servicios-convenios-sophos\/#breadcrumb","itemListElement":[{"@type":"ListItem","position":1,"name":"Inicio","item":"https:\/\/www.icesi.edu.co\/servicios\/"},{"@type":"ListItem","position":2,"name":"Convenio Sophos Antivirus"}]},{"@type":"WebSite","@id":"https:\/\/www.icesi.edu.co\/servicios\/#website","url":"https:\/\/www.icesi.edu.co\/servicios\/","name":"Servicios","description":"Sitio de Servicios Universidad ICESI","publisher":{"@id":"https:\/\/www.icesi.edu.co\/servicios\/#organization"},"potentialAction":[{"@type":"SearchAction","target":{"@type":"EntryPoint","urlTemplate":"https:\/\/www.icesi.edu.co\/servicios\/?s={search_term_string}"},"query-input":{"@type":"PropertyValueSpecification","valueRequired":true,"valueName":"search_term_string"}}],"inLanguage":"es-CO"},{"@type":"Organization","@id":"https:\/\/www.icesi.edu.co\/servicios\/#organization","name":"Servicios","url":"https:\/\/www.icesi.edu.co\/servicios\/","logo":{"@type":"ImageObject","inLanguage":"es-CO","@id":"https:\/\/www.icesi.edu.co\/servicios\/#\/schema\/logo\/image\/","url":"https:\/\/www.icesi.edu.co\/servicios\/wp-content\/uploads\/2024\/04\/LogoSitio.png","contentUrl":"https:\/\/www.icesi.edu.co\/servicios\/wp-content\/uploads\/2024\/04\/LogoSitio.png","width":223,"height":54,"caption":"Servicios"},"image":{"@id":"https:\/\/www.icesi.edu.co\/servicios\/#\/schema\/logo\/image\/"}}]}},"_links":{"self":[{"href":"https:\/\/www.icesi.edu.co\/servicios\/wp-json\/wp\/v2\/pages\/5620","targetHints":{"allow":["GET"]}}],"collection":[{"href":"https:\/\/www.icesi.edu.co\/servicios\/wp-json\/wp\/v2\/pages"}],"about":[{"href":"https:\/\/www.icesi.edu.co\/servicios\/wp-json\/wp\/v2\/types\/page"}],"author":[{"embeddable":true,"href":"https:\/\/www.icesi.edu.co\/servicios\/wp-json\/wp\/v2\/users\/1"}],"replies":[{"embeddable":true,"href":"https:\/\/www.icesi.edu.co\/servicios\/wp-json\/wp\/v2\/comments?post=5620"}],"version-history":[{"count":1,"href":"https:\/\/www.icesi.edu.co\/servicios\/wp-json\/wp\/v2\/pages\/5620\/revisions"}],"predecessor-version":[{"id":5622,"href":"https:\/\/www.icesi.edu.co\/servicios\/wp-json\/wp\/v2\/pages\/5620\/revisions\/5622"}],"wp:attachment":[{"href":"https:\/\/www.icesi.edu.co\/servicios\/wp-json\/wp\/v2\/media?parent=5620"}],"curies":[{"name":"wp","href":"https:\/\/api.w.org\/{rel}","templated":true}]}}