{"id":5632,"date":"2024-12-02T11:30:05","date_gmt":"2024-12-02T16:30:05","guid":{"rendered":"https:\/\/www.icesi.edu.co\/servicios\/?page_id=5632"},"modified":"2025-03-31T15:02:28","modified_gmt":"2025-03-31T20:02:28","slug":"convenios-visual-paradigm","status":"publish","type":"page","link":"https:\/\/www.icesi.edu.co\/servicios\/convenios-visual-paradigm\/","title":{"rendered":"Convenios Visual Paradigm"},"content":{"rendered":"<p>Gracias al convenio entre la Universidad y Visual Paradigm, se habilita el beneficio para el acceso a licencias gratuitas, para todos los equipos de c\u00f3mputo de uso acad\u00e9mico de la Universidad y los equipos personales de estudiantes y profesores de la Facultad de Ingenier\u00eda, con el fin de avanzar en la ense\u00f1anza y desarrollo de\u00a0los trabajos acad\u00e9micos en los que se requiera el uso de esta poderosa herramienta para desarrollo de aplicaciones con modelado UML.<\/p>\n<p>Visual Paradigm le otorga a la Universidad Icesi herramientas de\u00a0<a href=\"https:\/\/online.visual-paradigm.com\/features\/uml-tool\/\">UML en l\u00ednea<\/a>,\u00a0<a href=\"https:\/\/online.visual-paradigm.com\/features\/bpmn-tool\/\">BPMN<\/a>,\u00a0<a href=\"https:\/\/online.visual-paradigm.com\/features\/agile-development-tool\/\">mapeo de historias \u00e1giles (Agile Story Mapping)<\/a>\u00a0y de\u00a0<a href=\"https:\/\/online.visual-paradigm.com\/features\/task-management-tool\/\">gesti\u00f3n de tareas<\/a>, bajo el convenio del\u00a0<a href=\"https:\/\/online.visual-paradigm.com\/partner\/academic\/\">Programa de Partner Acad\u00e9mico<\/a>.<\/p>\n<p><img decoding=\"async\" class=\"size-full wp-image-1446 aligncenter\" src=\"https:\/\/www.icesi.edu.co\/servicios\/wp-content\/uploads\/2017\/04\/Visual-Paradigm.png\" alt=\"Visual Paradigm\" width=\"270\" height=\"90\" \/><\/p>\n<p><strong>Para acceder al convenio debes seguir los pasos descritos a continuaci\u00f3n:<\/strong><\/p>\n<ol>\n<li>Tener activo el correo electr\u00f3nico institucional (@icesi.edu.co \u00f3 @u.icesi.edu.co)<\/li>\n<li>Si el equipo donde va a instalar el Visual Paradigm es personal, acceder a el\u00a0<a href=\"https:\/\/ap.visual-paradigm.com\/universidad-icesi\">portal de descargas de la universidad<\/a> y descargar el instalador (Installer) para su sistema operativo.<\/li>\n<li>Proceder con la instalaci\u00f3n y activaci\u00f3n siguiendo las siguientes\u00a0<a href=\"https:\/\/www.visual-paradigm.com\/support\/documents\/vpuserguide\/12\/3399\/85188_activatingvi.html\">instrucciones<\/a>.<\/li>\n<\/ol>\n<p><strong>Debes tener en cuenta que la activaci\u00f3n s\u00f3lo puede hacerse utilizando su correo electr\u00f3nico institucional <\/strong>(@u.icesi.edu.co \u00f3 @icesi.edu.co).<\/p>\n<ol>\n<li>Si el equipo es institucional, registrar el caso en el \u00a0<a href=\"https:\/\/www.icesi.edu.co\/solicitud_servicios\/my_view_page.php\">Sistema de gesti\u00f3n de servicios (SGS)<\/a> con la siguiente informaci\u00f3n:<\/li>\n<\/ol>\n<ul>\n<li>Nombre completo:<\/li>\n<li>Documento de identidad:<\/li>\n<li>No de contacto:<\/li>\n<li>Facultad o \u00e1rea a la que pertenece:<\/li>\n<li>Correo electr\u00f3nico institucional ( @icesi.edu.co \u00f3 @u.icesi.edu.co ):<\/li>\n<\/ul>\n<p>Nuestro equipo de\u00a0soporte t\u00e9cnico se comunicar\u00e1 con usted para programar la instalaci\u00f3n.<\/p>\n<p><strong>Debes tener en cuenta que no estamos autorizados\u00a0para dar\u00a0soporte a equipos que no hagan parte de la dotaci\u00f3n asignada por la Universidad.<\/strong><\/p>\n<p><strong>\u00a0<\/strong><\/p>\n<p style=\"text-align: center;\"><strong>Importante<\/strong><\/p>\n<p>Las respuestas a los requerimientos tienen un plazo m\u00e1ximo de 32 horas h\u00e1biles a partir del reporte de la solicitud.<\/p>\n<p>En caso de requerir asesor\u00eda adicional, por favor comunicate con la Oficina de Compras de TI.<\/p>\n<p>SYRI-Operaciones, Tel\u00e9fono: (602) 555 23 34 Extensi\u00f3n: 4232.<\/p>\n<p><strong>\u00a0<\/strong><\/p>\n","protected":false},"excerpt":{"rendered":"<p>Gracias al convenio entre la Universidad y Visual Paradigm, se habilita el beneficio para el acceso a licencias gratuitas, para todos los equipos de c\u00f3mputo de uso acad\u00e9mico de la Universidad y los equipos personales de estudiantes y profesores de la Facultad de Ingenier\u00eda, con el fin de avanzar en la ense\u00f1anza y desarrollo de\u00a0los [&hellip;]<\/p>\n","protected":false},"author":1,"featured_media":0,"parent":0,"menu_order":0,"comment_status":"closed","ping_status":"closed","template":"","meta":{"footnotes":""},"class_list":["post-5632","page","type-page","status-publish","hentry"],"yoast_head":"<!-- This site is optimized with the Yoast SEO plugin v26.6 - https:\/\/yoast.com\/wordpress\/plugins\/seo\/ -->\n<title>Convenios Visual Paradigm - Servicios<\/title>\n<meta name=\"robots\" content=\"index, follow, max-snippet:-1, max-image-preview:large, max-video-preview:-1\" \/>\n<link rel=\"canonical\" href=\"https:\/\/www.icesi.edu.co\/servicios\/convenios-visual-paradigm\/\" \/>\n<meta property=\"og:locale\" content=\"es_ES\" \/>\n<meta property=\"og:type\" content=\"article\" \/>\n<meta property=\"og:title\" content=\"Convenios Visual Paradigm - Servicios\" \/>\n<meta property=\"og:description\" content=\"Gracias al convenio entre la Universidad y Visual Paradigm, se habilita el beneficio para el acceso a licencias gratuitas, para todos los equipos de c\u00f3mputo de uso acad\u00e9mico de la Universidad y los equipos personales de estudiantes y profesores de la Facultad de Ingenier\u00eda, con el fin de avanzar en la ense\u00f1anza y desarrollo de\u00a0los [&hellip;]\" \/>\n<meta property=\"og:url\" content=\"https:\/\/www.icesi.edu.co\/servicios\/convenios-visual-paradigm\/\" \/>\n<meta property=\"og:site_name\" content=\"Servicios\" \/>\n<meta property=\"article:modified_time\" content=\"2025-03-31T20:02:28+00:00\" \/>\n<meta property=\"og:image\" content=\"https:\/\/www.icesi.edu.co\/servicios\/wp-content\/uploads\/2017\/04\/Visual-Paradigm.png\" \/>\n<meta name=\"twitter:card\" content=\"summary_large_image\" \/>\n<meta name=\"twitter:label1\" content=\"Tiempo de lectura\" \/>\n\t<meta name=\"twitter:data1\" content=\"2 minutos\" \/>\n<script type=\"application\/ld+json\" class=\"yoast-schema-graph\">{\"@context\":\"https:\/\/schema.org\",\"@graph\":[{\"@type\":\"WebPage\",\"@id\":\"https:\/\/www.icesi.edu.co\/servicios\/convenios-visual-paradigm\/\",\"url\":\"https:\/\/www.icesi.edu.co\/servicios\/convenios-visual-paradigm\/\",\"name\":\"Convenios Visual Paradigm - Servicios\",\"isPartOf\":{\"@id\":\"https:\/\/www.icesi.edu.co\/servicios\/#website\"},\"primaryImageOfPage\":{\"@id\":\"https:\/\/www.icesi.edu.co\/servicios\/convenios-visual-paradigm\/#primaryimage\"},\"image\":{\"@id\":\"https:\/\/www.icesi.edu.co\/servicios\/convenios-visual-paradigm\/#primaryimage\"},\"thumbnailUrl\":\"https:\/\/www.icesi.edu.co\/servicios\/wp-content\/uploads\/2017\/04\/Visual-Paradigm.png\",\"datePublished\":\"2024-12-02T16:30:05+00:00\",\"dateModified\":\"2025-03-31T20:02:28+00:00\",\"breadcrumb\":{\"@id\":\"https:\/\/www.icesi.edu.co\/servicios\/convenios-visual-paradigm\/#breadcrumb\"},\"inLanguage\":\"es-CO\",\"potentialAction\":[{\"@type\":\"ReadAction\",\"target\":[\"https:\/\/www.icesi.edu.co\/servicios\/convenios-visual-paradigm\/\"]}]},{\"@type\":\"ImageObject\",\"inLanguage\":\"es-CO\",\"@id\":\"https:\/\/www.icesi.edu.co\/servicios\/convenios-visual-paradigm\/#primaryimage\",\"url\":\"https:\/\/www.icesi.edu.co\/servicios\/wp-content\/uploads\/2017\/04\/Visual-Paradigm.png\",\"contentUrl\":\"https:\/\/www.icesi.edu.co\/servicios\/wp-content\/uploads\/2017\/04\/Visual-Paradigm.png\"},{\"@type\":\"BreadcrumbList\",\"@id\":\"https:\/\/www.icesi.edu.co\/servicios\/convenios-visual-paradigm\/#breadcrumb\",\"itemListElement\":[{\"@type\":\"ListItem\",\"position\":1,\"name\":\"Inicio\",\"item\":\"https:\/\/www.icesi.edu.co\/servicios\/\"},{\"@type\":\"ListItem\",\"position\":2,\"name\":\"Convenios Visual Paradigm\"}]},{\"@type\":\"WebSite\",\"@id\":\"https:\/\/www.icesi.edu.co\/servicios\/#website\",\"url\":\"https:\/\/www.icesi.edu.co\/servicios\/\",\"name\":\"Servicios\",\"description\":\"Sitio de Servicios Universidad ICESI\",\"publisher\":{\"@id\":\"https:\/\/www.icesi.edu.co\/servicios\/#organization\"},\"potentialAction\":[{\"@type\":\"SearchAction\",\"target\":{\"@type\":\"EntryPoint\",\"urlTemplate\":\"https:\/\/www.icesi.edu.co\/servicios\/?s={search_term_string}\"},\"query-input\":{\"@type\":\"PropertyValueSpecification\",\"valueRequired\":true,\"valueName\":\"search_term_string\"}}],\"inLanguage\":\"es-CO\"},{\"@type\":\"Organization\",\"@id\":\"https:\/\/www.icesi.edu.co\/servicios\/#organization\",\"name\":\"Servicios\",\"url\":\"https:\/\/www.icesi.edu.co\/servicios\/\",\"logo\":{\"@type\":\"ImageObject\",\"inLanguage\":\"es-CO\",\"@id\":\"https:\/\/www.icesi.edu.co\/servicios\/#\/schema\/logo\/image\/\",\"url\":\"https:\/\/www.icesi.edu.co\/servicios\/wp-content\/uploads\/2024\/04\/LogoSitio.png\",\"contentUrl\":\"https:\/\/www.icesi.edu.co\/servicios\/wp-content\/uploads\/2024\/04\/LogoSitio.png\",\"width\":223,\"height\":54,\"caption\":\"Servicios\"},\"image\":{\"@id\":\"https:\/\/www.icesi.edu.co\/servicios\/#\/schema\/logo\/image\/\"}}]}<\/script>\n<!-- \/ Yoast SEO plugin. -->","yoast_head_json":{"title":"Convenios Visual Paradigm - Servicios","robots":{"index":"index","follow":"follow","max-snippet":"max-snippet:-1","max-image-preview":"max-image-preview:large","max-video-preview":"max-video-preview:-1"},"canonical":"https:\/\/www.icesi.edu.co\/servicios\/convenios-visual-paradigm\/","og_locale":"es_ES","og_type":"article","og_title":"Convenios Visual Paradigm - Servicios","og_description":"Gracias al convenio entre la Universidad y Visual Paradigm, se habilita el beneficio para el acceso a licencias gratuitas, para todos los equipos de c\u00f3mputo de uso acad\u00e9mico de la Universidad y los equipos personales de estudiantes y profesores de la Facultad de Ingenier\u00eda, con el fin de avanzar en la ense\u00f1anza y desarrollo de\u00a0los [&hellip;]","og_url":"https:\/\/www.icesi.edu.co\/servicios\/convenios-visual-paradigm\/","og_site_name":"Servicios","article_modified_time":"2025-03-31T20:02:28+00:00","og_image":[{"url":"https:\/\/www.icesi.edu.co\/servicios\/wp-content\/uploads\/2017\/04\/Visual-Paradigm.png","type":"","width":"","height":""}],"twitter_card":"summary_large_image","twitter_misc":{"Tiempo de lectura":"2 minutos"},"schema":{"@context":"https:\/\/schema.org","@graph":[{"@type":"WebPage","@id":"https:\/\/www.icesi.edu.co\/servicios\/convenios-visual-paradigm\/","url":"https:\/\/www.icesi.edu.co\/servicios\/convenios-visual-paradigm\/","name":"Convenios Visual Paradigm - Servicios","isPartOf":{"@id":"https:\/\/www.icesi.edu.co\/servicios\/#website"},"primaryImageOfPage":{"@id":"https:\/\/www.icesi.edu.co\/servicios\/convenios-visual-paradigm\/#primaryimage"},"image":{"@id":"https:\/\/www.icesi.edu.co\/servicios\/convenios-visual-paradigm\/#primaryimage"},"thumbnailUrl":"https:\/\/www.icesi.edu.co\/servicios\/wp-content\/uploads\/2017\/04\/Visual-Paradigm.png","datePublished":"2024-12-02T16:30:05+00:00","dateModified":"2025-03-31T20:02:28+00:00","breadcrumb":{"@id":"https:\/\/www.icesi.edu.co\/servicios\/convenios-visual-paradigm\/#breadcrumb"},"inLanguage":"es-CO","potentialAction":[{"@type":"ReadAction","target":["https:\/\/www.icesi.edu.co\/servicios\/convenios-visual-paradigm\/"]}]},{"@type":"ImageObject","inLanguage":"es-CO","@id":"https:\/\/www.icesi.edu.co\/servicios\/convenios-visual-paradigm\/#primaryimage","url":"https:\/\/www.icesi.edu.co\/servicios\/wp-content\/uploads\/2017\/04\/Visual-Paradigm.png","contentUrl":"https:\/\/www.icesi.edu.co\/servicios\/wp-content\/uploads\/2017\/04\/Visual-Paradigm.png"},{"@type":"BreadcrumbList","@id":"https:\/\/www.icesi.edu.co\/servicios\/convenios-visual-paradigm\/#breadcrumb","itemListElement":[{"@type":"ListItem","position":1,"name":"Inicio","item":"https:\/\/www.icesi.edu.co\/servicios\/"},{"@type":"ListItem","position":2,"name":"Convenios Visual Paradigm"}]},{"@type":"WebSite","@id":"https:\/\/www.icesi.edu.co\/servicios\/#website","url":"https:\/\/www.icesi.edu.co\/servicios\/","name":"Servicios","description":"Sitio de Servicios Universidad ICESI","publisher":{"@id":"https:\/\/www.icesi.edu.co\/servicios\/#organization"},"potentialAction":[{"@type":"SearchAction","target":{"@type":"EntryPoint","urlTemplate":"https:\/\/www.icesi.edu.co\/servicios\/?s={search_term_string}"},"query-input":{"@type":"PropertyValueSpecification","valueRequired":true,"valueName":"search_term_string"}}],"inLanguage":"es-CO"},{"@type":"Organization","@id":"https:\/\/www.icesi.edu.co\/servicios\/#organization","name":"Servicios","url":"https:\/\/www.icesi.edu.co\/servicios\/","logo":{"@type":"ImageObject","inLanguage":"es-CO","@id":"https:\/\/www.icesi.edu.co\/servicios\/#\/schema\/logo\/image\/","url":"https:\/\/www.icesi.edu.co\/servicios\/wp-content\/uploads\/2024\/04\/LogoSitio.png","contentUrl":"https:\/\/www.icesi.edu.co\/servicios\/wp-content\/uploads\/2024\/04\/LogoSitio.png","width":223,"height":54,"caption":"Servicios"},"image":{"@id":"https:\/\/www.icesi.edu.co\/servicios\/#\/schema\/logo\/image\/"}}]}},"_links":{"self":[{"href":"https:\/\/www.icesi.edu.co\/servicios\/wp-json\/wp\/v2\/pages\/5632","targetHints":{"allow":["GET"]}}],"collection":[{"href":"https:\/\/www.icesi.edu.co\/servicios\/wp-json\/wp\/v2\/pages"}],"about":[{"href":"https:\/\/www.icesi.edu.co\/servicios\/wp-json\/wp\/v2\/types\/page"}],"author":[{"embeddable":true,"href":"https:\/\/www.icesi.edu.co\/servicios\/wp-json\/wp\/v2\/users\/1"}],"replies":[{"embeddable":true,"href":"https:\/\/www.icesi.edu.co\/servicios\/wp-json\/wp\/v2\/comments?post=5632"}],"version-history":[{"count":2,"href":"https:\/\/www.icesi.edu.co\/servicios\/wp-json\/wp\/v2\/pages\/5632\/revisions"}],"predecessor-version":[{"id":6435,"href":"https:\/\/www.icesi.edu.co\/servicios\/wp-json\/wp\/v2\/pages\/5632\/revisions\/6435"}],"wp:attachment":[{"href":"https:\/\/www.icesi.edu.co\/servicios\/wp-json\/wp\/v2\/media?parent=5632"}],"curies":[{"name":"wp","href":"https:\/\/api.w.org\/{rel}","templated":true}]}}