{"id":5635,"date":"2024-12-02T11:32:55","date_gmt":"2024-12-02T16:32:55","guid":{"rendered":"https:\/\/www.icesi.edu.co\/servicios\/?page_id=5635"},"modified":"2024-12-02T11:32:56","modified_gmt":"2024-12-02T16:32:56","slug":"questionpro","status":"publish","type":"page","link":"https:\/\/www.icesi.edu.co\/servicios\/questionpro\/","title":{"rendered":"QuestionPro"},"content":{"rendered":"\n<figure class=\"wp-block-image\"><img decoding=\"async\" src=\"https:\/\/www.icesi.edu.co\/sgs\/file_download.php?file_id=233466&amp;type=bug\" alt=\"\"\/><\/figure>\n\n\n\n<p>La\nUniversidad Icesi junto con QuestionPro, pone al alcance de toda la comunidad\nIcesi, una extraordinaria herramienta para la implementaci\u00f3n de encuestas\nonline con todas las funcionalidades de la versi\u00f3n Premium solo para\ninstituciones educativas aliadas.<\/p>\n\n\n\n<p>Esta licencia permite que cualquier profesor, estudiante y colaborador,\npueda generar una cuenta Premium en esta plataforma, dedicada a la construcci\u00f3n\ny difusi\u00f3n de encuestas totalmente personalizables.<\/p>\n\n\n\n<p>Con\nesta herramienta podr\u00e1s crear, enviar y analizar encuestas de manera r\u00e1pida y\nprecisa para poder desarrollar tus proyectos acad\u00e9micos con una gran\nefectividad.<\/p>\n\n\n\n<p>Para solicitar el servicio, puedes hacerlo&nbsp; a trav\u00e9s de cualquiera de las siguientes opciones:<\/p>\n\n\n\n<ul class=\"wp-block-list\">\n<li>Registrar una solicitud en el&nbsp;<a href=\"https:\/\/www.icesi.edu.co\/solicitud_servicios\/\">Sistema de gesti\u00f3n de servicios (SGS<\/a>)<\/li>\n\n\n\n<li>Escribir un correo a&nbsp;<a href=\"mailto:icesivirtual.ti@listas.icesi.edu.co\">icesivirtual.ti@listas.icesi.edu.co<\/a><\/li>\n\n\n\n<li>Comunicarse a la extensi\u00f3n&nbsp;<strong>4188<\/strong>.<\/li>\n\n\n\n<li><\/li>\n<\/ul>\n\n\n\n<p>Recuerda incluir en la solicitud tu&nbsp;<strong>correo institucional<\/strong>.<\/p>\n\n\n\n<p>Cada usuario ser\u00e1 provisto con su propia cuenta. Este ingresar\u00e1 utilizando su correo institucional y una contrase\u00f1a provisional la cual podr\u00e1 cambiar una vez ingrese a la cuenta.<\/p>\n","protected":false},"excerpt":{"rendered":"<p>La Universidad Icesi junto con QuestionPro, pone al alcance de toda la comunidad Icesi, una extraordinaria herramienta para la implementaci\u00f3n de encuestas online con todas las funcionalidades de la versi\u00f3n Premium solo para instituciones educativas aliadas. Esta licencia permite que cualquier profesor, estudiante y colaborador, pueda generar una cuenta Premium en esta plataforma, dedicada a [&hellip;]<\/p>\n","protected":false},"author":1,"featured_media":0,"parent":0,"menu_order":0,"comment_status":"closed","ping_status":"closed","template":"","meta":{"footnotes":""},"class_list":["post-5635","page","type-page","status-publish","hentry"],"yoast_head":"<!-- This site is optimized with the Yoast SEO plugin v26.6 - https:\/\/yoast.com\/wordpress\/plugins\/seo\/ -->\n<title>QuestionPro - Servicios<\/title>\n<meta name=\"robots\" content=\"index, follow, max-snippet:-1, max-image-preview:large, max-video-preview:-1\" \/>\n<link rel=\"canonical\" href=\"https:\/\/www.icesi.edu.co\/servicios\/questionpro\/\" \/>\n<meta property=\"og:locale\" content=\"es_ES\" \/>\n<meta property=\"og:type\" content=\"article\" \/>\n<meta property=\"og:title\" content=\"QuestionPro - Servicios\" \/>\n<meta property=\"og:description\" content=\"La Universidad Icesi junto con QuestionPro, pone al alcance de toda la comunidad Icesi, una extraordinaria herramienta para la implementaci\u00f3n de encuestas online con todas las funcionalidades de la versi\u00f3n Premium solo para instituciones educativas aliadas. Esta licencia permite que cualquier profesor, estudiante y colaborador, pueda generar una cuenta Premium en esta plataforma, dedicada a [&hellip;]\" \/>\n<meta property=\"og:url\" content=\"https:\/\/www.icesi.edu.co\/servicios\/questionpro\/\" \/>\n<meta property=\"og:site_name\" content=\"Servicios\" \/>\n<meta property=\"article:modified_time\" content=\"2024-12-02T16:32:56+00:00\" \/>\n<meta property=\"og:image\" content=\"https:\/\/www.icesi.edu.co\/sgs\/file_download.php?file_id=233466&amp;type=bug\" \/>\n<meta name=\"twitter:card\" content=\"summary_large_image\" \/>\n<meta name=\"twitter:label1\" content=\"Tiempo de lectura\" \/>\n\t<meta name=\"twitter:data1\" content=\"1 minuto\" \/>\n<script type=\"application\/ld+json\" class=\"yoast-schema-graph\">{\"@context\":\"https:\/\/schema.org\",\"@graph\":[{\"@type\":\"WebPage\",\"@id\":\"https:\/\/www.icesi.edu.co\/servicios\/questionpro\/\",\"url\":\"https:\/\/www.icesi.edu.co\/servicios\/questionpro\/\",\"name\":\"QuestionPro - Servicios\",\"isPartOf\":{\"@id\":\"https:\/\/www.icesi.edu.co\/servicios\/#website\"},\"primaryImageOfPage\":{\"@id\":\"https:\/\/www.icesi.edu.co\/servicios\/questionpro\/#primaryimage\"},\"image\":{\"@id\":\"https:\/\/www.icesi.edu.co\/servicios\/questionpro\/#primaryimage\"},\"thumbnailUrl\":\"https:\/\/www.icesi.edu.co\/sgs\/file_download.php?file_id=233466&amp;type=bug\",\"datePublished\":\"2024-12-02T16:32:55+00:00\",\"dateModified\":\"2024-12-02T16:32:56+00:00\",\"breadcrumb\":{\"@id\":\"https:\/\/www.icesi.edu.co\/servicios\/questionpro\/#breadcrumb\"},\"inLanguage\":\"es-CO\",\"potentialAction\":[{\"@type\":\"ReadAction\",\"target\":[\"https:\/\/www.icesi.edu.co\/servicios\/questionpro\/\"]}]},{\"@type\":\"ImageObject\",\"inLanguage\":\"es-CO\",\"@id\":\"https:\/\/www.icesi.edu.co\/servicios\/questionpro\/#primaryimage\",\"url\":\"https:\/\/www.icesi.edu.co\/sgs\/file_download.php?file_id=233466&amp;type=bug\",\"contentUrl\":\"https:\/\/www.icesi.edu.co\/sgs\/file_download.php?file_id=233466&amp;type=bug\"},{\"@type\":\"BreadcrumbList\",\"@id\":\"https:\/\/www.icesi.edu.co\/servicios\/questionpro\/#breadcrumb\",\"itemListElement\":[{\"@type\":\"ListItem\",\"position\":1,\"name\":\"Inicio\",\"item\":\"https:\/\/www.icesi.edu.co\/servicios\/\"},{\"@type\":\"ListItem\",\"position\":2,\"name\":\"QuestionPro\"}]},{\"@type\":\"WebSite\",\"@id\":\"https:\/\/www.icesi.edu.co\/servicios\/#website\",\"url\":\"https:\/\/www.icesi.edu.co\/servicios\/\",\"name\":\"Servicios\",\"description\":\"Sitio de Servicios Universidad ICESI\",\"publisher\":{\"@id\":\"https:\/\/www.icesi.edu.co\/servicios\/#organization\"},\"potentialAction\":[{\"@type\":\"SearchAction\",\"target\":{\"@type\":\"EntryPoint\",\"urlTemplate\":\"https:\/\/www.icesi.edu.co\/servicios\/?s={search_term_string}\"},\"query-input\":{\"@type\":\"PropertyValueSpecification\",\"valueRequired\":true,\"valueName\":\"search_term_string\"}}],\"inLanguage\":\"es-CO\"},{\"@type\":\"Organization\",\"@id\":\"https:\/\/www.icesi.edu.co\/servicios\/#organization\",\"name\":\"Servicios\",\"url\":\"https:\/\/www.icesi.edu.co\/servicios\/\",\"logo\":{\"@type\":\"ImageObject\",\"inLanguage\":\"es-CO\",\"@id\":\"https:\/\/www.icesi.edu.co\/servicios\/#\/schema\/logo\/image\/\",\"url\":\"https:\/\/www.icesi.edu.co\/servicios\/wp-content\/uploads\/2024\/04\/LogoSitio.png\",\"contentUrl\":\"https:\/\/www.icesi.edu.co\/servicios\/wp-content\/uploads\/2024\/04\/LogoSitio.png\",\"width\":223,\"height\":54,\"caption\":\"Servicios\"},\"image\":{\"@id\":\"https:\/\/www.icesi.edu.co\/servicios\/#\/schema\/logo\/image\/\"}}]}<\/script>\n<!-- \/ Yoast SEO plugin. -->","yoast_head_json":{"title":"QuestionPro - Servicios","robots":{"index":"index","follow":"follow","max-snippet":"max-snippet:-1","max-image-preview":"max-image-preview:large","max-video-preview":"max-video-preview:-1"},"canonical":"https:\/\/www.icesi.edu.co\/servicios\/questionpro\/","og_locale":"es_ES","og_type":"article","og_title":"QuestionPro - Servicios","og_description":"La Universidad Icesi junto con QuestionPro, pone al alcance de toda la comunidad Icesi, una extraordinaria herramienta para la implementaci\u00f3n de encuestas online con todas las funcionalidades de la versi\u00f3n Premium solo para instituciones educativas aliadas. Esta licencia permite que cualquier profesor, estudiante y colaborador, pueda generar una cuenta Premium en esta plataforma, dedicada a [&hellip;]","og_url":"https:\/\/www.icesi.edu.co\/servicios\/questionpro\/","og_site_name":"Servicios","article_modified_time":"2024-12-02T16:32:56+00:00","og_image":[{"url":"https:\/\/www.icesi.edu.co\/sgs\/file_download.php?file_id=233466&amp;type=bug","type":"","width":"","height":""}],"twitter_card":"summary_large_image","twitter_misc":{"Tiempo de lectura":"1 minuto"},"schema":{"@context":"https:\/\/schema.org","@graph":[{"@type":"WebPage","@id":"https:\/\/www.icesi.edu.co\/servicios\/questionpro\/","url":"https:\/\/www.icesi.edu.co\/servicios\/questionpro\/","name":"QuestionPro - Servicios","isPartOf":{"@id":"https:\/\/www.icesi.edu.co\/servicios\/#website"},"primaryImageOfPage":{"@id":"https:\/\/www.icesi.edu.co\/servicios\/questionpro\/#primaryimage"},"image":{"@id":"https:\/\/www.icesi.edu.co\/servicios\/questionpro\/#primaryimage"},"thumbnailUrl":"https:\/\/www.icesi.edu.co\/sgs\/file_download.php?file_id=233466&amp;type=bug","datePublished":"2024-12-02T16:32:55+00:00","dateModified":"2024-12-02T16:32:56+00:00","breadcrumb":{"@id":"https:\/\/www.icesi.edu.co\/servicios\/questionpro\/#breadcrumb"},"inLanguage":"es-CO","potentialAction":[{"@type":"ReadAction","target":["https:\/\/www.icesi.edu.co\/servicios\/questionpro\/"]}]},{"@type":"ImageObject","inLanguage":"es-CO","@id":"https:\/\/www.icesi.edu.co\/servicios\/questionpro\/#primaryimage","url":"https:\/\/www.icesi.edu.co\/sgs\/file_download.php?file_id=233466&amp;type=bug","contentUrl":"https:\/\/www.icesi.edu.co\/sgs\/file_download.php?file_id=233466&amp;type=bug"},{"@type":"BreadcrumbList","@id":"https:\/\/www.icesi.edu.co\/servicios\/questionpro\/#breadcrumb","itemListElement":[{"@type":"ListItem","position":1,"name":"Inicio","item":"https:\/\/www.icesi.edu.co\/servicios\/"},{"@type":"ListItem","position":2,"name":"QuestionPro"}]},{"@type":"WebSite","@id":"https:\/\/www.icesi.edu.co\/servicios\/#website","url":"https:\/\/www.icesi.edu.co\/servicios\/","name":"Servicios","description":"Sitio de Servicios Universidad ICESI","publisher":{"@id":"https:\/\/www.icesi.edu.co\/servicios\/#organization"},"potentialAction":[{"@type":"SearchAction","target":{"@type":"EntryPoint","urlTemplate":"https:\/\/www.icesi.edu.co\/servicios\/?s={search_term_string}"},"query-input":{"@type":"PropertyValueSpecification","valueRequired":true,"valueName":"search_term_string"}}],"inLanguage":"es-CO"},{"@type":"Organization","@id":"https:\/\/www.icesi.edu.co\/servicios\/#organization","name":"Servicios","url":"https:\/\/www.icesi.edu.co\/servicios\/","logo":{"@type":"ImageObject","inLanguage":"es-CO","@id":"https:\/\/www.icesi.edu.co\/servicios\/#\/schema\/logo\/image\/","url":"https:\/\/www.icesi.edu.co\/servicios\/wp-content\/uploads\/2024\/04\/LogoSitio.png","contentUrl":"https:\/\/www.icesi.edu.co\/servicios\/wp-content\/uploads\/2024\/04\/LogoSitio.png","width":223,"height":54,"caption":"Servicios"},"image":{"@id":"https:\/\/www.icesi.edu.co\/servicios\/#\/schema\/logo\/image\/"}}]}},"_links":{"self":[{"href":"https:\/\/www.icesi.edu.co\/servicios\/wp-json\/wp\/v2\/pages\/5635","targetHints":{"allow":["GET"]}}],"collection":[{"href":"https:\/\/www.icesi.edu.co\/servicios\/wp-json\/wp\/v2\/pages"}],"about":[{"href":"https:\/\/www.icesi.edu.co\/servicios\/wp-json\/wp\/v2\/types\/page"}],"author":[{"embeddable":true,"href":"https:\/\/www.icesi.edu.co\/servicios\/wp-json\/wp\/v2\/users\/1"}],"replies":[{"embeddable":true,"href":"https:\/\/www.icesi.edu.co\/servicios\/wp-json\/wp\/v2\/comments?post=5635"}],"version-history":[{"count":1,"href":"https:\/\/www.icesi.edu.co\/servicios\/wp-json\/wp\/v2\/pages\/5635\/revisions"}],"predecessor-version":[{"id":5636,"href":"https:\/\/www.icesi.edu.co\/servicios\/wp-json\/wp\/v2\/pages\/5635\/revisions\/5636"}],"wp:attachment":[{"href":"https:\/\/www.icesi.edu.co\/servicios\/wp-json\/wp\/v2\/media?parent=5635"}],"curies":[{"name":"wp","href":"https:\/\/api.w.org\/{rel}","templated":true}]}}