{"id":6311,"date":"2025-03-27T11:31:42","date_gmt":"2025-03-27T16:31:42","guid":{"rendered":"https:\/\/www.icesi.edu.co\/servicios\/?page_id=6311"},"modified":"2025-03-31T15:01:50","modified_gmt":"2025-03-31T20:01:50","slug":"convenios-cswa","status":"publish","type":"page","link":"https:\/\/www.icesi.edu.co\/servicios\/convenios-cswa\/","title":{"rendered":"CSWA Academic Certification"},"content":{"rendered":"\t\t<div data-elementor-type=\"wp-page\" data-elementor-id=\"6311\" class=\"elementor elementor-6311\">\n\t\t\t\t\t\t<section class=\"elementor-section elementor-top-section elementor-element elementor-element-0bc12ec elementor-section-boxed elementor-section-height-default elementor-section-height-default\" data-id=\"0bc12ec\" data-element_type=\"section\" data-settings=\"{&quot;background_background&quot;:&quot;classic&quot;}\">\n\t\t\t\t\t\t\t<div class=\"elementor-background-overlay\"><\/div>\n\t\t\t\t\t\t\t<div class=\"elementor-container elementor-column-gap-default\">\n\t\t\t\t\t<div class=\"elementor-column elementor-col-100 elementor-top-column elementor-element elementor-element-c63507c\" data-id=\"c63507c\" data-element_type=\"column\" data-settings=\"{&quot;background_background&quot;:&quot;classic&quot;}\">\n\t\t\t<div class=\"elementor-widget-wrap elementor-element-populated\">\n\t\t\t\t\t\t<div class=\"elementor-element elementor-element-139c0d5 elementor-widget elementor-widget-image\" data-id=\"139c0d5\" data-element_type=\"widget\" data-widget_type=\"image.default\">\n\t\t\t\t<div class=\"elementor-widget-container\">\n\t\t\t\t\t\t\t\t\t\t\t\t\t\t\t<img fetchpriority=\"high\" decoding=\"async\" width=\"860\" height=\"488\" src=\"https:\/\/www.icesi.edu.co\/servicios\/wp-content\/uploads\/2025\/03\/1667953647680-1024x581.jpg\" class=\"attachment-large size-large wp-image-6312\" alt=\"\" srcset=\"https:\/\/www.icesi.edu.co\/servicios\/wp-content\/uploads\/2025\/03\/1667953647680-1024x581.jpg 1024w, https:\/\/www.icesi.edu.co\/servicios\/wp-content\/uploads\/2025\/03\/1667953647680-300x170.jpg 300w, https:\/\/www.icesi.edu.co\/servicios\/wp-content\/uploads\/2025\/03\/1667953647680-768x435.jpg 768w, https:\/\/www.icesi.edu.co\/servicios\/wp-content\/uploads\/2025\/03\/1667953647680-400x227.jpg 400w, https:\/\/www.icesi.edu.co\/servicios\/wp-content\/uploads\/2025\/03\/1667953647680-700x397.jpg 700w, https:\/\/www.icesi.edu.co\/servicios\/wp-content\/uploads\/2025\/03\/1667953647680-600x340.jpg 600w, https:\/\/www.icesi.edu.co\/servicios\/wp-content\/uploads\/2025\/03\/1667953647680.jpg 1270w\" sizes=\"(max-width: 860px) 100vw, 860px\" \/>\t\t\t\t\t\t\t\t\t\t\t\t\t\t\t<\/div>\n\t\t\t\t<\/div>\n\t\t\t\t<div class=\"elementor-element elementor-element-e1ad88f elementor-widget elementor-widget-text-editor\" data-id=\"e1ad88f\" data-element_type=\"widget\" data-widget_type=\"text-editor.default\">\n\t\t\t\t<div class=\"elementor-widget-container\">\n\t\t\t\t\t\t\t\t\t<p>Dando continuidad a los beneficios para nuestros estudiantes, y luego de lograr licenciamiento gratuito para sus equipos personales, hemos activado el beneficio del examen de certificaci\u00f3n\u00a0<strong>CSWA Academic Certification,\u00a0<\/strong>para que los estudiantes que est\u00e9n interesados en contar con una certificaci\u00f3n que demuestre sus conocimientos de modelado, conceptos de dise\u00f1o, y el dise\u00f1o sostenible, puedan tomarlo por medio de este beneficio que les dar\u00e1 una ventaja competitiva en el mercado laboral actual.<\/p><p>La CSWA Academic Certification es una prueba de su experiencia SolidWorks con conocimientos de vanguardia que las empresas buscan y valoran.<\/p><p>Los estudiantes que pasan el examen CSWA reciben un certificado electr\u00f3nico con su ID de certificaci\u00f3n y el nombre de la instituci\u00f3n educativa que les ofrece el beneficio, el cual puede ser verificado por las universidades y los empleadores.<\/p><p><strong>Dado que la cantidad de Voucher es limitada, para acceder al beneficio el estudiante debe cumplir con los siguientes requisitos:<\/strong><\/p><ol><li>Ser estudiante de un programa de Pregrado de la Facultad de Ingenier\u00eda.<\/li><li>Contar con la licencia educativa entregada por la universidad instalada en su equipo de c\u00f3mputo.<\/li><li>Reportar un caso en el\u00a0<a href=\"https:\/\/www.icesi.edu.co\/solicitud_servicios\/\">Sistema de gesti\u00f3n de servicios (SGS)\u00a0<\/a> solicitando el Voucher de certificaci\u00f3n con la siguiente informaci\u00f3n:<ul><li>Nombre completo:<\/li><li>Documento de identidad:<\/li><li>de contacto:<\/li><li>Programa que est\u00e1 cursando:<\/li><li>Semestre<\/li><li>Correo electr\u00f3nico institucional (@icesi.edu.co \u00f3 @u.icesi.edu.co)<\/li><\/ul><\/li><li>Por medio del correo electr\u00f3nico institucional realizaremos el env\u00edo de informaci\u00f3n necesaria para la entrega del voucher de certificaci\u00f3n.<\/li><\/ol><p><strong>Nota:\u00a0<\/strong>La CSWA Academic Certification est\u00e1 dirigida a estudiantes con un m\u00ednimo de seis a nueve meses de experiencia SolidWorks y conocimiento b\u00e1sico de los fundamentos y pr\u00e1cticas de ingenier\u00eda. SOLIDWORKS recomienda que los solicitantes revisen los tutoriales en l\u00ednea sobre las piezas, ensamblajes y dibujos, como requerimiento previo, y tener por lomenos 45 horas de tiempo de apendizaje en el aula SolidWorks con los principios y pr\u00e1cticas de ingenier\u00eda b\u00e1sica.<\/p><p>Para informaci\u00f3n detallada del examen y la certificaci\u00f3n por favor ingresar a los siguientes enlaces:<\/p><p><a href=\"https:\/\/www.solidworks.com\/sw\/support\/cswa-academic.htm\">https:\/\/www.solidworks.com\/sw\/support\/cswa-academic.htm<\/a><\/p><p><a href=\"https:\/\/www.solidworks.com\/sw\/education\/cswa-academic-exam.htm\">https:\/\/www.solidworks.com\/sw\/education\/cswa-academic-exam.htm<\/a><\/p><p><strong>Por favor tenga en cuenta que no estamos autorizados a dar soporte a equipos que no hagan parte de la dotaci\u00f3n asignada por la Universidad.<\/strong><\/p><p><strong>Importante<\/strong><\/p><p>Las respuestas a los requerimientos tienen un plazo m\u00e1ximo de 5 d\u00edas h\u00e1biles a partir del reporte de la solicitud.<\/p>\t\t\t\t\t\t\t\t<\/div>\n\t\t\t\t<\/div>\n\t\t\t\t<div class=\"elementor-element elementor-element-a558418 elementor-widget elementor-widget-spacer\" data-id=\"a558418\" data-element_type=\"widget\" data-widget_type=\"spacer.default\">\n\t\t\t\t<div class=\"elementor-widget-container\">\n\t\t\t\t\t\t\t<div class=\"elementor-spacer\">\n\t\t\t<div class=\"elementor-spacer-inner\"><\/div>\n\t\t<\/div>\n\t\t\t\t\t\t<\/div>\n\t\t\t\t<\/div>\n\t\t\t\t<div class=\"elementor-element elementor-element-70c1d3a elementor-widget elementor-widget-text-editor\" data-id=\"70c1d3a\" data-element_type=\"widget\" data-widget_type=\"text-editor.default\">\n\t\t\t\t<div class=\"elementor-widget-container\">\n\t\t\t\t\t\t\t\t\t<p>En caso de requerir ayuda puede utilizar los siguiente canales<\/p>\t\t\t\t\t\t\t\t<\/div>\n\t\t\t\t<\/div>\n\t\t\t\t<div class=\"elementor-element elementor-element-31f1cfd elementor-icon-list--layout-traditional elementor-list-item-link-full_width elementor-widget elementor-widget-icon-list\" data-id=\"31f1cfd\" data-element_type=\"widget\" data-widget_type=\"icon-list.default\">\n\t\t\t\t<div class=\"elementor-widget-container\">\n\t\t\t\t\t\t\t<ul class=\"elementor-icon-list-items\">\n\t\t\t\t\t\t\t<li class=\"elementor-icon-list-item\">\n\t\t\t\t\t\t\t\t\t\t\t<span class=\"elementor-icon-list-icon\">\n\t\t\t\t\t\t\t<svg aria-hidden=\"true\" class=\"e-font-icon-svg e-fas-map-marker-alt\" viewBox=\"0 0 384 512\" xmlns=\"http:\/\/www.w3.org\/2000\/svg\"><path d=\"M172.268 501.67C26.97 291.031 0 269.413 0 192 0 85.961 85.961 0 192 0s192 85.961 192 192c0 77.413-26.97 99.031-172.268 309.67-9.535 13.774-29.93 13.773-39.464 0zM192 272c44.183 0 80-35.817 80-80s-35.817-80-80-80-80 35.817-80 80 35.817 80 80 80z\"><\/path><\/svg>\t\t\t\t\t\t<\/span>\n\t\t\t\t\t\t\t\t\t\t<span class=\"elementor-icon-list-text\">Edificio C, 1er piso  - Syri Operaciones.<\/span>\n\t\t\t\t\t\t\t\t\t<\/li>\n\t\t\t\t\t\t\t\t<li class=\"elementor-icon-list-item\">\n\t\t\t\t\t\t\t\t\t\t\t<span class=\"elementor-icon-list-icon\">\n\t\t\t\t\t\t\t<svg aria-hidden=\"true\" class=\"e-font-icon-svg e-fas-phone-alt\" viewBox=\"0 0 512 512\" xmlns=\"http:\/\/www.w3.org\/2000\/svg\"><path d=\"M497.39 361.8l-112-48a24 24 0 0 0-28 6.9l-49.6 60.6A370.66 370.66 0 0 1 130.6 204.11l60.6-49.6a23.94 23.94 0 0 0 6.9-28l-48-112A24.16 24.16 0 0 0 122.6.61l-104 24A24 24 0 0 0 0 48c0 256.5 207.9 464 464 464a24 24 0 0 0 23.4-18.6l24-104a24.29 24.29 0 0 0-14.01-27.6z\"><\/path><\/svg>\t\t\t\t\t\t<\/span>\n\t\t\t\t\t\t\t\t\t\t<span class=\"elementor-icon-list-text\"> Tel: (602) 555 2334 Ext. 4417<\/span>\n\t\t\t\t\t\t\t\t\t<\/li>\n\t\t\t\t\t\t\t\t<li class=\"elementor-icon-list-item\">\n\t\t\t\t\t\t\t\t\t\t\t<a href=\"https:\/\/www.icesi.edu.co\/solicitud_servicios\/\">\n\n\t\t\t\t\t\t\t\t\t\t\t\t<span class=\"elementor-icon-list-icon\">\n\t\t\t\t\t\t\t<svg aria-hidden=\"true\" class=\"e-font-icon-svg e-fab-slack-hash\" viewBox=\"0 0 448 512\" xmlns=\"http:\/\/www.w3.org\/2000\/svg\"><path d=\"M446.2 270.4c-6.2-19-26.9-29.1-46-22.9l-45.4 15.1-30.3-90 45.4-15.1c19.1-6.2 29.1-26.8 23-45.9-6.2-19-26.9-29.1-46-22.9l-45.4 15.1-15.7-47c-6.2-19-26.9-29.1-46-22.9-19.1 6.2-29.1 26.8-23 45.9l15.7 47-93.4 31.2-15.7-47c-6.2-19-26.9-29.1-46-22.9-19.1 6.2-29.1 26.8-23 45.9l15.7 47-45.3 15c-19.1 6.2-29.1 26.8-23 45.9 5 14.5 19.1 24 33.6 24.6 6.8 1 12-1.6 57.7-16.8l30.3 90L78 354.8c-19 6.2-29.1 26.9-23 45.9 5 14.5 19.1 24 33.6 24.6 6.8 1 12-1.6 57.7-16.8l15.7 47c5.9 16.9 24.7 29 46 22.9 19.1-6.2 29.1-26.8 23-45.9l-15.7-47 93.6-31.3 15.7 47c5.9 16.9 24.7 29 46 22.9 19.1-6.2 29.1-26.8 23-45.9l-15.7-47 45.4-15.1c19-6 29.1-26.7 22.9-45.7zm-254.1 47.2l-30.3-90.2 93.5-31.3 30.3 90.2-93.5 31.3z\"><\/path><\/svg>\t\t\t\t\t\t<\/span>\n\t\t\t\t\t\t\t\t\t\t<span class=\"elementor-icon-list-text\">Reportar caso en el SGS<\/span>\n\t\t\t\t\t\t\t\t\t\t\t<\/a>\n\t\t\t\t\t\t\t\t\t<\/li>\n\t\t\t\t\t\t<\/ul>\n\t\t\t\t\t\t<\/div>\n\t\t\t\t<\/div>\n\t\t\t\t\t<\/div>\n\t\t<\/div>\n\t\t\t\t\t<\/div>\n\t\t<\/section>\n\t\t<div class=\"elementor-element elementor-element-de2799f e-flex e-con-boxed e-con e-parent\" data-id=\"de2799f\" data-element_type=\"container\">\n\t\t\t\t\t<div class=\"e-con-inner\">\n\t\t\t\t<div class=\"elementor-element elementor-element-c7915fa elementor-widget elementor-widget-google_maps\" data-id=\"c7915fa\" data-element_type=\"widget\" data-widget_type=\"google_maps.default\">\n\t\t\t\t<div class=\"elementor-widget-container\">\n\t\t\t\t\t\t\t<div class=\"elementor-custom-embed\">\n\t\t\t<iframe loading=\"lazy\"\n\t\t\t\t\tsrc=\"https:\/\/maps.google.com\/maps?q=London%20Eye%2C%20Londres%2C%20Reino%20Unido&#038;t=m&#038;z=10&#038;output=embed&#038;iwloc=near\"\n\t\t\t\t\ttitle=\"London Eye, Londres, Reino Unido\"\n\t\t\t\t\taria-label=\"London Eye, Londres, Reino Unido\"\n\t\t\t><\/iframe>\n\t\t<\/div>\n\t\t\t\t\t\t<\/div>\n\t\t\t\t<\/div>\n\t\t\t\t\t<\/div>\n\t\t\t\t<\/div>\n\t\t\t\t<\/div>\n\t\t","protected":false},"excerpt":{"rendered":"<p>Dando continuidad a los beneficios para nuestros estudiantes, y luego de lograr licenciamiento gratuito para sus equipos personales, hemos activado el beneficio del examen de certificaci\u00f3n\u00a0CSWA Academic Certification,\u00a0para que los estudiantes que est\u00e9n interesados en contar con una certificaci\u00f3n que demuestre sus conocimientos de modelado, conceptos de dise\u00f1o, y el dise\u00f1o sostenible, puedan tomarlo por [&hellip;]<\/p>\n","protected":false},"author":1,"featured_media":0,"parent":0,"menu_order":0,"comment_status":"closed","ping_status":"closed","template":"","meta":{"footnotes":""},"class_list":["post-6311","page","type-page","status-publish","hentry"],"yoast_head":"<!-- This site is optimized with the Yoast SEO plugin v26.6 - https:\/\/yoast.com\/wordpress\/plugins\/seo\/ -->\n<title>CSWA Academic Certification - Servicios<\/title>\n<meta name=\"robots\" content=\"index, follow, max-snippet:-1, max-image-preview:large, max-video-preview:-1\" \/>\n<link rel=\"canonical\" href=\"https:\/\/www.icesi.edu.co\/servicios\/convenios-cswa\/\" \/>\n<meta property=\"og:locale\" content=\"es_ES\" \/>\n<meta property=\"og:type\" content=\"article\" \/>\n<meta property=\"og:title\" content=\"CSWA Academic Certification - Servicios\" \/>\n<meta property=\"og:description\" content=\"Dando continuidad a los beneficios para nuestros estudiantes, y luego de lograr licenciamiento gratuito para sus equipos personales, hemos activado el beneficio del examen de certificaci\u00f3n\u00a0CSWA Academic Certification,\u00a0para que los estudiantes que est\u00e9n interesados en contar con una certificaci\u00f3n que demuestre sus conocimientos de modelado, conceptos de dise\u00f1o, y el dise\u00f1o sostenible, puedan tomarlo por [&hellip;]\" \/>\n<meta property=\"og:url\" content=\"https:\/\/www.icesi.edu.co\/servicios\/convenios-cswa\/\" \/>\n<meta property=\"og:site_name\" content=\"Servicios\" \/>\n<meta property=\"article:modified_time\" content=\"2025-03-31T20:01:50+00:00\" \/>\n<meta property=\"og:image\" content=\"https:\/\/www.icesi.edu.co\/servicios\/wp-content\/uploads\/2025\/03\/1667953647680-1024x581.jpg\" \/>\n<meta name=\"twitter:card\" content=\"summary_large_image\" \/>\n<meta name=\"twitter:label1\" content=\"Tiempo de lectura\" \/>\n\t<meta name=\"twitter:data1\" content=\"3 minutos\" \/>\n<script type=\"application\/ld+json\" class=\"yoast-schema-graph\">{\"@context\":\"https:\/\/schema.org\",\"@graph\":[{\"@type\":\"WebPage\",\"@id\":\"https:\/\/www.icesi.edu.co\/servicios\/convenios-cswa\/\",\"url\":\"https:\/\/www.icesi.edu.co\/servicios\/convenios-cswa\/\",\"name\":\"CSWA Academic Certification - Servicios\",\"isPartOf\":{\"@id\":\"https:\/\/www.icesi.edu.co\/servicios\/#website\"},\"primaryImageOfPage\":{\"@id\":\"https:\/\/www.icesi.edu.co\/servicios\/convenios-cswa\/#primaryimage\"},\"image\":{\"@id\":\"https:\/\/www.icesi.edu.co\/servicios\/convenios-cswa\/#primaryimage\"},\"thumbnailUrl\":\"https:\/\/www.icesi.edu.co\/servicios\/wp-content\/uploads\/2025\/03\/1667953647680-1024x581.jpg\",\"datePublished\":\"2025-03-27T16:31:42+00:00\",\"dateModified\":\"2025-03-31T20:01:50+00:00\",\"breadcrumb\":{\"@id\":\"https:\/\/www.icesi.edu.co\/servicios\/convenios-cswa\/#breadcrumb\"},\"inLanguage\":\"es-CO\",\"potentialAction\":[{\"@type\":\"ReadAction\",\"target\":[\"https:\/\/www.icesi.edu.co\/servicios\/convenios-cswa\/\"]}]},{\"@type\":\"ImageObject\",\"inLanguage\":\"es-CO\",\"@id\":\"https:\/\/www.icesi.edu.co\/servicios\/convenios-cswa\/#primaryimage\",\"url\":\"https:\/\/www.icesi.edu.co\/servicios\/wp-content\/uploads\/2025\/03\/1667953647680.jpg\",\"contentUrl\":\"https:\/\/www.icesi.edu.co\/servicios\/wp-content\/uploads\/2025\/03\/1667953647680.jpg\",\"width\":1270,\"height\":720},{\"@type\":\"BreadcrumbList\",\"@id\":\"https:\/\/www.icesi.edu.co\/servicios\/convenios-cswa\/#breadcrumb\",\"itemListElement\":[{\"@type\":\"ListItem\",\"position\":1,\"name\":\"Inicio\",\"item\":\"https:\/\/www.icesi.edu.co\/servicios\/\"},{\"@type\":\"ListItem\",\"position\":2,\"name\":\"CSWA Academic Certification\"}]},{\"@type\":\"WebSite\",\"@id\":\"https:\/\/www.icesi.edu.co\/servicios\/#website\",\"url\":\"https:\/\/www.icesi.edu.co\/servicios\/\",\"name\":\"Servicios\",\"description\":\"Sitio de Servicios Universidad ICESI\",\"publisher\":{\"@id\":\"https:\/\/www.icesi.edu.co\/servicios\/#organization\"},\"potentialAction\":[{\"@type\":\"SearchAction\",\"target\":{\"@type\":\"EntryPoint\",\"urlTemplate\":\"https:\/\/www.icesi.edu.co\/servicios\/?s={search_term_string}\"},\"query-input\":{\"@type\":\"PropertyValueSpecification\",\"valueRequired\":true,\"valueName\":\"search_term_string\"}}],\"inLanguage\":\"es-CO\"},{\"@type\":\"Organization\",\"@id\":\"https:\/\/www.icesi.edu.co\/servicios\/#organization\",\"name\":\"Servicios\",\"url\":\"https:\/\/www.icesi.edu.co\/servicios\/\",\"logo\":{\"@type\":\"ImageObject\",\"inLanguage\":\"es-CO\",\"@id\":\"https:\/\/www.icesi.edu.co\/servicios\/#\/schema\/logo\/image\/\",\"url\":\"https:\/\/www.icesi.edu.co\/servicios\/wp-content\/uploads\/2024\/04\/LogoSitio.png\",\"contentUrl\":\"https:\/\/www.icesi.edu.co\/servicios\/wp-content\/uploads\/2024\/04\/LogoSitio.png\",\"width\":223,\"height\":54,\"caption\":\"Servicios\"},\"image\":{\"@id\":\"https:\/\/www.icesi.edu.co\/servicios\/#\/schema\/logo\/image\/\"}}]}<\/script>\n<!-- \/ Yoast SEO plugin. -->","yoast_head_json":{"title":"CSWA Academic Certification - Servicios","robots":{"index":"index","follow":"follow","max-snippet":"max-snippet:-1","max-image-preview":"max-image-preview:large","max-video-preview":"max-video-preview:-1"},"canonical":"https:\/\/www.icesi.edu.co\/servicios\/convenios-cswa\/","og_locale":"es_ES","og_type":"article","og_title":"CSWA Academic Certification - Servicios","og_description":"Dando continuidad a los beneficios para nuestros estudiantes, y luego de lograr licenciamiento gratuito para sus equipos personales, hemos activado el beneficio del examen de certificaci\u00f3n\u00a0CSWA Academic Certification,\u00a0para que los estudiantes que est\u00e9n interesados en contar con una certificaci\u00f3n que demuestre sus conocimientos de modelado, conceptos de dise\u00f1o, y el dise\u00f1o sostenible, puedan tomarlo por [&hellip;]","og_url":"https:\/\/www.icesi.edu.co\/servicios\/convenios-cswa\/","og_site_name":"Servicios","article_modified_time":"2025-03-31T20:01:50+00:00","og_image":[{"url":"https:\/\/www.icesi.edu.co\/servicios\/wp-content\/uploads\/2025\/03\/1667953647680-1024x581.jpg","type":"","width":"","height":""}],"twitter_card":"summary_large_image","twitter_misc":{"Tiempo de lectura":"3 minutos"},"schema":{"@context":"https:\/\/schema.org","@graph":[{"@type":"WebPage","@id":"https:\/\/www.icesi.edu.co\/servicios\/convenios-cswa\/","url":"https:\/\/www.icesi.edu.co\/servicios\/convenios-cswa\/","name":"CSWA Academic Certification - Servicios","isPartOf":{"@id":"https:\/\/www.icesi.edu.co\/servicios\/#website"},"primaryImageOfPage":{"@id":"https:\/\/www.icesi.edu.co\/servicios\/convenios-cswa\/#primaryimage"},"image":{"@id":"https:\/\/www.icesi.edu.co\/servicios\/convenios-cswa\/#primaryimage"},"thumbnailUrl":"https:\/\/www.icesi.edu.co\/servicios\/wp-content\/uploads\/2025\/03\/1667953647680-1024x581.jpg","datePublished":"2025-03-27T16:31:42+00:00","dateModified":"2025-03-31T20:01:50+00:00","breadcrumb":{"@id":"https:\/\/www.icesi.edu.co\/servicios\/convenios-cswa\/#breadcrumb"},"inLanguage":"es-CO","potentialAction":[{"@type":"ReadAction","target":["https:\/\/www.icesi.edu.co\/servicios\/convenios-cswa\/"]}]},{"@type":"ImageObject","inLanguage":"es-CO","@id":"https:\/\/www.icesi.edu.co\/servicios\/convenios-cswa\/#primaryimage","url":"https:\/\/www.icesi.edu.co\/servicios\/wp-content\/uploads\/2025\/03\/1667953647680.jpg","contentUrl":"https:\/\/www.icesi.edu.co\/servicios\/wp-content\/uploads\/2025\/03\/1667953647680.jpg","width":1270,"height":720},{"@type":"BreadcrumbList","@id":"https:\/\/www.icesi.edu.co\/servicios\/convenios-cswa\/#breadcrumb","itemListElement":[{"@type":"ListItem","position":1,"name":"Inicio","item":"https:\/\/www.icesi.edu.co\/servicios\/"},{"@type":"ListItem","position":2,"name":"CSWA Academic Certification"}]},{"@type":"WebSite","@id":"https:\/\/www.icesi.edu.co\/servicios\/#website","url":"https:\/\/www.icesi.edu.co\/servicios\/","name":"Servicios","description":"Sitio de Servicios Universidad ICESI","publisher":{"@id":"https:\/\/www.icesi.edu.co\/servicios\/#organization"},"potentialAction":[{"@type":"SearchAction","target":{"@type":"EntryPoint","urlTemplate":"https:\/\/www.icesi.edu.co\/servicios\/?s={search_term_string}"},"query-input":{"@type":"PropertyValueSpecification","valueRequired":true,"valueName":"search_term_string"}}],"inLanguage":"es-CO"},{"@type":"Organization","@id":"https:\/\/www.icesi.edu.co\/servicios\/#organization","name":"Servicios","url":"https:\/\/www.icesi.edu.co\/servicios\/","logo":{"@type":"ImageObject","inLanguage":"es-CO","@id":"https:\/\/www.icesi.edu.co\/servicios\/#\/schema\/logo\/image\/","url":"https:\/\/www.icesi.edu.co\/servicios\/wp-content\/uploads\/2024\/04\/LogoSitio.png","contentUrl":"https:\/\/www.icesi.edu.co\/servicios\/wp-content\/uploads\/2024\/04\/LogoSitio.png","width":223,"height":54,"caption":"Servicios"},"image":{"@id":"https:\/\/www.icesi.edu.co\/servicios\/#\/schema\/logo\/image\/"}}]}},"_links":{"self":[{"href":"https:\/\/www.icesi.edu.co\/servicios\/wp-json\/wp\/v2\/pages\/6311","targetHints":{"allow":["GET"]}}],"collection":[{"href":"https:\/\/www.icesi.edu.co\/servicios\/wp-json\/wp\/v2\/pages"}],"about":[{"href":"https:\/\/www.icesi.edu.co\/servicios\/wp-json\/wp\/v2\/types\/page"}],"author":[{"embeddable":true,"href":"https:\/\/www.icesi.edu.co\/servicios\/wp-json\/wp\/v2\/users\/1"}],"replies":[{"embeddable":true,"href":"https:\/\/www.icesi.edu.co\/servicios\/wp-json\/wp\/v2\/comments?post=6311"}],"version-history":[{"count":7,"href":"https:\/\/www.icesi.edu.co\/servicios\/wp-json\/wp\/v2\/pages\/6311\/revisions"}],"predecessor-version":[{"id":6434,"href":"https:\/\/www.icesi.edu.co\/servicios\/wp-json\/wp\/v2\/pages\/6311\/revisions\/6434"}],"wp:attachment":[{"href":"https:\/\/www.icesi.edu.co\/servicios\/wp-json\/wp\/v2\/media?parent=6311"}],"curies":[{"name":"wp","href":"https:\/\/api.w.org\/{rel}","templated":true}]}}