{"id":6654,"date":"2025-06-17T09:21:14","date_gmt":"2025-06-17T14:21:14","guid":{"rendered":"https:\/\/www.icesi.edu.co\/servicios\/?page_id=6654"},"modified":"2025-06-17T09:51:12","modified_gmt":"2025-06-17T14:51:12","slug":"red-institucional","status":"publish","type":"page","link":"https:\/\/www.icesi.edu.co\/servicios\/syri\/ccc\/red-institucional\/","title":{"rendered":"Red Institucional"},"content":{"rendered":"\t\t<div data-elementor-type=\"wp-page\" data-elementor-id=\"6654\" class=\"elementor elementor-6654\">\n\t\t\t\t\t\t<section class=\"elementor-section elementor-top-section elementor-element elementor-element-0bc12ec elementor-section-boxed elementor-section-height-default elementor-section-height-default\" data-id=\"0bc12ec\" data-element_type=\"section\" data-settings=\"{&quot;background_background&quot;:&quot;classic&quot;}\">\n\t\t\t\t\t\t\t<div class=\"elementor-background-overlay\"><\/div>\n\t\t\t\t\t\t\t<div class=\"elementor-container elementor-column-gap-default\">\n\t\t\t\t\t<div class=\"elementor-column elementor-col-100 elementor-top-column elementor-element elementor-element-c63507c\" data-id=\"c63507c\" data-element_type=\"column\" data-settings=\"{&quot;background_background&quot;:&quot;classic&quot;}\">\n\t\t\t<div class=\"elementor-widget-wrap elementor-element-populated\">\n\t\t\t\t<div class=\"elementor-element elementor-element-ff68884 e-grid e-con-boxed e-con e-parent\" data-id=\"ff68884\" data-element_type=\"container\">\n\t\t\t\t\t<div class=\"e-con-inner\">\n\t\t<div class=\"elementor-element elementor-element-25ef61a e-flex e-con-boxed e-con e-child\" data-id=\"25ef61a\" data-element_type=\"container\">\n\t\t\t\t\t<div class=\"e-con-inner\">\n\t\t\t\t<div class=\"elementor-element elementor-element-cb841b4 elementor-widget elementor-widget-text-editor\" data-id=\"cb841b4\" data-element_type=\"widget\" data-widget_type=\"text-editor.default\">\n\t\t\t\t<div class=\"elementor-widget-container\">\n\t\t\t\t\t\t\t\t\t<p><strong><u>Objetivo del recurso:\u00a0<\/u><\/strong><\/p><p>Brindar un medio confiable y eficiente de interconexi\u00f3n entre los dispositivos presentes en el campus universitario, facilitando el acceso a servicios alojados en el centro de datos institucional, as\u00ed como a Internet y a otras redes a nivel global. Este recurso constituye un pilar esencial para el desarrollo de actividades acad\u00e9micas, administrativas y de investigaci\u00f3n dentro de la Universidad Icesi.<\/p><p><strong><u>Descripci\u00f3n y beneficios:\u00a0<\/u><\/strong><\/p><p>La Universidad Icesi dispone de una robusta infraestructura de red compuesta por el cableado estructurado en categor\u00edas 5e, 6 y 6a, switches, enlaces de fibra \u00f3ptica y puntos de acceso inal\u00e1mbrico, que en conjunto permiten la conexi\u00f3n de dispositivos, equipos, servidores y usuarios de forma integrada.<\/p><p>Este recurso proporciona a la comunidad universitaria acceso \u00e1gil y seguro a una amplia gama de servicios institucionales, tales como:<\/p><ul><li>Correo electr\u00f3nico institucional.<\/li><li>Navegaci\u00f3n web con pol\u00edticas de seguridad y control.<\/li><li>Uso de aplicaciones inform\u00e1ticas cr\u00edticas para la gesti\u00f3n acad\u00e9mica, administrativa y operativa.<\/li><\/ul><p>Actualmente, la cobertura de la red se extiende a la totalidad del campus, tanto mediante puntos de red cableados como a trav\u00e9s de conexiones inal\u00e1mbricas, lo cual garantiza conectividad permanente y de alta disponibilidad en todos los espacios de la Universidad.<\/p>\t\t\t\t\t\t\t\t<\/div>\n\t\t\t\t<\/div>\n\t\t\t\t<div class=\"elementor-element elementor-element-03c1968 elementor-widget elementor-widget-text-editor\" data-id=\"03c1968\" data-element_type=\"widget\" data-widget_type=\"text-editor.default\">\n\t\t\t\t<div class=\"elementor-widget-container\">\n\t\t\t\t\t\t\t\t\t<p style=\"text-align: center;\">*Al acceder a este sitio acepto los t\u00e9rminos y condiciones del servicio*\u00a0<\/p>\t\t\t\t\t\t\t\t<\/div>\n\t\t\t\t<\/div>\n\t\t\t\t\t<\/div>\n\t\t\t\t<\/div>\n\t\t\t\t<div class=\"elementor-element elementor-element-cfe0188 elementor-widget elementor-widget-image\" data-id=\"cfe0188\" data-element_type=\"widget\" data-widget_type=\"image.default\">\n\t\t\t\t<div class=\"elementor-widget-container\">\n\t\t\t\t\t\t\t\t\t\t\t\t\t\t\t<img fetchpriority=\"high\" decoding=\"async\" width=\"366\" height=\"303\" src=\"https:\/\/www.icesi.edu.co\/servicios\/wp-content\/uploads\/2024\/11\/Captura-3.png\" class=\"attachment-large size-large wp-image-5373\" alt=\"\" srcset=\"https:\/\/www.icesi.edu.co\/servicios\/wp-content\/uploads\/2024\/11\/Captura-3.png 366w, https:\/\/www.icesi.edu.co\/servicios\/wp-content\/uploads\/2024\/11\/Captura-3-300x248.png 300w\" sizes=\"(max-width: 366px) 100vw, 366px\" \/>\t\t\t\t\t\t\t\t\t\t\t\t\t\t\t<\/div>\n\t\t\t\t<\/div>\n\t\t\t\t\t<\/div>\n\t\t\t\t<\/div>\n\t\t\t\t<div class=\"elementor-element elementor-element-5aa428c elementor-widget elementor-widget-text-editor\" data-id=\"5aa428c\" data-element_type=\"widget\" data-widget_type=\"text-editor.default\">\n\t\t\t\t<div class=\"elementor-widget-container\">\n\t\t\t\t\t\t\t\t\t<p>En caso de requerir ayuda puedes utilizar lo siguientes canales:<\/p>\t\t\t\t\t\t\t\t<\/div>\n\t\t\t\t<\/div>\n\t\t\t\t<div class=\"elementor-element elementor-element-b5942d3 elementor-icon-list--layout-traditional elementor-list-item-link-full_width elementor-widget elementor-widget-icon-list\" data-id=\"b5942d3\" data-element_type=\"widget\" data-widget_type=\"icon-list.default\">\n\t\t\t\t<div class=\"elementor-widget-container\">\n\t\t\t\t\t\t\t<ul class=\"elementor-icon-list-items\">\n\t\t\t\t\t\t\t<li class=\"elementor-icon-list-item\">\n\t\t\t\t\t\t\t\t\t\t\t<span class=\"elementor-icon-list-icon\">\n\t\t\t\t\t\t\t<svg aria-hidden=\"true\" class=\"e-font-icon-svg e-fas-map-pin\" viewBox=\"0 0 288 512\" xmlns=\"http:\/\/www.w3.org\/2000\/svg\"><path d=\"M112 316.94v156.69l22.02 33.02c4.75 7.12 15.22 7.12 19.97 0L176 473.63V316.94c-10.39 1.92-21.06 3.06-32 3.06s-21.61-1.14-32-3.06zM144 0C64.47 0 0 64.47 0 144s64.47 144 144 144 144-64.47 144-144S223.53 0 144 0zm0 76c-37.5 0-68 30.5-68 68 0 6.62-5.38 12-12 12s-12-5.38-12-12c0-50.73 41.28-92 92-92 6.62 0 12 5.38 12 12s-5.38 12-12 12z\"><\/path><\/svg>\t\t\t\t\t\t<\/span>\n\t\t\t\t\t\t\t\t\t\t<span class=\"elementor-icon-list-text\">Universidad Icesi, punto de atenci\u00f3n Syri - Edificio C, primer piso. <\/span>\n\t\t\t\t\t\t\t\t\t<\/li>\n\t\t\t\t\t\t\t\t<li class=\"elementor-icon-list-item\">\n\t\t\t\t\t\t\t\t\t\t\t<span class=\"elementor-icon-list-icon\">\n\t\t\t\t\t\t\t<svg aria-hidden=\"true\" class=\"e-font-icon-svg e-far-clock\" viewBox=\"0 0 512 512\" xmlns=\"http:\/\/www.w3.org\/2000\/svg\"><path d=\"M256 8C119 8 8 119 8 256s111 248 248 248 248-111 248-248S393 8 256 8zm0 448c-110.5 0-200-89.5-200-200S145.5 56 256 56s200 89.5 200 200-89.5 200-200 200zm61.8-104.4l-84.9-61.7c-3.1-2.3-4.9-5.9-4.9-9.7V116c0-6.6 5.4-12 12-12h32c6.6 0 12 5.4 12 12v141.7l66.8 48.6c5.4 3.9 6.5 11.4 2.6 16.8L334.6 349c-3.9 5.3-11.4 6.5-16.8 2.6z\"><\/path><\/svg>\t\t\t\t\t\t<\/span>\n\t\t\t\t\t\t\t\t\t\t<span class=\"elementor-icon-list-text\">Horario de atenci\u00f3n, de lunes a viernes 08:00-12:00 y 14:00-18:00<\/span>\n\t\t\t\t\t\t\t\t\t<\/li>\n\t\t\t\t\t\t\t\t<li class=\"elementor-icon-list-item\">\n\t\t\t\t\t\t\t\t\t\t\t<span class=\"elementor-icon-list-icon\">\n\t\t\t\t\t\t\t<svg aria-hidden=\"true\" class=\"e-font-icon-svg e-far-envelope\" viewBox=\"0 0 512 512\" xmlns=\"http:\/\/www.w3.org\/2000\/svg\"><path d=\"M464 64H48C21.49 64 0 85.49 0 112v288c0 26.51 21.49 48 48 48h416c26.51 0 48-21.49 48-48V112c0-26.51-21.49-48-48-48zm0 48v40.805c-22.422 18.259-58.168 46.651-134.587 106.49-16.841 13.247-50.201 45.072-73.413 44.701-23.208.375-56.579-31.459-73.413-44.701C106.18 199.465 70.425 171.067 48 152.805V112h416zM48 400V214.398c22.914 18.251 55.409 43.862 104.938 82.646 21.857 17.205 60.134 55.186 103.062 54.955 42.717.231 80.509-37.199 103.053-54.947 49.528-38.783 82.032-64.401 104.947-82.653V400H48z\"><\/path><\/svg>\t\t\t\t\t\t<\/span>\n\t\t\t\t\t\t\t\t\t\t<span class=\"elementor-icon-list-text\">infraestructura@listas.icesi.edu.co<\/span>\n\t\t\t\t\t\t\t\t\t<\/li>\n\t\t\t\t\t\t\t\t<li class=\"elementor-icon-list-item\">\n\t\t\t\t\t\t\t\t\t\t\t<span class=\"elementor-icon-list-icon\">\n\t\t\t\t\t\t\t<svg aria-hidden=\"true\" class=\"e-font-icon-svg e-fas-phone\" viewBox=\"0 0 512 512\" xmlns=\"http:\/\/www.w3.org\/2000\/svg\"><path d=\"M493.4 24.6l-104-24c-11.3-2.6-22.9 3.3-27.5 13.9l-48 112c-4.2 9.8-1.4 21.3 6.9 28l60.6 49.6c-36 76.7-98.9 140.5-177.2 177.2l-49.6-60.6c-6.8-8.3-18.2-11.1-28-6.9l-112 48C3.9 366.5-2 378.1.6 389.4l24 104C27.1 504.2 36.7 512 48 512c256.1 0 464-207.5 464-464 0-11.2-7.7-20.9-18.6-23.4z\"><\/path><\/svg>\t\t\t\t\t\t<\/span>\n\t\t\t\t\t\t\t\t\t\t<span class=\"elementor-icon-list-text\"> +57 (602) 5552334, extensi\u00f3n 4200<\/span>\n\t\t\t\t\t\t\t\t\t<\/li>\n\t\t\t\t\t\t<\/ul>\n\t\t\t\t\t\t<\/div>\n\t\t\t\t<\/div>\n\t\t\t\t\t<\/div>\n\t\t<\/div>\n\t\t\t\t\t<\/div>\n\t\t<\/section>\n\t\t<div class=\"elementor-element elementor-element-6e33eac e-con-full e-flex e-con e-parent\" data-id=\"6e33eac\" data-element_type=\"container\">\n\t\t\t\t<div class=\"elementor-element elementor-element-7af9582 elementor-widget elementor-widget-text-editor\" data-id=\"7af9582\" data-element_type=\"widget\" data-widget_type=\"text-editor.default\">\n\t\t\t\t<div class=\"elementor-widget-container\">\n\t\t\t\t\t\t\t\t\t<p>Si desea conocer m\u00e1s informaci\u00f3n acerca de este servicio:<\/p>\t\t\t\t\t\t\t\t<\/div>\n\t\t\t\t<\/div>\n\t\t\t\t<div class=\"elementor-element elementor-element-9a06849 elementor-tabs-alignment-center elementor-tabs-view-horizontal elementor-widget elementor-widget-tabs\" data-id=\"9a06849\" data-element_type=\"widget\" data-widget_type=\"tabs.default\">\n\t\t\t\t<div class=\"elementor-widget-container\">\n\t\t\t\t\t\t\t<div class=\"elementor-tabs\">\n\t\t\t<div class=\"elementor-tabs-wrapper\" role=\"tablist\" >\n\t\t\t\t\t\t\t\t\t<div id=\"elementor-tab-title-1611\" class=\"elementor-tab-title elementor-tab-desktop-title\" aria-selected=\"true\" data-tab=\"1\" role=\"tab\" tabindex=\"0\" aria-controls=\"elementor-tab-content-1611\" aria-expanded=\"false\">T\u00e9rminos y condiciones<\/div>\n\t\t\t\t\t\t\t<\/div>\n\t\t\t<div class=\"elementor-tabs-content-wrapper\" role=\"tablist\" aria-orientation=\"vertical\">\n\t\t\t\t\t\t\t\t\t<div class=\"elementor-tab-title elementor-tab-mobile-title\" aria-selected=\"true\" data-tab=\"1\" role=\"tab\" tabindex=\"0\" aria-controls=\"elementor-tab-content-1611\" aria-expanded=\"false\">T\u00e9rminos y condiciones<\/div>\n\t\t\t\t\t<div id=\"elementor-tab-content-1611\" class=\"elementor-tab-content elementor-clearfix\" data-tab=\"1\" role=\"tabpanel\" aria-labelledby=\"elementor-tab-title-1611\" tabindex=\"0\" hidden=\"false\"><ol><li><strong>Supervisi\u00f3n y responsabilidades de la infraestructura de red institucional<\/strong><\/li><\/ol><ul><li>La planeaci\u00f3n, dise\u00f1o, actualizaci\u00f3n, mantenimiento y administraci\u00f3n de la red institucional es responsabilidad exclusiva de la oficina de Syri Infraestructura, siguiendo los lineamientos del documento \u201cEspecificaciones de dise\u00f1o para la infraestructura de red de la Universidad Icesi\u201d.<\/li><li>La asignaci\u00f3n y gesti\u00f3n de direcciones IP p\u00fablicas y privadas para la conectividad de equipos y dispositivos a la red institucional y a Internet tambi\u00e9n es de su competencia.<\/li><li>Syri Infraestructura definir\u00e1 un esquema de segregaci\u00f3n de redes que permita controlar los accesos, asegurando as\u00ed la confidencialidad, integridad y disponibilidad de la informaci\u00f3n institucional. Dicha segregaci\u00f3n se hace de acuerdo a criterios de espacios (salas, salones, auditorios) o funciones (administrativa, servidores corporativos, red p\u00fablica).<\/li><li>Toda modificaci\u00f3n, ampliaci\u00f3n o remodelaci\u00f3n del cableado estructurado o de la configuraci\u00f3n l\u00f3gica de la red institucional debe contar con la previa aprobaci\u00f3n y supervisi\u00f3n del \u00e1rea de Syri Infraestructura.<\/li><li>Cuando se requiera contratar a un tercero autorizado por la Universidad para realizar trabajos de cableado estructurado, dicha contrataci\u00f3n deber\u00e1 ser aprobada por Syri Infraestructura antes de la firma del contrato correspondiente. La ejecuci\u00f3n de estas obras deber\u00e1 desarrollarse bajo la supervisi\u00f3n permanente de Syri Infraestructura, y su culminaci\u00f3n estar\u00e1 sujeta a la elaboraci\u00f3n y aprobaci\u00f3n del acta de entrega y recibo a satisfacci\u00f3n.<\/li><\/ul><ol start=\"2\"><li><strong>Condiciones para el uso y conexi\u00f3n a la red institucional<\/strong><\/li><\/ol><p>El uso de la red institucional por parte de los miembros de la comunidad de la Universidad Icesi estar\u00e1 sujeto a los siguientes lineamientos:<\/p><ul><li>Cada usuario conectado a la red es responsable de proteger y salvaguardar la seguridad de la informaci\u00f3n que transmite a trav\u00e9s de ella.<\/li><li>La conexi\u00f3n de nuevos dispositivos (servidores, c\u00e1maras, tel\u00e9fonos IP, equipos inal\u00e1mbricos, etc.), salvo en el caso de la red inal\u00e1mbrica p\u00fablica, requiere autorizaci\u00f3n expresa y supervisi\u00f3n de Syri Infraestructura.<\/li><li>Ante cualquier incidente de seguridad de la informaci\u00f3n, Syri Infraestructura se reserva el derecho de desconectar el dispositivo afectado.<\/li><li>Es deber del usuario reportar de forma inmediata a Syri cualquier anomal\u00eda detectada en la red mediante los canales oficiales de contacto.<\/li><li>Para preservar la estabilidad de la red, Syri podr\u00e1 bloquear o deshabilitar equipos o direcciones IP conectadas sin su autorizaci\u00f3n.<\/li><li>Los dispositivos personales de la comunidad universitaria solo podr\u00e1n conectarse a la red inal\u00e1mbrica p\u00fablica. Est\u00e1 estrictamente prohibido conectarlos a cualquier otra red interna.<\/li><\/ul><p>3.<strong> Actividades prohibidas al usar la red institucional<\/strong><\/p><p>Durante el uso de los recursos de la red institucional, quedan prohibidas las siguientes actividades:<\/p><ul><li>Utilizar la red o infraestructura TI de la Universidad con fines lucrativos, salvo autorizaci\u00f3n institucional expresa.<\/li><li>Participar en actividades de acoso, difamaci\u00f3n, calumnia o cualquier otra conducta hostil o delictiva.<\/li><li>Ejecutar herramientas de monitoreo o escaneo de red sin previa autorizaci\u00f3n de Syri Infraestructura.<\/li><li>Intentar vulnerar mecanismos de seguridad, autenticaci\u00f3n o auditor\u00eda de servicios de red o cuentas.<\/li><li>Manipular sin autorizaci\u00f3n dispositivos como switches, enrutadores, antenas u otros componentes de red institucional.<\/li><li>Alterar la configuraci\u00f3n de red en equipos institucionales sin permiso de Syri Infraestructura.<\/li><li>Ingresar a centros de cableado sin autorizaci\u00f3n expresa.<\/li><li>Transmitir informaci\u00f3n ilegal, abusiva o que infrinja derechos de terceros o afecte la reputaci\u00f3n institucional.<\/li><li>Explorar o explotar vulnerabilidades de seguridad, o realizar actos considerados abusivos seg\u00fan la legislaci\u00f3n vigente.<\/li><\/ul><p><em>4. <\/em><strong>Medidas ante el uso indebido de la red institucional<\/strong><\/p><p>En caso de detectarse alguna de las conductas anteriormente descritas, Syri Infraestructura proceder\u00e1 con la desconexi\u00f3n o desactivaci\u00f3n inmediata del equipo o cuenta responsable, e informar\u00e1 del incidente a los entes de control interno de la Universidad, para que se tomen las acciones correspondientes.<\/p><\/div>\n\t\t\t\t\t\t\t<\/div>\n\t\t<\/div>\n\t\t\t\t\t\t<\/div>\n\t\t\t\t<\/div>\n\t\t\t\t<\/div>\n\t\t\t\t<\/div>\n\t\t","protected":false},"excerpt":{"rendered":"<p>Objetivo del recurso:\u00a0 Brindar un medio confiable y eficiente de interconexi\u00f3n entre los dispositivos presentes en el campus universitario, facilitando el acceso a servicios alojados en el centro de datos institucional, as\u00ed como a Internet y a otras redes a nivel global. Este recurso constituye un pilar esencial para el desarrollo de actividades acad\u00e9micas, administrativas [&hellip;]<\/p>\n","protected":false},"author":1,"featured_media":0,"parent":4188,"menu_order":0,"comment_status":"closed","ping_status":"closed","template":"","meta":{"footnotes":""},"class_list":["post-6654","page","type-page","status-publish","hentry"],"yoast_head":"<!-- This site is optimized with the Yoast SEO plugin v26.6 - https:\/\/yoast.com\/wordpress\/plugins\/seo\/ -->\n<title>Red Institucional - Servicios<\/title>\n<meta name=\"robots\" content=\"index, follow, max-snippet:-1, max-image-preview:large, max-video-preview:-1\" \/>\n<link rel=\"canonical\" href=\"https:\/\/www.icesi.edu.co\/servicios\/syri\/ccc\/red-institucional\/\" \/>\n<meta property=\"og:locale\" content=\"es_ES\" \/>\n<meta property=\"og:type\" content=\"article\" \/>\n<meta property=\"og:title\" content=\"Red Institucional - Servicios\" \/>\n<meta property=\"og:description\" content=\"Objetivo del recurso:\u00a0 Brindar un medio confiable y eficiente de interconexi\u00f3n entre los dispositivos presentes en el campus universitario, facilitando el acceso a servicios alojados en el centro de datos institucional, as\u00ed como a Internet y a otras redes a nivel global. Este recurso constituye un pilar esencial para el desarrollo de actividades acad\u00e9micas, administrativas [&hellip;]\" \/>\n<meta property=\"og:url\" content=\"https:\/\/www.icesi.edu.co\/servicios\/syri\/ccc\/red-institucional\/\" \/>\n<meta property=\"og:site_name\" content=\"Servicios\" \/>\n<meta property=\"article:modified_time\" content=\"2025-06-17T14:51:12+00:00\" \/>\n<meta property=\"og:image\" content=\"https:\/\/www.icesi.edu.co\/servicios\/wp-content\/uploads\/2024\/11\/Captura-3.png\" \/>\n<meta name=\"twitter:card\" content=\"summary_large_image\" \/>\n<meta name=\"twitter:label1\" content=\"Tiempo de lectura\" \/>\n\t<meta name=\"twitter:data1\" content=\"5 minutos\" \/>\n<script type=\"application\/ld+json\" class=\"yoast-schema-graph\">{\"@context\":\"https:\/\/schema.org\",\"@graph\":[{\"@type\":\"WebPage\",\"@id\":\"https:\/\/www.icesi.edu.co\/servicios\/syri\/ccc\/red-institucional\/\",\"url\":\"https:\/\/www.icesi.edu.co\/servicios\/syri\/ccc\/red-institucional\/\",\"name\":\"Red Institucional - Servicios\",\"isPartOf\":{\"@id\":\"https:\/\/www.icesi.edu.co\/servicios\/#website\"},\"primaryImageOfPage\":{\"@id\":\"https:\/\/www.icesi.edu.co\/servicios\/syri\/ccc\/red-institucional\/#primaryimage\"},\"image\":{\"@id\":\"https:\/\/www.icesi.edu.co\/servicios\/syri\/ccc\/red-institucional\/#primaryimage\"},\"thumbnailUrl\":\"https:\/\/www.icesi.edu.co\/servicios\/wp-content\/uploads\/2024\/11\/Captura-3.png\",\"datePublished\":\"2025-06-17T14:21:14+00:00\",\"dateModified\":\"2025-06-17T14:51:12+00:00\",\"breadcrumb\":{\"@id\":\"https:\/\/www.icesi.edu.co\/servicios\/syri\/ccc\/red-institucional\/#breadcrumb\"},\"inLanguage\":\"es-CO\",\"potentialAction\":[{\"@type\":\"ReadAction\",\"target\":[\"https:\/\/www.icesi.edu.co\/servicios\/syri\/ccc\/red-institucional\/\"]}]},{\"@type\":\"ImageObject\",\"inLanguage\":\"es-CO\",\"@id\":\"https:\/\/www.icesi.edu.co\/servicios\/syri\/ccc\/red-institucional\/#primaryimage\",\"url\":\"https:\/\/www.icesi.edu.co\/servicios\/wp-content\/uploads\/2024\/11\/Captura-3.png\",\"contentUrl\":\"https:\/\/www.icesi.edu.co\/servicios\/wp-content\/uploads\/2024\/11\/Captura-3.png\"},{\"@type\":\"BreadcrumbList\",\"@id\":\"https:\/\/www.icesi.edu.co\/servicios\/syri\/ccc\/red-institucional\/#breadcrumb\",\"itemListElement\":[{\"@type\":\"ListItem\",\"position\":1,\"name\":\"Inicio\",\"item\":\"https:\/\/www.icesi.edu.co\/servicios\/\"},{\"@type\":\"ListItem\",\"position\":2,\"name\":\"Syri\",\"item\":\"https:\/\/www.icesi.edu.co\/servicios\/syri\/\"},{\"@type\":\"ListItem\",\"position\":3,\"name\":\"Colaboraci\u00f3n, comunicaci\u00f3n y conectividad\",\"item\":\"https:\/\/www.icesi.edu.co\/servicios\/syri\/ccc\/\"},{\"@type\":\"ListItem\",\"position\":4,\"name\":\"Red Institucional\"}]},{\"@type\":\"WebSite\",\"@id\":\"https:\/\/www.icesi.edu.co\/servicios\/#website\",\"url\":\"https:\/\/www.icesi.edu.co\/servicios\/\",\"name\":\"Servicios\",\"description\":\"Sitio de Servicios Universidad ICESI\",\"publisher\":{\"@id\":\"https:\/\/www.icesi.edu.co\/servicios\/#organization\"},\"potentialAction\":[{\"@type\":\"SearchAction\",\"target\":{\"@type\":\"EntryPoint\",\"urlTemplate\":\"https:\/\/www.icesi.edu.co\/servicios\/?s={search_term_string}\"},\"query-input\":{\"@type\":\"PropertyValueSpecification\",\"valueRequired\":true,\"valueName\":\"search_term_string\"}}],\"inLanguage\":\"es-CO\"},{\"@type\":\"Organization\",\"@id\":\"https:\/\/www.icesi.edu.co\/servicios\/#organization\",\"name\":\"Servicios\",\"url\":\"https:\/\/www.icesi.edu.co\/servicios\/\",\"logo\":{\"@type\":\"ImageObject\",\"inLanguage\":\"es-CO\",\"@id\":\"https:\/\/www.icesi.edu.co\/servicios\/#\/schema\/logo\/image\/\",\"url\":\"https:\/\/www.icesi.edu.co\/servicios\/wp-content\/uploads\/2024\/04\/LogoSitio.png\",\"contentUrl\":\"https:\/\/www.icesi.edu.co\/servicios\/wp-content\/uploads\/2024\/04\/LogoSitio.png\",\"width\":223,\"height\":54,\"caption\":\"Servicios\"},\"image\":{\"@id\":\"https:\/\/www.icesi.edu.co\/servicios\/#\/schema\/logo\/image\/\"}}]}<\/script>\n<!-- \/ Yoast SEO plugin. -->","yoast_head_json":{"title":"Red Institucional - Servicios","robots":{"index":"index","follow":"follow","max-snippet":"max-snippet:-1","max-image-preview":"max-image-preview:large","max-video-preview":"max-video-preview:-1"},"canonical":"https:\/\/www.icesi.edu.co\/servicios\/syri\/ccc\/red-institucional\/","og_locale":"es_ES","og_type":"article","og_title":"Red Institucional - Servicios","og_description":"Objetivo del recurso:\u00a0 Brindar un medio confiable y eficiente de interconexi\u00f3n entre los dispositivos presentes en el campus universitario, facilitando el acceso a servicios alojados en el centro de datos institucional, as\u00ed como a Internet y a otras redes a nivel global. Este recurso constituye un pilar esencial para el desarrollo de actividades acad\u00e9micas, administrativas [&hellip;]","og_url":"https:\/\/www.icesi.edu.co\/servicios\/syri\/ccc\/red-institucional\/","og_site_name":"Servicios","article_modified_time":"2025-06-17T14:51:12+00:00","og_image":[{"url":"https:\/\/www.icesi.edu.co\/servicios\/wp-content\/uploads\/2024\/11\/Captura-3.png","type":"","width":"","height":""}],"twitter_card":"summary_large_image","twitter_misc":{"Tiempo de lectura":"5 minutos"},"schema":{"@context":"https:\/\/schema.org","@graph":[{"@type":"WebPage","@id":"https:\/\/www.icesi.edu.co\/servicios\/syri\/ccc\/red-institucional\/","url":"https:\/\/www.icesi.edu.co\/servicios\/syri\/ccc\/red-institucional\/","name":"Red Institucional - Servicios","isPartOf":{"@id":"https:\/\/www.icesi.edu.co\/servicios\/#website"},"primaryImageOfPage":{"@id":"https:\/\/www.icesi.edu.co\/servicios\/syri\/ccc\/red-institucional\/#primaryimage"},"image":{"@id":"https:\/\/www.icesi.edu.co\/servicios\/syri\/ccc\/red-institucional\/#primaryimage"},"thumbnailUrl":"https:\/\/www.icesi.edu.co\/servicios\/wp-content\/uploads\/2024\/11\/Captura-3.png","datePublished":"2025-06-17T14:21:14+00:00","dateModified":"2025-06-17T14:51:12+00:00","breadcrumb":{"@id":"https:\/\/www.icesi.edu.co\/servicios\/syri\/ccc\/red-institucional\/#breadcrumb"},"inLanguage":"es-CO","potentialAction":[{"@type":"ReadAction","target":["https:\/\/www.icesi.edu.co\/servicios\/syri\/ccc\/red-institucional\/"]}]},{"@type":"ImageObject","inLanguage":"es-CO","@id":"https:\/\/www.icesi.edu.co\/servicios\/syri\/ccc\/red-institucional\/#primaryimage","url":"https:\/\/www.icesi.edu.co\/servicios\/wp-content\/uploads\/2024\/11\/Captura-3.png","contentUrl":"https:\/\/www.icesi.edu.co\/servicios\/wp-content\/uploads\/2024\/11\/Captura-3.png"},{"@type":"BreadcrumbList","@id":"https:\/\/www.icesi.edu.co\/servicios\/syri\/ccc\/red-institucional\/#breadcrumb","itemListElement":[{"@type":"ListItem","position":1,"name":"Inicio","item":"https:\/\/www.icesi.edu.co\/servicios\/"},{"@type":"ListItem","position":2,"name":"Syri","item":"https:\/\/www.icesi.edu.co\/servicios\/syri\/"},{"@type":"ListItem","position":3,"name":"Colaboraci\u00f3n, comunicaci\u00f3n y conectividad","item":"https:\/\/www.icesi.edu.co\/servicios\/syri\/ccc\/"},{"@type":"ListItem","position":4,"name":"Red Institucional"}]},{"@type":"WebSite","@id":"https:\/\/www.icesi.edu.co\/servicios\/#website","url":"https:\/\/www.icesi.edu.co\/servicios\/","name":"Servicios","description":"Sitio de Servicios Universidad ICESI","publisher":{"@id":"https:\/\/www.icesi.edu.co\/servicios\/#organization"},"potentialAction":[{"@type":"SearchAction","target":{"@type":"EntryPoint","urlTemplate":"https:\/\/www.icesi.edu.co\/servicios\/?s={search_term_string}"},"query-input":{"@type":"PropertyValueSpecification","valueRequired":true,"valueName":"search_term_string"}}],"inLanguage":"es-CO"},{"@type":"Organization","@id":"https:\/\/www.icesi.edu.co\/servicios\/#organization","name":"Servicios","url":"https:\/\/www.icesi.edu.co\/servicios\/","logo":{"@type":"ImageObject","inLanguage":"es-CO","@id":"https:\/\/www.icesi.edu.co\/servicios\/#\/schema\/logo\/image\/","url":"https:\/\/www.icesi.edu.co\/servicios\/wp-content\/uploads\/2024\/04\/LogoSitio.png","contentUrl":"https:\/\/www.icesi.edu.co\/servicios\/wp-content\/uploads\/2024\/04\/LogoSitio.png","width":223,"height":54,"caption":"Servicios"},"image":{"@id":"https:\/\/www.icesi.edu.co\/servicios\/#\/schema\/logo\/image\/"}}]}},"_links":{"self":[{"href":"https:\/\/www.icesi.edu.co\/servicios\/wp-json\/wp\/v2\/pages\/6654","targetHints":{"allow":["GET"]}}],"collection":[{"href":"https:\/\/www.icesi.edu.co\/servicios\/wp-json\/wp\/v2\/pages"}],"about":[{"href":"https:\/\/www.icesi.edu.co\/servicios\/wp-json\/wp\/v2\/types\/page"}],"author":[{"embeddable":true,"href":"https:\/\/www.icesi.edu.co\/servicios\/wp-json\/wp\/v2\/users\/1"}],"replies":[{"embeddable":true,"href":"https:\/\/www.icesi.edu.co\/servicios\/wp-json\/wp\/v2\/comments?post=6654"}],"version-history":[{"count":7,"href":"https:\/\/www.icesi.edu.co\/servicios\/wp-json\/wp\/v2\/pages\/6654\/revisions"}],"predecessor-version":[{"id":6662,"href":"https:\/\/www.icesi.edu.co\/servicios\/wp-json\/wp\/v2\/pages\/6654\/revisions\/6662"}],"up":[{"embeddable":true,"href":"https:\/\/www.icesi.edu.co\/servicios\/wp-json\/wp\/v2\/pages\/4188"}],"wp:attachment":[{"href":"https:\/\/www.icesi.edu.co\/servicios\/wp-json\/wp\/v2\/media?parent=6654"}],"curies":[{"name":"wp","href":"https:\/\/api.w.org\/{rel}","templated":true}]}}