{"id":764,"date":"2018-10-15T14:15:12","date_gmt":"2018-10-15T14:15:12","guid":{"rendered":"http:\/\/genesisexpo.webgeniuslab.net\/?page_id=764"},"modified":"2022-11-23T17:26:36","modified_gmt":"2022-11-23T22:26:36","slug":"sobre-nosotros","status":"publish","type":"page","link":"https:\/\/www.icesi.edu.co\/summas\/sobre-nosotros\/","title":{"rendered":"Sobre Nosotros"},"content":{"rendered":"\t\t<div data-elementor-type=\"wp-page\" data-elementor-id=\"764\" class=\"elementor elementor-764\">\n\t\t\t\t\t\t<section class=\"elementor-section elementor-top-section elementor-element elementor-element-2bd2181 elementor-section-boxed elementor-section-height-default elementor-section-height-default\" data-id=\"2bd2181\" data-element_type=\"section\">\n\t\t\t\t\t\t<div class=\"elementor-container elementor-column-gap-default\">\n\t\t\t\t\t<div class=\"elementor-column elementor-col-100 elementor-top-column elementor-element elementor-element-76ef43a\" data-id=\"76ef43a\" data-element_type=\"column\">\n\t\t\t<div class=\"elementor-widget-wrap elementor-element-populated\">\n\t\t\t\t\t\t<div class=\"elementor-element elementor-element-871d25b elementor-widget elementor-widget-spacer\" data-id=\"871d25b\" data-element_type=\"widget\" data-widget_type=\"spacer.default\">\n\t\t\t\t<div class=\"elementor-widget-container\">\n\t\t\t\t\t\t\t<div class=\"elementor-spacer\">\n\t\t\t<div class=\"elementor-spacer-inner\"><\/div>\n\t\t<\/div>\n\t\t\t\t\t\t<\/div>\n\t\t\t\t<\/div>\n\t\t\t\t\t<\/div>\n\t\t<\/div>\n\t\t\t\t\t<\/div>\n\t\t<\/section>\n\t\t\t\t<section class=\"elementor-section elementor-top-section elementor-element elementor-element-6b379c7 elementor-section-boxed elementor-section-height-default elementor-section-height-default\" data-id=\"6b379c7\" data-element_type=\"section\">\n\t\t\t\t\t\t<div class=\"elementor-container elementor-column-gap-default\">\n\t\t\t\t\t<div class=\"elementor-column elementor-col-100 elementor-top-column elementor-element elementor-element-73695dc\" data-id=\"73695dc\" data-element_type=\"column\">\n\t\t\t<div class=\"elementor-widget-wrap elementor-element-populated\">\n\t\t\t\t\t\t<div class=\"elementor-element elementor-element-0eda7dc elementor-widget elementor-widget-spacer\" data-id=\"0eda7dc\" data-element_type=\"widget\" data-widget_type=\"spacer.default\">\n\t\t\t\t<div class=\"elementor-widget-container\">\n\t\t\t\t\t\t\t<div class=\"elementor-spacer\">\n\t\t\t<div class=\"elementor-spacer-inner\"><\/div>\n\t\t<\/div>\n\t\t\t\t\t\t<\/div>\n\t\t\t\t<\/div>\n\t\t\t\t\t<\/div>\n\t\t<\/div>\n\t\t\t\t\t<\/div>\n\t\t<\/section>\n\t\t\t\t<section class=\"elementor-section elementor-top-section elementor-element elementor-element-c9e69ec elementor-section-boxed elementor-section-height-default elementor-section-height-default\" data-id=\"c9e69ec\" data-element_type=\"section\">\n\t\t\t\t\t\t<div class=\"elementor-container elementor-column-gap-default\">\n\t\t\t\t\t<div class=\"elementor-column elementor-col-50 elementor-top-column elementor-element elementor-element-df85c44\" data-id=\"df85c44\" data-element_type=\"column\">\n\t\t\t<div class=\"elementor-widget-wrap elementor-element-populated\">\n\t\t\t\t\t\t<div class=\"elementor-element elementor-element-fb0f1c4 elementor-widget elementor-widget-image\" data-id=\"fb0f1c4\" data-element_type=\"widget\" data-widget_type=\"image.default\">\n\t\t\t\t<div class=\"elementor-widget-container\">\n\t\t\t\t\t\t\t\t\t\t\t\t\t\t\t<img fetchpriority=\"high\" decoding=\"async\" width=\"1024\" height=\"683\" src=\"https:\/\/www.icesi.edu.co\/summas\/wp-content\/uploads\/2020\/10\/DSC_0614-1024x683.jpg\" class=\"attachment-large size-large wp-image-1982\" alt=\"\" srcset=\"https:\/\/www.icesi.edu.co\/summas\/wp-content\/uploads\/2020\/10\/DSC_0614-1024x683.jpg 1024w, https:\/\/www.icesi.edu.co\/summas\/wp-content\/uploads\/2020\/10\/DSC_0614-300x200.jpg 300w, https:\/\/www.icesi.edu.co\/summas\/wp-content\/uploads\/2020\/10\/DSC_0614-768x512.jpg 768w, https:\/\/www.icesi.edu.co\/summas\/wp-content\/uploads\/2020\/10\/DSC_0614-1536x1024.jpg 1536w, https:\/\/www.icesi.edu.co\/summas\/wp-content\/uploads\/2020\/10\/DSC_0614-2048x1365.jpg 2048w, https:\/\/www.icesi.edu.co\/summas\/wp-content\/uploads\/2020\/10\/DSC_0614-1080x720.jpg 1080w\" sizes=\"(max-width: 1024px) 100vw, 1024px\" \/>\t\t\t\t\t\t\t\t\t\t\t\t\t\t\t<\/div>\n\t\t\t\t<\/div>\n\t\t\t\t\t<\/div>\n\t\t<\/div>\n\t\t\t\t<div class=\"elementor-column elementor-col-50 elementor-top-column elementor-element elementor-element-05b1442\" data-id=\"05b1442\" data-element_type=\"column\">\n\t\t\t<div class=\"elementor-widget-wrap elementor-element-populated\">\n\t\t\t\t\t\t<div class=\"elementor-element elementor-element-c9d4be8 elementor-widget elementor-widget-heading\" data-id=\"c9d4be8\" data-element_type=\"widget\" data-widget_type=\"heading.default\">\n\t\t\t\t<div class=\"elementor-widget-container\">\n\t\t\t\t\t<h1 class=\"elementor-heading-title elementor-size-default\">Bienvenidos a <br>\nSUMMAS ICESI<\/h1>\t\t\t\t<\/div>\n\t\t\t\t<\/div>\n\t\t\t\t<div class=\"elementor-element elementor-element-20fa8d9 elementor-widget elementor-widget-text-editor\" data-id=\"20fa8d9\" data-element_type=\"widget\" data-widget_type=\"text-editor.default\">\n\t\t\t\t<div class=\"elementor-widget-container\">\n\t\t\t\t\t\t\t\t\t<p><span style=\"font-family: Rubik; font-size: 20px; font-weight: 400; font-style: normal; line-height: 36px; color: #000000;\">Bienvenidos al\u00a0evento de entrada libre dirigido a peque\u00f1os y medianos empresarios,\u00a0<\/span><span style=\"font-family: Rubik; font-size: 20px; font-weight: 400; font-style: normal; line-height: 36px; color: #000000;\">emprendedores de la regi\u00f3n y toda la comunidad universitaria interesados en\u00a0<\/span><span style=\"font-family: Rubik; font-size: 20px; font-weight: 400; font-style: normal; line-height: 36px; color: #000000;\">conocer sus clientes, consumidores y usuarios, aplicando herramientas de mercadeo que permitan potenciar sus modelos de negocio, su productividad\u00a0<\/span><span style=\"font-family: Rubik; font-size: 20px; font-weight: 400; font-style: normal; line-height: 36px; color: #000000;\">y competitividad.<\/span><\/p>\t\t\t\t\t\t\t\t<\/div>\n\t\t\t\t<\/div>\n\t\t\t\t<div class=\"elementor-element elementor-element-763dee0 elementor-button-info elementor-align-center elementor-widget elementor-widget-button\" data-id=\"763dee0\" data-element_type=\"widget\" data-widget_type=\"button.default\">\n\t\t\t\t<div class=\"elementor-widget-container\">\n\t\t\t\t\t\t\t\t\t<div class=\"elementor-button-wrapper\">\n\t\t\t\t\t<a class=\"elementor-button elementor-button-link elementor-size-lg\" href=\"https:\/\/peewah.co\/events\/summas-8-marca-tu-hue-ia-identidad20210909\">\n\t\t\t\t\t\t<span class=\"elementor-button-content-wrapper\">\n\t\t\t\t\t\t\t\t\t<span class=\"elementor-button-text\">INSCR\u00cdBETE<\/span>\n\t\t\t\t\t<\/span>\n\t\t\t\t\t<\/a>\n\t\t\t\t<\/div>\n\t\t\t\t\t\t\t\t<\/div>\n\t\t\t\t<\/div>\n\t\t\t\t\t<\/div>\n\t\t<\/div>\n\t\t\t\t\t<\/div>\n\t\t<\/section>\n\t\t\t\t<section class=\"elementor-section elementor-top-section elementor-element elementor-element-57dfca3 elementor-section-boxed elementor-section-height-default elementor-section-height-default\" data-id=\"57dfca3\" data-element_type=\"section\">\n\t\t\t\t\t\t<div class=\"elementor-container elementor-column-gap-default\">\n\t\t\t\t\t<div class=\"elementor-column elementor-col-100 elementor-top-column elementor-element elementor-element-ac46752\" data-id=\"ac46752\" data-element_type=\"column\">\n\t\t\t<div class=\"elementor-widget-wrap elementor-element-populated\">\n\t\t\t\t\t\t<div class=\"elementor-element elementor-element-8a1430e elementor-widget elementor-widget-spacer\" data-id=\"8a1430e\" data-element_type=\"widget\" data-widget_type=\"spacer.default\">\n\t\t\t\t<div class=\"elementor-widget-container\">\n\t\t\t\t\t\t\t<div class=\"elementor-spacer\">\n\t\t\t<div class=\"elementor-spacer-inner\"><\/div>\n\t\t<\/div>\n\t\t\t\t\t\t<\/div>\n\t\t\t\t<\/div>\n\t\t\t\t\t<\/div>\n\t\t<\/div>\n\t\t\t\t\t<\/div>\n\t\t<\/section>\n\t\t\t\t<section class=\"elementor-section elementor-top-section elementor-element elementor-element-dd44f91 elementor-section-boxed elementor-section-height-default elementor-section-height-default\" data-id=\"dd44f91\" data-element_type=\"section\">\n\t\t\t\t\t\t<div class=\"elementor-container elementor-column-gap-default\">\n\t\t\t\t\t<div class=\"elementor-column elementor-col-100 elementor-top-column elementor-element elementor-element-80116c5\" data-id=\"80116c5\" data-element_type=\"column\">\n\t\t\t<div class=\"elementor-widget-wrap elementor-element-populated\">\n\t\t\t\t\t\t<div class=\"elementor-element elementor-element-80037bb elementor-widget elementor-widget-heading\" data-id=\"80037bb\" data-element_type=\"widget\" data-widget_type=\"heading.default\">\n\t\t\t\t<div class=\"elementor-widget-container\">\n\t\t\t\t\t<h2 class=\"elementor-heading-title elementor-size-default\">Conoce a los comit\u00e9s encargados del evento<\/h2>\t\t\t\t<\/div>\n\t\t\t\t<\/div>\n\t\t\t\t<div class=\"elementor-element elementor-element-5167a49 elementor-widget elementor-widget-video\" data-id=\"5167a49\" data-element_type=\"widget\" data-settings=\"{&quot;youtube_url&quot;:&quot;https:\\\/\\\/youtu.be\\\/ZB2Jsry5B2g&quot;,&quot;video_type&quot;:&quot;youtube&quot;,&quot;controls&quot;:&quot;yes&quot;}\" data-widget_type=\"video.default\">\n\t\t\t\t<div class=\"elementor-widget-container\">\n\t\t\t\t\t\t\t<div class=\"elementor-wrapper elementor-open-inline\">\n\t\t\t<div class=\"elementor-video\"><\/div>\t\t<\/div>\n\t\t\t\t\t\t<\/div>\n\t\t\t\t<\/div>\n\t\t\t\t\t<\/div>\n\t\t<\/div>\n\t\t\t\t\t<\/div>\n\t\t<\/section>\n\t\t\t\t<section class=\"elementor-section elementor-top-section elementor-element elementor-element-0e4de1f elementor-section-boxed elementor-section-height-default elementor-section-height-default\" data-id=\"0e4de1f\" data-element_type=\"section\">\n\t\t\t\t\t\t<div class=\"elementor-container elementor-column-gap-default\">\n\t\t\t\t\t<div class=\"elementor-column elementor-col-100 elementor-top-column elementor-element elementor-element-2480ab5\" data-id=\"2480ab5\" data-element_type=\"column\">\n\t\t\t<div class=\"elementor-widget-wrap elementor-element-populated\">\n\t\t\t\t\t\t<div class=\"elementor-element elementor-element-53a72cf elementor-widget elementor-widget-spacer\" data-id=\"53a72cf\" data-element_type=\"widget\" data-widget_type=\"spacer.default\">\n\t\t\t\t<div class=\"elementor-widget-container\">\n\t\t\t\t\t\t\t<div class=\"elementor-spacer\">\n\t\t\t<div class=\"elementor-spacer-inner\"><\/div>\n\t\t<\/div>\n\t\t\t\t\t\t<\/div>\n\t\t\t\t<\/div>\n\t\t\t\t\t<\/div>\n\t\t<\/div>\n\t\t\t\t\t<\/div>\n\t\t<\/section>\n\t\t\t\t<section class=\"elementor-section elementor-top-section elementor-element elementor-element-9cb7e62 elementor-section-boxed elementor-section-height-default elementor-section-height-default\" data-id=\"9cb7e62\" data-element_type=\"section\">\n\t\t\t\t\t\t<div class=\"elementor-container elementor-column-gap-default\">\n\t\t\t\t\t<div class=\"elementor-column elementor-col-100 elementor-top-column elementor-element elementor-element-6c1f2b4\" data-id=\"6c1f2b4\" data-element_type=\"column\">\n\t\t\t<div class=\"elementor-widget-wrap elementor-element-populated\">\n\t\t\t\t\t\t<div class=\"elementor-element elementor-element-04d554a elementor-widget elementor-widget-heading\" data-id=\"04d554a\" data-element_type=\"widget\" data-widget_type=\"heading.default\">\n\t\t\t\t<div class=\"elementor-widget-container\">\n\t\t\t\t\t<h1 class=\"elementor-heading-title elementor-size-default\">BENEFICIOS DE VINCULACI\u00d3N<\/h1>\t\t\t\t<\/div>\n\t\t\t\t<\/div>\n\t\t\t\t<div class=\"elementor-element elementor-element-7147d55 elementor-widget elementor-widget-text-editor\" data-id=\"7147d55\" data-element_type=\"widget\" data-widget_type=\"text-editor.default\">\n\t\t\t\t<div class=\"elementor-widget-container\">\n\t\t\t\t\t\t\t\t\t<span style=\"font-size: 20px\">Como empresa, vincularse a SUMMAS permite acceder a productos y paquetes en forma de patrocinio, lo anterior pueden darle a su compa\u00f1\u00eda los siguientes beneficios:<\/span>\t\t\t\t\t\t\t\t<\/div>\n\t\t\t\t<\/div>\n\t\t\t\t\t<\/div>\n\t\t<\/div>\n\t\t\t\t\t<\/div>\n\t\t<\/section>\n\t\t\t\t<section class=\"elementor-section elementor-top-section elementor-element elementor-element-bdddcb9 elementor-section-boxed elementor-section-height-default elementor-section-height-default\" data-id=\"bdddcb9\" data-element_type=\"section\">\n\t\t\t\t\t\t<div class=\"elementor-container elementor-column-gap-default\">\n\t\t\t\t\t<div class=\"elementor-column elementor-col-50 elementor-top-column elementor-element elementor-element-b29f0cf\" data-id=\"b29f0cf\" data-element_type=\"column\">\n\t\t\t<div class=\"elementor-widget-wrap elementor-element-populated\">\n\t\t\t\t\t\t<div class=\"elementor-element elementor-element-584c420 elementor-widget elementor-widget-fancy-elementor-flipbox\" data-id=\"584c420\" data-element_type=\"widget\" data-widget_type=\"fancy-elementor-flipbox.default\">\n\t\t\t\t<div class=\"elementor-widget-container\">\n\t\t\t\t\t<!-- Start Of Flipbox --><div id=\"flip-demo-0\" class=\"tp-flipbox flip-box-style tp-flipbox--vertical\"><div class=\"tp-flipbox__holder\"><div class=\"tp-flipbox__front\"><div class=\"tp-flipbox__content\"><div class=\"tp-flipbox__icon-front\"><\/div><h1 class=\"tp-flipbox__title-front\">PRESENCIA EN MEDIOS DIGITALES<\/h1><div class=\"tp-flipbox__desc-back\"><\/div><\/div><\/div><div class=\"tp-flipbox__back\" ><div class=\"tp-flipbox__content\"><div class=\"tp-flipbox__icon-back\">                <\/div><h1 class=\"tp-flipbox__title-back\"><\/h1><div class=\"tp-flipbox__desc-back\">Promocionamos su marca en las distintas plataformas digitales que SUMMAS ofrece: P\u00e1gina Web oficial, Facebook, Instagram y LinkedIn.<\/div><\/div><\/div><\/div><\/div><!-- End Of Flipbox -->\t\t\t\t<\/div>\n\t\t\t\t<\/div>\n\t\t\t\t\t<\/div>\n\t\t<\/div>\n\t\t\t\t<div class=\"elementor-column elementor-col-50 elementor-top-column elementor-element elementor-element-e86a5dc\" data-id=\"e86a5dc\" data-element_type=\"column\">\n\t\t\t<div class=\"elementor-widget-wrap elementor-element-populated\">\n\t\t\t\t\t\t<div class=\"elementor-element elementor-element-e1b241b elementor-widget elementor-widget-fancy-elementor-flipbox\" data-id=\"e1b241b\" data-element_type=\"widget\" data-widget_type=\"fancy-elementor-flipbox.default\">\n\t\t\t\t<div class=\"elementor-widget-container\">\n\t\t\t\t\t<!-- Start Of Flipbox --><div id=\"flip-demo-0\" class=\"tp-flipbox flip-box-style tp-flipbox--vertical\"><div class=\"tp-flipbox__holder\"><div class=\"tp-flipbox__front\"><div class=\"tp-flipbox__content\"><div class=\"tp-flipbox__icon-front\"><\/div><h1 class=\"tp-flipbox__title-front\">NETWORKING Y POSICIONAMIENTO<\/h1><div class=\"tp-flipbox__desc-back\"><\/div><\/div><\/div><div class=\"tp-flipbox__back\" ><div class=\"tp-flipbox__content\"><div class=\"tp-flipbox__icon-back\">                <\/div><h1 class=\"tp-flipbox__title-back\"><\/h1><div class=\"tp-flipbox__desc-back\">Al ser un evento de magnitud nacional, se facilita el posicionamiento ante el consumidor y la creaci\u00f3n de lasos con posibles empresas aliadas.<\/div><\/div><\/div><\/div><\/div><!-- End Of Flipbox -->\t\t\t\t<\/div>\n\t\t\t\t<\/div>\n\t\t\t\t\t<\/div>\n\t\t<\/div>\n\t\t\t\t\t<\/div>\n\t\t<\/section>\n\t\t\t\t<section class=\"elementor-section elementor-top-section elementor-element elementor-element-26228aa elementor-section-boxed elementor-section-height-default elementor-section-height-default\" data-id=\"26228aa\" data-element_type=\"section\">\n\t\t\t\t\t\t<div class=\"elementor-container elementor-column-gap-default\">\n\t\t\t\t\t<div class=\"elementor-column elementor-col-100 elementor-top-column elementor-element elementor-element-3b836e9\" data-id=\"3b836e9\" data-element_type=\"column\">\n\t\t\t<div class=\"elementor-widget-wrap elementor-element-populated\">\n\t\t\t\t\t\t<div class=\"elementor-element elementor-element-c3c23bb elementor-widget elementor-widget-spacer\" data-id=\"c3c23bb\" data-element_type=\"widget\" data-widget_type=\"spacer.default\">\n\t\t\t\t<div class=\"elementor-widget-container\">\n\t\t\t\t\t\t\t<div class=\"elementor-spacer\">\n\t\t\t<div class=\"elementor-spacer-inner\"><\/div>\n\t\t<\/div>\n\t\t\t\t\t\t<\/div>\n\t\t\t\t<\/div>\n\t\t\t\t\t<\/div>\n\t\t<\/div>\n\t\t\t\t\t<\/div>\n\t\t<\/section>\n\t\t\t\t<\/div>\n\t\t","protected":false},"excerpt":{"rendered":"<p>Bienvenidos a SUMMAS ICESI Bienvenidos al\u00a0evento de entrada libre dirigido a peque\u00f1os y medianos empresarios,\u00a0emprendedores de la regi\u00f3n y toda la comunidad universitaria interesados en\u00a0conocer sus clientes, consumidores y usuarios, aplicando herramientas de mercadeo que permitan potenciar sus modelos de negocio, su productividad\u00a0y competitividad. INSCR\u00cdBETE Conoce a los comit\u00e9s encargados del evento BENEFICIOS DE VINCULACI\u00d3N [&hellip;]<\/p>\n","protected":false},"author":4,"featured_media":0,"parent":0,"menu_order":0,"comment_status":"closed","ping_status":"closed","template":"","meta":{"_uag_custom_page_level_css":"","footnotes":""},"class_list":["post-764","page","type-page","status-publish","hentry"],"uagb_featured_image_src":{"full":false,"thumbnail":false,"medium":false,"medium_large":false,"large":false,"1536x1536":false,"2048x2048":false,"wgl-740-460":false,"wgl-440-440":false,"wgl-220-180":false,"wgl-120-120":false},"uagb_author_info":{"display_name":"Juan David Ben\u00edtez","author_link":"https:\/\/www.icesi.edu.co\/summas\/author\/1144212933\/"},"uagb_comment_info":0,"uagb_excerpt":"Bienvenidos a SUMMAS ICESI Bienvenidos al\u00a0evento de entrada libre dirigido a peque\u00f1os y medianos empresarios,\u00a0emprendedores de la regi\u00f3n y toda la comunidad universitaria interesados en\u00a0conocer sus clientes, consumidores y usuarios, aplicando herramientas de mercadeo que permitan potenciar sus modelos de negocio, su productividad\u00a0y competitividad. INSCR\u00cdBETE Conoce a los comit\u00e9s encargados del evento BENEFICIOS DE VINCULACI\u00d3N&hellip;","_links":{"self":[{"href":"https:\/\/www.icesi.edu.co\/summas\/wp-json\/wp\/v2\/pages\/764","targetHints":{"allow":["GET"]}}],"collection":[{"href":"https:\/\/www.icesi.edu.co\/summas\/wp-json\/wp\/v2\/pages"}],"about":[{"href":"https:\/\/www.icesi.edu.co\/summas\/wp-json\/wp\/v2\/types\/page"}],"author":[{"embeddable":true,"href":"https:\/\/www.icesi.edu.co\/summas\/wp-json\/wp\/v2\/users\/4"}],"replies":[{"embeddable":true,"href":"https:\/\/www.icesi.edu.co\/summas\/wp-json\/wp\/v2\/comments?post=764"}],"version-history":[{"count":44,"href":"https:\/\/www.icesi.edu.co\/summas\/wp-json\/wp\/v2\/pages\/764\/revisions"}],"predecessor-version":[{"id":3881,"href":"https:\/\/www.icesi.edu.co\/summas\/wp-json\/wp\/v2\/pages\/764\/revisions\/3881"}],"wp:attachment":[{"href":"https:\/\/www.icesi.edu.co\/summas\/wp-json\/wp\/v2\/media?parent=764"}],"curies":[{"name":"wp","href":"https:\/\/api.w.org\/{rel}","templated":true}]}}